{"id":1788,"date":"2025-02-14T07:36:51","date_gmt":"2025-02-14T07:36:51","guid":{"rendered":"https:\/\/vavcase.com\/?post_type=product&#038;p=1788"},"modified":"2025-02-17T06:00:37","modified_gmt":"2025-02-17T06:00:37","slug":"asnomy-hard-shell-travel-case-for-ps5-slim-console-dual-controllers-protective-carry-bag-with-organizer","status":"publish","type":"product","link":"https:\/\/vavcase.com\/fr\/produit\/asnomy-hard-shell-travel-case-for-ps5-slim-console-dual-controllers-protective-carry-bag-with-organizer\/","title":{"rendered":"ASNOMY Hard Shell Travel Case for PS5 Slim Console &amp; Dual Controllers - Sac de transport protecteur avec organisateur"},"content":{"rendered":"<p><strong>Mallette de voyage compacte et protectrice pour PS5 Slim<\/strong><\/p>\n<ul>\n<li>Con\u00e7ue sp\u00e9cifiquement pour les\u00a0<strong>Console PS5 Slim<\/strong>\u00a0(mod\u00e8le 2023).<\/li>\n<li>Durable\u00a0<strong>coque dure<\/strong>\u00a0pour une protection maximale pendant le voyage.<\/li>\n<li>Convient \u00e0 la\u00a0<strong>Console PS5 Slim<\/strong>,\u00a0<strong>2 contr\u00f4leurs DualSense<\/strong>et des accessoires essentiels.<\/li>\n<li>Int\u00e9gr\u00e9\u00a0<strong>compartiments d'organisation<\/strong>\u00a0pour les c\u00e2bles, les jeux, etc.<\/li>\n<li>L\u00e9ger et portable, parfait pour les joueurs en d\u00e9placement.<\/li>\n<li>Design \u00e9l\u00e9gant avec fermeture \u00e0 glissi\u00e8re pour plus de s\u00e9curit\u00e9.<\/li>\n<\/ul>\n<p>Id\u00e9al pour les joueurs qui veulent un moyen fiable et organis\u00e9 de transporter leur PS5 Slim et leurs accessoires !<\/p>\n<p>&nbsp;<\/p>\n<table>\n<thead>\n<tr>\n<th><strong>Attribut<\/strong><\/th>\n<th><strong>D\u00e9tails<\/strong><\/th>\n<\/tr>\n<\/thead>\n<tbody>\n<tr>\n<td><strong>Dimensions du produit<\/strong><\/td>\n<td>15.35\u2033L x 9.45\u2033W x 19\u2033H<\/td>\n<\/tr>\n<tr>\n<td><strong>Type d'enveloppe<\/strong><\/td>\n<td>Dur<\/td>\n<\/tr>\n<tr>\n<td><strong>Type de fermeture<\/strong><\/td>\n<td>Fermeture \u00e0 glissi\u00e8re<\/td>\n<\/tr>\n<tr>\n<td><strong>Type de poign\u00e9e<\/strong><\/td>\n<td>Cuir<\/td>\n<\/tr>\n<tr>\n<td><strong>Nombre de compartiments<\/strong><\/td>\n<td>3<\/td>\n<\/tr>\n<tr>\n<td><strong>Type de sangle<\/strong><\/td>\n<td>Sangle d'\u00e9paule r\u00e9glable<\/td>\n<\/tr>\n<tr>\n<td><strong>Fabricant<\/strong><\/td>\n<td>ASNOMY<\/td>\n<\/tr>\n<tr>\n<td><strong>ASIN<\/strong><\/td>\n<td>B0D7B6P81L<\/td>\n<\/tr>\n<tr>\n<td><strong>Classement des meilleures ventes<\/strong><\/td>\n<td>#5 884 dans Jeux vid\u00e9o<\/td>\n<\/tr>\n<tr>\n<td><\/td>\n<td>#32 dans Etuis pour PlayStation 5<\/td>\n<\/tr>\n<tr>\n<td><strong>Num\u00e9ro de mod\u00e8le de l'article<\/strong><\/td>\n<td>AS0118-PSS-2024<\/td>\n<\/tr>\n<tr>\n<td><strong>Poids de l'article<\/strong><\/td>\n<td>2.81 livres<\/td>\n<\/tr>\n<tr>\n<td><strong>D\u00e9partement<\/strong><\/td>\n<td>Unisexe-Adulte<\/td>\n<\/tr>\n<tr>\n<td><strong>Pays d'origine<\/strong><\/td>\n<td>Chine<\/td>\n<\/tr>\n<tr>\n<td><strong>Date de mise \u00e0 disposition<\/strong><\/td>\n<td>18 juin 2024<\/td>\n<\/tr>\n<\/tbody>\n<\/table>","protected":false},"excerpt":{"rendered":"<ul>\n<li data-start=\"0\" data-end=\"68\">Permet de ranger en toute s\u00e9curit\u00e9 la PS5 Slim (2023), 2 manettes et des accessoires.<\/li>\n<li data-start=\"69\" data-end=\"132\">Protection maximale gr\u00e2ce \u00e0 une coque rigide durable pour un voyage en toute s\u00e9curit\u00e9.<\/li>\n<li data-start=\"133\" data-end=\"181\">Compartiments d\u00e9di\u00e9s pour les c\u00e2bles et les jeux.<\/li>\n<li data-start=\"182\" data-end=\"241\">L\u00e9ger et portable, parfait pour les jeux en d\u00e9placement.<\/li>\n<li data-start=\"242\" data-end=\"300\" data-is-last-node=\"\">La fermeture \u00e0 glissi\u00e8re s\u00e9curis\u00e9e permet de garder tout en s\u00e9curit\u00e9 et en style.<\/li>\n<\/ul>","protected":false},"featured_media":1794,"comment_status":"open","ping_status":"closed","template":"","meta":[],"product_brand":[],"product_cat":[60,55],"product_tag":[59],"class_list":{"0":"post-1788","1":"product","2":"type-product","3":"status-publish","4":"has-post-thumbnail","6":"product_cat-console-cases","7":"product_cat-gaming-cases-protection","8":"product_tag-console-cases","10":"first","11":"instock","12":"shipping-taxable","13":"purchasable","14":"product-type-simple"},"_links":{"self":[{"href":"https:\/\/vavcase.com\/fr\/wp-json\/wp\/v2\/product\/1788","targetHints":{"allow":["GET"]}}],"collection":[{"href":"https:\/\/vavcase.com\/fr\/wp-json\/wp\/v2\/product"}],"about":[{"href":"https:\/\/vavcase.com\/fr\/wp-json\/wp\/v2\/types\/product"}],"replies":[{"embeddable":true,"href":"https:\/\/vavcase.com\/fr\/wp-json\/wp\/v2\/comments?post=1788"}],"wp:featuredmedia":[{"embeddable":true,"href":"https:\/\/vavcase.com\/fr\/wp-json\/wp\/v2\/media\/1794"}],"wp:attachment":[{"href":"https:\/\/vavcase.com\/fr\/wp-json\/wp\/v2\/media?parent=1788"}],"wp:term":[{"taxonomy":"product_brand","embeddable":true,"href":"https:\/\/vavcase.com\/fr\/wp-json\/wp\/v2\/product_brand?post=1788"},{"taxonomy":"product_cat","embeddable":true,"href":"https:\/\/vavcase.com\/fr\/wp-json\/wp\/v2\/product_cat?post=1788"},{"taxonomy":"product_tag","embeddable":true,"href":"https:\/\/vavcase.com\/fr\/wp-json\/wp\/v2\/product_tag?post=1788"}],"curies":[{"name":"wp","href":"https:\/\/api.w.org\/{rel}","templated":true}]}}