{"id":1801,"date":"2025-02-14T08:05:04","date_gmt":"2025-02-14T08:05:04","guid":{"rendered":"https:\/\/vavcase.com\/?post_type=product&#038;p=1801"},"modified":"2025-02-17T10:13:12","modified_gmt":"2025-02-17T10:13:12","slug":"swojg-ps5-slim-hard-shell-travel-case-grey-protective-carry-bag-for-ps5-slim-console-controllers-accessories","status":"publish","type":"product","link":"https:\/\/vavcase.com\/fr\/produit\/swojg-ps5-slim-hard-shell-travel-case-grey-protective-carry-bag-for-ps5-slim-console-controllers-accessories\/","title":{"rendered":"SWOJG PS5 Slim Hard Shell Travel Case - Grey | Sac de transport protecteur pour console PS5 Slim, manettes et accessoires"},"content":{"rendered":"<div class=\"dad65929\">\n<div class=\"f9bf7997 d7dc56a8 c05b5566\">\n<div class=\"ds-markdown ds-markdown--block\">\n<ul>\n<li data-start=\"0\" data-end=\"49\"><strong data-start=\"2\" data-end=\"47\">Non compatible avec l'\u00e9dition 2020 de la PS5.<\/strong><\/li>\n<li data-start=\"50\" data-end=\"223\"><strong data-start=\"52\" data-end=\"80\">Solution de stockage s\u00e9curis\u00e9 :<\/strong> Con\u00e7u pour la PS5 Slim (Disc\/Digital Edition) avec des compartiments d\u00e9di\u00e9s pour la console, les manettes, les c\u00e2bles, les cordons d'alimentation et les accessoires.<\/li>\n<li data-start=\"224\" data-end=\"387\"><strong data-start=\"226\" data-end=\"260\">Protection durable par une coque rigide :<\/strong> Tissu en nylon r\u00e9sistant aux rayures, coque rigide en EVA et doublure souple pour prot\u00e9ger contre les chocs, les chutes et les rayures pendant les voyages.<\/li>\n<li data-start=\"388\" data-end=\"496\"><strong data-start=\"390\" data-end=\"417\">Conception adapt\u00e9e aux d\u00e9placements :<\/strong> L\u00e9ger et portable, il est parfait pour les vols, les voyages en voiture ou les \u00e9v\u00e9nements de jeu.<\/li>\n<li data-start=\"497\" data-end=\"592\"><strong data-start=\"499\" data-end=\"526\">Une option cadeau bien pens\u00e9e :<\/strong> Id\u00e9al pour les anniversaires, les vacances ou les occasions sp\u00e9ciales pour les joueurs.<\/li>\n<li data-start=\"593\" data-end=\"693\"><strong data-start=\"595\" data-end=\"626\">Transport confortable :<\/strong> Bretelles r\u00e9glables et poign\u00e9es rembourr\u00e9es pour un transport ais\u00e9.<\/li>\n<li data-start=\"694\" data-end=\"780\"><strong data-start=\"696\" data-end=\"718\">Int\u00e9rieur spacieux :<\/strong> Large espace pour la console, la base, les contr\u00f4leurs et les accessoires.<\/li>\n<li data-start=\"781\" data-end=\"862\"><strong data-start=\"783\" data-end=\"799\">Acc\u00e8s facile :<\/strong> Acc\u00e8s rapide \u00e0 la console et aux accessoires gr\u00e2ce \u00e0 une simple fermeture \u00e9clair.<\/li>\n<li data-start=\"863\" data-end=\"951\"><strong data-start=\"865\" data-end=\"889\">Design fin et \u00e9l\u00e9gant :<\/strong> Sa taille compacte permet de le ranger dans des casiers, sous des si\u00e8ges ou dans des espaces restreints.<\/li>\n<li data-start=\"952\" data-end=\"1057\"><strong data-start=\"954\" data-end=\"974\">Utilisation polyvalente :<\/strong> Parfait pour les voyages, le stockage ou le transport de votre PS5 Slim chez des amis ou lors d'\u00e9v\u00e9nements.<\/li>\n<\/ul>\n<\/div>\n<table>\n<thead>\n<tr>\n<th><strong>Attribut<\/strong><\/th>\n<th><strong>D\u00e9tails<\/strong><\/th>\n<\/tr>\n<\/thead>\n<tbody>\n<tr>\n<td><strong>Dimensions du produit<\/strong><\/td>\n<td>1\u2033L x 1\u2033W x 1\u2033H<\/td>\n<\/tr>\n<tr>\n<td><strong>Type d'enveloppe<\/strong><\/td>\n<td>Dur<\/td>\n<\/tr>\n<tr>\n<td><strong>Type de fermeture<\/strong><\/td>\n<td>Fermeture \u00e0 glissi\u00e8re<\/td>\n<\/tr>\n<tr>\n<td><strong>Type de poign\u00e9e<\/strong><\/td>\n<td>Bandouli\u00e8re, poign\u00e9e sup\u00e9rieure<\/td>\n<\/tr>\n<tr>\n<td><strong>Nombre de compartiments<\/strong><\/td>\n<td>2<\/td>\n<\/tr>\n<tr>\n<td><strong>Description de la poche<\/strong><\/td>\n<td>Poche zipp\u00e9e<\/td>\n<\/tr>\n<tr>\n<td><strong>Type de sangle<\/strong><\/td>\n<td>Poign\u00e9e de transport, bandouli\u00e8re<\/td>\n<\/tr>\n<tr>\n<td><strong>Fabricant<\/strong><\/td>\n<td>SWOJG<\/td>\n<\/tr>\n<tr>\n<td><strong>ASIN<\/strong><\/td>\n<td>B0DB7ZWZZ7<\/td>\n<\/tr>\n<tr>\n<td><strong>Classement des meilleures ventes<\/strong><\/td>\n<td>#20,916 dans Jeux vid\u00e9o<\/td>\n<\/tr>\n<tr>\n<td><\/td>\n<td>#130 dans Etuis pour PlayStation 5<\/td>\n<\/tr>\n<tr>\n<td><strong>Num\u00e9ro de mod\u00e8le de l'article<\/strong><\/td>\n<td>PS5 Slim Case Gris<\/td>\n<\/tr>\n<tr>\n<td><strong>Poids de l'article<\/strong><\/td>\n<td>3,1 livres<\/td>\n<\/tr>\n<tr>\n<td><strong>D\u00e9partement<\/strong><\/td>\n<td>Unisexe-Adulte<\/td>\n<\/tr>\n<tr>\n<td><strong>Pays d'origine<\/strong><\/td>\n<td>Chine<\/td>\n<\/tr>\n<tr>\n<td><strong>Date de mise \u00e0 disposition<\/strong><\/td>\n<td>26 juillet 2024<\/td>\n<\/tr>\n<\/tbody>\n<\/table>\n<\/div>\n<\/div>","protected":false},"excerpt":{"rendered":"<div class=\"flex max-w-full flex-col flex-grow\">\n<div class=\"min-h-8 text-message flex w-full flex-col items-end gap-2 whitespace-normal break-words text-start [.text-message+&amp;]:mt-5\" dir=\"auto\" data-message-author-role=\"assistant\" data-message-id=\"96e868fc-2829-4b0a-9853-2e9b4317a4ec\" data-message-model-slug=\"gpt-4o\">\n<div class=\"flex w-full flex-col gap-1 empty:hidden first:pt-[3px]\">\n<div class=\"markdown prose w-full break-words dark:prose-invert dark\">\n<ul>\n<li data-start=\"0\" data-end=\"127\">Con\u00e7u pour la PS5 Slim (Disc\/Digital Edition) avec des compartiments d\u00e9di\u00e9s pour la console, les manettes, les c\u00e2bles et les accessoires.<\/li>\n<li data-start=\"128\" data-end=\"239\">Le tissu en nylon r\u00e9sistant aux rayures, la coque rigide en EVA et la doublure souple prot\u00e8gent contre les chocs, les chutes et les rayures.<\/li>\n<li data-start=\"240\" data-end=\"311\">L\u00e9ger et portable pour les vols, les voyages en voiture ou les \u00e9v\u00e9nements de jeu.<\/li>\n<li data-start=\"312\" data-end=\"368\">Id\u00e9al pour les anniversaires, les vacances ou les occasions sp\u00e9ciales.<\/li>\n<li data-start=\"369\" data-end=\"437\">Bretelles r\u00e9glables et poign\u00e9es rembourr\u00e9es pour un transport ais\u00e9.<\/li>\n<li data-start=\"438\" data-end=\"501\">Large espace pour la console, la base, les contr\u00f4leurs et les accessoires.<\/li>\n<li data-start=\"502\" data-end=\"566\">Acc\u00e8s rapide \u00e0 la console et aux accessoires gr\u00e2ce \u00e0 une simple fermeture \u00e9clair.<\/li>\n<li data-start=\"567\" data-end=\"630\">Sa taille compacte permet de le ranger dans des casiers, sous des si\u00e8ges ou dans des espaces restreints.<\/li>\n<li data-start=\"631\" data-end=\"713\">Id\u00e9al pour les voyages, le stockage ou le transport de votre PS5 Slim chez des amis ou lors d'\u00e9v\u00e9nements.<\/li>\n<\/ul>\n<\/div>\n<\/div>\n<\/div>\n<\/div>","protected":false},"featured_media":1803,"comment_status":"open","ping_status":"closed","template":"","meta":[],"product_brand":[],"product_cat":[60,55],"product_tag":[],"class_list":{"0":"post-1801","1":"product","2":"type-product","3":"status-publish","4":"has-post-thumbnail","6":"product_cat-console-cases","7":"product_cat-gaming-cases-protection","9":"first","10":"instock","11":"shipping-taxable","12":"purchasable","13":"product-type-simple"},"_links":{"self":[{"href":"https:\/\/vavcase.com\/fr\/wp-json\/wp\/v2\/product\/1801","targetHints":{"allow":["GET"]}}],"collection":[{"href":"https:\/\/vavcase.com\/fr\/wp-json\/wp\/v2\/product"}],"about":[{"href":"https:\/\/vavcase.com\/fr\/wp-json\/wp\/v2\/types\/product"}],"replies":[{"embeddable":true,"href":"https:\/\/vavcase.com\/fr\/wp-json\/wp\/v2\/comments?post=1801"}],"wp:featuredmedia":[{"embeddable":true,"href":"https:\/\/vavcase.com\/fr\/wp-json\/wp\/v2\/media\/1803"}],"wp:attachment":[{"href":"https:\/\/vavcase.com\/fr\/wp-json\/wp\/v2\/media?parent=1801"}],"wp:term":[{"taxonomy":"product_brand","embeddable":true,"href":"https:\/\/vavcase.com\/fr\/wp-json\/wp\/v2\/product_brand?post=1801"},{"taxonomy":"product_cat","embeddable":true,"href":"https:\/\/vavcase.com\/fr\/wp-json\/wp\/v2\/product_cat?post=1801"},{"taxonomy":"product_tag","embeddable":true,"href":"https:\/\/vavcase.com\/fr\/wp-json\/wp\/v2\/product_tag?post=1801"}],"curies":[{"name":"wp","href":"https:\/\/api.w.org\/{rel}","templated":true}]}}