{"id":1812,"date":"2025-02-14T08:56:08","date_gmt":"2025-02-14T08:56:08","guid":{"rendered":"https:\/\/vavcase.com\/?post_type=product&#038;p=1812"},"modified":"2025-02-17T05:59:02","modified_gmt":"2025-02-17T05:59:02","slug":"yodooltly-hard-shell-travel-case-for-ps5-console-compatible-with-disc-digital-edition-includes-storage-for-controllers-pulse-3d-headset-cords-accessories","status":"publish","type":"product","link":"https:\/\/vavcase.com\/fr\/produit\/yodooltly-hard-shell-travel-case-for-ps5-console-compatible-with-disc-digital-edition-includes-storage-for-controllers-pulse-3d-headset-cords-accessories\/","title":{"rendered":"YODOOLTLY Mallette de voyage rigide pour PS5 - Convient aux disques et \u00e0 l'\u00e9dition num\u00e9rique, aux manettes Stores, au casque Pulse 3D, aux cordons et aux accessoires"},"content":{"rendered":"<p data-start=\"0\" data-end=\"69\"><strong data-start=\"0\" data-end=\"67\">YODOOLTLY PS5 Carrying Case - Protection ultime et commodit\u00e9<\/strong><\/p>\n<ul data-start=\"71\" data-end=\"946\" data-is-last-node=\"\">\n<li data-start=\"71\" data-end=\"482\">\n<p data-start=\"73\" data-end=\"482\"><strong data-start=\"73\" data-end=\"121\">Mat\u00e9riaux de haute qualit\u00e9 et protection sup\u00e9rieure<\/strong> - Con\u00e7ue pour un rangement s\u00e9curis\u00e9, cette housse de transport pour PS5 est dot\u00e9e d'un ext\u00e9rieur en nylon durable, imperm\u00e9able et r\u00e9sistant aux rayures pour lui conserver son aspect neuf. La coque en EVA offre un soutien structurel essentiel, prot\u00e9geant la console des chocs ext\u00e9rieurs, tandis que l'int\u00e9rieur en velours doux avec rembourrage en Lycra minimise les mouvements internes et pr\u00e9vient les rayures.<\/p>\n<\/li>\n<li data-start=\"484\" data-end=\"946\" data-is-last-node=\"\">\n<p data-start=\"486\" data-end=\"946\" data-is-last-node=\"\"><strong data-start=\"486\" data-end=\"528\">Rangement intelligent et conception adapt\u00e9e aux d\u00e9placements<\/strong> - La mallette comprend des compartiments d\u00e9di\u00e9s \u00e0 la console PS5, aux manettes, aux \u00e9couteurs 3D, aux c\u00e2bles et \u00e0 la base de la console, afin que tout reste en place pendant le transport. Une cloison centrale dot\u00e9e d'une pochette en filet permet de ranger les petits accessoires tels que les disques et les c\u00e2bles. Dot\u00e9 d'une poign\u00e9e robuste et d'une bandouli\u00e8re r\u00e9glable, ce sac offre deux options de transport, r\u00e9duisant ainsi les contraintes et garantissant un voyage confortable.<\/p>\n<\/li>\n<\/ul>\n<table>\n<thead>\n<tr>\n<th><strong>Attribut<\/strong><\/th>\n<th><strong>D\u00e9tails<\/strong><\/th>\n<\/tr>\n<\/thead>\n<tbody>\n<tr>\n<td><strong>Dimensions du produit<\/strong><\/td>\n<td>17.32\u2033L x 7.87\u2033W x 3.74\u2033H<\/td>\n<\/tr>\n<tr>\n<td><strong>Poids de l'article<\/strong><\/td>\n<td>3,77 livres<\/td>\n<\/tr>\n<tr>\n<td><strong>Type d'enveloppe<\/strong><\/td>\n<td>Dur<\/td>\n<\/tr>\n<tr>\n<td><strong>Capacit\u00e9<\/strong><\/td>\n<td>4,5 livres<\/td>\n<\/tr>\n<tr>\n<td><strong>Type de fermeture<\/strong><\/td>\n<td>Fermeture \u00e0 glissi\u00e8re<\/td>\n<\/tr>\n<tr>\n<td><strong>Nombre de compartiments<\/strong><\/td>\n<td>1<\/td>\n<\/tr>\n<tr>\n<td><strong>Description de la poche<\/strong><\/td>\n<td>Poche zipp\u00e9e<\/td>\n<\/tr>\n<tr>\n<td><strong>Type de sangle<\/strong><\/td>\n<td>R\u00e9glable<\/td>\n<\/tr>\n<tr>\n<td><strong>Fabricant<\/strong><\/td>\n<td>fitoogo<\/td>\n<\/tr>\n<tr>\n<td><strong>CUP<\/strong><\/td>\n<td>749877707185<\/td>\n<\/tr>\n<tr>\n<td><strong>ASIN<\/strong><\/td>\n<td>B0BXPBJD7Y<\/td>\n<\/tr>\n<tr>\n<td><strong>Num\u00e9ro de mod\u00e8le de l'article<\/strong><\/td>\n<td>Etui de transport pour ps5 001<\/td>\n<\/tr>\n<tr>\n<td><strong>Avis des clients<\/strong><\/td>\n<td>4,7 sur 5 \u00e9toiles (175 \u00e9valuations)<\/td>\n<\/tr>\n<tr>\n<td><strong>Classement des meilleures ventes<\/strong><\/td>\n<td>#3 000 dans Jeux vid\u00e9o<\/td>\n<\/tr>\n<tr>\n<td><\/td>\n<td>#10 dans Etuis pour PlayStation 5<\/td>\n<\/tr>\n<tr>\n<td><strong>Date de mise \u00e0 disposition<\/strong><\/td>\n<td>7 mars 2023<\/td>\n<\/tr>\n<tr>\n<td><strong>D\u00e9partement<\/strong><\/td>\n<td>Unisexe-Adulte<\/td>\n<\/tr>\n<tr>\n<td><strong>Pays d'origine<\/strong><\/td>\n<td>Chine<\/td>\n<\/tr>\n<\/tbody>\n<\/table>","protected":false},"excerpt":{"rendered":"<ul>\n<li data-start=\"0\" data-end=\"93\">Ext\u00e9rieur en nylon imperm\u00e9able et r\u00e9sistant aux rayures avec coque en EVA pour la r\u00e9sistance aux chocs.<\/li>\n<li data-start=\"94\" data-end=\"195\">L'int\u00e9rieur en velours doux avec rembourrage en Lycra \u00e9vite les rayures et maintient la console en s\u00e9curit\u00e9.<\/li>\n<li data-start=\"196\" data-end=\"285\">Compartiments d\u00e9di\u00e9s pour la console PS5, les manettes, les \u00e9couteurs 3D, les c\u00e2bles et la base.<\/li>\n<li data-start=\"286\" data-end=\"370\">Cloison centrale avec pochette en filet pour les petits accessoires comme les disques et les c\u00e2bles.<\/li>\n<li data-start=\"371\" data-end=\"450\">Poign\u00e9e robuste et bandouli\u00e8re r\u00e9glable pour un transport polyvalent.<\/li>\n<li data-start=\"451\" data-end=\"526\" data-is-last-node=\"\">Con\u00e7ue pour les joueurs en d\u00e9placement, elle offre une protection \u00e9l\u00e9gante et fiable.<\/li>\n<\/ul>","protected":false},"featured_media":1839,"comment_status":"open","ping_status":"closed","template":"","meta":[],"product_brand":[],"product_cat":[60,55],"product_tag":[],"class_list":{"0":"post-1812","1":"product","2":"type-product","3":"status-publish","4":"has-post-thumbnail","6":"product_cat-console-cases","7":"product_cat-gaming-cases-protection","9":"first","10":"instock","11":"shipping-taxable","12":"purchasable","13":"product-type-simple"},"_links":{"self":[{"href":"https:\/\/vavcase.com\/fr\/wp-json\/wp\/v2\/product\/1812","targetHints":{"allow":["GET"]}}],"collection":[{"href":"https:\/\/vavcase.com\/fr\/wp-json\/wp\/v2\/product"}],"about":[{"href":"https:\/\/vavcase.com\/fr\/wp-json\/wp\/v2\/types\/product"}],"replies":[{"embeddable":true,"href":"https:\/\/vavcase.com\/fr\/wp-json\/wp\/v2\/comments?post=1812"}],"wp:featuredmedia":[{"embeddable":true,"href":"https:\/\/vavcase.com\/fr\/wp-json\/wp\/v2\/media\/1839"}],"wp:attachment":[{"href":"https:\/\/vavcase.com\/fr\/wp-json\/wp\/v2\/media?parent=1812"}],"wp:term":[{"taxonomy":"product_brand","embeddable":true,"href":"https:\/\/vavcase.com\/fr\/wp-json\/wp\/v2\/product_brand?post=1812"},{"taxonomy":"product_cat","embeddable":true,"href":"https:\/\/vavcase.com\/fr\/wp-json\/wp\/v2\/product_cat?post=1812"},{"taxonomy":"product_tag","embeddable":true,"href":"https:\/\/vavcase.com\/fr\/wp-json\/wp\/v2\/product_tag?post=1812"}],"curies":[{"name":"wp","href":"https:\/\/api.w.org\/{rel}","templated":true}]}}