{"id":1846,"date":"2025-02-14T09:14:03","date_gmt":"2025-02-14T09:14:03","guid":{"rendered":"https:\/\/vavcase.com\/?post_type=product&#038;p=1846"},"modified":"2025-02-17T05:58:27","modified_gmt":"2025-02-17T05:58:27","slug":"ezgnuk-game-backpack-for-ps5-slim-travel-case-for-console-laptop-headphones-game-discs-accessories","status":"publish","type":"product","link":"https:\/\/vavcase.com\/fr\/produit\/ezgnuk-game-backpack-for-ps5-slim-travel-case-for-console-laptop-headphones-game-discs-accessories\/","title":{"rendered":"Ezgnuk Game Backpack for PS5 Slim - Mallette de voyage pour console, ordinateur portable, \u00e9couteurs, disques de jeu et accessoires"},"content":{"rendered":"<h3 data-start=\"0\" data-end=\"81\"><strong data-start=\"4\" data-end=\"79\">Sac \u00e0 dos Ezgnuk pour PS5 Slim - Spacieux, durable et facile \u00e0 transporter<\/strong><\/h3>\n<ul data-start=\"83\" data-end=\"959\">\n<li data-start=\"83\" data-end=\"200\">Mesure 18,89 \"x14,17 \"x7,87\" et convient \u00e0 la PS5 Slim, aux manettes, aux ordinateurs portables, aux \u00e9couteurs, aux disques de jeu et aux accessoires.<\/li>\n<li data-start=\"201\" data-end=\"288\">Vous pouvez \u00e9galement y ranger des articles de voyage essentiels tels que des v\u00eatements, des appareils photo, des banques d'alimentation et des passeports.<\/li>\n<li data-start=\"289\" data-end=\"385\">Le compartiment principal permet de ranger en toute s\u00e9curit\u00e9 la PS5 Slim et l'ordinateur portable, avec deux poches int\u00e9rieures pour les manettes.<\/li>\n<li data-start=\"386\" data-end=\"483\">Espace suppl\u00e9mentaire pour les \u00e9couteurs, les disques de jeu et les c\u00e2bles, ainsi que des poches lat\u00e9rales pour les petits objets essentiels.<\/li>\n<li data-start=\"484\" data-end=\"547\">Fabriqu\u00e9 en nylon de haute qualit\u00e9, imperm\u00e9able et r\u00e9sistant \u00e0 la d\u00e9chirure.<\/li>\n<li data-start=\"548\" data-end=\"637\">Un \u00e9pais rembourrage de protection sur le fond et les bords prot\u00e8ge contre les chocs et les rayures.<\/li>\n<li data-start=\"638\" data-end=\"709\">La doublure int\u00e9rieure r\u00e9sistante aux impacts prot\u00e8ge contre les chocs et la pression.<\/li>\n<li data-start=\"710\" data-end=\"785\">Les bretelles r\u00e9glables et rembourr\u00e9es r\u00e9partissent le poids uniform\u00e9ment pour plus de confort.<\/li>\n<li data-start=\"786\" data-end=\"859\">Le rembourrage respirant de la taille r\u00e9duit les tensions pendant les longues p\u00e9riodes de portage.<\/li>\n<li data-start=\"860\" data-end=\"959\">Id\u00e9al pour les tournois de jeux, les voyages ou l'utilisation quotidienne, il garantit la s\u00e9curit\u00e9 et la portabilit\u00e9 de votre console.<\/li>\n<\/ul>\n<table>\n<thead>\n<tr>\n<th><strong>Attribut<\/strong><\/th>\n<th><strong>D\u00e9tails<\/strong><\/th>\n<\/tr>\n<\/thead>\n<tbody>\n<tr>\n<td><strong>Type d'enveloppe<\/strong><\/td>\n<td>Coquille souple<\/td>\n<\/tr>\n<tr>\n<td><strong>Type de fermeture<\/strong><\/td>\n<td>Fermeture \u00e0 glissi\u00e8re<\/td>\n<\/tr>\n<tr>\n<td><strong>Type de poign\u00e9e<\/strong><\/td>\n<td>Bandouli\u00e8re<\/td>\n<\/tr>\n<tr>\n<td><strong>Nombre de compartiments<\/strong><\/td>\n<td>5<\/td>\n<\/tr>\n<tr>\n<td><strong>Description de la poche<\/strong><\/td>\n<td>Poche utilitaire<\/td>\n<\/tr>\n<tr>\n<td><strong>Type de sangle<\/strong><\/td>\n<td>Bandouli\u00e8re<\/td>\n<\/tr>\n<tr>\n<td><strong>Fabricant<\/strong><\/td>\n<td>Ezgnuk<\/td>\n<\/tr>\n<tr>\n<td><strong>CUP<\/strong><\/td>\n<td>702602575633<\/td>\n<\/tr>\n<tr>\n<td><strong>ASIN<\/strong><\/td>\n<td>B0D8J7JKLL<\/td>\n<\/tr>\n<tr>\n<td><strong>Avis des clients<\/strong><\/td>\n<td>4,4 sur 5 \u00e9toiles (27 \u00e9valuations)<\/td>\n<\/tr>\n<tr>\n<td><strong>Classement des meilleures ventes<\/strong><\/td>\n<td>#20,119 dans Jeux vid\u00e9o<\/td>\n<\/tr>\n<tr>\n<td><\/td>\n<td>#280 dans Accessoires PlayStation<\/td>\n<\/tr>\n<tr>\n<td><strong>Dimensions du produit<\/strong><\/td>\n<td>4,5 x 14 x 9,4 pouces<\/td>\n<\/tr>\n<tr>\n<td><strong>Poids de l'article<\/strong><\/td>\n<td>2.07 livres<\/td>\n<\/tr>\n<tr>\n<td><strong>Type d'article<\/strong><\/td>\n<td>V\u00eatements<\/td>\n<\/tr>\n<tr>\n<td><strong>Num\u00e9ro de mod\u00e8le de l'article<\/strong><\/td>\n<td>PS503 Slim<\/td>\n<\/tr>\n<tr>\n<td><strong>D\u00e9partement<\/strong><\/td>\n<td>Unisexe Adulte<\/td>\n<\/tr>\n<tr>\n<td><strong>Pays d'origine<\/strong><\/td>\n<td>Chine<\/td>\n<\/tr>\n<tr>\n<td><strong>Date de mise \u00e0 disposition<\/strong><\/td>\n<td>1er juillet 2024<\/td>\n<\/tr>\n<\/tbody>\n<\/table>","protected":false},"excerpt":{"rendered":"<ul>\n<li data-start=\"0\" data-end=\"61\">Convient \u00e0 la PS5 Slim, aux manettes, \u00e0 l'ordinateur portable, aux \u00e9couteurs et \u00e0 bien d'autres choses encore.<\/li>\n<li data-start=\"62\" data-end=\"133\">Compartiments d\u00e9di\u00e9s aux accessoires, aux disques de jeu et aux \u00e9l\u00e9ments essentiels.<\/li>\n<li data-start=\"134\" data-end=\"200\">Nylon imperm\u00e9able et r\u00e9sistant \u00e0 la d\u00e9chirure avec absorption des chocs.<\/li>\n<li data-start=\"201\" data-end=\"259\">Bretelles rembourr\u00e9es r\u00e9glables et support de taille respirant.<\/li>\n<li data-start=\"260\" data-end=\"311\" data-is-last-node=\"\">Id\u00e9al pour les tournois, les voyages et les d\u00e9placements quotidiens.<\/li>\n<\/ul>","protected":false},"featured_media":1850,"comment_status":"open","ping_status":"closed","template":"","meta":[],"product_brand":[],"product_cat":[60,55],"product_tag":[],"class_list":{"0":"post-1846","1":"product","2":"type-product","3":"status-publish","4":"has-post-thumbnail","6":"product_cat-console-cases","7":"product_cat-gaming-cases-protection","9":"first","10":"instock","11":"shipping-taxable","12":"purchasable","13":"product-type-simple"},"_links":{"self":[{"href":"https:\/\/vavcase.com\/fr\/wp-json\/wp\/v2\/product\/1846","targetHints":{"allow":["GET"]}}],"collection":[{"href":"https:\/\/vavcase.com\/fr\/wp-json\/wp\/v2\/product"}],"about":[{"href":"https:\/\/vavcase.com\/fr\/wp-json\/wp\/v2\/types\/product"}],"replies":[{"embeddable":true,"href":"https:\/\/vavcase.com\/fr\/wp-json\/wp\/v2\/comments?post=1846"}],"wp:featuredmedia":[{"embeddable":true,"href":"https:\/\/vavcase.com\/fr\/wp-json\/wp\/v2\/media\/1850"}],"wp:attachment":[{"href":"https:\/\/vavcase.com\/fr\/wp-json\/wp\/v2\/media?parent=1846"}],"wp:term":[{"taxonomy":"product_brand","embeddable":true,"href":"https:\/\/vavcase.com\/fr\/wp-json\/wp\/v2\/product_brand?post=1846"},{"taxonomy":"product_cat","embeddable":true,"href":"https:\/\/vavcase.com\/fr\/wp-json\/wp\/v2\/product_cat?post=1846"},{"taxonomy":"product_tag","embeddable":true,"href":"https:\/\/vavcase.com\/fr\/wp-json\/wp\/v2\/product_tag?post=1846"}],"curies":[{"name":"wp","href":"https:\/\/api.w.org\/{rel}","templated":true}]}}