{"id":1855,"date":"2025-02-14T09:29:16","date_gmt":"2025-02-14T09:29:16","guid":{"rendered":"https:\/\/vavcase.com\/?post_type=product&#038;p=1855"},"modified":"2025-02-17T10:13:50","modified_gmt":"2025-02-17T10:13:50","slug":"diocall-hard-case-for-ps5-slim-2023-protective-travel-case-for-console-dualsense-controllers-accessories","status":"publish","type":"product","link":"https:\/\/vavcase.com\/fr\/produit\/diocall-hard-case-for-ps5-slim-2023-protective-travel-case-for-console-dualsense-controllers-accessories\/","title":{"rendered":"Diocall Hard Case for PS5 Slim (2023) - Housse de voyage protectrice pour console, manettes DualSense et accessoires"},"content":{"rendered":"<ul>\n<li data-start=\"86\" data-end=\"336\">\n<p data-start=\"88\" data-end=\"125\"><strong data-start=\"88\" data-end=\"123\">Parfaitement adapt\u00e9 \u00e0 la PS5 Slim (2023)<\/strong><\/p>\n<ul data-start=\"128\" data-end=\"336\">\n<li data-start=\"128\" data-end=\"194\">Con\u00e7u sp\u00e9cifiquement pour le PS5 Slim Disc &amp; Digital Edition.<\/li>\n<li data-start=\"197\" data-end=\"275\">Garantit un ajustement parfait et s\u00fbr (non compatible avec la PS5 2020 d'origine).<\/li>\n<li data-start=\"278\" data-end=\"336\">Offre une protection fiable pour les voyages et les transports.<\/li>\n<\/ul>\n<\/li>\n<li data-start=\"338\" data-end=\"551\">\n<p data-start=\"340\" data-end=\"374\"><strong data-start=\"340\" data-end=\"372\">Rangement spacieux et organis\u00e9<\/strong><\/p>\n<ul data-start=\"377\" data-end=\"551\">\n<li data-start=\"377\" data-end=\"461\">Grande capacit\u00e9 pour ranger la PS5 Slim, deux manettes DualSense et des disques de jeu.<\/li>\n<li data-start=\"464\" data-end=\"551\">Section de rangement suppl\u00e9mentaire pour un support vertical, des c\u00e2bles de chargement et d'autres accessoires.<\/li>\n<\/ul>\n<\/li>\n<li data-start=\"553\" data-end=\"791\">\n<p data-start=\"555\" data-end=\"601\"><strong data-start=\"555\" data-end=\"599\">Protection par coque dure pour une s\u00e9curit\u00e9 maximale<\/strong><\/p>\n<ul data-start=\"604\" data-end=\"791\">\n<li data-start=\"604\" data-end=\"669\">Ext\u00e9rieur robuste avec compartiments int\u00e9rieurs personnalis\u00e9s.<\/li>\n<li data-start=\"672\" data-end=\"730\">Prot\u00e8ge la console des chocs, des rayures et de la poussi\u00e8re.<\/li>\n<li data-start=\"733\" data-end=\"791\">La structure ferme maintient les accessoires en s\u00e9curit\u00e9 pendant le voyage.<\/li>\n<\/ul>\n<\/li>\n<li data-start=\"793\" data-end=\"970\">\n<p data-start=\"795\" data-end=\"835\"><strong data-start=\"795\" data-end=\"833\">Facile \u00e0 transporter, confortable \u00e0 tenir<\/strong><\/p>\n<ul data-start=\"838\" data-end=\"970\">\n<li data-start=\"838\" data-end=\"906\">Bandouli\u00e8re r\u00e9glable et rembourr\u00e9e pour de multiples options de transport.<\/li>\n<li data-start=\"909\" data-end=\"970\">Courroie souple et confortable pour un transport sans effort.<\/li>\n<\/ul>\n<\/li>\n<li data-start=\"972\" data-end=\"1121\">\n<p data-start=\"974\" data-end=\"1006\"><strong data-start=\"974\" data-end=\"1004\">Id\u00e9al pour les joueurs en d\u00e9placement<\/strong><\/p>\n<ul data-start=\"1009\" data-end=\"1121\">\n<li data-start=\"1009\" data-end=\"1067\">Conception l\u00e9g\u00e8re mais durable pour le voyage et le stockage.<\/li>\n<li data-start=\"1070\" data-end=\"1121\">Parfait pour les jeux ou pour un stockage s\u00fbr \u00e0 la maison.<\/li>\n<\/ul>\n<\/li>\n<\/ul>\n<table>\n<thead>\n<tr>\n<th><strong>Attribut<\/strong><\/th>\n<th><strong>D\u00e9tails<\/strong><\/th>\n<\/tr>\n<\/thead>\n<tbody>\n<tr>\n<td><strong>Dimensions du produit<\/strong><\/td>\n<td>15\u2033L x 6.7\u2033W x 11\u2033H<\/td>\n<\/tr>\n<tr>\n<td><strong>Poids de l'article<\/strong><\/td>\n<td>1,1 kilogramme (2,42 livres)<\/td>\n<\/tr>\n<tr>\n<td><strong>Type d'enveloppe<\/strong><\/td>\n<td>Dur<\/td>\n<\/tr>\n<tr>\n<td><strong>Type de fermeture<\/strong><\/td>\n<td>Fermeture \u00e0 glissi\u00e8re<\/td>\n<\/tr>\n<tr>\n<td><strong>Type de poign\u00e9e<\/strong><\/td>\n<td>Douceur<\/td>\n<\/tr>\n<tr>\n<td><strong>Nombre de compartiments<\/strong><\/td>\n<td>3<\/td>\n<\/tr>\n<tr>\n<td><strong>Description de la poche<\/strong><\/td>\n<td>Poche g\u00e9n\u00e9rale<\/td>\n<\/tr>\n<tr>\n<td><strong>Type de sangle<\/strong><\/td>\n<td>Nylon<\/td>\n<\/tr>\n<tr>\n<td><strong>Fabricant<\/strong><\/td>\n<td>Diocall<\/td>\n<\/tr>\n<tr>\n<td><strong>ASIN<\/strong><\/td>\n<td>B0CPWF5MSQ<\/td>\n<\/tr>\n<tr>\n<td><strong>Avis des clients<\/strong><\/td>\n<td>4,7 sur 5 \u00e9toiles (25 \u00e9valuations)<\/td>\n<\/tr>\n<tr>\n<td><strong>Classement des meilleures ventes<\/strong><\/td>\n<td>#8,530 dans Jeux vid\u00e9o<\/td>\n<\/tr>\n<tr>\n<td><\/td>\n<td>#40 dans Etuis pour PlayStation 5<\/td>\n<\/tr>\n<tr>\n<td><strong>Type d'article<\/strong><\/td>\n<td>Reliure inconnue<\/td>\n<\/tr>\n<tr>\n<td><strong>Num\u00e9ro de mod\u00e8le de l'article<\/strong><\/td>\n<td>CasP5 7723<\/td>\n<\/tr>\n<tr>\n<td><strong>D\u00e9partement<\/strong><\/td>\n<td>Unisexe-Adulte<\/td>\n<\/tr>\n<tr>\n<td><strong>Pays d'origine<\/strong><\/td>\n<td>Chine<\/td>\n<\/tr>\n<tr>\n<td><strong>Date de mise \u00e0 disposition<\/strong><\/td>\n<td>10 d\u00e9cembre 2023<\/td>\n<\/tr>\n<\/tbody>\n<\/table>\n<p data-start=\"1386\" data-end=\"1639\" data-is-last-node=\"\">","protected":false},"excerpt":{"rendered":"<ul>\n<li data-start=\"49\" data-end=\"154\"><strong data-start=\"51\" data-end=\"66\">Un ajustement parfait<\/strong> - Con\u00e7u pour le disque et l'\u00e9dition num\u00e9rique de la PS5 Slim (2023) (non compatible avec la PS5 2020).<\/li>\n<li data-start=\"155\" data-end=\"247\"><strong data-start=\"157\" data-end=\"181\">Spacieux et organis\u00e9<\/strong> - Contient la PS5 Slim, deux manettes, des disques de jeu et des accessoires.<\/li>\n<li data-start=\"248\" data-end=\"325\"><strong data-start=\"250\" data-end=\"275\">Protection par coque dure<\/strong> - Prot\u00e8ge contre les chocs, les rayures et la poussi\u00e8re.<\/li>\n<li data-start=\"326\" data-end=\"399\"><strong data-start=\"328\" data-end=\"345\">Facile \u00e0 transporter<\/strong> - Poign\u00e9e souple et bandouli\u00e8re rembourr\u00e9e r\u00e9glable.<\/li>\n<li data-start=\"400\" data-end=\"480\"><strong data-start=\"402\" data-end=\"426\">Pour les joueurs en d\u00e9placement<\/strong> - L\u00e9ger et durable, il permet de voyager partout en toute s\u00e9curit\u00e9.<\/li>\n<\/ul>","protected":false},"featured_media":1861,"comment_status":"open","ping_status":"closed","template":"","meta":[],"product_brand":[],"product_cat":[60,55],"product_tag":[],"class_list":{"0":"post-1855","1":"product","2":"type-product","3":"status-publish","4":"has-post-thumbnail","6":"product_cat-console-cases","7":"product_cat-gaming-cases-protection","9":"first","10":"instock","11":"shipping-taxable","12":"purchasable","13":"product-type-simple"},"_links":{"self":[{"href":"https:\/\/vavcase.com\/fr\/wp-json\/wp\/v2\/product\/1855","targetHints":{"allow":["GET"]}}],"collection":[{"href":"https:\/\/vavcase.com\/fr\/wp-json\/wp\/v2\/product"}],"about":[{"href":"https:\/\/vavcase.com\/fr\/wp-json\/wp\/v2\/types\/product"}],"replies":[{"embeddable":true,"href":"https:\/\/vavcase.com\/fr\/wp-json\/wp\/v2\/comments?post=1855"}],"wp:featuredmedia":[{"embeddable":true,"href":"https:\/\/vavcase.com\/fr\/wp-json\/wp\/v2\/media\/1861"}],"wp:attachment":[{"href":"https:\/\/vavcase.com\/fr\/wp-json\/wp\/v2\/media?parent=1855"}],"wp:term":[{"taxonomy":"product_brand","embeddable":true,"href":"https:\/\/vavcase.com\/fr\/wp-json\/wp\/v2\/product_brand?post=1855"},{"taxonomy":"product_cat","embeddable":true,"href":"https:\/\/vavcase.com\/fr\/wp-json\/wp\/v2\/product_cat?post=1855"},{"taxonomy":"product_tag","embeddable":true,"href":"https:\/\/vavcase.com\/fr\/wp-json\/wp\/v2\/product_tag?post=1855"}],"curies":[{"name":"wp","href":"https:\/\/api.w.org\/{rel}","templated":true}]}}