{"id":1867,"date":"2025-02-14T09:37:17","date_gmt":"2025-02-14T09:37:17","guid":{"rendered":"https:\/\/vavcase.com\/?post_type=product&#038;p=1867"},"modified":"2026-04-08T14:19:33","modified_gmt":"2026-04-08T14:19:33","slug":"xanad-2-in-1-hard-travel-case-for-xbox-playstation-nintendo-switch-wireless-controllers-blue","status":"publish","type":"product","link":"https:\/\/vavcase.com\/fr\/produit\/xanad-2-in-1-hard-travel-case-for-xbox-playstation-nintendo-switch-wireless-controllers-blue\/","title":{"rendered":"XANAD Mallette de voyage rigide 2-en-1 pour Xbox, PlayStation, Nintendo Switch et manettes sans fil - Bleu"},"content":{"rendered":"<div class=\"flex max-w-full flex-col flex-grow\">\n<div class=\"min-h-8 text-message flex w-full flex-col items-end gap-2 whitespace-normal break-words text-start [.text-message+&amp;]:mt-5\" dir=\"auto\" data-message-author-role=\"assistant\" data-message-id=\"8bc4af7b-0710-4d93-88c6-2ef797363591\" data-message-model-slug=\"gpt-4o\">\n<div class=\"flex w-full flex-col gap-1 empty:hidden first:pt-[3px]\">\n<div class=\"markdown prose w-full break-words dark:prose-invert dark\">\n<ul>\n<li data-start=\"0\" data-end=\"118\">Con\u00e7u pour s'adapter \u00e0 la manette Nintendo Switch Pro, aux manettes Xbox One, Xbox One S, Xbox One X et Xbox Shock Blue.<\/li>\n<li data-start=\"119\" data-end=\"187\">Comprend un espace de rangement d\u00e9di\u00e9 aux c\u00e2bles et aux fils de charge.<\/li>\n<li data-start=\"188\" data-end=\"349\">L'int\u00e9rieur en velours doux prot\u00e8ge votre manette, tandis que la coque rigide EVA durable offre une protection antichoc, semi-\u00e9tanche, \u00e9tanche \u00e0 la poussi\u00e8re et r\u00e9sistante \u00e0 l'usure.<\/li>\n<li data-start=\"350\" data-end=\"433\">L\u00e9ger et compact, il est dot\u00e9 d'une poign\u00e9e solide et confortable qui facilite son transport.<\/li>\n<li data-start=\"434\" data-end=\"544\">Moul\u00e9 sur mesure pour une adaptation parfaite aux dimensions de l'\u00e9tui : 9,3 x 8,5 x 2,8 pouces et poids : 387,6g (0,9 lbs).<\/li>\n<li data-start=\"545\" data-end=\"666\" data-is-last-node=\"\">\u00c9tui uniquement (manette et accessoires non inclus). Con\u00e7ue pour prot\u00e9ger et organiser vos accessoires de jeu sans effort !<\/li>\n<\/ul>\n<\/div>\n<\/div>\n<\/div>\n<\/div>\n<table>\n<thead>\n<tr>\n<th><strong>Attribut<\/strong><\/th>\n<th><strong>D\u00e9tails<\/strong><\/th>\n<\/tr>\n<\/thead>\n<tbody>\n<tr>\n<td><strong>Dimensions du produit<\/strong><\/td>\n<td>9.3\u2033L x 8.5\u2033W x 2.8\u2033H<\/td>\n<\/tr>\n<tr>\n<td><strong>Type d'enveloppe<\/strong><\/td>\n<td>Dur<\/td>\n<\/tr>\n<tr>\n<td><strong>Type de fermeture<\/strong><\/td>\n<td>Fermeture \u00e0 glissi\u00e8re<\/td>\n<\/tr>\n<tr>\n<td><strong>Type de poign\u00e9e<\/strong><\/td>\n<td>Standard<\/td>\n<\/tr>\n<tr>\n<td><strong>Nombre de compartiments<\/strong><\/td>\n<td>2<\/td>\n<\/tr>\n<tr>\n<td><strong>Description de la poche<\/strong><\/td>\n<td>Poche zipp\u00e9e<\/td>\n<\/tr>\n<tr>\n<td><strong>Type de sangle<\/strong><\/td>\n<td>Poign\u00e9e standard<\/td>\n<\/tr>\n<tr>\n<td><strong>Fabricant<\/strong><\/td>\n<td>XANAD<\/td>\n<\/tr>\n<tr>\n<td><strong>ASIN<\/strong><\/td>\n<td>B0D4Q8N2X7<\/td>\n<\/tr>\n<tr>\n<td><strong>Avis des clients<\/strong><\/td>\n<td>4,3 sur 5 \u00e9toiles (46 \u00e9valuations)<\/td>\n<\/tr>\n<tr>\n<td><strong>Num\u00e9ro de mod\u00e8le de l'article<\/strong><\/td>\n<td>ZDXTDMJ551 US<\/td>\n<\/tr>\n<tr>\n<td><strong>Poids de l'article<\/strong><\/td>\n<td>14,4 onces<\/td>\n<\/tr>\n<tr>\n<td><strong>D\u00e9partement<\/strong><\/td>\n<td>Les hommes<\/td>\n<\/tr>\n<tr>\n<td><strong>Pays d'origine<\/strong><\/td>\n<td>Chine<\/td>\n<\/tr>\n<tr>\n<td><strong>Date de mise \u00e0 disposition<\/strong><\/td>\n<td>21 mai 2024<\/td>\n<\/tr>\n<\/tbody>\n<\/table>","protected":false},"excerpt":{"rendered":"<div class=\"flex-1 overflow-hidden @container\/thread translate-y-[2rem] -mt-[2rem] pb-[1.5rem]\">\n<div class=\"flex h-full flex-col overflow-y-auto\">\n<div class=\"flex flex-col text-sm md:pb-9\">\n<article class=\"w-full text-token-text-primary focus-visible:outline-2 focus-visible:outline-offset-[-4px]\" dir=\"auto\" data-testid=\"conversation-turn-21\" data-scroll-anchor=\"true\">\n<div class=\"m-auto text-base py-[18px] px-6\">\n<div class=\"mx-auto flex flex-1 text-base gap-4 md:gap-5 lg:gap-6 md:max-w-3xl lg:max-w-[40rem] xl:max-w-[48rem]\">\n<div class=\"group\/conversation-turn relative flex w-full min-w-0 flex-col agent-turn @xs\/thread:px-0 @sm\/thread:px-1.5 @md\/thread:px-4\">\n<div class=\"flex-col gap-1 md:gap-3\">\n<div class=\"flex max-w-full flex-col flex-grow\">\n<div class=\"min-h-8 text-message flex w-full flex-col items-end gap-2 whitespace-normal break-words text-start [.text-message+&amp;]:mt-5\" dir=\"auto\" data-message-author-role=\"assistant\" data-message-id=\"8e47cbcf-0234-4636-a200-53dc4306af27\" data-message-model-slug=\"gpt-4o\">\n<div class=\"flex w-full flex-col gap-1 empty:hidden first:pt-[3px]\">\n<div class=\"markdown prose w-full break-words dark:prose-invert dark\">\n<ul data-start=\"0\" data-end=\"579\">\n<li data-start=\"0\" data-end=\"155\">Convient \u00e0 la manette Nintendo Switch Pro, aux manettes Xbox One, Xbox One S, Xbox One X et Xbox Shock Blue, avec un espace suppl\u00e9mentaire pour les c\u00e2bles et les fils de charge.<\/li>\n<li data-start=\"156\" data-end=\"317\">L'int\u00e9rieur en velours doux prot\u00e8ge votre manette, tandis que la coque rigide EVA durable offre une protection antichoc, semi-\u00e9tanche, \u00e9tanche \u00e0 la poussi\u00e8re et r\u00e9sistante \u00e0 l'usure.<\/li>\n<li data-start=\"318\" data-end=\"419\">L\u00e9ger et compact, il est dot\u00e9 d'une poign\u00e9e solide qui permet de le transporter facilement dans un sac, un sac \u00e0 dos ou un bagage.<\/li>\n<li data-start=\"420\" data-end=\"522\">Moul\u00e9 sur mesure pour un ajustement parfait avec des dimensions : 9.3 x 8.5 x 2.8 pouces, poids : 387.6g (0.9 lbs).<\/li>\n<li data-start=\"523\" data-end=\"579\">Bo\u00eetier uniquement (contr\u00f4leur et accessoires non inclus).<\/li>\n<\/ul>\n<p data-start=\"581\" data-end=\"670\" data-is-last-node=\"\">XANAD 2-in-1 Hard Travel Case - Prot\u00e9gez et organisez vos accessoires de jeu sans effort !<\/p>\n<\/div>\n<\/div>\n<\/div>\n<\/div>\n<\/div>\n<\/div>\n<\/div>\n<\/div>\n<\/article>\n<\/div>\n<\/div>\n<\/div>","protected":false},"featured_media":1870,"comment_status":"open","ping_status":"closed","template":"","meta":[],"product_brand":[],"product_cat":[61,55],"product_tag":[],"class_list":{"0":"post-1867","1":"product","2":"type-product","3":"status-publish","4":"has-post-thumbnail","6":"product_cat-controller-cases","7":"product_cat-gaming-cases-protection","9":"first","10":"instock","11":"featured","12":"shipping-taxable","13":"purchasable","14":"product-type-simple"},"_links":{"self":[{"href":"https:\/\/vavcase.com\/fr\/wp-json\/wp\/v2\/product\/1867","targetHints":{"allow":["GET"]}}],"collection":[{"href":"https:\/\/vavcase.com\/fr\/wp-json\/wp\/v2\/product"}],"about":[{"href":"https:\/\/vavcase.com\/fr\/wp-json\/wp\/v2\/types\/product"}],"replies":[{"embeddable":true,"href":"https:\/\/vavcase.com\/fr\/wp-json\/wp\/v2\/comments?post=1867"}],"wp:featuredmedia":[{"embeddable":true,"href":"https:\/\/vavcase.com\/fr\/wp-json\/wp\/v2\/media\/1870"}],"wp:attachment":[{"href":"https:\/\/vavcase.com\/fr\/wp-json\/wp\/v2\/media?parent=1867"}],"wp:term":[{"taxonomy":"product_brand","embeddable":true,"href":"https:\/\/vavcase.com\/fr\/wp-json\/wp\/v2\/product_brand?post=1867"},{"taxonomy":"product_cat","embeddable":true,"href":"https:\/\/vavcase.com\/fr\/wp-json\/wp\/v2\/product_cat?post=1867"},{"taxonomy":"product_tag","embeddable":true,"href":"https:\/\/vavcase.com\/fr\/wp-json\/wp\/v2\/product_tag?post=1867"}],"curies":[{"name":"wp","href":"https:\/\/api.w.org\/{rel}","templated":true}]}}