{"id":1893,"date":"2025-02-14T09:59:06","date_gmt":"2025-02-14T09:59:06","guid":{"rendered":"https:\/\/vavcase.com\/?post_type=product&#038;p=1893"},"modified":"2025-02-17T10:13:38","modified_gmt":"2025-02-17T10:13:38","slug":"sisma-hard-shell-carry-case-for-xbox-series-x-s-core-wireless-controller-protective-travel-bag","status":"publish","type":"product","link":"https:\/\/vavcase.com\/fr\/produit\/sisma-hard-shell-carry-case-for-xbox-series-x-s-core-wireless-controller-protective-travel-bag\/","title":{"rendered":"Sisma Hard Shell Carry Case for Xbox Series X\/S &amp; Core Wireless Controller - Protective Travel Bag"},"content":{"rendered":"<h3 data-start=\"0\" data-end=\"115\"><strong data-start=\"4\" data-end=\"113\">Sisma Xbox Controller Case - Bo\u00eetier de protection pour Xbox Series X\/S &amp; Core Wireless Controller<\/strong><\/h3>\n<ul>\n<li data-start=\"0\" data-end=\"180\"><strong data-start=\"2\" data-end=\"30\">Ajustement et protection parfaits<\/strong> - Con\u00e7ue sp\u00e9cialement pour les manettes sans fil Xbox Series X\/S et Core, elle s'adapte parfaitement aux chocs, \u00e0 la poussi\u00e8re et \u00e0 la d\u00e9rive du joystick.<\/li>\n<li data-start=\"181\" data-end=\"322\"><strong data-start=\"183\" data-end=\"207\">Durable et r\u00e9sistant aux chocs<\/strong> - Fabriqu\u00e9 en EVA robuste et en tissu Oxford 1680D, il offre une protection contre les chutes et une r\u00e9sistance \u00e0 l'usure quotidienne.<\/li>\n<li data-start=\"323\" data-end=\"445\"><strong data-start=\"325\" data-end=\"351\">Conception adapt\u00e9e au voyage<\/strong> - Sa taille compacte se glisse facilement dans un sac \u00e0 dos ou un bagage, ce qui en fait un outil id\u00e9al pour jouer en d\u00e9placement.<\/li>\n<li data-start=\"446\" data-end=\"556\"><strong data-start=\"448\" data-end=\"466\">Stockage s\u00e9curis\u00e9<\/strong> - La fermeture \u00e0 glissi\u00e8re permet de prot\u00e9ger les manettes sans avoir \u00e0 appuyer sur les boutons ou les joysticks.<\/li>\n<li data-start=\"557\" data-end=\"629\"><strong data-start=\"559\" data-end=\"582\">Portage pratique<\/strong> - Sangle amovible pour faciliter le transport au poignet.<\/li>\n<li data-start=\"630\" data-end=\"748\"><strong data-start=\"632\" data-end=\"650\">Double fermeture \u00e0 glissi\u00e8re<\/strong> - Les fermetures \u00e0 glissi\u00e8re bidirectionnelles en m\u00e9tal sont lisses et r\u00e9sistantes \u00e0 l'usure, garantissant une ouverture et une fermeture sans effort.<\/li>\n<li data-start=\"749\" data-end=\"823\" data-is-last-node=\"\"><strong data-start=\"751\" data-end=\"771\">Le paquet comprend<\/strong>: 1x \u00e9tui pour manette Xbox (manette non incluse).<\/li>\n<\/ul>\n<table>\n<thead>\n<tr>\n<th><strong>Attribut<\/strong><\/th>\n<th><strong>D\u00e9tails<\/strong><\/th>\n<\/tr>\n<\/thead>\n<tbody>\n<tr>\n<td><strong>Dimensions du produit<\/strong><\/td>\n<td>7.3\u2033L x 6.3\u2033W x 3.1\u2033H<\/td>\n<\/tr>\n<tr>\n<td><strong>Poids de l'article<\/strong><\/td>\n<td>180 grammes (6,3 onces)<\/td>\n<\/tr>\n<tr>\n<td><strong>Type d'enveloppe<\/strong><\/td>\n<td>Dur<\/td>\n<\/tr>\n<tr>\n<td><strong>Capacit\u00e9<\/strong><\/td>\n<td>1,5 litre<\/td>\n<\/tr>\n<tr>\n<td><strong>Type de fermeture<\/strong><\/td>\n<td>Fermeture \u00e0 glissi\u00e8re<\/td>\n<\/tr>\n<tr>\n<td><strong>Description de la poche<\/strong><\/td>\n<td>Poche zipp\u00e9e<\/td>\n<\/tr>\n<tr>\n<td><strong>Type de sangle<\/strong><\/td>\n<td>De base<\/td>\n<\/tr>\n<tr>\n<td><strong>Fabricant<\/strong><\/td>\n<td>sisma<\/td>\n<\/tr>\n<tr>\n<td><strong>ASIN<\/strong><\/td>\n<td>B08SLST7TJ<\/td>\n<\/tr>\n<tr>\n<td><strong>Avis des clients<\/strong><\/td>\n<td>4,8 sur 5 \u00e9toiles (1 335 \u00e9valuations)<\/td>\n<\/tr>\n<tr>\n<td><strong>Classement des meilleures ventes<\/strong><\/td>\n<td>#2 636 dans Jeux vid\u00e9o<\/td>\n<\/tr>\n<tr>\n<td><\/td>\n<td>#2 dans Etuis Xbox Series X<\/td>\n<\/tr>\n<tr>\n<td><strong>Type d'article<\/strong><\/td>\n<td>Bagages<\/td>\n<\/tr>\n<tr>\n<td><strong>Num\u00e9ro de mod\u00e8le de l'article<\/strong><\/td>\n<td>SVG2021XB6C<\/td>\n<\/tr>\n<tr>\n<td><strong>D\u00e9partement<\/strong><\/td>\n<td>Unisexe Adulte<\/td>\n<\/tr>\n<tr>\n<td><strong>Pays d'origine<\/strong><\/td>\n<td>Chine<\/td>\n<\/tr>\n<tr>\n<td><strong>Date de mise \u00e0 disposition<\/strong><\/td>\n<td>11 janvier 2021<\/td>\n<\/tr>\n<\/tbody>\n<\/table>","protected":false},"excerpt":{"rendered":"<ul data-start=\"0\" data-end=\"663\">\n<li data-start=\"0\" data-end=\"142\"><strong data-start=\"2\" data-end=\"30\">Ajustement et protection parfaits<\/strong> - Con\u00e7u sp\u00e9cialement pour les manettes Xbox Series X\/S et Core, il prot\u00e8ge contre les chocs, la poussi\u00e8re et les d\u00e9rives du joystick.<\/li>\n<li data-start=\"143\" data-end=\"281\"><strong data-start=\"145\" data-end=\"169\">Durable et r\u00e9sistant aux chocs<\/strong> - Fabriqu\u00e9 en EVA robuste et en tissu Oxford 1680D pour une protection fiable contre les chutes et une durabilit\u00e9 \u00e0 long terme.<\/li>\n<li data-start=\"282\" data-end=\"393\"><strong data-start=\"284\" data-end=\"310\">Conception adapt\u00e9e au voyage<\/strong> - Compact et facile \u00e0 ranger dans un sac \u00e0 dos ou un bagage, il est parfait pour jouer en d\u00e9placement.<\/li>\n<li data-start=\"394\" data-end=\"494\"><strong data-start=\"396\" data-end=\"414\">Stockage s\u00e9curis\u00e9<\/strong> - La fermeture \u00e0 glissi\u00e8re permet de prot\u00e9ger votre manette sans avoir \u00e0 appuyer sur les boutons.<\/li>\n<li data-start=\"495\" data-end=\"570\"><strong data-start=\"497\" data-end=\"520\">Portage pratique<\/strong> - Sangle amovible pour faciliter le transport au poignet.<\/li>\n<li data-start=\"571\" data-end=\"663\"><strong data-start=\"573\" data-end=\"591\">Double fermeture \u00e0 glissi\u00e8re<\/strong> - Fermetures \u00e0 glissi\u00e8re m\u00e9talliques bidirectionnelles lisses et r\u00e9sistantes \u00e0 l'usure pour un acc\u00e8s sans effort.<\/li>\n<\/ul>\n<p data-start=\"665\" data-end=\"729\" data-is-last-node=\"\"><strong data-start=\"665\" data-end=\"677\">Comprend<\/strong>: 1x \u00e9tui pour manette Xbox (manette non incluse).<\/p>","protected":false},"featured_media":1897,"comment_status":"open","ping_status":"closed","template":"","meta":[],"product_brand":[],"product_cat":[61,55],"product_tag":[],"class_list":{"0":"post-1893","1":"product","2":"type-product","3":"status-publish","4":"has-post-thumbnail","6":"product_cat-controller-cases","7":"product_cat-gaming-cases-protection","9":"first","10":"instock","11":"shipping-taxable","12":"purchasable","13":"product-type-simple"},"_links":{"self":[{"href":"https:\/\/vavcase.com\/fr\/wp-json\/wp\/v2\/product\/1893","targetHints":{"allow":["GET"]}}],"collection":[{"href":"https:\/\/vavcase.com\/fr\/wp-json\/wp\/v2\/product"}],"about":[{"href":"https:\/\/vavcase.com\/fr\/wp-json\/wp\/v2\/types\/product"}],"replies":[{"embeddable":true,"href":"https:\/\/vavcase.com\/fr\/wp-json\/wp\/v2\/comments?post=1893"}],"wp:featuredmedia":[{"embeddable":true,"href":"https:\/\/vavcase.com\/fr\/wp-json\/wp\/v2\/media\/1897"}],"wp:attachment":[{"href":"https:\/\/vavcase.com\/fr\/wp-json\/wp\/v2\/media?parent=1893"}],"wp:term":[{"taxonomy":"product_brand","embeddable":true,"href":"https:\/\/vavcase.com\/fr\/wp-json\/wp\/v2\/product_brand?post=1893"},{"taxonomy":"product_cat","embeddable":true,"href":"https:\/\/vavcase.com\/fr\/wp-json\/wp\/v2\/product_cat?post=1893"},{"taxonomy":"product_tag","embeddable":true,"href":"https:\/\/vavcase.com\/fr\/wp-json\/wp\/v2\/product_tag?post=1893"}],"curies":[{"name":"wp","href":"https:\/\/api.w.org\/{rel}","templated":true}]}}