{"id":1903,"date":"2025-02-14T10:14:33","date_gmt":"2025-02-14T10:14:33","guid":{"rendered":"https:\/\/vavcase.com\/?post_type=product&#038;p=1903"},"modified":"2025-02-17T06:06:03","modified_gmt":"2025-02-17T06:06:03","slug":"hawksbill-ps5-dualsense-controller-case-hard-shell-travel-bag-for-2-controllers-accessories-gray","status":"publish","type":"product","link":"https:\/\/vavcase.com\/fr\/produit\/hawksbill-ps5-dualsense-controller-case-hard-shell-travel-bag-for-2-controllers-accessories-gray\/","title":{"rendered":"Hawksbill PS5 DualSense Controller Case - Sac de voyage \u00e0 coque dure pour 2 manettes et accessoires (gris)"},"content":{"rendered":"<ul data-start=\"0\" data-end=\"690\">\n<li data-start=\"0\" data-end=\"171\"><strong data-start=\"2\" data-end=\"24\">Protection Premium<\/strong> - Fabriqu\u00e9 en mat\u00e9riau EVA de haute qualit\u00e9 pour une r\u00e9sistance \u00e0 l'\u00e9crasement, une absorption des chocs et une r\u00e9sistance \u00e0 l'eau, il prot\u00e8ge vos manettes PS5 DualSense.<\/li>\n<li data-start=\"172\" data-end=\"325\"><strong data-start=\"174\" data-end=\"205\">Ajustement parfait et rangement suppl\u00e9mentaire<\/strong> - Con\u00e7u sp\u00e9cialement pour les manettes sans fil Sony PS5 DualSense, avec des poches internes en filet pour les c\u00e2bles et les accessoires.<\/li>\n<li data-start=\"326\" data-end=\"448\"><strong data-start=\"328\" data-end=\"351\">R\u00e9sistant aux chocs et s\u00e9curis\u00e9<\/strong> - La doublure int\u00e9rieure douce et les compartiments rembourr\u00e9s prot\u00e8gent vos contr\u00f4leurs contre les chocs et les rayures.<\/li>\n<li data-start=\"449\" data-end=\"568\"><strong data-start=\"451\" data-end=\"481\">Portable et facile \u00e0 transporter<\/strong> - Compact et l\u00e9ger, il est id\u00e9al pour \u00eatre transport\u00e9 dans un sac \u00e0 dos, un bagage ou un sac de voyage.<\/li>\n<li data-start=\"569\" data-end=\"690\"><strong data-start=\"571\" data-end=\"598\">Satisfaction garantie<\/strong> - Comprend une garantie de remboursement de 30 jours et une garantie suppl\u00e9mentaire de 6 mois pour une plus grande tranquillit\u00e9 d'esprit.<\/li>\n<\/ul>\n<p data-start=\"692\" data-end=\"760\" data-is-last-node=\"\"><strong data-start=\"692\" data-end=\"712\">Le paquet comprend<\/strong>: 1x bo\u00eetier pour manettes (manettes non incluses).<\/p>\n<table>\n<thead>\n<tr>\n<th><strong>Attribut<\/strong><\/th>\n<th><strong>D\u00e9tails<\/strong><\/th>\n<\/tr>\n<\/thead>\n<tbody>\n<tr>\n<td><strong>Mod\u00e8le<\/strong><\/td>\n<td>Solide<\/td>\n<\/tr>\n<tr>\n<td><strong>Poids de l'article<\/strong><\/td>\n<td>0,33 kilogramme (11,7 onces)<\/td>\n<\/tr>\n<tr>\n<td><strong>Type d'enveloppe<\/strong><\/td>\n<td>Dur<\/td>\n<\/tr>\n<tr>\n<td><strong>Type de fermeture<\/strong><\/td>\n<td>Fermeture \u00e0 glissi\u00e8re<\/td>\n<\/tr>\n<tr>\n<td><strong>Type de poign\u00e9e<\/strong><\/td>\n<td>Poign\u00e9e web<\/td>\n<\/tr>\n<tr>\n<td><strong>Nombre de compartiments<\/strong><\/td>\n<td>2<\/td>\n<\/tr>\n<tr>\n<td><strong>Description de la poche<\/strong><\/td>\n<td>Poche zipp\u00e9e<\/td>\n<\/tr>\n<tr>\n<td><strong>Fabricant<\/strong><\/td>\n<td>Jeu Hawksbill<\/td>\n<\/tr>\n<tr>\n<td><strong>CUP<\/strong><\/td>\n<td>850033704006<\/td>\n<\/tr>\n<tr>\n<td><strong>ASIN<\/strong><\/td>\n<td>B09M98HXYQ<\/td>\n<\/tr>\n<tr>\n<td><strong>Avis des clients<\/strong><\/td>\n<td>4,7 sur 5 \u00e9toiles (119 \u00e9valuations)<\/td>\n<\/tr>\n<tr>\n<td><strong>Classement des meilleures ventes<\/strong><\/td>\n<td>#22,312 dans Jeux vid\u00e9o<\/td>\n<\/tr>\n<tr>\n<td><\/td>\n<td>#133 dans Etuis pour PlayStation 5<\/td>\n<\/tr>\n<tr>\n<td><strong>Dimensions de l'emballage<\/strong><\/td>\n<td>10.59 x 9.96 x 3.62 pouces<\/td>\n<\/tr>\n<tr>\n<td><strong>Num\u00e9ro de mod\u00e8le de l'article<\/strong><\/td>\n<td>HB-PS5-2CM<\/td>\n<\/tr>\n<tr>\n<td><strong>D\u00e9partement<\/strong><\/td>\n<td>Unisexe-Adulte<\/td>\n<\/tr>\n<tr>\n<td><strong>Pays d'origine<\/strong><\/td>\n<td>Chine<\/td>\n<\/tr>\n<tr>\n<td><strong>Date de mise \u00e0 disposition<\/strong><\/td>\n<td>19 novembre 2021<\/td>\n<\/tr>\n<\/tbody>\n<\/table>","protected":false},"excerpt":{"rendered":"<ul data-start=\"0\" data-end=\"507\">\n<li data-start=\"0\" data-end=\"123\"><strong data-start=\"2\" data-end=\"25\">Protection sup\u00e9rieure<\/strong> - Mat\u00e9riau EVA r\u00e9sistant \u00e0 l'\u00e9crasement, aux chocs et \u00e0 l'eau pour une protection optimale.<\/li>\n<li data-start=\"124\" data-end=\"232\"><strong data-start=\"126\" data-end=\"157\">Ajustement parfait et rangement suppl\u00e9mentaire<\/strong> - Contient des contr\u00f4leurs DualSense et des poches en filet pour ranger les accessoires.<\/li>\n<li data-start=\"233\" data-end=\"320\"><strong data-start=\"235\" data-end=\"258\">R\u00e9sistant aux chocs et s\u00e9curis\u00e9<\/strong> - Doublure int\u00e9rieure souple pour prot\u00e9ger contre les chocs et les rayures.<\/li>\n<li data-start=\"321\" data-end=\"418\"><strong data-start=\"323\" data-end=\"353\">Portable et facile \u00e0 transporter<\/strong> - L\u00e9ger et compact, il se glisse facilement dans les sacs et les bagages.<\/li>\n<li data-start=\"419\" data-end=\"507\"><strong data-start=\"421\" data-end=\"445\">Une garantie sans souci<\/strong> - Remboursement sous 30 jours et garantie de 6 mois pour une plus grande tranquillit\u00e9 d'esprit.<\/li>\n<\/ul>\n<p data-start=\"509\" data-end=\"569\" data-is-last-node=\"\"><strong data-start=\"509\" data-end=\"521\">Comprend<\/strong>: 1x bo\u00eetier pour manettes (manettes non incluses).<\/p>","protected":false},"featured_media":1907,"comment_status":"open","ping_status":"closed","template":"","meta":[],"product_brand":[],"product_cat":[61,55],"product_tag":[],"class_list":{"0":"post-1903","1":"product","2":"type-product","3":"status-publish","4":"has-post-thumbnail","6":"product_cat-controller-cases","7":"product_cat-gaming-cases-protection","9":"first","10":"instock","11":"shipping-taxable","12":"purchasable","13":"product-type-simple"},"_links":{"self":[{"href":"https:\/\/vavcase.com\/fr\/wp-json\/wp\/v2\/product\/1903","targetHints":{"allow":["GET"]}}],"collection":[{"href":"https:\/\/vavcase.com\/fr\/wp-json\/wp\/v2\/product"}],"about":[{"href":"https:\/\/vavcase.com\/fr\/wp-json\/wp\/v2\/types\/product"}],"replies":[{"embeddable":true,"href":"https:\/\/vavcase.com\/fr\/wp-json\/wp\/v2\/comments?post=1903"}],"wp:featuredmedia":[{"embeddable":true,"href":"https:\/\/vavcase.com\/fr\/wp-json\/wp\/v2\/media\/1907"}],"wp:attachment":[{"href":"https:\/\/vavcase.com\/fr\/wp-json\/wp\/v2\/media?parent=1903"}],"wp:term":[{"taxonomy":"product_brand","embeddable":true,"href":"https:\/\/vavcase.com\/fr\/wp-json\/wp\/v2\/product_brand?post=1903"},{"taxonomy":"product_cat","embeddable":true,"href":"https:\/\/vavcase.com\/fr\/wp-json\/wp\/v2\/product_cat?post=1903"},{"taxonomy":"product_tag","embeddable":true,"href":"https:\/\/vavcase.com\/fr\/wp-json\/wp\/v2\/product_tag?post=1903"}],"curies":[{"name":"wp","href":"https:\/\/api.w.org\/{rel}","templated":true}]}}