{"id":1923,"date":"2025-02-14T10:31:33","date_gmt":"2025-02-14T10:31:33","guid":{"rendered":"https:\/\/vavcase.com\/?post_type=product&#038;p=1923"},"modified":"2025-02-17T10:13:23","modified_gmt":"2025-02-17T10:13:23","slug":"tiswell-hard-controller-case-for-xbox-one-series-x-s-elite-2-eva-protective-travel-storage-case-black","status":"publish","type":"product","link":"https:\/\/vavcase.com\/fr\/produit\/tiswell-hard-controller-case-for-xbox-one-series-x-s-elite-2-eva-protective-travel-storage-case-black\/","title":{"rendered":"Tiswell Hard Controller Case for Xbox One\/Series X\/S\/Elite 2 - EVA Protective Travel Storage Case (Black)"},"content":{"rendered":"<p data-start=\"0\" data-end=\"100\"><strong data-start=\"0\" data-end=\"100\">Tiswell Hard Controller Case for Xbox One\/Series X\/S\/Elite 2 - EVA Protective Travel Storage Bag<\/strong><\/p>\n<ul data-start=\"102\" data-end=\"629\">\n<li data-start=\"102\" data-end=\"240\"><strong data-start=\"104\" data-end=\"132\">Ajustement et protection parfaits<\/strong> - Con\u00e7u sur mesure pour les manettes Xbox One, Series X\/S et Elite Series 2 Core (versions officielles uniquement).<\/li>\n<li data-start=\"241\" data-end=\"370\"><strong data-start=\"243\" data-end=\"267\">Mat\u00e9riau EVA durable<\/strong> - R\u00e9sistant aux chocs, \u00e0 la poussi\u00e8re et \u00e0 l'eau pour prot\u00e9ger votre manette contre les chutes, les chocs et les rayures.<\/li>\n<li data-start=\"371\" data-end=\"463\"><strong data-start=\"373\" data-end=\"391\">Coussin int\u00e9rieur souple<\/strong> - Le design \u00e0 bulles anti-chocs maintient votre manette en place et en s\u00e9curit\u00e9.<\/li>\n<li data-start=\"464\" data-end=\"539\"><strong data-start=\"466\" data-end=\"488\">Fermeture \u00e0 glissi\u00e8re YKK de premi\u00e8re qualit\u00e9<\/strong> - Lisse et robuste pour une durabilit\u00e9 \u00e0 long terme.<\/li>\n<li data-start=\"540\" data-end=\"629\"><strong data-start=\"542\" data-end=\"568\">Portable et l\u00e9ger<\/strong> - Pesant seulement 150 g, il est facile \u00e0 transporter dans votre sac \u00e0 dos ou votre sacoche.<\/li>\n<\/ul>\n<p data-start=\"631\" data-end=\"692\" data-is-last-node=\"\">Emportez votre manette Xbox partout avec confiance et style !<\/p>\n<table>\n<thead>\n<tr>\n<th><strong>Attribut<\/strong><\/th>\n<th><strong>D\u00e9tails<\/strong><\/th>\n<\/tr>\n<\/thead>\n<tbody>\n<tr>\n<td><strong>Mod\u00e8le<\/strong><\/td>\n<td>Le c\u0153ur<\/td>\n<\/tr>\n<tr>\n<td><strong>Type d'enveloppe<\/strong><\/td>\n<td>Dur<\/td>\n<\/tr>\n<tr>\n<td><strong>Type de fermeture<\/strong><\/td>\n<td>Fermeture \u00e0 glissi\u00e8re<\/td>\n<\/tr>\n<tr>\n<td><strong>Type de poign\u00e9e<\/strong><\/td>\n<td>Fermeture \u00e0 glissi\u00e8re<\/td>\n<\/tr>\n<tr>\n<td><strong>Nombre de compartiments<\/strong><\/td>\n<td>1<\/td>\n<\/tr>\n<tr>\n<td><strong>Description de la poche<\/strong><\/td>\n<td>Pochette \u00e0 boucle<\/td>\n<\/tr>\n<tr>\n<td><strong>Fabricant<\/strong><\/td>\n<td>Tiswell<\/td>\n<\/tr>\n<tr>\n<td><strong>ASIN<\/strong><\/td>\n<td>B0D7MSXLC8<\/td>\n<\/tr>\n<tr>\n<td><strong>Classement des meilleures ventes<\/strong><\/td>\n<td>#9,158 dans Jeux vid\u00e9o<\/td>\n<\/tr>\n<tr>\n<td><\/td>\n<td>#23 dans Etuis Xbox Series X<\/td>\n<\/tr>\n<tr>\n<td><strong>Dimensions de l'emballage<\/strong><\/td>\n<td>7,4 x 5,51 x 2,68 pouces<\/td>\n<\/tr>\n<tr>\n<td><strong>Poids de l'article<\/strong><\/td>\n<td>6,4 onces<\/td>\n<\/tr>\n<tr>\n<td><strong>Num\u00e9ro de mod\u00e8le de l'article<\/strong><\/td>\n<td>XBox One Hard Case<\/td>\n<\/tr>\n<tr>\n<td><strong>D\u00e9partement<\/strong><\/td>\n<td>Unisexe<\/td>\n<\/tr>\n<tr>\n<td><strong>Pays d'origine<\/strong><\/td>\n<td>Chine<\/td>\n<\/tr>\n<tr>\n<td><strong>Date de mise \u00e0 disposition<\/strong><\/td>\n<td>20 juin 2024<\/td>\n<\/tr>\n<tr>\n<td><strong>Garantie et assistance<\/strong><\/td>\n<td>Cliquez pour obtenir des informations sur la garantie<\/td>\n<\/tr>\n<\/tbody>\n<\/table>\n<p data-start=\"657\" data-end=\"728\" data-is-last-node=\"\">","protected":false},"excerpt":{"rendered":"<p data-start=\"0\" data-end=\"100\"><strong data-start=\"0\" data-end=\"100\">Tiswell Hard Controller Case for Xbox One\/Series X\/S\/Elite 2 - EVA Protective Travel Storage Bag<\/strong><\/p>\n<ul data-start=\"102\" data-end=\"625\">\n<li data-start=\"102\" data-end=\"236\"><strong data-start=\"104\" data-end=\"132\">Ajustement et protection parfaits<\/strong> - Compatible avec les manettes Xbox One, Series X\/S et Elite Series 2 Core (versions officielles uniquement).<\/li>\n<li data-start=\"237\" data-end=\"360\"><strong data-start=\"239\" data-end=\"263\">Mat\u00e9riau EVA durable<\/strong> - R\u00e9sistant aux chocs, \u00e0 la poussi\u00e8re et \u00e0 l'eau, il assure une protection contre les chutes, les chocs et les rayures.<\/li>\n<li data-start=\"361\" data-end=\"451\"><strong data-start=\"363\" data-end=\"381\">Coussin int\u00e9rieur souple<\/strong> - La bulle anti-chocs maintient fermement la manette en place.<\/li>\n<li data-start=\"452\" data-end=\"535\"><strong data-start=\"454\" data-end=\"476\">Fermeture \u00e0 glissi\u00e8re YKK de premi\u00e8re qualit\u00e9<\/strong> - Lisse, robuste et con\u00e7u pour une longue dur\u00e9e de vie.<\/li>\n<li data-start=\"536\" data-end=\"625\"><strong data-start=\"538\" data-end=\"564\">Portable et l\u00e9ger<\/strong> - Ne p\u00e8se que 150 g, facile \u00e0 transporter dans votre sac \u00e0 dos ou votre sacoche.<\/li>\n<\/ul>\n<p data-start=\"627\" data-end=\"695\" data-is-last-node=\"\"><strong data-start=\"627\" data-end=\"659\">Tiswell Hard Controller Case<\/strong> - Voyagez avec confiance et style !<\/p>","protected":false},"featured_media":1928,"comment_status":"open","ping_status":"closed","template":"","meta":[],"product_brand":[],"product_cat":[61,55],"product_tag":[],"class_list":{"0":"post-1923","1":"product","2":"type-product","3":"status-publish","4":"has-post-thumbnail","6":"product_cat-controller-cases","7":"product_cat-gaming-cases-protection","9":"first","10":"instock","11":"shipping-taxable","12":"product-type-simple"},"_links":{"self":[{"href":"https:\/\/vavcase.com\/fr\/wp-json\/wp\/v2\/product\/1923","targetHints":{"allow":["GET"]}}],"collection":[{"href":"https:\/\/vavcase.com\/fr\/wp-json\/wp\/v2\/product"}],"about":[{"href":"https:\/\/vavcase.com\/fr\/wp-json\/wp\/v2\/types\/product"}],"replies":[{"embeddable":true,"href":"https:\/\/vavcase.com\/fr\/wp-json\/wp\/v2\/comments?post=1923"}],"wp:featuredmedia":[{"embeddable":true,"href":"https:\/\/vavcase.com\/fr\/wp-json\/wp\/v2\/media\/1928"}],"wp:attachment":[{"href":"https:\/\/vavcase.com\/fr\/wp-json\/wp\/v2\/media?parent=1923"}],"wp:term":[{"taxonomy":"product_brand","embeddable":true,"href":"https:\/\/vavcase.com\/fr\/wp-json\/wp\/v2\/product_brand?post=1923"},{"taxonomy":"product_cat","embeddable":true,"href":"https:\/\/vavcase.com\/fr\/wp-json\/wp\/v2\/product_cat?post=1923"},{"taxonomy":"product_tag","embeddable":true,"href":"https:\/\/vavcase.com\/fr\/wp-json\/wp\/v2\/product_tag?post=1923"}],"curies":[{"name":"wp","href":"https:\/\/api.w.org\/{rel}","templated":true}]}}