{"id":1939,"date":"2025-02-14T10:49:16","date_gmt":"2025-02-14T10:49:16","guid":{"rendered":"https:\/\/vavcase.com\/?post_type=product&#038;p=1939"},"modified":"2025-02-17T10:06:27","modified_gmt":"2025-02-17T10:06:27","slug":"smatree-15-6-anti-shock-laptop-sleeve-waterproof-protective-slim-case-for-msi-gaming-laptops","status":"publish","type":"product","link":"https:\/\/vavcase.com\/fr\/produit\/smatree-15-6-anti-shock-laptop-sleeve-waterproof-protective-slim-case-for-msi-gaming-laptops\/","title":{"rendered":"Smatree 15.6\u2033 Anti-Shock Laptop Sleeve - Etui \u00e9tanche et protecteur pour ordinateurs portables MSI Gaming"},"content":{"rendered":"<ul data-start=\"0\" data-end=\"565\">\n<li data-start=\"0\" data-end=\"111\"><strong data-start=\"2\" data-end=\"46\">Protection contre les chocs \"Super Corner\" brevet\u00e9e<\/strong> - La conception avanc\u00e9e absorbe les chocs tout en conservant un profil fin.<\/li>\n<li data-start=\"112\" data-end=\"221\"><strong data-start=\"114\" data-end=\"129\">Un ajustement parfait<\/strong> - Con\u00e7u pour MSI Sword 15, Katana GF66\/Katana 15, Crosshair 15, et Pulse GL66 (15.6\u2033).<\/li>\n<li data-start=\"222\" data-end=\"316\"><strong data-start=\"224\" data-end=\"253\">R\u00e9sistant \u00e0 l'eau et durable<\/strong> - Le polyester 300D prot\u00e8ge contre les \u00e9claboussures l\u00e9g\u00e8res.<\/li>\n<li data-start=\"317\" data-end=\"411\"><strong data-start=\"319\" data-end=\"339\">Multi-fonctionnel<\/strong> - Comprend un sac d'accessoires d\u00e9tachable pour les c\u00e2bles, les chargeurs et autres.<\/li>\n<li data-start=\"412\" data-end=\"487\"><strong data-start=\"414\" data-end=\"430\">Pr\u00eat \u00e0 voyager<\/strong> - Il est dot\u00e9 d'une sangle de bagage pour une portabilit\u00e9 sans effort.<\/li>\n<li data-start=\"488\" data-end=\"565\"><strong data-start=\"490\" data-end=\"513\">Dimensions internes<\/strong> - 38,5 \u00d7 27 \u00d7 2 cm (15,16 \u00d7 10,63 \u00d7 0,79 pouces).<\/li>\n<\/ul>\n<p data-start=\"567\" data-end=\"638\" data-is-last-node=\"\"><strong data-start=\"567\" data-end=\"638\" data-is-last-node=\"\">\u00c9l\u00e9gant, solide et con\u00e7u pour les voyages - prot\u00e9gez votre ordinateur portable MSI !<\/strong><\/p>\n<table>\n<thead>\n<tr>\n<th><strong>Attribut<\/strong><\/th>\n<th><strong>D\u00e9tails<\/strong><\/th>\n<\/tr>\n<\/thead>\n<tbody>\n<tr>\n<td><strong>Dimensions de l'emballage<\/strong><\/td>\n<td>16.89 x 12.05 x 1.42 pouces<\/td>\n<\/tr>\n<tr>\n<td><strong>Poids de l'article<\/strong><\/td>\n<td>1.72 livres<\/td>\n<\/tr>\n<tr>\n<td><strong>ASIN<\/strong><\/td>\n<td>B0DHZMPC48<\/td>\n<\/tr>\n<tr>\n<td><strong>Classement des meilleures ventes<\/strong><\/td>\n<td>#20,308 dans Housses pour ordinateurs portables<\/td>\n<\/tr>\n<tr>\n<td><strong>Caract\u00e9ristiques sp\u00e9ciales<\/strong><\/td>\n<td>Protection professionnelle contre les chocs (technologie Super Corner)<\/td>\n<\/tr>\n<tr>\n<td><strong>Facteur de forme<\/strong><\/td>\n<td>Cas<\/td>\n<\/tr>\n<tr>\n<td><strong>Couleur<\/strong><\/td>\n<td>Noir d'\u00e9lite<\/td>\n<\/tr>\n<tr>\n<td><strong>Fabricant<\/strong><\/td>\n<td>Smatree<\/td>\n<\/tr>\n<tr>\n<td><strong>Pays d'origine<\/strong><\/td>\n<td>Chine<\/td>\n<\/tr>\n<tr>\n<td><strong>Date de mise \u00e0 disposition<\/strong><\/td>\n<td>26 septembre 2024<\/td>\n<\/tr>\n<\/tbody>\n<\/table>","protected":false},"excerpt":{"rendered":"<ul>\n<li data-start=\"0\" data-end=\"111\"><strong data-start=\"2\" data-end=\"46\">Protection contre les chocs \"Super Corner\" brevet\u00e9e<\/strong> - Prot\u00e8ge contre les chocs et les chutes tout en conservant un profil fin.<\/li>\n<li data-start=\"112\" data-end=\"228\"><strong data-start=\"114\" data-end=\"129\">Un ajustement parfait<\/strong> - Sp\u00e9cifiquement con\u00e7u pour MSI Sword 15, Katana GF66\/Katana 15, Crosshair 15, Pulse GL66 (15.6\u2033).<\/li>\n<li data-start=\"229\" data-end=\"341\"><strong data-start=\"231\" data-end=\"260\">R\u00e9sistant \u00e0 l'eau et durable<\/strong> - Fabriqu\u00e9 en polyester 300D, il offre une protection contre les d\u00e9versements et les \u00e9claboussures l\u00e9g\u00e8res.<\/li>\n<li data-start=\"342\" data-end=\"443\"><strong data-start=\"344\" data-end=\"371\">Conception multifonctionnelle<\/strong> - Fourni avec un sac d'accessoires d\u00e9tachable pour les c\u00e2bles, les chargeurs et autres.<\/li>\n<li data-start=\"444\" data-end=\"514\"><strong data-start=\"446\" data-end=\"462\">Pr\u00eat \u00e0 voyager<\/strong> - Il est dot\u00e9 d'une sangle de bagage pour un transport sans effort.<\/li>\n<li data-start=\"515\" data-end=\"590\"><strong data-start=\"517\" data-end=\"540\">Dimensions internes<\/strong> - 38,5 \u00d7 27 \u00d7 2 cm (15,16 \u00d7 10,63 \u00d7 0,79 pouces).<\/li>\n<\/ul>","protected":false},"featured_media":1942,"comment_status":"open","ping_status":"closed","template":"","meta":[],"product_brand":[],"product_cat":[55,62],"product_tag":[],"class_list":{"0":"post-1939","1":"product","2":"type-product","3":"status-publish","4":"has-post-thumbnail","6":"product_cat-gaming-cases-protection","7":"product_cat-gaming-laptop-sleeves","9":"first","10":"instock","11":"shipping-taxable","12":"purchasable","13":"product-type-simple"},"_links":{"self":[{"href":"https:\/\/vavcase.com\/fr\/wp-json\/wp\/v2\/product\/1939","targetHints":{"allow":["GET"]}}],"collection":[{"href":"https:\/\/vavcase.com\/fr\/wp-json\/wp\/v2\/product"}],"about":[{"href":"https:\/\/vavcase.com\/fr\/wp-json\/wp\/v2\/types\/product"}],"replies":[{"embeddable":true,"href":"https:\/\/vavcase.com\/fr\/wp-json\/wp\/v2\/comments?post=1939"}],"wp:featuredmedia":[{"embeddable":true,"href":"https:\/\/vavcase.com\/fr\/wp-json\/wp\/v2\/media\/1942"}],"wp:attachment":[{"href":"https:\/\/vavcase.com\/fr\/wp-json\/wp\/v2\/media?parent=1939"}],"wp:term":[{"taxonomy":"product_brand","embeddable":true,"href":"https:\/\/vavcase.com\/fr\/wp-json\/wp\/v2\/product_brand?post=1939"},{"taxonomy":"product_cat","embeddable":true,"href":"https:\/\/vavcase.com\/fr\/wp-json\/wp\/v2\/product_cat?post=1939"},{"taxonomy":"product_tag","embeddable":true,"href":"https:\/\/vavcase.com\/fr\/wp-json\/wp\/v2\/product_tag?post=1939"}],"curies":[{"name":"wp","href":"https:\/\/api.w.org\/{rel}","templated":true}]}}