{"id":1968,"date":"2025-02-14T12:01:38","date_gmt":"2025-02-14T12:01:38","guid":{"rendered":"https:\/\/vavcase.com\/?post_type=product&#038;p=1968"},"modified":"2025-02-17T10:03:18","modified_gmt":"2025-02-17T10:03:18","slug":"canvaslife-rainbow-peacock-pattern-13-inch-laptop-sleeve","status":"publish","type":"product","link":"https:\/\/vavcase.com\/fr\/produit\/canvaslife-rainbow-peacock-pattern-13-inch-laptop-sleeve\/","title":{"rendered":"Canvaslife Rainbow Peacock Pattern 13-Inch Laptop Sleeve (housse pour ordinateur portable de 13 pouces)"},"content":{"rendered":"<ul>\n<li data-start=\"0\" data-end=\"88\"><strong data-start=\"2\" data-end=\"29\">Mat\u00e9riau en toile durable<\/strong> - Doux mais protecteur, il garantit une durabilit\u00e9 \u00e0 long terme.<\/li>\n<li data-start=\"89\" data-end=\"191\"><strong data-start=\"91\" data-end=\"116\">Poche frontale spacieuse<\/strong> - Permet de ranger facilement stylos, t\u00e9l\u00e9phone, lunettes, souris, cordon d'alimentation et accessoires.<\/li>\n<li data-start=\"192\" data-end=\"287\"><strong data-start=\"194\" data-end=\"221\">Fermeture souple et s\u00fbre<\/strong> - Fermeture \u00e0 glissi\u00e8re en forme de U pour un acc\u00e8s facile et une grande fiabilit\u00e9.<\/li>\n<li data-start=\"288\" data-end=\"405\"><strong data-start=\"290\" data-end=\"327\">Parfaitement adapt\u00e9 aux ordinateurs portables de 13,3 pouces<\/strong> - Compatible avec <strong data-start=\"346\" data-end=\"392\">MacBook Air\/Pro 13, HP, Dell, Lenovo, ASUS<\/strong>et bien d'autres choses encore.<\/li>\n<li data-start=\"406\" data-end=\"505\"><strong data-start=\"408\" data-end=\"441\">L\u00e9ger et facile \u00e0 transporter<\/strong> - P\u00e8se juste <strong data-start=\"456\" data-end=\"470\">6,7 onces<\/strong>, perfect for carrying on the go.<\/li>\n<\/ul>\n<table>\n<thead>\n<tr>\n<th><strong>Attribut<\/strong><\/th>\n<th><strong>D\u00e9tails<\/strong><\/th>\n<\/tr>\n<\/thead>\n<tbody>\n<tr>\n<td><strong>Marque<\/strong><\/td>\n<td>vie en toile<\/td>\n<\/tr>\n<tr>\n<td><strong>Poids de l'article<\/strong><\/td>\n<td>6,7 onces<\/td>\n<\/tr>\n<tr>\n<td><strong>Dimensions du produit<\/strong><\/td>\n<td>13 x 1 x 10 pouces<\/td>\n<\/tr>\n<tr>\n<td><strong>Num\u00e9ro de mod\u00e8le de l'article<\/strong><\/td>\n<td>VC-a4-41455<\/td>\n<\/tr>\n<tr>\n<td><strong>Couleur<\/strong><\/td>\n<td>Arc-en-ciel<\/td>\n<\/tr>\n<tr>\n<td><strong>Fermeture<\/strong><\/td>\n<td>Fermeture \u00e0 glissi\u00e8re<\/td>\n<\/tr>\n<tr>\n<td><strong>Type de mat\u00e9riau<\/strong><\/td>\n<td>Toile<\/td>\n<\/tr>\n<tr>\n<td><strong>Taille<\/strong><\/td>\n<td>13 pouces \/ 13,3 pouces<\/td>\n<\/tr>\n<\/tbody>\n<\/table>","protected":false},"excerpt":{"rendered":"<div class=\"flex max-w-full flex-col flex-grow\">\n<div class=\"min-h-8 text-message flex w-full flex-col items-end gap-2 whitespace-normal break-words text-start [.text-message+&amp;]:mt-5\" dir=\"auto\" data-message-author-role=\"assistant\" data-message-id=\"b69a5813-74ec-4231-80a4-3e3acef3bb26\" data-message-model-slug=\"gpt-4o\">\n<div class=\"flex w-full flex-col gap-1 empty:hidden first:pt-[3px]\">\n<div class=\"markdown prose w-full break-words dark:prose-invert dark\">\n<ul data-start=\"0\" data-end=\"452\">\n<li data-start=\"0\" data-end=\"113\"><strong data-start=\"2\" data-end=\"31\">Conception intelligente de la poche avant<\/strong> - Rangez facilement les objets essentiels comme un stylo, un t\u00e9l\u00e9phone, des lunettes, une souris et un cordon d'alimentation.<\/li>\n<li data-start=\"114\" data-end=\"205\"><strong data-start=\"116\" data-end=\"143\">Toile de premi\u00e8re qualit\u00e9<\/strong> - Durable et \u00e9l\u00e9gant, il offre une protection fiable \u00e0 l'ordinateur portable.<\/li>\n<li data-start=\"206\" data-end=\"288\"><strong data-start=\"208\" data-end=\"234\">Fermeture \u00e0 glissi\u00e8re lisse en forme de U<\/strong> - Tirette de fermeture \u00e0 glissi\u00e8re de haute qualit\u00e9 pour un acc\u00e8s sans effort.<\/li>\n<li data-start=\"289\" data-end=\"452\"><strong data-start=\"291\" data-end=\"306\">Un ajustement parfait<\/strong> - 350 mm (L) x 235 mm (l) x 20 mm (H), id\u00e9al pour la plupart des ordinateurs portables de 13,3 pouces, y compris le MacBook Air 13 et le MacBook Pro 13 (m\u00eame avec un \u00e9tui rigide).<\/li>\n<\/ul>\n<\/div>\n<\/div>\n<\/div>\n<\/div>","protected":false},"featured_media":1978,"comment_status":"open","ping_status":"closed","template":"","meta":[],"product_brand":[],"product_cat":[55,62],"product_tag":[],"class_list":{"0":"post-1968","1":"product","2":"type-product","3":"status-publish","4":"has-post-thumbnail","6":"product_cat-gaming-cases-protection","7":"product_cat-gaming-laptop-sleeves","9":"first","10":"instock","11":"shipping-taxable","12":"purchasable","13":"product-type-simple"},"_links":{"self":[{"href":"https:\/\/vavcase.com\/fr\/wp-json\/wp\/v2\/product\/1968","targetHints":{"allow":["GET"]}}],"collection":[{"href":"https:\/\/vavcase.com\/fr\/wp-json\/wp\/v2\/product"}],"about":[{"href":"https:\/\/vavcase.com\/fr\/wp-json\/wp\/v2\/types\/product"}],"replies":[{"embeddable":true,"href":"https:\/\/vavcase.com\/fr\/wp-json\/wp\/v2\/comments?post=1968"}],"wp:featuredmedia":[{"embeddable":true,"href":"https:\/\/vavcase.com\/fr\/wp-json\/wp\/v2\/media\/1978"}],"wp:attachment":[{"href":"https:\/\/vavcase.com\/fr\/wp-json\/wp\/v2\/media?parent=1968"}],"wp:term":[{"taxonomy":"product_brand","embeddable":true,"href":"https:\/\/vavcase.com\/fr\/wp-json\/wp\/v2\/product_brand?post=1968"},{"taxonomy":"product_cat","embeddable":true,"href":"https:\/\/vavcase.com\/fr\/wp-json\/wp\/v2\/product_cat?post=1968"},{"taxonomy":"product_tag","embeddable":true,"href":"https:\/\/vavcase.com\/fr\/wp-json\/wp\/v2\/product_tag?post=1968"}],"curies":[{"name":"wp","href":"https:\/\/api.w.org\/{rel}","templated":true}]}}