{"id":1995,"date":"2025-02-14T12:11:18","date_gmt":"2025-02-14T12:11:18","guid":{"rendered":"https:\/\/vavcase.com\/?post_type=product&#038;p=1995"},"modified":"2025-08-03T04:14:15","modified_gmt":"2025-08-03T04:14:15","slug":"amary-11-6-12-laptop-sleeve-with-handle-neoprene-notebook-carrying-case-for-macbook-hp-dell-lenovo-asus-moon-design","status":"publish","type":"product","link":"https:\/\/vavcase.com\/fr\/produit\/amary-11-6-12-laptop-sleeve-with-handle-neoprene-notebook-carrying-case-for-macbook-hp-dell-lenovo-asus-moon-design\/","title":{"rendered":"AMARY 11.6\u2033-12\u2033 Laptop Sleeve with Handle - Neoprene Notebook Carrying Case for MacBook, HP, Dell, Lenovo, Asus (Moon Design)"},"content":{"rendered":"<ul data-start=\"64\" data-end=\"670\" data-is-last-node=\"\">\n<li data-start=\"64\" data-end=\"170\"><strong data-start=\"66\" data-end=\"95\">Absorption des chocs sup\u00e9rieure<\/strong> - 4,5 mm d'\u00e9paisseur <strong data-start=\"110\" data-end=\"130\">rembourrage en n\u00e9opr\u00e8ne<\/strong> prot\u00e8ge contre les chocs et les rayures.<\/li>\n<li data-start=\"171\" data-end=\"301\"><strong data-start=\"173\" data-end=\"188\">Un ajustement parfait<\/strong> - Dimensionn\u00e9 \u00e0 <strong data-start=\"200\" data-end=\"221\">32cm x 24cm x 2cm<\/strong>id\u00e9al pour <strong data-start=\"233\" data-end=\"288\">11.6\u2033 Acer Chromebooks, Dell Inspiron 11.6\u2033 laptops<\/strong>et bien d'autres choses encore.<\/li>\n<li data-start=\"302\" data-end=\"409\"><strong data-start=\"304\" data-end=\"334\">Durable et lavable en machine<\/strong> - <strong data-start=\"337\" data-end=\"354\">Facile \u00e0 nettoyer<\/strong>Le tissu est tr\u00e8s r\u00e9sistant, il s\u00e8che rapidement et r\u00e9siste \u00e0 la d\u00e9coloration pour une utilisation \u00e0 long terme.<\/li>\n<li data-start=\"410\" data-end=\"529\"><strong data-start=\"412\" data-end=\"451\">Impression double face et fermetures \u00e0 glissi\u00e8re lisses<\/strong> - Design \u00e9l\u00e9gant sur <strong data-start=\"472\" data-end=\"486\">les deux c\u00f4t\u00e9s<\/strong> avec un <strong data-start=\"494\" data-end=\"526\">fermeture s\u00e9curis\u00e9e \u00e0 double zip<\/strong>.<\/li>\n<li data-start=\"530\" data-end=\"670\" data-is-last-node=\"\"><strong data-start=\"532\" data-end=\"556\">Trendy &amp; Gift-Worthy<\/strong> - Disponible en <strong data-start=\"572\" data-end=\"594\">de beaux motifs<\/strong>, ce qui en fait un <strong data-start=\"608\" data-end=\"624\">cadeau id\u00e9al<\/strong> pour les \u00e9tudiants, les professionnels et les passionn\u00e9s de technologie.<\/li>\n<li data-start=\"530\" data-end=\"670\" data-is-last-node=\"\"><strong data-start=\"0\" data-end=\"60\">\u00c9tui en n\u00e9opr\u00e8ne ultra-doux pour ordinateur portable - \u00c9l\u00e9gant et protecteur<\/strong><\/li>\n<\/ul>\n<table>\n<thead>\n<tr>\n<th><strong>Attribut<\/strong><\/th>\n<th><strong>D\u00e9tails<\/strong><\/th>\n<\/tr>\n<\/thead>\n<tbody>\n<tr>\n<td><strong>Dimensions du produit<\/strong><\/td>\n<td>12,6 x 9,45 x 0,7 pouces<\/td>\n<\/tr>\n<tr>\n<td><strong>Poids de l'article<\/strong><\/td>\n<td>4,2 onces<\/td>\n<\/tr>\n<tr>\n<td><strong>ASIN<\/strong><\/td>\n<td>B09WCQL59V<\/td>\n<\/tr>\n<tr>\n<td><strong>Num\u00e9ro de mod\u00e8le de l'article<\/strong><\/td>\n<td>AM-12<\/td>\n<\/tr>\n<tr>\n<td><strong>Classement des meilleures ventes<\/strong><\/td>\n<td>#7,467 dans Housses pour ordinateurs portables<\/td>\n<\/tr>\n<tr>\n<td><strong>Date de mise \u00e0 disposition<\/strong><\/td>\n<td>10 ao\u00fbt 2019<\/td>\n<\/tr>\n<tr>\n<td><strong>D\u00e9partement<\/strong><\/td>\n<td>Unisexe<\/td>\n<\/tr>\n<tr>\n<td><strong>Fabricant<\/strong><\/td>\n<td>AMARY<\/td>\n<\/tr>\n<tr>\n<td><strong>Pays d'origine<\/strong><\/td>\n<td>Chine<\/td>\n<\/tr>\n<\/tbody>\n<\/table>","protected":false},"excerpt":{"rendered":"<ul>\n<li data-start=\"68\" data-end=\"180\"><strong data-start=\"70\" data-end=\"90\">Mat\u00e9riau de qualit\u00e9 sup\u00e9rieure<\/strong> - Fabriqu\u00e9 \u00e0 partir de <strong data-start=\"103\" data-end=\"132\">N\u00e9opr\u00e8ne antichoc de 4,5 mm<\/strong>Le syst\u00e8me de protection de la peau est un syst\u00e8me de protection de la peau, qui assure un confort et une protection en toute l\u00e9g\u00e8ret\u00e9.<\/li>\n<li data-start=\"181\" data-end=\"308\"><strong data-start=\"183\" data-end=\"198\">Un ajustement parfait<\/strong> - <strong data-start=\"201\" data-end=\"222\">32cm x 24cm x 2cm<\/strong>compatible avec <strong data-start=\"240\" data-end=\"295\">11.6\" Acer Chromebooks, Dell Inspiron 11.6\u2033 laptops<\/strong>et bien d'autres choses encore.<\/li>\n<li data-start=\"309\" data-end=\"416\"><strong data-start=\"311\" data-end=\"328\">Facile \u00e0 nettoyer<\/strong> - <strong data-start=\"331\" data-end=\"385\">Lavable en machine, s\u00e9chage rapide et r\u00e9sistant \u00e0 la d\u00e9coloration<\/strong> pour une durabilit\u00e9 \u00e0 long terme.<\/li>\n<li data-start=\"417\" data-end=\"531\"><strong data-start=\"419\" data-end=\"453\">Double fermeture \u00e9clair et design \u00e9l\u00e9gant<\/strong> - S\u00e9curis\u00e9 <strong data-start=\"463\" data-end=\"488\">fermeture \u00e0 double glissi\u00e8re<\/strong> avec un <strong data-start=\"496\" data-end=\"528\">impression assortie sur les deux faces<\/strong>.<\/li>\n<li data-start=\"532\" data-end=\"649\" data-is-last-node=\"\"><strong data-start=\"534\" data-end=\"553\">Excellente id\u00e9e de cadeau<\/strong> - Disponible en <strong data-start=\"569\" data-end=\"588\">motifs \u00e0 la mode<\/strong>, ce qui en fait un <strong data-start=\"602\" data-end=\"648\">Cadeau id\u00e9al pour No\u00ebl ou une occasion sp\u00e9ciale<\/strong>.<\/li>\n<\/ul>","protected":false},"featured_media":1999,"comment_status":"open","ping_status":"closed","template":"","meta":[],"product_brand":[],"product_cat":[55,62],"product_tag":[],"class_list":{"0":"post-1995","1":"product","2":"type-product","3":"status-publish","4":"has-post-thumbnail","6":"product_cat-gaming-cases-protection","7":"product_cat-gaming-laptop-sleeves","9":"first","10":"instock","11":"shipping-taxable","12":"purchasable","13":"product-type-simple"},"_links":{"self":[{"href":"https:\/\/vavcase.com\/fr\/wp-json\/wp\/v2\/product\/1995","targetHints":{"allow":["GET"]}}],"collection":[{"href":"https:\/\/vavcase.com\/fr\/wp-json\/wp\/v2\/product"}],"about":[{"href":"https:\/\/vavcase.com\/fr\/wp-json\/wp\/v2\/types\/product"}],"replies":[{"embeddable":true,"href":"https:\/\/vavcase.com\/fr\/wp-json\/wp\/v2\/comments?post=1995"}],"wp:featuredmedia":[{"embeddable":true,"href":"https:\/\/vavcase.com\/fr\/wp-json\/wp\/v2\/media\/1999"}],"wp:attachment":[{"href":"https:\/\/vavcase.com\/fr\/wp-json\/wp\/v2\/media?parent=1995"}],"wp:term":[{"taxonomy":"product_brand","embeddable":true,"href":"https:\/\/vavcase.com\/fr\/wp-json\/wp\/v2\/product_brand?post=1995"},{"taxonomy":"product_cat","embeddable":true,"href":"https:\/\/vavcase.com\/fr\/wp-json\/wp\/v2\/product_cat?post=1995"},{"taxonomy":"product_tag","embeddable":true,"href":"https:\/\/vavcase.com\/fr\/wp-json\/wp\/v2\/product_tag?post=1995"}],"curies":[{"name":"wp","href":"https:\/\/api.w.org\/{rel}","templated":true}]}}