{"id":2007,"date":"2025-02-14T12:25:18","date_gmt":"2025-02-14T12:25:18","guid":{"rendered":"https:\/\/vavcase.com\/?post_type=product&#038;p=2007"},"modified":"2025-02-17T09:57:12","modified_gmt":"2025-02-17T09:57:12","slug":"lapac-abstract-design-laptop-sleeve-bag-13-14-inch-neoprene-light-weight-computer-skin-bag-notebook-carrying-case-cover-bags-for-13-13-3-inch","status":"publish","type":"product","link":"https:\/\/vavcase.com\/fr\/produit\/lapac-abstract-design-laptop-sleeve-bag-13-14-inch-neoprene-light-weight-computer-skin-bag-notebook-carrying-case-cover-bags-for-13-13-3-inch\/","title":{"rendered":"Lapac Abstract Design Laptop Sleeve Bag 13-14 Inch, Neoprene Light Weight Computer Skin Bag, Notebook Carrying Case Cover Bags for 13\/13.3 Inch"},"content":{"rendered":"<p data-start=\"0\" data-end=\"81\"><strong data-start=\"0\" data-end=\"79\">\u00c9tui mince et \u00e9l\u00e9gant pour ordinateur portable 13-14 pouces - Protection tendance pour votre appareil<\/strong><\/p>\n<ul data-start=\"83\" data-end=\"939\" data-is-last-node=\"\">\n<li data-start=\"83\" data-end=\"235\"><strong data-start=\"85\" data-end=\"115\">Dimensions et compatibilit\u00e9<\/strong> - Mesures <strong data-start=\"127\" data-end=\"153\">14 x 0.7 x 9.64 pouces<\/strong>, s'adaptant \u00e0 la plupart des <strong data-start=\"168\" data-end=\"190\">Ordinateurs portables 13-14 pouces<\/strong>. V\u00e9rifiez la taille de votre appareil avant de l'acheter.<\/li>\n<li data-start=\"236\" data-end=\"438\"><strong data-start=\"238\" data-end=\"265\">Design \u00e9l\u00e9gant et tendance<\/strong> - Caract\u00e9ristiques <strong data-start=\"279\" data-end=\"315\">Motif abstrait inspir\u00e9 de la nature<\/strong>L'\u00e9tui est id\u00e9al pour les \u00e9tudiants, les professionnels et les voyageurs. Un cadeau id\u00e9al pour les femmes et les jeunes filles qui aiment les accessoires techniques \u00e9l\u00e9gants.<\/li>\n<li data-start=\"439\" data-end=\"569\"><strong data-start=\"441\" data-end=\"463\">Protection Premium<\/strong> - Fabriqu\u00e9 avec <strong data-start=\"476\" data-end=\"504\">mat\u00e9riau absorbant les chocs<\/strong> pour prot\u00e9ger votre ordinateur portable contre <strong data-start=\"535\" data-end=\"566\">les chocs, les chutes et les rayures<\/strong>.<\/li>\n<li data-start=\"570\" data-end=\"721\"><strong data-start=\"572\" data-end=\"594\">Mince et l\u00e9ger<\/strong> - Con\u00e7u pour <strong data-start=\"610\" data-end=\"630\">portabilit\u00e9 ais\u00e9e<\/strong> sans ajouter d'encombrement, ce qui le rend id\u00e9al pour les sacs \u00e0 dos, les porte-documents ou les sacs \u00e0 main.<\/li>\n<li data-start=\"722\" data-end=\"829\"><strong data-start=\"724\" data-end=\"749\">Double fermeture \u00e9clair lisse<\/strong> - Veille <strong data-start=\"760\" data-end=\"778\">fermeture s\u00e9curis\u00e9e<\/strong> et un acc\u00e8s rapide \u00e0 votre ordinateur portable lorsque vous en avez besoin.<\/li>\n<li data-start=\"830\" data-end=\"939\" data-is-last-node=\"\"><strong data-start=\"832\" data-end=\"855\">Parfait pour les cadeaux<\/strong> - A <strong data-start=\"860\" data-end=\"886\">\u00e9l\u00e9gant et fonctionnel<\/strong> un choix pour les \u00e9tudiants, les professionnels et les amateurs de technologie !<\/li>\n<\/ul>\n<table>\n<thead>\n<tr>\n<th><strong>Attribut<\/strong><\/th>\n<th><strong>D\u00e9tails<\/strong><\/th>\n<\/tr>\n<\/thead>\n<tbody>\n<tr>\n<td><strong>Dimensions du produit<\/strong><\/td>\n<td>14,22 x 8,89 x 8,64 cm<\/td>\n<\/tr>\n<tr>\n<td><strong>Poids de l'article<\/strong><\/td>\n<td>231 g<\/td>\n<\/tr>\n<tr>\n<td><strong>Caract\u00e9ristiques sp\u00e9ciales<\/strong><\/td>\n<td>Poids l\u00e9ger<\/td>\n<\/tr>\n<tr>\n<td><strong>Autres caract\u00e9ristiques de l'\u00e9cran<\/strong><\/td>\n<td>CE<\/td>\n<\/tr>\n<tr>\n<td><strong>Facteur de forme<\/strong><\/td>\n<td>Cas<\/td>\n<\/tr>\n<tr>\n<td><strong>Couleur<\/strong><\/td>\n<td>R\u00e9sum\u00e9<\/td>\n<\/tr>\n<tr>\n<td><strong>Fabricant<\/strong><\/td>\n<td>Lapac<\/td>\n<\/tr>\n<tr>\n<td><strong>Pays d'origine<\/strong><\/td>\n<td>\u00c9TATS-UNIS<\/td>\n<\/tr>\n<tr>\n<td><strong>ASIN<\/strong><\/td>\n<td>B09TZT9Q9V<\/td>\n<\/tr>\n<tr>\n<td><strong>Date de mise \u00e0 disposition<\/strong><\/td>\n<td>12 avril 2022<\/td>\n<\/tr>\n<tr>\n<td><strong>Dimensions de l'article LxLxH<\/strong><\/td>\n<td>14,2 x 8,9 x 8,6 centim\u00e8tres<\/td>\n<\/tr>\n<tr>\n<td><strong>Nom g\u00e9n\u00e9rique<\/strong><\/td>\n<td>Manchon<\/td>\n<\/tr>\n<\/tbody>\n<\/table>","protected":false},"excerpt":{"rendered":"<ul data-start=\"80\" data-end=\"514\">\n<li data-start=\"80\" data-end=\"170\"><strong data-start=\"82\" data-end=\"97\">Un ajustement parfait<\/strong> - Con\u00e7u pour <strong data-start=\"113\" data-end=\"135\">Ordinateurs portables 13-14 pouces<\/strong>La forme de l'assise de la jambe et la forme de l'assise de la jambe garantissent un ajustement parfait et s\u00fbr.<\/li>\n<li data-start=\"171\" data-end=\"278\"><strong data-start=\"173\" data-end=\"200\">Design abstrait \u00e9l\u00e9gant<\/strong> - Caract\u00e9ristiques <strong data-start=\"214\" data-end=\"248\">motif unique inspir\u00e9 de la nature<\/strong>Ce qui en fait un choix \u00e0 la mode.<\/li>\n<li data-start=\"279\" data-end=\"367\"><strong data-start=\"281\" data-end=\"301\">Absorption des chocs<\/strong> - Prot\u00e8ge votre ordinateur portable contre <strong data-start=\"330\" data-end=\"364\">les chocs et rayures accidentels<\/strong>.<\/li>\n<li data-start=\"368\" data-end=\"445\"><strong data-start=\"370\" data-end=\"392\">Mince et l\u00e9ger<\/strong> - Facile <strong data-start=\"402\" data-end=\"422\">se glisse dans les sacs<\/strong> sans ajouter d'encombrement.<\/li>\n<li data-start=\"446\" data-end=\"514\"><strong data-start=\"448\" data-end=\"473\">Double fermeture \u00e9clair lisse<\/strong> - Fournit <strong data-start=\"485\" data-end=\"511\">un acc\u00e8s facile et s\u00e9curis\u00e9<\/strong>.<\/li>\n<\/ul>\n<p data-start=\"516\" data-end=\"591\" data-is-last-node=\"\">Une pochette \u00e9l\u00e9gante et fonctionnelle pour les \u00e9tudiants, les professionnels et les voyageurs !<\/p>","protected":false},"featured_media":2010,"comment_status":"open","ping_status":"closed","template":"","meta":[],"product_brand":[],"product_cat":[55,62],"product_tag":[],"class_list":{"0":"post-2007","1":"product","2":"type-product","3":"status-publish","4":"has-post-thumbnail","6":"product_cat-gaming-cases-protection","7":"product_cat-gaming-laptop-sleeves","9":"first","10":"instock","11":"shipping-taxable","12":"purchasable","13":"product-type-simple"},"_links":{"self":[{"href":"https:\/\/vavcase.com\/fr\/wp-json\/wp\/v2\/product\/2007","targetHints":{"allow":["GET"]}}],"collection":[{"href":"https:\/\/vavcase.com\/fr\/wp-json\/wp\/v2\/product"}],"about":[{"href":"https:\/\/vavcase.com\/fr\/wp-json\/wp\/v2\/types\/product"}],"replies":[{"embeddable":true,"href":"https:\/\/vavcase.com\/fr\/wp-json\/wp\/v2\/comments?post=2007"}],"wp:featuredmedia":[{"embeddable":true,"href":"https:\/\/vavcase.com\/fr\/wp-json\/wp\/v2\/media\/2010"}],"wp:attachment":[{"href":"https:\/\/vavcase.com\/fr\/wp-json\/wp\/v2\/media?parent=2007"}],"wp:term":[{"taxonomy":"product_brand","embeddable":true,"href":"https:\/\/vavcase.com\/fr\/wp-json\/wp\/v2\/product_brand?post=2007"},{"taxonomy":"product_cat","embeddable":true,"href":"https:\/\/vavcase.com\/fr\/wp-json\/wp\/v2\/product_cat?post=2007"},{"taxonomy":"product_tag","embeddable":true,"href":"https:\/\/vavcase.com\/fr\/wp-json\/wp\/v2\/product_tag?post=2007"}],"curies":[{"name":"wp","href":"https:\/\/api.w.org\/{rel}","templated":true}]}}