{"id":2025,"date":"2025-02-14T12:40:41","date_gmt":"2025-02-14T12:40:41","guid":{"rendered":"https:\/\/vavcase.com\/?post_type=product&#038;p=2025"},"modified":"2025-02-17T10:19:51","modified_gmt":"2025-02-17T10:19:51","slug":"travel-carry-case-for-meta-quest-2-quest-3-quest-3s-protective-vr-bag-with-ample-storage-for-controllers-accessories-patent-design","status":"publish","type":"product","link":"https:\/\/vavcase.com\/fr\/produit\/sacoche-de-voyage-pour-meta-quest-2-quest-3-quest-3s-sacoche-de-protection-pour-vr-avec-grand-espace-de-rangement-pour-les-controleurs-accessoires-design-brevete\/","title":{"rendered":"Sacoche de voyage pour Meta Quest 2\/Quest 3\/Quest 3S - Sacoche VR protectrice avec beaucoup d'espace de rangement pour les manettes et les accessoires (design brevet\u00e9)"},"content":{"rendered":"<div class=\"flex-1 overflow-hidden @container\/thread translate-y-[2rem] -mt-[2rem] pb-[1.5rem]\">\n<div class=\"flex h-full flex-col overflow-y-auto\">\n<div class=\"flex flex-col text-sm md:pb-9\">\n<article class=\"w-full text-token-text-primary focus-visible:outline-2 focus-visible:outline-offset-[-4px]\" dir=\"auto\" data-testid=\"conversation-turn-67\" data-scroll-anchor=\"true\">\n<div class=\"m-auto text-base py-[18px] px-6\">\n<div class=\"mx-auto flex flex-1 text-base gap-4 md:gap-5 lg:gap-6 md:max-w-3xl lg:max-w-[40rem] xl:max-w-[48rem]\">\n<div class=\"group\/conversation-turn relative flex w-full min-w-0 flex-col agent-turn @xs\/thread:px-0 @sm\/thread:px-1.5 @md\/thread:px-4\">\n<div class=\"flex-col gap-1 md:gap-3\">\n<div class=\"flex max-w-full flex-col flex-grow\">\n<div class=\"min-h-8 text-message flex w-full flex-col items-end gap-2 whitespace-normal break-words text-start [.text-message+&amp;]:mt-5\" dir=\"auto\" data-message-author-role=\"assistant\" data-message-id=\"9f460597-e627-4157-bb97-5f183bf9256f\" data-message-model-slug=\"gpt-4o\">\n<div class=\"flex w-full flex-col gap-1 empty:hidden first:pt-[3px]\">\n<div class=\"markdown prose w-full break-words dark:prose-invert dark\">\n<ul>\n<li data-start=\"0\" data-end=\"226\"><strong data-start=\"2\" data-end=\"29\">Compatibilit\u00e9 et s\u00e9curit\u00e9<\/strong> - Sp\u00e9cialement con\u00e7u pour Meta Quest 2, Quest 3, Quest 3S, et Quest Pro. La sangle de fixation rembourr\u00e9e assure un ajustement parfait et emp\u00eache les d\u00e9placements. Ouverture compl\u00e8te avec double fermeture \u00e9clair pour un acc\u00e8s facile.<\/li>\n<li data-start=\"227\" data-end=\"396\"><strong data-start=\"229\" data-end=\"268\">Protection haut de gamme pour votre VR Gear<\/strong> - L'ext\u00e9rieur en nylon r\u00e9sistant et l'int\u00e9rieur rembourr\u00e9 offrent une protection compl\u00e8te contre les rayures, les chocs et les coups accidentels.<\/li>\n<li data-start=\"397\" data-end=\"725\"><strong data-start=\"399\" data-end=\"435\">Rangement spacieux pour les accessoires<\/strong> - Plusieurs compartiments pour garder votre installation VR organis\u00e9e :\n<ul data-start=\"497\" data-end=\"725\">\n<li data-start=\"497\" data-end=\"527\">Pochette sup\u00e9rieure pour les contr\u00f4leurs<\/li>\n<li data-start=\"530\" data-end=\"566\">Pochette int\u00e9rieure matelass\u00e9e pour tablette<\/li>\n<li data-start=\"569\" data-end=\"600\">Deux poches en filet pour les c\u00e2bles<\/li>\n<li data-start=\"603\" data-end=\"677\">Poches lat\u00e9rales en filet et poche frontale pour les banques d'alimentation, les portefeuilles et les bouteilles<\/li>\n<li data-start=\"680\" data-end=\"725\">Sangle MOLLE pour attacher des accessoires suppl\u00e9mentaires<\/li>\n<\/ul>\n<\/li>\n<li data-start=\"726\" data-end=\"913\"><strong data-start=\"728\" data-end=\"759\">Facile et confortable \u00e0 transporter<\/strong> - Les bretelles matelass\u00e9es r\u00e9glables et la ceinture respirante r\u00e9duisent les tensions pendant le voyage. Le port de charge lat\u00e9ral permet de recharger le sac sans avoir \u00e0 le d\u00e9zipper.<\/li>\n<li data-start=\"914\" data-end=\"1146\" data-is-last-node=\"\"><strong data-start=\"916\" data-end=\"944\">Le compagnon de voyage id\u00e9al<\/strong> - Poches bien con\u00e7ues pour organiser les accessoires. Panneau avant personnalisable avec des patchs pour un look unique. La solution de rangement ultime pour votre configuration de jeu VR, que ce soit \u00e0 la maison ou en d\u00e9placement.<\/li>\n<\/ul>\n<p data-start=\"1757\" data-end=\"2056\" data-is-last-node=\"\">\n<\/div>\n<\/div>\n<\/div>\n<\/div>\n<\/div>\n<\/div>\n<\/div>\n<\/div>\n<\/article>\n<\/div>\n<\/div>\n<\/div>\n<table id=\"productDetails_detailBullets_sections1\" class=\"a-keyvalue prodDetTable\" role=\"presentation\">\n<tbody>\n<tr>\n<th class=\"a-color-secondary a-size-base prodDetSectionEntry\">Dimensions de l'emballage<\/th>\n<td class=\"a-size-base prodDetAttrValue\">15.75 x 10.59 x 3.62 pouces<\/td>\n<\/tr>\n<tr>\n<th class=\"a-color-secondary a-size-base prodDetSectionEntry\">Poids de l'article<\/th>\n<td class=\"a-size-base prodDetAttrValue\">1.69 livres<\/td>\n<\/tr>\n<tr>\n<th class=\"a-color-secondary a-size-base prodDetSectionEntry\">D\u00e9partement<\/th>\n<td class=\"a-size-base prodDetAttrValue\">unisexe-adulte<\/td>\n<\/tr>\n<tr>\n<th class=\"a-color-secondary a-size-base prodDetSectionEntry\">Fabricant<\/th>\n<td class=\"a-size-base prodDetAttrValue\">PGmoon<\/td>\n<\/tr>\n<tr>\n<th class=\"a-color-secondary a-size-base prodDetSectionEntry\">ASIN<\/th>\n<td class=\"a-size-base prodDetAttrValue\">B0D5CDBDWT<\/td>\n<\/tr>\n<tr>\n<th class=\"a-color-secondary a-size-base prodDetSectionEntry\">Pays d'origine<\/th>\n<td class=\"a-size-base prodDetAttrValue\">Chine<\/td>\n<\/tr>\n<tr>\n<th class=\"a-color-secondary a-size-base prodDetSectionEntry\">Num\u00e9ro de mod\u00e8le de l'article<\/th>\n<td class=\"a-size-base prodDetAttrValue\">CAPG02501<\/td>\n<\/tr>\n<\/tbody>\n<\/table>","protected":false},"excerpt":{"rendered":"<ul>\n<li data-start=\"0\" data-end=\"135\"><strong data-start=\"2\" data-end=\"29\">Compatibilit\u00e9 universelle<\/strong> - Con\u00e7u pour Meta Quest 2, Quest 3, Quest 3S, et Quest Pro (non affili\u00e9 aux marques mentionn\u00e9es).<\/li>\n<li data-start=\"136\" data-end=\"256\"><strong data-start=\"138\" data-end=\"161\">Protection sup\u00e9rieure<\/strong> - Ext\u00e9rieur en nylon durable avec un rembourrage \u00e9pais pour prot\u00e9ger votre \u00e9quipement VR des chocs et des rayures.<\/li>\n<li data-start=\"257\" data-end=\"369\"><strong data-start=\"259\" data-end=\"276\">Stockage abondant<\/strong> - Comprend des compartiments d\u00e9di\u00e9s pour les contr\u00f4leurs, les c\u00e2bles, les tablettes, les banques d'alimentation et bien plus encore.<\/li>\n<li data-start=\"370\" data-end=\"462\"><strong data-start=\"372\" data-end=\"400\">Port de charge pratique<\/strong> - Rechargez facilement votre casque VR sans ouvrir l'\u00e9tui.<\/li>\n<li data-start=\"463\" data-end=\"579\" data-is-last-node=\"\"><strong data-start=\"465\" data-end=\"495\">Confortable et pr\u00eat \u00e0 voyager<\/strong> - Bretelles r\u00e9glables et rembourr\u00e9es et ceinture respirante pour faciliter le transport.<\/li>\n<\/ul>","protected":false},"featured_media":2034,"comment_status":"open","ping_status":"closed","template":"","meta":[],"product_brand":[],"product_cat":[55,63],"product_tag":[],"class_list":{"0":"post-2025","1":"product","2":"type-product","3":"status-publish","4":"has-post-thumbnail","6":"product_cat-gaming-cases-protection","7":"product_cat-vr-headset-cases","9":"first","10":"instock","11":"shipping-taxable","12":"purchasable","13":"product-type-simple"},"_links":{"self":[{"href":"https:\/\/vavcase.com\/fr\/wp-json\/wp\/v2\/product\/2025","targetHints":{"allow":["GET"]}}],"collection":[{"href":"https:\/\/vavcase.com\/fr\/wp-json\/wp\/v2\/product"}],"about":[{"href":"https:\/\/vavcase.com\/fr\/wp-json\/wp\/v2\/types\/product"}],"replies":[{"embeddable":true,"href":"https:\/\/vavcase.com\/fr\/wp-json\/wp\/v2\/comments?post=2025"}],"wp:featuredmedia":[{"embeddable":true,"href":"https:\/\/vavcase.com\/fr\/wp-json\/wp\/v2\/media\/2034"}],"wp:attachment":[{"href":"https:\/\/vavcase.com\/fr\/wp-json\/wp\/v2\/media?parent=2025"}],"wp:term":[{"taxonomy":"product_brand","embeddable":true,"href":"https:\/\/vavcase.com\/fr\/wp-json\/wp\/v2\/product_brand?post=2025"},{"taxonomy":"product_cat","embeddable":true,"href":"https:\/\/vavcase.com\/fr\/wp-json\/wp\/v2\/product_cat?post=2025"},{"taxonomy":"product_tag","embeddable":true,"href":"https:\/\/vavcase.com\/fr\/wp-json\/wp\/v2\/product_tag?post=2025"}],"curies":[{"name":"wp","href":"https:\/\/api.w.org\/{rel}","templated":true}]}}