{"id":2040,"date":"2025-02-14T12:54:58","date_gmt":"2025-02-14T12:54:58","guid":{"rendered":"https:\/\/vavcase.com\/?post_type=product&#038;p=2040"},"modified":"2025-02-17T10:18:00","modified_gmt":"2025-02-17T10:18:00","slug":"devaso-hard-carrying-case-for-meta-quest-3s-quest-3-vision-pro-compact-travel-storage-case-for-vr-headset-accessories-transparent-design","status":"publish","type":"product","link":"https:\/\/vavcase.com\/fr\/produit\/devaso-hard-carrying-case-for-meta-quest-3s-quest-3-vision-pro-compact-travel-storage-case-for-vr-headset-accessories-transparent-design\/","title":{"rendered":"DEVASO Hard Carrying Case for Meta Quest 3S\/Quest 3\/Vision Pro - Mallette de transport compacte pour casque VR et accessoires, design transparent"},"content":{"rendered":"<ul>\n<li data-start=\"0\" data-end=\"241\"><strong data-start=\"2\" data-end=\"31\">Mallette de transport VR portable<\/strong> - Con\u00e7u pour les casques Meta Quest 3S, Quest 3 et Vision Pro VR, il permet de s\u00e9curiser et d'organiser votre appareil et vos accessoires (non compatible avec les sangles \u00e9lites ou les sangles tierces avec batteries).<\/li>\n<li data-start=\"242\" data-end=\"439\"><strong data-start=\"244\" data-end=\"271\">Utilisation intelligente de l'espace<\/strong> - Permet de ranger efficacement le casque VR, la sangle en tissu d'origine, les contr\u00f4leurs, le chargeur et les c\u00e2bles dans un design compact mais spacieux (\u00e9tui uniquement ; accessoires non inclus).<\/li>\n<li data-start=\"440\" data-end=\"663\"><strong data-start=\"442\" data-end=\"472\">Une protection forte et s\u00fbre<\/strong> - Fabriqu\u00e9 \u00e0 partir de mat\u00e9riaux durables et de haute qualit\u00e9, cet \u00e9tui rigide prot\u00e8ge votre \u00e9quipement VR des chocs et des rayures. Il est dot\u00e9 d'une sangle \u00e9lastique int\u00e9gr\u00e9e pour maintenir le casque en place pendant les d\u00e9placements.<\/li>\n<li data-start=\"664\" data-end=\"836\"><strong data-start=\"666\" data-end=\"698\">Convivialit\u00e9 et facilit\u00e9 de d\u00e9placement<\/strong> - \u00c9quip\u00e9 d'une poign\u00e9e en silicone confortable et antid\u00e9rapante pour un transport facile, et d'un design peu encombrant qui se glisse facilement dans une valise.<\/li>\n<li data-start=\"837\" data-end=\"1020\" data-is-last-node=\"\"><strong data-start=\"839\" data-end=\"869\">Un cadeau \u00e9l\u00e9gant et pratique<\/strong> - Dot\u00e9 d'une \u00e9l\u00e9gante housse transparente, alliant fonctionnalit\u00e9 et esth\u00e9tique, il constitue un excellent cadeau pour les amateurs de RV, quelle que soit l'occasion.<\/li>\n<\/ul>\n<table>\n<thead>\n<tr>\n<th><strong>Attribut<\/strong><\/th>\n<th><strong>D\u00e9tails<\/strong><\/th>\n<\/tr>\n<\/thead>\n<tbody>\n<tr>\n<td><strong>Dimensions de l'emballage<\/strong><\/td>\n<td>9.45 x 9.33 x 5.35 pouces<\/td>\n<\/tr>\n<tr>\n<td><strong>Poids de l'article<\/strong><\/td>\n<td>1.06 livres<\/td>\n<\/tr>\n<tr>\n<td><strong>ASIN<\/strong><\/td>\n<td>B0DH1XZ98H<\/td>\n<\/tr>\n<tr>\n<td><strong>Classement des meilleures ventes<\/strong><\/td>\n<td>#44.079 dans Jeux vid\u00e9o<\/td>\n<\/tr>\n<tr>\n<td><\/td>\n<td>#593 dans Accessoires VR autonomes<\/td>\n<\/tr>\n<tr>\n<td><strong>Date de mise \u00e0 disposition<\/strong><\/td>\n<td>24 septembre 2024<\/td>\n<\/tr>\n<tr>\n<td><strong>D\u00e9partement<\/strong><\/td>\n<td>Unisexe<\/td>\n<\/tr>\n<tr>\n<td><strong>Fabricant<\/strong><\/td>\n<td>DEVASO<\/td>\n<\/tr>\n<tr>\n<td><strong>Langue<\/strong><\/td>\n<td>Anglais<\/td>\n<\/tr>\n<tr>\n<td><strong>Pays d'origine<\/strong><\/td>\n<td>Chine<\/td>\n<\/tr>\n<\/tbody>\n<\/table>","protected":false},"excerpt":{"rendered":"<ul>\n<li data-start=\"0\" data-end=\"142\"><strong data-start=\"2\" data-end=\"30\">Con\u00e7u pour les casques VR<\/strong> - Compatible avec Meta Quest 3S, Quest 3 et Vision Pro (pas pour la sangle Elite ou les sangles de batterie tierces).<\/li>\n<li data-start=\"143\" data-end=\"256\"><strong data-start=\"145\" data-end=\"169\">Compact et spacieux<\/strong> - Contient le casque VR, la sangle en tissu d'origine, les contr\u00f4leurs, le chargeur et les c\u00e2bles.<\/li>\n<li data-start=\"257\" data-end=\"378\"><strong data-start=\"259\" data-end=\"283\">Durable et protecteur<\/strong> - Coque rigide avec sangles \u00e9lastiques pour la stabilit\u00e9 et doublure int\u00e9rieure douce pour \u00e9viter les rayures.<\/li>\n<li data-start=\"379\" data-end=\"479\"><strong data-start=\"381\" data-end=\"411\">Portable et facile \u00e0 transporter<\/strong> - Poign\u00e9e en silicone antid\u00e9rapante pour plus de confort ; se range facilement dans les valises.<\/li>\n<li data-start=\"480\" data-end=\"590\" data-is-last-node=\"\"><strong data-start=\"482\" data-end=\"505\">Le choix id\u00e9al pour un cadeau<\/strong> - Design transparent et \u00e9l\u00e9gant, id\u00e9al pour les joueurs VR qui accordent de l'importance \u00e0 la s\u00e9curit\u00e9 et \u00e0 l'esth\u00e9tique.<\/li>\n<\/ul>","protected":false},"featured_media":2045,"comment_status":"open","ping_status":"closed","template":"","meta":[],"product_brand":[],"product_cat":[55,63],"product_tag":[],"class_list":{"0":"post-2040","1":"product","2":"type-product","3":"status-publish","4":"has-post-thumbnail","6":"product_cat-gaming-cases-protection","7":"product_cat-vr-headset-cases","9":"first","10":"instock","11":"shipping-taxable","12":"purchasable","13":"product-type-simple"},"_links":{"self":[{"href":"https:\/\/vavcase.com\/fr\/wp-json\/wp\/v2\/product\/2040","targetHints":{"allow":["GET"]}}],"collection":[{"href":"https:\/\/vavcase.com\/fr\/wp-json\/wp\/v2\/product"}],"about":[{"href":"https:\/\/vavcase.com\/fr\/wp-json\/wp\/v2\/types\/product"}],"replies":[{"embeddable":true,"href":"https:\/\/vavcase.com\/fr\/wp-json\/wp\/v2\/comments?post=2040"}],"wp:featuredmedia":[{"embeddable":true,"href":"https:\/\/vavcase.com\/fr\/wp-json\/wp\/v2\/media\/2045"}],"wp:attachment":[{"href":"https:\/\/vavcase.com\/fr\/wp-json\/wp\/v2\/media?parent=2040"}],"wp:term":[{"taxonomy":"product_brand","embeddable":true,"href":"https:\/\/vavcase.com\/fr\/wp-json\/wp\/v2\/product_brand?post=2040"},{"taxonomy":"product_cat","embeddable":true,"href":"https:\/\/vavcase.com\/fr\/wp-json\/wp\/v2\/product_cat?post=2040"},{"taxonomy":"product_tag","embeddable":true,"href":"https:\/\/vavcase.com\/fr\/wp-json\/wp\/v2\/product_tag?post=2040"}],"curies":[{"name":"wp","href":"https:\/\/api.w.org\/{rel}","templated":true}]}}