{"id":2055,"date":"2025-02-14T13:06:26","date_gmt":"2025-02-14T13:06:26","guid":{"rendered":"https:\/\/vavcase.com\/?post_type=product&#038;p=2055"},"modified":"2025-02-17T10:16:37","modified_gmt":"2025-02-17T10:16:37","slug":"vznek-hard-carrying-case-for-oculus-meta-quest-3-quest-3s-fits-elite-strap-accessories-waterproof-travel-storage-bag","status":"publish","type":"product","link":"https:\/\/vavcase.com\/fr\/produit\/vznek-hard-carrying-case-for-oculus-meta-quest-3-quest-3s-fits-elite-strap-accessories-waterproof-travel-storage-bag\/","title":{"rendered":"VZNEK Mallette de transport rigide pour Oculus\/Meta Quest 3\/Quest 3S, convient \u00e0 la sangle Elite et aux accessoires, \u00e9tanche, sac de rangement de voyage"},"content":{"rendered":"<ul data-start=\"0\" data-end=\"908\">\n<li data-start=\"0\" data-end=\"218\"><strong data-start=\"2\" data-end=\"25\">Protection sup\u00e9rieure<\/strong>: Fabriqu\u00e9 en EVA de haute qualit\u00e9, cet \u00e9tui est r\u00e9sistant aux chocs, \u00e0 la poussi\u00e8re et \u00e0 l'humidit\u00e9 pour prot\u00e9ger votre \u00e9quipement VR des rayures et de la salet\u00e9. La double fermeture \u00e0 glissi\u00e8re assure une fermeture s\u00e9curis\u00e9e.<\/li>\n<li data-start=\"219\" data-end=\"435\"><strong data-start=\"221\" data-end=\"245\">Spacieux et organis\u00e9<\/strong>: La disposition judicieuse des fentes permet de ranger votre casque VR, vos contr\u00f4leurs, votre chargeur, votre protection d'objectif et bien plus encore. Une pochette en filet offre un espace suppl\u00e9mentaire pour les petits accessoires tels que les c\u00e2bles ou les cartes m\u00e9moire.<\/li>\n<li data-start=\"436\" data-end=\"612\"><strong data-start=\"438\" data-end=\"464\">Utilisation efficace de l'espace<\/strong>: L'int\u00e9rieur spacieux permet de ranger l'ensemble VR complet et les accessoires tiers. De petits compartiments permettent d'organiser les objets essentiels tels que les carnets de notes ou les cartes.<\/li>\n<li data-start=\"613\" data-end=\"783\"><strong data-start=\"615\" data-end=\"648\">Confortable et adapt\u00e9 au voyage<\/strong>: La sangle transversale r\u00e9glable, avec un dos en nid d'abeille respirant, r\u00e9duit la pression sur les \u00e9paules pour un transport confortable.<\/li>\n<li data-start=\"784\" data-end=\"908\"><strong data-start=\"786\" data-end=\"806\">Facile \u00e0 entretenir<\/strong>: La surface lisse se nettoie facilement \u00e0 l'aide d'un chiffon humide ou d'une serviette en papier, ce qui permet de conserver l'aspect neuf de votre \u00e9tui.<\/li>\n<\/ul>\n<p data-start=\"910\" data-end=\"1028\" data-is-last-node=\"\">Parfait pour le stockage \u00e0 la maison et les voyages, il offre une protection et une commodit\u00e9 maximales pour vos accessoires Oculus Quest 3.<\/p>\n<table>\n<thead>\n<tr>\n<th><strong>Attribut<\/strong><\/th>\n<th><strong>D\u00e9tails<\/strong><\/th>\n<\/tr>\n<\/thead>\n<tbody>\n<tr>\n<td><strong>Dimensions du produit<\/strong><\/td>\n<td>9,64 x 1,77 x 11,8 pouces<\/td>\n<\/tr>\n<tr>\n<td><strong>Poids de l'article<\/strong><\/td>\n<td>1.17 livres<\/td>\n<\/tr>\n<tr>\n<td><strong>ASIN<\/strong><\/td>\n<td>B0CJHS8KBQ<\/td>\n<\/tr>\n<tr>\n<td><strong>Num\u00e9ro de mod\u00e8le de l'article<\/strong><\/td>\n<td>Q3CE0010<\/td>\n<\/tr>\n<tr>\n<td><strong>Classement des meilleures ventes<\/strong><\/td>\n<td>#33.892 dans Jeux vid\u00e9o<\/td>\n<\/tr>\n<tr>\n<td><\/td>\n<td>#545 dans Casques VR pour PC<\/td>\n<\/tr>\n<tr>\n<td><strong>Date de mise \u00e0 disposition<\/strong><\/td>\n<td>21 septembre 2023<\/td>\n<\/tr>\n<tr>\n<td><strong>D\u00e9partement<\/strong><\/td>\n<td>Unisexe<\/td>\n<\/tr>\n<tr>\n<td><strong>Fabricant<\/strong><\/td>\n<td>VZNEK<\/td>\n<\/tr>\n<tr>\n<td><strong>Pays d'origine<\/strong><\/td>\n<td>\u00c9TATS-UNIS<\/td>\n<\/tr>\n<\/tbody>\n<\/table>","protected":false},"excerpt":{"rendered":"<ul>\n<li data-start=\"0\" data-end=\"97\"><strong data-start=\"2\" data-end=\"19\">Compatibilit\u00e9<\/strong>: Con\u00e7u pour Oculus Quest, Quest 3 et Quest 3S (appareil VR non inclus).<\/li>\n<li data-start=\"98\" data-end=\"231\"><strong data-start=\"100\" data-end=\"124\">Durable et protecteur<\/strong>: Fabriqu\u00e9 en mat\u00e9riau EVA r\u00e9sistant \u00e0 l'eau, il est \u00e0 l'\u00e9preuve des chocs, de la poussi\u00e8re et de l'humidit\u00e9 pour une protection maximale.<\/li>\n<li data-start=\"232\" data-end=\"346\"><strong data-start=\"234\" data-end=\"253\">Design spacieux<\/strong>: Permet de ranger le casque VR, les contr\u00f4leurs, le chargeur, la protection de l'objectif et les petits accessoires.<\/li>\n<li data-start=\"347\" data-end=\"478\"><strong data-start=\"349\" data-end=\"373\">Confortable \u00e0 porter<\/strong>: La bandouli\u00e8re est r\u00e9glable et dot\u00e9e d'un design en nid d'abeille respirant pour un plus grand confort.<\/li>\n<li data-start=\"479\" data-end=\"569\" data-is-last-node=\"\"><strong data-start=\"481\" data-end=\"498\">Facile \u00e0 nettoyer<\/strong>: La surface lisse se nettoie facilement \u00e0 l'aide d'un chiffon humide ou d'une serviette en papier.<\/li>\n<\/ul>","protected":false},"featured_media":2058,"comment_status":"open","ping_status":"closed","template":"","meta":[],"product_brand":[],"product_cat":[55,63],"product_tag":[],"class_list":{"0":"post-2055","1":"product","2":"type-product","3":"status-publish","4":"has-post-thumbnail","6":"product_cat-gaming-cases-protection","7":"product_cat-vr-headset-cases","9":"first","10":"instock","11":"shipping-taxable","12":"purchasable","13":"product-type-simple"},"_links":{"self":[{"href":"https:\/\/vavcase.com\/fr\/wp-json\/wp\/v2\/product\/2055","targetHints":{"allow":["GET"]}}],"collection":[{"href":"https:\/\/vavcase.com\/fr\/wp-json\/wp\/v2\/product"}],"about":[{"href":"https:\/\/vavcase.com\/fr\/wp-json\/wp\/v2\/types\/product"}],"replies":[{"embeddable":true,"href":"https:\/\/vavcase.com\/fr\/wp-json\/wp\/v2\/comments?post=2055"}],"wp:featuredmedia":[{"embeddable":true,"href":"https:\/\/vavcase.com\/fr\/wp-json\/wp\/v2\/media\/2058"}],"wp:attachment":[{"href":"https:\/\/vavcase.com\/fr\/wp-json\/wp\/v2\/media?parent=2055"}],"wp:term":[{"taxonomy":"product_brand","embeddable":true,"href":"https:\/\/vavcase.com\/fr\/wp-json\/wp\/v2\/product_brand?post=2055"},{"taxonomy":"product_cat","embeddable":true,"href":"https:\/\/vavcase.com\/fr\/wp-json\/wp\/v2\/product_cat?post=2055"},{"taxonomy":"product_tag","embeddable":true,"href":"https:\/\/vavcase.com\/fr\/wp-json\/wp\/v2\/product_tag?post=2055"}],"curies":[{"name":"wp","href":"https:\/\/api.w.org\/{rel}","templated":true}]}}