{"id":2064,"date":"2025-02-14T13:15:22","date_gmt":"2025-02-14T13:15:22","guid":{"rendered":"https:\/\/vavcase.com\/?post_type=product&#038;p=2064"},"modified":"2025-02-17T10:14:43","modified_gmt":"2025-02-17T10:14:43","slug":"carrying-case-for-oculus-meta-quest-2-3-3s-pro-fits-vr-elite-strap-controllers-accessories-travel-storage-bag","status":"publish","type":"product","link":"https:\/\/vavcase.com\/fr\/produit\/sac-de-transport-pour-oculus-meta-quest-2-3-3s-pro-convient-vr-elite-sangle-controleurs-accessoires-voyage-sac-de-rangement\/","title":{"rendered":"Sac de transport pour Oculus Meta Quest 2\/3\/3S\/Pro, convient \u00e0 la sangle VR Elite, aux manettes et aux accessoires, sac de rangement de voyage"},"content":{"rendered":"<ul>\n<li data-start=\"0\" data-end=\"153\">Con\u00e7u pour les casques VR, il s'adapte en toute s\u00e9curit\u00e9 \u00e0 l'Oculus Quest 2\/3\/3S\/Pro gr\u00e2ce \u00e0 une sangle int\u00e9rieure rembourr\u00e9e et comprend une pochette pour les tablettes et une pochette en filet pour les c\u00e2bles.<\/li>\n<li data-start=\"154\" data-end=\"321\">L'ext\u00e9rieur en nylon robuste r\u00e9siste \u00e0 l'usure, le rembourrage int\u00e9rieur en velours doux prot\u00e8ge contre les rayures et les chocs, et la grande ouverture en forme de U facilite l'acc\u00e8s.<\/li>\n<li data-start=\"322\" data-end=\"465\">Rangement intelligent avec un compartiment sup\u00e9rieur pour les manettes, deux poches lat\u00e9rales et une poche arri\u00e8re zipp\u00e9e pour ranger la banque d'alimentation, les c\u00e2bles et le t\u00e9l\u00e9phone.<\/li>\n<li data-start=\"466\" data-end=\"605\">Une poign\u00e9e rembourr\u00e9e, une bandouli\u00e8re amovible et une sangle arri\u00e8re permettant de fixer la valise \u00e0 la valise pour voyager les mains libres, facilitent le transport.<\/li>\n<li data-start=\"606\" data-end=\"702\" data-is-last-node=\"\">L\u00e9ger et compact, id\u00e9al pour les voyages et le stockage \u00e0 la maison, parfait pour les amateurs de RV.<\/li>\n<\/ul>\n<table id=\"productDetails_detailBullets_sections1\" class=\"a-keyvalue prodDetTable\" role=\"presentation\">\n<tbody>\n<tr>\n<th class=\"a-color-secondary a-size-base prodDetSectionEntry\">Dimensions de l'emballage<\/th>\n<td class=\"a-size-base prodDetAttrValue\">13.43 x 11.89 x 3.74 pouces<\/td>\n<\/tr>\n<tr>\n<th class=\"a-color-secondary a-size-base prodDetSectionEntry\">Poids de l'article<\/th>\n<td class=\"a-size-base prodDetAttrValue\">1.39 livres<\/td>\n<\/tr>\n<tr>\n<th class=\"a-color-secondary a-size-base prodDetSectionEntry\">D\u00e9partement<\/th>\n<td class=\"a-size-base prodDetAttrValue\">unisexe-adulte<\/td>\n<\/tr>\n<tr>\n<th class=\"a-color-secondary a-size-base prodDetSectionEntry\">Fabricant<\/th>\n<td class=\"a-size-base prodDetAttrValue\">PGmoon<\/td>\n<\/tr>\n<tr>\n<th class=\"a-color-secondary a-size-base prodDetSectionEntry\">ASIN<\/th>\n<td class=\"a-size-base prodDetAttrValue\">B0DGX5MLXM<\/td>\n<\/tr>\n<tr>\n<th class=\"a-color-secondary a-size-base prodDetSectionEntry\">Pays d'origine<\/th>\n<td class=\"a-size-base prodDetAttrValue\">Chine<\/td>\n<\/tr>\n<tr>\n<th class=\"a-color-secondary a-size-base prodDetSectionEntry\">Num\u00e9ro de mod\u00e8le de l'article<\/th>\n<td class=\"a-size-base prodDetAttrValue\">CAPG03301<\/td>\n<\/tr>\n<\/tbody>\n<\/table>","protected":false},"excerpt":{"rendered":"<ul>\n<li data-start=\"0\" data-end=\"93\">\u00c9tui de transport VR - Compatible avec Oculus Meta Quest 2, Quest 3, Quest 3S et Quest Pro.<\/li>\n<li data-start=\"94\" data-end=\"195\">Protection compl\u00e8te - Ext\u00e9rieur en nylon durable avec rembourrage en velours doux pour une absorption efficace des chocs.<\/li>\n<li data-start=\"196\" data-end=\"290\">Rangement spacieux - Compartiments s\u00e9par\u00e9s pour les manettes, les c\u00e2bles, la tablette et les accessoires.<\/li>\n<li data-start=\"291\" data-end=\"399\">Facile \u00e0 transporter - Comprend une poign\u00e9e rembourr\u00e9e, une bandouli\u00e8re amovible et une sangle de valise pour plus de commodit\u00e9.<\/li>\n<li data-start=\"400\" data-end=\"479\" data-is-last-node=\"\">Convivialit\u00e9 - Conception compacte mais spacieuse, id\u00e9ale pour le rangement \u00e0 la maison ou en voyage.<\/li>\n<\/ul>","protected":false},"featured_media":2066,"comment_status":"open","ping_status":"closed","template":"","meta":[],"product_brand":[],"product_cat":[55,63],"product_tag":[],"class_list":{"0":"post-2064","1":"product","2":"type-product","3":"status-publish","4":"has-post-thumbnail","6":"product_cat-gaming-cases-protection","7":"product_cat-vr-headset-cases","9":"first","10":"instock","11":"shipping-taxable","12":"purchasable","13":"product-type-simple"},"_links":{"self":[{"href":"https:\/\/vavcase.com\/fr\/wp-json\/wp\/v2\/product\/2064","targetHints":{"allow":["GET"]}}],"collection":[{"href":"https:\/\/vavcase.com\/fr\/wp-json\/wp\/v2\/product"}],"about":[{"href":"https:\/\/vavcase.com\/fr\/wp-json\/wp\/v2\/types\/product"}],"replies":[{"embeddable":true,"href":"https:\/\/vavcase.com\/fr\/wp-json\/wp\/v2\/comments?post=2064"}],"wp:featuredmedia":[{"embeddable":true,"href":"https:\/\/vavcase.com\/fr\/wp-json\/wp\/v2\/media\/2066"}],"wp:attachment":[{"href":"https:\/\/vavcase.com\/fr\/wp-json\/wp\/v2\/media?parent=2064"}],"wp:term":[{"taxonomy":"product_brand","embeddable":true,"href":"https:\/\/vavcase.com\/fr\/wp-json\/wp\/v2\/product_brand?post=2064"},{"taxonomy":"product_cat","embeddable":true,"href":"https:\/\/vavcase.com\/fr\/wp-json\/wp\/v2\/product_cat?post=2064"},{"taxonomy":"product_tag","embeddable":true,"href":"https:\/\/vavcase.com\/fr\/wp-json\/wp\/v2\/product_tag?post=2064"}],"curies":[{"name":"wp","href":"https:\/\/api.w.org\/{rel}","templated":true}]}}