{"id":2072,"date":"2025-02-14T13:23:53","date_gmt":"2025-02-14T13:23:53","guid":{"rendered":"https:\/\/vavcase.com\/?post_type=product&#038;p=2072"},"modified":"2025-02-17T10:11:03","modified_gmt":"2025-02-17T10:11:03","slug":"large-hard-carrying-case-for-meta-quest-3-compatible-with-kiwi-design-bobovr-battery-head-strap-accessories-travel-friendly","status":"publish","type":"product","link":"https:\/\/vavcase.com\/fr\/produit\/grande-valise-de-transport-rigide-pour-meta-quest-3-compatible-avec-la-batterie-bobovr-kiwi-design-sangle-pour-la-tete-accessoires-facile-a-transporter\/","title":{"rendered":"Grand \u00e9tui de transport rigide pour Meta Quest 3, compatible avec la courroie de t\u00eate et les accessoires Kiwi Design\/BOBOVR, id\u00e9al pour les voyages"},"content":{"rendered":"<div class=\"flex max-w-full flex-col flex-grow\">\n<div class=\"min-h-8 text-message flex w-full flex-col items-end gap-2 whitespace-normal break-words text-start [.text-message+&amp;]:mt-5\" dir=\"auto\" data-message-author-role=\"assistant\" data-message-id=\"67f46488-2141-46ad-8e00-fb4b20a68c04\" data-message-model-slug=\"gpt-4o\">\n<div class=\"flex w-full flex-col gap-1 empty:hidden first:pt-[3px]\">\n<div class=\"markdown prose w-full break-words dark:prose-invert dark\">\n<ul>\n<li data-start=\"0\" data-end=\"276\">\n<p data-start=\"2\" data-end=\"276\"><strong data-start=\"2\" data-end=\"37\">Grande valise de transport pour Quest 3<\/strong> - L'\u00e9tui de voyage STARTRC GAMES est con\u00e7u pour le casque VR Meta Quest 3 et les contr\u00f4leurs tactiles. Compatible avec la sangle officielle Elite Strap avec batteries, Kiwi Design, et la sangle de t\u00eate BOBOVR M3 (non compatible avec BOBOVR S3 Pro).<\/p>\n<\/li>\n<li data-start=\"278\" data-end=\"434\">\n<p data-start=\"280\" data-end=\"434\"><strong data-start=\"280\" data-end=\"303\">Grande compatibilit\u00e9<\/strong> - S'adapte parfaitement au casque Quest 3, \u00e0 la sangle Elite, aux manettes, au chargeur, aux c\u00e2bles et aux autres accessoires (accessoires non inclus).<\/p>\n<\/li>\n<li data-start=\"436\" data-end=\"674\">\n<p data-start=\"438\" data-end=\"674\"><strong data-start=\"438\" data-end=\"468\">Protection robuste et s\u00fbre<\/strong> - Fabriqu\u00e9 \u00e0 partir de mat\u00e9riaux de haute qualit\u00e9 pour une plus grande durabilit\u00e9. Dot\u00e9 d'une fente pour carte int\u00e9gr\u00e9e, d'une bande \u00e9lastique et d'une doublure douce pour stabiliser en toute s\u00e9curit\u00e9 votre casque VR et vos accessoires, afin d'\u00e9viter les rayures et les dommages.<\/p>\n<\/li>\n<li data-start=\"676\" data-end=\"892\">\n<p data-start=\"678\" data-end=\"892\"><strong data-start=\"678\" data-end=\"704\">Facile \u00e0 transporter<\/strong> - Il est dot\u00e9 d'une bandouli\u00e8re r\u00e9glable et amovible et d'une poign\u00e9e confortable en silicone. La conception amovible permet de l'utiliser comme un sac \u00e0 main, ce qui le rend id\u00e9al pour les voyages et le stockage.<\/p>\n<\/li>\n<li data-start=\"894\" data-end=\"1059\">\n<p data-start=\"896\" data-end=\"1059\"><strong data-start=\"896\" data-end=\"925\">Un service client\u00e8le fiable<\/strong> - Vous b\u00e9n\u00e9ficiez d'une politique de retour inconditionnel de 30 jours et d'un service client\u00e8le en ligne 24 heures sur 24, 7 jours sur 7. Nous sommes l\u00e0 pour vous fournir une assistance de premier ordre en cas de besoin.<\/p>\n<\/li>\n<li data-start=\"1061\" data-end=\"1156\" data-is-last-node=\"\">\n<p data-start=\"1063\" data-end=\"1156\" data-is-last-node=\"\"><strong data-start=\"1063\" data-end=\"1088\">Parfait pour les joueurs VR<\/strong> - La commodit\u00e9, la protection et le style pour tout votre \u00e9quipement VR.<\/p>\n<\/li>\n<\/ul>\n<\/div>\n<\/div>\n<\/div>\n<\/div>\n<div class=\"flex max-w-full flex-col flex-grow\">\n<table>\n<thead>\n<tr>\n<th><strong>Attribut<\/strong><\/th>\n<th><strong>D\u00e9tails<\/strong><\/th>\n<\/tr>\n<\/thead>\n<tbody>\n<tr>\n<td><strong>Dimensions de l'emballage<\/strong><\/td>\n<td>12,6 x 10,24 x 6,81 pouces<\/td>\n<\/tr>\n<tr>\n<td><strong>Poids de l'article<\/strong><\/td>\n<td>1.79 livres<\/td>\n<\/tr>\n<tr>\n<td><strong>ASIN<\/strong><\/td>\n<td>B0CSS77FF2<\/td>\n<\/tr>\n<tr>\n<td><strong>Classement des meilleures ventes<\/strong><\/td>\n<td>#12.269 dans Jeux vid\u00e9o<\/td>\n<\/tr>\n<tr>\n<td><\/td>\n<td>#89 dans Casques VR autonomes<\/td>\n<\/tr>\n<tr>\n<td><strong>Autres caract\u00e9ristiques de l'\u00e9cran<\/strong><\/td>\n<td>Sans fil<\/td>\n<\/tr>\n<tr>\n<td><strong>Couleur<\/strong><\/td>\n<td>Gris<\/td>\n<\/tr>\n<tr>\n<td><strong>Contenu de la bo\u00eete<\/strong><\/td>\n<td>Contr\u00f4leur, sangle, c\u00e2ble, serre-t\u00eate<\/td>\n<\/tr>\n<tr>\n<td><strong>Fabricant<\/strong><\/td>\n<td>JEUX STARTRC<\/td>\n<\/tr>\n<tr>\n<td><strong>Date de mise \u00e0 disposition<\/strong><\/td>\n<td>19 janvier 2024<\/td>\n<\/tr>\n<\/tbody>\n<\/table>\n<\/div>","protected":false},"excerpt":{"rendered":"<ul>\n<li data-start=\"0\" data-end=\"248\">\n<p data-start=\"2\" data-end=\"248\"><strong data-start=\"2\" data-end=\"37\">Grande valise de transport pour Quest 3<\/strong> - Sp\u00e9cialement con\u00e7u pour le casque VR Meta Quest 3 et les accessoires du contr\u00f4leur tactile. Compatible avec la sangle officielle Elite Strap, Kiwi Design et la sangle de batterie BOBOVR M3 (non compatible avec BOBOVR S3 Pro).<\/p>\n<\/li>\n<li data-start=\"250\" data-end=\"369\">\n<p data-start=\"252\" data-end=\"369\"><strong data-start=\"252\" data-end=\"271\">Robuste et s\u00fbr<\/strong> - \u00c9tui \u00e0 coque rigide avec doublure souple, fente pour carte int\u00e9gr\u00e9e et bande \u00e9lastique pour une meilleure stabilisation.<\/p>\n<\/li>\n<li data-start=\"371\" data-end=\"503\">\n<p data-start=\"373\" data-end=\"503\"><strong data-start=\"373\" data-end=\"390\">Facile \u00e0 transporter<\/strong> - Il est dot\u00e9 d'une bandouli\u00e8re r\u00e9glable et amovible et d'une poign\u00e9e en silicone confortable pour faciliter les d\u00e9placements.<\/p>\n<\/li>\n<li data-start=\"505\" data-end=\"605\" data-is-last-node=\"\">\n<p data-start=\"507\" data-end=\"605\" data-is-last-node=\"\"><strong data-start=\"507\" data-end=\"527\">Un soutien fiable<\/strong> - Politique de retour sous 30 jours et service client\u00e8le 24\/7 pour toute assistance requise.<\/p>\n<\/li>\n<\/ul>","protected":false},"featured_media":2074,"comment_status":"open","ping_status":"closed","template":"","meta":[],"product_brand":[],"product_cat":[55,63],"product_tag":[],"class_list":{"0":"post-2072","1":"product","2":"type-product","3":"status-publish","4":"has-post-thumbnail","6":"product_cat-gaming-cases-protection","7":"product_cat-vr-headset-cases","9":"first","10":"instock","11":"shipping-taxable","12":"purchasable","13":"product-type-simple"},"_links":{"self":[{"href":"https:\/\/vavcase.com\/fr\/wp-json\/wp\/v2\/product\/2072","targetHints":{"allow":["GET"]}}],"collection":[{"href":"https:\/\/vavcase.com\/fr\/wp-json\/wp\/v2\/product"}],"about":[{"href":"https:\/\/vavcase.com\/fr\/wp-json\/wp\/v2\/types\/product"}],"replies":[{"embeddable":true,"href":"https:\/\/vavcase.com\/fr\/wp-json\/wp\/v2\/comments?post=2072"}],"wp:featuredmedia":[{"embeddable":true,"href":"https:\/\/vavcase.com\/fr\/wp-json\/wp\/v2\/media\/2074"}],"wp:attachment":[{"href":"https:\/\/vavcase.com\/fr\/wp-json\/wp\/v2\/media?parent=2072"}],"wp:term":[{"taxonomy":"product_brand","embeddable":true,"href":"https:\/\/vavcase.com\/fr\/wp-json\/wp\/v2\/product_brand?post=2072"},{"taxonomy":"product_cat","embeddable":true,"href":"https:\/\/vavcase.com\/fr\/wp-json\/wp\/v2\/product_cat?post=2072"},{"taxonomy":"product_tag","embeddable":true,"href":"https:\/\/vavcase.com\/fr\/wp-json\/wp\/v2\/product_tag?post=2072"}],"curies":[{"name":"wp","href":"https:\/\/api.w.org\/{rel}","templated":true}]}}