{"id":2245,"date":"2025-02-17T04:33:47","date_gmt":"2025-02-17T04:33:47","guid":{"rendered":"https:\/\/vavcase.com\/?post_type=product&#038;p=2245"},"modified":"2025-02-17T04:33:48","modified_gmt":"2025-02-17T04:33:48","slug":"pgmoon-tactical-game-backpack-compatible-with-ps5-ps5-slim-ps5-pro-ps4-console","status":"publish","type":"product","link":"https:\/\/vavcase.com\/fr\/produit\/pgmoon-tactical-game-backpack-compatible-avec-ps5-ps5-slim-ps5-pro-ps4-console\/","title":{"rendered":"PGmoon Tactical Game Backpack Compatible avec PS5\/PS5 Slim\/PS5 Pro\/PS4 Console"},"content":{"rendered":"<h2>Informations sur le produit<\/h2>\n<div class=\"a-row a-spacing-top-base\">\n<div class=\"a-column a-span6\">\n<div class=\"a-row a-spacing-base\">\n<div class=\"a-section table-padding\">\n<table id=\"productDetails_detailBullets_sections1\" class=\"a-keyvalue prodDetTable\" role=\"presentation\">\n<tbody>\n<tr>\n<th class=\"a-color-secondary a-size-base prodDetSectionEntry\">Dimensions du produit<\/th>\n<td class=\"a-size-base prodDetAttrValue\">12.7\u2033L x 9.45\u2033W x 17.72\u2033H<\/td>\n<\/tr>\n<tr>\n<th class=\"a-color-secondary a-size-base prodDetSectionEntry\">Poids de l'article<\/th>\n<td class=\"a-size-base prodDetAttrValue\">1,21 kilogramme<\/td>\n<\/tr>\n<tr>\n<th class=\"a-color-secondary a-size-base prodDetSectionEntry\">Type d'enveloppe<\/th>\n<td class=\"a-size-base prodDetAttrValue\">Douceur<\/td>\n<\/tr>\n<tr>\n<th class=\"a-color-secondary a-size-base prodDetSectionEntry\">Type de fermeture<\/th>\n<td class=\"a-size-base prodDetAttrValue\">Fermeture \u00e0 glissi\u00e8re<\/td>\n<\/tr>\n<tr>\n<th class=\"a-color-secondary a-size-base prodDetSectionEntry\">Type de poign\u00e9e<\/th>\n<td class=\"a-size-base prodDetAttrValue\">bandouli\u00e8re<\/td>\n<\/tr>\n<tr>\n<th class=\"a-color-secondary a-size-base prodDetSectionEntry\">Nombre de compartiments<\/th>\n<td class=\"a-size-base prodDetAttrValue\">5<\/td>\n<\/tr>\n<tr>\n<th class=\"a-color-secondary a-size-base prodDetSectionEntry\">Description de la poche<\/th>\n<td class=\"a-size-base prodDetAttrValue\">Poche zipp\u00e9e<\/td>\n<\/tr>\n<tr>\n<th class=\"a-color-secondary a-size-base prodDetSectionEntry\">Type de sangle<\/th>\n<td class=\"a-size-base prodDetAttrValue\">sangle d'\u00e9paule rembourr\u00e9e<\/td>\n<\/tr>\n<tr>\n<th class=\"a-color-secondary a-size-base prodDetSectionEntry\">Fabricant<\/th>\n<td class=\"a-size-base prodDetAttrValue\">PGmoon<\/td>\n<\/tr>\n<tr>\n<th class=\"a-color-secondary a-size-base prodDetSectionEntry\">ASIN<\/th>\n<td class=\"a-size-base prodDetAttrValue\">B0CFXVGPYB<\/td>\n<\/tr>\n<tr>\n<th class=\"a-color-secondary a-size-base prodDetSectionEntry\">Avis des clients<\/th>\n<td class=\"a-size-base\">\n<div id=\"averageCustomerReviews\" data-asin=\"B0CFXVGPYB\" data-ref=\"dpx_acr_pop_\"><span class=\"a-declarative\" data-action=\"acrStarsLink-click-metrics\" data-acrstarslink-click-metrics=\"{}\"><span id=\"acrPopover\" class=\"reviewCountTextLinkedHistogram noUnderline\" title=\"4,9 sur 5 \u00e9toiles\"><a class=\"a-popover-trigger a-declarative\" role=\"button\"><span class=\"a-size-base a-color-base\">4.9\u00a0<\/span><i class=\"a-icon a-icon-star a-star-5 cm-cr-review-stars-spacing-big\"><span class=\"a-icon-alt\">4,9 sur 5 \u00e9toiles<\/span><\/i>\u00a0<i class=\"a-icon a-icon-popover\"><\/i><\/a>\u00a0\u00a0<\/span><\/span>\u00a0<span class=\"a-declarative\" data-action=\"acrLink-click-metrics\" data-acrlink-click-metrics=\"{}\"><a id=\"acrCustomerReviewLink\" class=\"a-link-normal\" href=\"https:\/\/www.amazon.com\/Tactical-Compatible-Controller-Accessories-playstation-5\/dp\/B0CFXVGPYB\/ref=sr_1_5?dib=eyJ2IjoiMSJ9.2cYb2ixP8aVFF7PEyv0VVraiyRt5rc1CKpNDgs7Bb0JNc3Lecvgau92G9oWn7WE_KRZ-iYFGBktIVhJ6EZGV7N_YLAUjcqLIfj9m1S96qFcarOiayc3ILWICmuJWwiATCz9PaIGktIYf4Jq9jv1RPnHSSnsE1lt0zaygH951ueIvO4DFijj9QwCdFyg-vtkICDwa7i-czG32zoqmQH1WqLijyU2U9fusI2lgCGuQYtg.YWvL05sRuHGz2u153ObQyDOY2YG7Kt-A-C4BlnDqwF8&amp;dib_tag=se&amp;keywords=gaming+backpack&amp;qid=1739765805&amp;sr=8-5#customerReviews\"><span id=\"acrCustomerReviewText\" class=\"a-size-base\">104 \u00e9valuations<\/span><\/a><\/span><\/div>\n<p>4,9 sur 5 \u00e9toiles<\/td>\n<\/tr>\n<tr>\n<th class=\"a-color-secondary a-size-base prodDetSectionEntry\">Classement des meilleures ventes<\/th>\n<td>#3 605 dans les jeux vid\u00e9o (<a href=\"https:\/\/www.amazon.com\/gp\/bestsellers\/videogames\/ref=pd_zg_ts_videogames\">Voir le Top 100 des jeux vid\u00e9o<\/a>)<br \/>\n#9 dans\u00a0<a href=\"https:\/\/www.amazon.com\/gp\/bestsellers\/videogames\/20972793011\/ref=pd_zg_hrsr_videogames\">\u00c9tuis pour PlayStation 5<\/a><\/td>\n<\/tr>\n<tr>\n<th class=\"a-color-secondary a-size-base prodDetSectionEntry\">Type d'article<\/th>\n<td class=\"a-size-base prodDetAttrValue\">Bagages<\/td>\n<\/tr>\n<tr>\n<th class=\"a-color-secondary a-size-base prodDetSectionEntry\">Num\u00e9ro de mod\u00e8le de l'article<\/th>\n<td class=\"a-size-base prodDetAttrValue\">CAPG00201<\/td>\n<\/tr>\n<tr>\n<th class=\"a-color-secondary a-size-base prodDetSectionEntry\">Poids de l'article<\/th>\n<td class=\"a-size-base prodDetAttrValue\">2.66 livres<\/td>\n<\/tr>\n<tr>\n<th class=\"a-color-secondary a-size-base prodDetSectionEntry\">D\u00e9partement<\/th>\n<td class=\"a-size-base prodDetAttrValue\">Unisexe Adulte<\/td>\n<\/tr>\n<tr>\n<th class=\"a-color-secondary a-size-base prodDetSectionEntry\">Date de mise \u00e0 disposition<\/th>\n<td class=\"a-size-base prodDetAttrValue\">17 ao\u00fbt 2023<\/td>\n<\/tr>\n<\/tbody>\n<\/table>\n<\/div>\n<\/div>\n<\/div>\n<\/div>","protected":false},"excerpt":{"rendered":"<p><strong>GRANDE CAPACIT\u00c9 :<\/strong> Le compartiment principal comporte une pochette rembourr\u00e9e pouvant accueillir un moniteur portable de 15,6\u2033 sur le c\u00f4t\u00e9 oppos\u00e9, ainsi qu'une cloison int\u00e9rieure personnalis\u00e9e qui vous permet de prot\u00e9ger votre console ; en outre, un compartiment pour ordinateur portable de 15,6\u2033 est situ\u00e9 au centre.<br \/>\n<strong>PARFAITEMENT CON\u00c7U :<\/strong> La mousse PE plus \u00e9paisse \u00e0 l'int\u00e9rieur de ce sac \u00e0 dos de voyage prot\u00e8ge la console des rayures et des chocs. Le rev\u00eatement ext\u00e9rieur est en nylon robuste, qui dure longtemps pendant le transport.<br \/>\n<strong>UN DESIGN INSPIRANT POUR LE STOCKAGE :<\/strong> Vos manettes et vos \u00e9couteurs peuvent \u00eatre rang\u00e9s en toute s\u00e9curit\u00e9 dans la poche frontale inf\u00e9rieure rembourr\u00e9e, tandis que les disques, les c\u00e2bles et les cl\u00e9s sont conserv\u00e9s dans la poche frontale sup\u00e9rieure. Vous pouvez cr\u00e9er vos propres pochettes d'accessoires \u00e0 l'aide des sangles MOLLE.<br \/>\n<strong>FACILE \u00c0 TRANSPORTER :<\/strong> Le rembourrage respirant au niveau de la taille et les bretelles ergonomiques et r\u00e9glables peuvent r\u00e9duire la tension au niveau des \u00e9paules et la fatigue au niveau de la taille pendant le transport ; les boucles lat\u00e9rales permettent de les serrer, ce qui rend le sac petit et portable.<br \/>\n<strong>SAC AMAZING :<\/strong> Une disposition r\u00e9fl\u00e9chie de la pi\u00e8ce permet de placer correctement la console et tous ses p\u00e9riph\u00e9riques ; un compagnon id\u00e9al pour les joueurs, garantissant un voyage confortable ; en outre, un sac \u00e0 dos de voyage \u00e9l\u00e9gant ; La marque mentionn\u00e9e n'a rien \u00e0 voir avec notre produit.<\/p>","protected":false},"featured_media":2252,"comment_status":"open","ping_status":"closed","template":"","meta":[],"product_brand":[],"product_cat":[69,57],"product_tag":[],"class_list":{"0":"post-2245","1":"product","2":"type-product","3":"status-publish","4":"has-post-thumbnail","6":"product_cat-gaming-backpacks","7":"product_cat-travel-gears","9":"first","10":"instock","11":"shipping-taxable","12":"purchasable","13":"product-type-simple"},"_links":{"self":[{"href":"https:\/\/vavcase.com\/fr\/wp-json\/wp\/v2\/product\/2245","targetHints":{"allow":["GET"]}}],"collection":[{"href":"https:\/\/vavcase.com\/fr\/wp-json\/wp\/v2\/product"}],"about":[{"href":"https:\/\/vavcase.com\/fr\/wp-json\/wp\/v2\/types\/product"}],"replies":[{"embeddable":true,"href":"https:\/\/vavcase.com\/fr\/wp-json\/wp\/v2\/comments?post=2245"}],"wp:featuredmedia":[{"embeddable":true,"href":"https:\/\/vavcase.com\/fr\/wp-json\/wp\/v2\/media\/2252"}],"wp:attachment":[{"href":"https:\/\/vavcase.com\/fr\/wp-json\/wp\/v2\/media?parent=2245"}],"wp:term":[{"taxonomy":"product_brand","embeddable":true,"href":"https:\/\/vavcase.com\/fr\/wp-json\/wp\/v2\/product_brand?post=2245"},{"taxonomy":"product_cat","embeddable":true,"href":"https:\/\/vavcase.com\/fr\/wp-json\/wp\/v2\/product_cat?post=2245"},{"taxonomy":"product_tag","embeddable":true,"href":"https:\/\/vavcase.com\/fr\/wp-json\/wp\/v2\/product_tag?post=2245"}],"curies":[{"name":"wp","href":"https:\/\/api.w.org\/{rel}","templated":true}]}}