{"id":2254,"date":"2025-02-17T04:39:12","date_gmt":"2025-02-17T04:39:12","guid":{"rendered":"https:\/\/vavcase.com\/?post_type=product&#038;p=2254"},"modified":"2025-02-17T04:39:52","modified_gmt":"2025-02-17T04:39:52","slug":"gaming-console-backpack-compatible-with-ps5-ps5-slim-ps5-pro","status":"publish","type":"product","link":"https:\/\/vavcase.com\/fr\/produit\/sac-a-dos-pour-console-de-jeux-compatible-avec-ps5-ps5-slim-ps5-pro\/","title":{"rendered":"Sac \u00e0 dos pour console de jeu compatible avec PS5\/PS5 Slim\/PS5 Pro"},"content":{"rendered":"<h2>Informations sur le produit<\/h2>\n<div class=\"a-row a-spacing-top-base\">\n<div class=\"a-column a-span6\">\n<div class=\"a-row a-spacing-base\">\n<div class=\"a-section table-padding\">\n<table id=\"productDetails_detailBullets_sections1\" class=\"a-keyvalue prodDetTable\" role=\"presentation\">\n<tbody>\n<tr>\n<th class=\"a-color-secondary a-size-base prodDetSectionEntry\">ASIN<\/th>\n<td class=\"a-size-base prodDetAttrValue\">B0CKPJXFG4<\/td>\n<\/tr>\n<tr>\n<th class=\"a-color-secondary a-size-base prodDetSectionEntry\">Avis des clients<\/th>\n<td class=\"a-size-base\">\n<div id=\"averageCustomerReviews\" data-asin=\"B0CKPJXFG4\" data-ref=\"dpx_acr_pop_\"><span class=\"a-declarative\" data-action=\"acrStarsLink-click-metrics\" data-acrstarslink-click-metrics=\"{}\"><span id=\"acrPopover\" class=\"reviewCountTextLinkedHistogram noUnderline\" title=\"4,5 sur 5 \u00e9toiles\"><a class=\"a-popover-trigger a-declarative\" role=\"button\"><span class=\"a-size-base a-color-base\">4.5\u00a0<\/span><i class=\"a-icon a-icon-star a-star-4-5 cm-cr-review-stars-spacing-big\"><span class=\"a-icon-alt\">4,5 sur 5 \u00e9toiles<\/span><\/i>\u00a0<i class=\"a-icon a-icon-popover\"><\/i><\/a>\u00a0\u00a0<\/span><\/span>\u00a0<span class=\"a-declarative\" data-action=\"acrLink-click-metrics\" data-acrlink-click-metrics=\"{}\"><a id=\"acrCustomerReviewLink\" class=\"a-link-normal\" href=\"https:\/\/www.amazon.com\/WELIDAY-Backpack-Compatible-PS5-Compartment\/dp\/B0CKPJXFG4\/ref=sr_1_14?dib=eyJ2IjoiMSJ9.2cYb2ixP8aVFF7PEyv0VVraiyRt5rc1CKpNDgs7Bb0JNc3Lecvgau92G9oWn7WE_KRZ-iYFGBktIVhJ6EZGV7N_YLAUjcqLIfj9m1S96qFcarOiayc3ILWICmuJWwiATCz9PaIGktIYf4Jq9jv1RPnHSSnsE1lt0zaygH951ueIvO4DFijj9QwCdFyg-vtkICDwa7i-czG32zoqmQH1WqLijyU2U9fusI2lgCGuQYtg.YWvL05sRuHGz2u153ObQyDOY2YG7Kt-A-C4BlnDqwF8&amp;dib_tag=se&amp;keywords=gaming%2Bbackpack&amp;qid=1739765805&amp;sr=8-14&amp;th=1#customerReviews\"><span id=\"acrCustomerReviewText\" class=\"a-size-base\">22 classements<\/span><\/a><\/span><\/div>\n<p>4,5 sur 5 \u00e9toiles<\/td>\n<\/tr>\n<tr>\n<th class=\"a-color-secondary a-size-base prodDetSectionEntry\">Classement des meilleures ventes<\/th>\n<td>#13.884 dans Jeux vid\u00e9o (<a href=\"https:\/\/www.amazon.com\/gp\/bestsellers\/videogames\/ref=pd_zg_ts_videogames\">Voir le Top 100 des jeux vid\u00e9o<\/a>)<br \/>\n#76 dans\u00a0<a href=\"https:\/\/www.amazon.com\/gp\/bestsellers\/videogames\/20972793011\/ref=pd_zg_hrsr_videogames\">\u00c9tuis pour PlayStation 5<\/a><\/td>\n<\/tr>\n<tr>\n<th class=\"a-color-secondary a-size-base prodDetSectionEntry\">Dimensions du produit<\/th>\n<td class=\"a-size-base prodDetAttrValue\">13,8 x 7,9 x 17,7 pouces ; 2,18 livres<\/td>\n<\/tr>\n<tr>\n<th class=\"a-color-secondary a-size-base prodDetSectionEntry\">Type d'article<\/th>\n<td class=\"a-size-base prodDetAttrValue\">Reliure inconnue<\/td>\n<\/tr>\n<tr>\n<th class=\"a-color-secondary a-size-base prodDetSectionEntry\">Num\u00e9ro de mod\u00e8le de l'article<\/th>\n<td class=\"a-size-base prodDetAttrValue\">Sac \u00e0 dos PS5<\/td>\n<\/tr>\n<tr>\n<th class=\"a-color-secondary a-size-base prodDetSectionEntry\">Poids de l'article<\/th>\n<td class=\"a-size-base prodDetAttrValue\">2.18 livres<\/td>\n<\/tr>\n<tr>\n<th class=\"a-color-secondary a-size-base prodDetSectionEntry\">D\u00e9partement<\/th>\n<td class=\"a-size-base prodDetAttrValue\">unisexe-adulte<\/td>\n<\/tr>\n<tr>\n<th class=\"a-color-secondary a-size-base prodDetSectionEntry\">Fabricant<\/th>\n<td class=\"a-size-base prodDetAttrValue\">WELIDAY<\/td>\n<\/tr>\n<tr>\n<th class=\"a-color-secondary a-size-base prodDetSectionEntry\">Date de mise \u00e0 disposition<\/th>\n<td class=\"a-size-base prodDetAttrValue\">8 octobre 2023<\/td>\n<\/tr>\n<tr>\n<th class=\"a-color-secondary a-size-base prodDetSectionEntry\">Tranche d'\u00e2ge Description<\/th>\n<td class=\"a-size-base prodDetAttrValue\">Adulte<\/td>\n<\/tr>\n<tr>\n<th class=\"a-color-secondary a-size-base prodDetSectionEntry\">Poids de l'article<\/th>\n<td class=\"a-size-base prodDetAttrValue\">0.99 Kilogrammes<\/td>\n<\/tr>\n<tr>\n<th class=\"a-color-secondary a-size-base prodDetSectionEntry\">Capacit\u00e9 totale<\/th>\n<td class=\"a-size-base prodDetAttrValue\">35 litres<\/td>\n<\/tr>\n<\/tbody>\n<\/table>\n<\/div>\n<\/div>\n<\/div>\n<\/div>","protected":false},"excerpt":{"rendered":"<p><strong>Compartiment de grande capacit\u00e9<\/strong>: Le sac \u00e0 dos de jeu WELIDAY a des dimensions de 14 X 8 X 18 pouces et des s\u00e9parations int\u00e9rieures r\u00e9glables qui vous permettent de personnaliser le compartiment d'organisation pour votre console. De plus, une pochette rembourr\u00e9e est disponible pour un ordinateur portable de 15,6 pouces ou un moniteur portable.<br \/>\n<strong>Plusieurs poches :<\/strong> Le sac \u00e0 dos pour console de jeu comprend une poche en filet et une poche ext\u00e9rieure zipp\u00e9e, ainsi qu'une grande poche frontale avec deux compartiments int\u00e9rieurs, une manette sans fil, des \u00e9couteurs, une souris de jeu, des c\u00e2bles, des chargeurs et bien d'autres choses encore. Des disques de jeu suppl\u00e9mentaires sont rang\u00e9s dans deux compartiments lat\u00e9raux.<br \/>\n<strong>Protection compl\u00e8te :<\/strong> Le tissu en nylon r\u00e9sistant est rempli de mousse renforc\u00e9e, ce qui offre un rembourrage suffisant pour prot\u00e9ger votre \u00e9quipement de valeur. Pour garantir la s\u00e9curit\u00e9 de votre console et de vos accessoires pendant le voyage, le mat\u00e9riau est \u00e0 la fois r\u00e9sistant aux rayures et \u00e0 l'eau.<\/p>\n<p><strong>Pratique \u00e0 transporter :<\/strong> Les bretelles ergonomiques, rembourr\u00e9es et r\u00e9glables att\u00e9nuent la fatigue pendant le transport. De plus, le rembourrage respirant sur la partie centrale contribue \u00e0 une exp\u00e9rience de voyage plus tranquille. Les PS5 \/ PS5 Slim \/ PS5 Pro \/ PS4 \/ Xbox One, entre autres, sont compatibles.<br \/>\n<strong>Excellent cadeau :<\/strong> La mallette de transport pour console de jeu WELIDAY est la solution parfaite pour votre prochaine soir\u00e9e de jeu, car elle comprend de nombreux compartiments de rangement pour accueillir tous vos accessoires de jeu. Un cadeau exceptionnel pour les amateurs de jeux, les coll\u00e8gues et la famille.<\/p>","protected":false},"featured_media":2261,"comment_status":"open","ping_status":"closed","template":"","meta":[],"product_brand":[],"product_cat":[69,57],"product_tag":[],"class_list":{"0":"post-2254","1":"product","2":"type-product","3":"status-publish","4":"has-post-thumbnail","6":"product_cat-gaming-backpacks","7":"product_cat-travel-gears","9":"first","10":"instock","11":"shipping-taxable","12":"purchasable","13":"product-type-simple"},"_links":{"self":[{"href":"https:\/\/vavcase.com\/fr\/wp-json\/wp\/v2\/product\/2254","targetHints":{"allow":["GET"]}}],"collection":[{"href":"https:\/\/vavcase.com\/fr\/wp-json\/wp\/v2\/product"}],"about":[{"href":"https:\/\/vavcase.com\/fr\/wp-json\/wp\/v2\/types\/product"}],"replies":[{"embeddable":true,"href":"https:\/\/vavcase.com\/fr\/wp-json\/wp\/v2\/comments?post=2254"}],"wp:featuredmedia":[{"embeddable":true,"href":"https:\/\/vavcase.com\/fr\/wp-json\/wp\/v2\/media\/2261"}],"wp:attachment":[{"href":"https:\/\/vavcase.com\/fr\/wp-json\/wp\/v2\/media?parent=2254"}],"wp:term":[{"taxonomy":"product_brand","embeddable":true,"href":"https:\/\/vavcase.com\/fr\/wp-json\/wp\/v2\/product_brand?post=2254"},{"taxonomy":"product_cat","embeddable":true,"href":"https:\/\/vavcase.com\/fr\/wp-json\/wp\/v2\/product_cat?post=2254"},{"taxonomy":"product_tag","embeddable":true,"href":"https:\/\/vavcase.com\/fr\/wp-json\/wp\/v2\/product_tag?post=2254"}],"curies":[{"name":"wp","href":"https:\/\/api.w.org\/{rel}","templated":true}]}}