{"id":2262,"date":"2025-02-17T04:44:03","date_gmt":"2025-02-17T04:44:03","guid":{"rendered":"https:\/\/vavcase.com\/?post_type=product&#038;p=2262"},"modified":"2025-02-17T04:44:03","modified_gmt":"2025-02-17T04:44:03","slug":"travel-backpack-for-ps5-protective-carrying-case-bag-for-17-3-laptop-controllers-game-discs-and-more-gaming-accessories-ps5-carrying-case-with-multiple-pockets","status":"publish","type":"product","link":"https:\/\/vavcase.com\/fr\/produit\/sac-a-dos-de-voyage-pour-ps5-sac-de-transport-protecteur-pour-17-3-ordinateur-portable-controleurs-disques-de-jeu-et-plus-accessoires-de-jeu-ps5-sac-de-transport-avec-plusieurs-poches\/","title":{"rendered":"Sac \u00e0 dos de voyage pour PS5, sacoche de protection pour ordinateur portable 17,3'', manettes, disques de jeu et autres accessoires de jeu, sacoche de transport pour PS5 avec poches multiples"},"content":{"rendered":"<h2>Informations sur le produit<\/h2>\n<div class=\"a-row a-spacing-top-base\">\n<div class=\"a-column a-span6\">\n<div class=\"a-row a-spacing-base\">\n<div class=\"a-section table-padding\">\n<table id=\"productDetails_detailBullets_sections1\" class=\"a-keyvalue prodDetTable\" role=\"presentation\">\n<tbody>\n<tr>\n<th class=\"a-color-secondary a-size-base prodDetSectionEntry\">Dimensions du produit<\/th>\n<td class=\"a-size-base prodDetAttrValue\">17.3\u2033L x 9\u2033W x 17.3\u2033H<\/td>\n<\/tr>\n<tr>\n<th class=\"a-color-secondary a-size-base prodDetSectionEntry\">Poids de l'article<\/th>\n<td class=\"a-size-base prodDetAttrValue\">0.99 Kilogrammes<\/td>\n<\/tr>\n<tr>\n<th class=\"a-color-secondary a-size-base prodDetSectionEntry\">Type d'enveloppe<\/th>\n<td class=\"a-size-base prodDetAttrValue\">Douceur<\/td>\n<\/tr>\n<tr>\n<th class=\"a-color-secondary a-size-base prodDetSectionEntry\">Type de fermeture<\/th>\n<td class=\"a-size-base prodDetAttrValue\">Fermeture \u00e0 glissi\u00e8re<\/td>\n<\/tr>\n<tr>\n<th class=\"a-color-secondary a-size-base prodDetSectionEntry\">Nombre de compartiments<\/th>\n<td class=\"a-size-base prodDetAttrValue\">4<\/td>\n<\/tr>\n<tr>\n<th class=\"a-color-secondary a-size-base prodDetSectionEntry\">Description de la poche<\/th>\n<td class=\"a-size-base prodDetAttrValue\">Poche zipp\u00e9e<\/td>\n<\/tr>\n<tr>\n<th class=\"a-color-secondary a-size-base prodDetSectionEntry\">Type de sangle<\/th>\n<td class=\"a-size-base prodDetAttrValue\">Sangle de sac \u00e0 dos<\/td>\n<\/tr>\n<tr>\n<th class=\"a-color-secondary a-size-base prodDetSectionEntry\">Fabricant<\/th>\n<td class=\"a-size-base prodDetAttrValue\">GOTECH<\/td>\n<\/tr>\n<tr>\n<th class=\"a-color-secondary a-size-base prodDetSectionEntry\">ASIN<\/th>\n<td class=\"a-size-base prodDetAttrValue\">B0CJQX1LWD<\/td>\n<\/tr>\n<tr>\n<th class=\"a-color-secondary a-size-base prodDetSectionEntry\">Avis des clients<\/th>\n<td class=\"a-size-base\">\n<div id=\"averageCustomerReviews\" data-asin=\"B0CJQX1LWD\" data-ref=\"dpx_acr_pop_\"><span class=\"a-declarative\" data-action=\"acrStarsLink-click-metrics\" data-acrstarslink-click-metrics=\"{}\"><span id=\"acrPopover\" class=\"reviewCountTextLinkedHistogram noUnderline\" title=\"4,5 sur 5 \u00e9toiles\"><a class=\"a-popover-trigger a-declarative\" role=\"button\"><span class=\"a-size-base a-color-base\">4.5\u00a0<\/span><i class=\"a-icon a-icon-star a-star-4-5 cm-cr-review-stars-spacing-big\"><span class=\"a-icon-alt\">4,5 sur 5 \u00e9toiles<\/span><\/i>\u00a0<i class=\"a-icon a-icon-popover\"><\/i><\/a>\u00a0\u00a0<\/span><\/span>\u00a0<span class=\"a-declarative\" data-action=\"acrLink-click-metrics\" data-acrlink-click-metrics=\"{}\"><a id=\"acrCustomerReviewLink\" class=\"a-link-normal\" href=\"https:\/\/www.amazon.com\/Backpack-Protective-Controllers-Accessories-playstation-5\/dp\/B0CJQX1LWD\/ref=sr_1_19?dib=eyJ2IjoiMSJ9.2cYb2ixP8aVFF7PEyv0VVraiyRt5rc1CKpNDgs7Bb0JNc3Lecvgau92G9oWn7WE_KRZ-iYFGBktIVhJ6EZGV7N_YLAUjcqLIfj9m1S96qFcarOiayc3ILWICmuJWwiATCz9PaIGktIYf4Jq9jv1RPnHSSnsE1lt0zaygH951ueIvO4DFijj9QwCdFyg-vtkICDwa7i-czG32zoqmQH1WqLijyU2U9fusI2lgCGuQYtg.YWvL05sRuHGz2u153ObQyDOY2YG7Kt-A-C4BlnDqwF8&amp;dib_tag=se&amp;keywords=gaming+backpack&amp;qid=1739765805&amp;sr=8-19#customerReviews\"><span id=\"acrCustomerReviewText\" class=\"a-size-base\">89 appr\u00e9ciations<\/span><\/a><\/span><\/div>\n<p>4,5 sur 5 \u00e9toiles<\/td>\n<\/tr>\n<tr>\n<th class=\"a-color-secondary a-size-base prodDetSectionEntry\">Classement des meilleures ventes<\/th>\n<td>#1 386 dans Jeux vid\u00e9o (<a href=\"https:\/\/www.amazon.com\/gp\/bestsellers\/videogames\/ref=pd_zg_ts_videogames\">Voir le Top 100 des jeux vid\u00e9o<\/a>)<br \/>\n#2 dans\u00a0<a href=\"https:\/\/www.amazon.com\/gp\/bestsellers\/videogames\/20972793011\/ref=pd_zg_hrsr_videogames\">\u00c9tuis pour PlayStation 5<\/a><\/td>\n<\/tr>\n<tr>\n<th class=\"a-color-secondary a-size-base prodDetSectionEntry\">Type d'article<\/th>\n<td class=\"a-size-base prodDetAttrValue\">Bagages<\/td>\n<\/tr>\n<tr>\n<th class=\"a-color-secondary a-size-base prodDetSectionEntry\">Num\u00e9ro de mod\u00e8le de l'article<\/th>\n<td class=\"a-size-base prodDetAttrValue\">011<\/td>\n<\/tr>\n<tr>\n<th class=\"a-color-secondary a-size-base prodDetSectionEntry\">Poids de l'article<\/th>\n<td class=\"a-size-base prodDetAttrValue\">2.18 livres<\/td>\n<\/tr>\n<tr>\n<th class=\"a-color-secondary a-size-base prodDetSectionEntry\">D\u00e9partement<\/th>\n<td class=\"a-size-base prodDetAttrValue\">Unisexe Adulte<\/td>\n<\/tr>\n<tr>\n<th class=\"a-color-secondary a-size-base prodDetSectionEntry\">Date de mise \u00e0 disposition<\/th>\n<td class=\"a-size-base prodDetAttrValue\">15 d\u00e9cembre 2023<\/td>\n<\/tr>\n<\/tbody>\n<\/table>\n<\/div>\n<\/div>\n<\/div>\n<\/div>","protected":false},"excerpt":{"rendered":"<p><strong>Design de rangement multifonctionnel :<\/strong> Le sac \u00e0 dos PlayStation 5 comporte quatre compartiments principaux. Les deux compartiments s\u00e9par\u00e9s \u00e0 l'int\u00e9rieur peuvent accueillir une console PlayStation 5 et un ordinateur portable de 17,3 pouces. La poche sup\u00e9rieure avant est con\u00e7ue pour accueillir les disques PS5, tandis que la grande poche inf\u00e9rieure avant peut accueillir deux manettes PS5, des c\u00e2bles de donn\u00e9es et des c\u00e2bles de charge. En outre, le sac de voyage PS5 est dot\u00e9 de deux poches lat\u00e9rales pouvant accueillir de petits objets, notamment des cl\u00e9s et des t\u00e9l\u00e9phones.Dimensions : 13 pouces par 9 pouces par 17,3 pouces.<br \/>\n<strong>Protection sup\u00e9rieure :<\/strong> La sacoche de transport de la PS5 est con\u00e7ue avec un rembourrage dense qui emp\u00eache les rayures et absorbe les chocs. La console est s\u00e9curis\u00e9e et prot\u00e9g\u00e9e contre les collisions et les impacts par un s\u00e9parateur substantiel et ajustable dans le compartiment principal. En outre, les compartiments pour ordinateur portable et pour manettes sont \u00e9quip\u00e9s d'une doublure matelass\u00e9e pour prot\u00e9ger vos accessoires de jeu.<br \/>\n<strong>R\u00e9sistant \u00e0 l'eau et facile \u00e0 nettoyer<\/strong>: La surface de cet \u00e9tui de transport pour PS5 est r\u00e9sistante aux rayures, \u00e0 l'eau, \u00e0 l'usure et \u00e0 l'eau gr\u00e2ce \u00e0 la fermeture \u00e0 glissi\u00e8re haute densit\u00e9 et au mat\u00e9riau en nylon durable et r\u00e9sistant aux d\u00e9chirures. Par cons\u00e9quent, ce sac \u00e0 dos de rangement pour jeux vid\u00e9o convient aussi bien \u00e0 une utilisation quotidienne qu'\u00e0 une utilisation en voyage.<\/p>\n<p><strong>Sac \u00e0 dos de voyage pratique :<\/strong> Gr\u00e2ce \u00e0 ses bretelles confortables et \u00e0 sa grande capacit\u00e9 de rangement, ce sac \u00e0 dos convient \u00e9galement au transport des articles de voyage essentiels, tels que les v\u00eatements, les ordinateurs portables, les appareils photo, les banques d'alimentation, les c\u00e2bles et les passeports.<br \/>\nService consommateurs : Si vous avez des questions, n'h\u00e9sitez pas \u00e0 nous contacter. GOTECH s'engage \u00e0 fournir un service de la plus haute qualit\u00e9. 24 heures sur 24 !<\/p>\n<p>CET ARTICLE N'EST PAS CON\u00c7U POUR \u00caTRE UTILIS\u00c9 PAR DES ENFANTS DE MOINS DE 12 ANS.<\/p>","protected":false},"featured_media":2269,"comment_status":"open","ping_status":"closed","template":"","meta":[],"product_brand":[],"product_cat":[69,57],"product_tag":[],"class_list":{"0":"post-2262","1":"product","2":"type-product","3":"status-publish","4":"has-post-thumbnail","6":"product_cat-gaming-backpacks","7":"product_cat-travel-gears","9":"first","10":"instock","11":"shipping-taxable","12":"purchasable","13":"product-type-simple"},"_links":{"self":[{"href":"https:\/\/vavcase.com\/fr\/wp-json\/wp\/v2\/product\/2262","targetHints":{"allow":["GET"]}}],"collection":[{"href":"https:\/\/vavcase.com\/fr\/wp-json\/wp\/v2\/product"}],"about":[{"href":"https:\/\/vavcase.com\/fr\/wp-json\/wp\/v2\/types\/product"}],"replies":[{"embeddable":true,"href":"https:\/\/vavcase.com\/fr\/wp-json\/wp\/v2\/comments?post=2262"}],"wp:featuredmedia":[{"embeddable":true,"href":"https:\/\/vavcase.com\/fr\/wp-json\/wp\/v2\/media\/2269"}],"wp:attachment":[{"href":"https:\/\/vavcase.com\/fr\/wp-json\/wp\/v2\/media?parent=2262"}],"wp:term":[{"taxonomy":"product_brand","embeddable":true,"href":"https:\/\/vavcase.com\/fr\/wp-json\/wp\/v2\/product_brand?post=2262"},{"taxonomy":"product_cat","embeddable":true,"href":"https:\/\/vavcase.com\/fr\/wp-json\/wp\/v2\/product_cat?post=2262"},{"taxonomy":"product_tag","embeddable":true,"href":"https:\/\/vavcase.com\/fr\/wp-json\/wp\/v2\/product_tag?post=2262"}],"curies":[{"name":"wp","href":"https:\/\/api.w.org\/{rel}","templated":true}]}}