{"id":2270,"date":"2025-02-17T04:48:47","date_gmt":"2025-02-17T04:48:47","guid":{"rendered":"https:\/\/vavcase.com\/?post_type=product&#038;p=2270"},"modified":"2025-02-17T04:48:47","modified_gmt":"2025-02-17T04:48:47","slug":"gaming-backpack-for-ps5-protective-travel-carrying-case-compatible-with-playstation-5-console","status":"publish","type":"product","link":"https:\/\/vavcase.com\/fr\/produit\/sac-a-dos-de-jeu-pour-ps5-valise-de-transport-et-de-protection-compatible-avec-la-console-playstation-5\/","title":{"rendered":"Sac \u00e0 dos de jeu pour PS5, \u00e9tui de voyage protecteur compatible avec la console Playstation 5"},"content":{"rendered":"<h2>Informations sur le produit<\/h2>\n<div class=\"a-row a-spacing-top-base\">\n<div class=\"a-column a-span6\">\n<div class=\"a-row a-spacing-base\">\n<div class=\"a-section table-padding\">\n<table id=\"productDetails_detailBullets_sections1\" class=\"a-keyvalue prodDetTable\" role=\"presentation\">\n<tbody>\n<tr>\n<th class=\"a-color-secondary a-size-base prodDetSectionEntry\">Dimensions de l'emballage<\/th>\n<td class=\"a-size-base prodDetAttrValue\">16.75 x 12.12 x 3 pouces<\/td>\n<\/tr>\n<tr>\n<th class=\"a-color-secondary a-size-base prodDetSectionEntry\">Poids de l'article<\/th>\n<td class=\"a-size-base prodDetAttrValue\">2.49 livres<\/td>\n<\/tr>\n<tr>\n<th class=\"a-color-secondary a-size-base prodDetSectionEntry\">D\u00e9partement<\/th>\n<td class=\"a-size-base prodDetAttrValue\">unisexe-adulte<\/td>\n<\/tr>\n<tr>\n<th class=\"a-color-secondary a-size-base prodDetSectionEntry\">ASIN<\/th>\n<td class=\"a-size-base prodDetAttrValue\">B0D7PXT65S<\/td>\n<\/tr>\n<tr>\n<th class=\"a-color-secondary a-size-base prodDetSectionEntry\">Num\u00e9ro de mod\u00e8le de l'article<\/th>\n<td class=\"a-size-base prodDetAttrValue\">GP001<\/td>\n<\/tr>\n<tr>\n<th class=\"a-color-secondary a-size-base prodDetSectionEntry\">Avis des clients<\/th>\n<td class=\"a-size-base\">\n<div id=\"averageCustomerReviews\" data-asin=\"B0D7PXT65S\" data-ref=\"dpx_acr_pop_\"><span class=\"a-declarative\" data-action=\"acrStarsLink-click-metrics\" data-acrstarslink-click-metrics=\"{}\"><span id=\"acrPopover\" class=\"reviewCountTextLinkedHistogram noUnderline\" title=\"4,5 sur 5 \u00e9toiles\"><a class=\"a-popover-trigger a-declarative\" role=\"button\"><span class=\"a-size-base a-color-base\">4.5\u00a0<\/span><i class=\"a-icon a-icon-star a-star-4-5 cm-cr-review-stars-spacing-big\"><span class=\"a-icon-alt\">4,5 sur 5 \u00e9toiles<\/span><\/i>\u00a0<i class=\"a-icon a-icon-popover\"><\/i><\/a>\u00a0\u00a0<\/span><\/span>\u00a0<span class=\"a-declarative\" data-action=\"acrLink-click-metrics\" data-acrlink-click-metrics=\"{}\"><a id=\"acrCustomerReviewLink\" class=\"a-link-normal\" href=\"https:\/\/www.amazon.com\/GDNasist-Protective-Compatible-Playstation-Accessories\/dp\/B0D7PXT65S\/ref=sr_1_25?dib=eyJ2IjoiMSJ9.U0_eyfkd-nHjDPSuopxFo6MtYovHhLJjN-kLCnl9XfFJfzm3f_PHsrS8CX9vASBTr5b8jhKXrj50ghwQtmoAq77jKph_qKjiXrOvllmreHJGe9Ah8vm4g8rTdmZB5WdGb3hKnUoGZEndkP4c9yePpRurWOnsHDXx4L_B-rXVdwK3EIA2V9JziZtLlizP3HXI_nlklrg0ftkhqU3NtBXQh9mL9lzEMTvVxMvD6nm4Ou4.LIwGl8G3jIYIP6myfvzo2ESpieJCyh0yc6PMbya6i1A&amp;dib_tag=se&amp;keywords=gaming+backpack&amp;qid=1739765928&amp;sr=8-25&amp;xpid=3OdwwBbnjcIfI#customerReviews\"><span id=\"acrCustomerReviewText\" class=\"a-size-base\">30 notes<\/span><\/a><\/span><\/div>\n<p>4,5 sur 5 \u00e9toiles<\/td>\n<\/tr>\n<tr>\n<th class=\"a-color-secondary a-size-base prodDetSectionEntry\">Classement des meilleures ventes<\/th>\n<td>#17.861 dans Jeux vid\u00e9o (<a href=\"https:\/\/www.amazon.com\/gp\/bestsellers\/videogames\/ref=pd_zg_ts_videogames\">Voir le Top 100 des jeux vid\u00e9o<\/a>)<br \/>\n#111 dans\u00a0<a href=\"https:\/\/www.amazon.com\/gp\/bestsellers\/videogames\/20972793011\/ref=pd_zg_hrsr_videogames\">\u00c9tuis pour PlayStation 5<\/a><\/td>\n<\/tr>\n<tr>\n<th class=\"a-color-secondary a-size-base prodDetSectionEntry\">Tranche d'\u00e2ge Description<\/th>\n<td class=\"a-size-base prodDetAttrValue\">Adolescents, Adultes<\/td>\n<\/tr>\n<\/tbody>\n<\/table>\n<\/div>\n<\/div>\n<\/div>\n<\/div>","protected":false},"excerpt":{"rendered":"<p><strong>Con\u00e7u pour les jeux :<\/strong> Notre sac \u00e0 dos PS5 est dot\u00e9 de cinq compartiments et d'une tr\u00e8s grande capacit\u00e9 de rangement. La console PS5, l'ordinateur portable de 15,6 pouces et l'\u00e9cran portable peuvent \u00eatre rang\u00e9s dans le premier compartiment, tandis que les \u00e9couteurs et les deux manettes peuvent \u00eatre plac\u00e9s dans le deuxi\u00e8me compartiment. Les disques Nintendo et les jeux peuvent \u00eatre rang\u00e9s dans le compartiment avant. La r\u00e9partition des t\u00e2ches est \u00e9vidente dans les deux compartiments lat\u00e9raux, l'un \u00e9tant destin\u00e9 au rangement des c\u00e2bles de donn\u00e9es et d'autres objets. L'autre sert \u00e0 ranger les petits objets, notamment les banques d'alimentation et les chargeurs de poign\u00e9e.<br \/>\n<strong>Protection compl\u00e8te :<\/strong> Le compartiment principal est dot\u00e9 d'une protection int\u00e9grale. La console PS5 est solidement fix\u00e9e dans le compartiment principal par deux \u00e9ponges envelopp\u00e9es dans un mat\u00e9riau souple. Un coussin de protection extra-\u00e9pais et amovible se trouve au bas de la console PS5 pour la prot\u00e9ger des rayures et des chocs. La zone environnante est remplie de mousse extra-\u00e9paisse.<br \/>\n<strong>Organisation sens\u00e9e :<\/strong> Chaque compartiment a une fonction distincte. La console PS5, les \u00e9couteurs, la manette PS5 et les autres accessoires doivent \u00eatre rang\u00e9s s\u00e9par\u00e9ment afin de les prot\u00e9ger des rayures et des chocs.<\/p>\n<p><strong>Plus qu'un simple sac \u00e0 dos pour PS5 :<\/strong> Notre sac pour PS5 est con\u00e7u avec un espace suppl\u00e9mentaire et des bretelles confortables, ce qui permet de l'utiliser comme sac \u00e0 dos de voyage pour les v\u00eatements, les ordinateurs portables, les appareils photo, les chargeurs et d'autres articles de voyage essentiels.<br \/>\n<strong>Pratique et confortable \u00e0 transporter :<\/strong> Notre sac de voyage pour PS5 est dot\u00e9 d'une sangle de transport sup\u00e9rieure, d'une sangle de bagage et de bretelles \u00e9paisses et respirantes, ce qui garantit un transport ais\u00e9.<\/p>","protected":false},"featured_media":2277,"comment_status":"open","ping_status":"closed","template":"","meta":[],"product_brand":[],"product_cat":[69,57],"product_tag":[],"class_list":{"0":"post-2270","1":"product","2":"type-product","3":"status-publish","4":"has-post-thumbnail","6":"product_cat-gaming-backpacks","7":"product_cat-travel-gears","9":"first","10":"instock","11":"shipping-taxable","12":"purchasable","13":"product-type-simple"},"_links":{"self":[{"href":"https:\/\/vavcase.com\/fr\/wp-json\/wp\/v2\/product\/2270","targetHints":{"allow":["GET"]}}],"collection":[{"href":"https:\/\/vavcase.com\/fr\/wp-json\/wp\/v2\/product"}],"about":[{"href":"https:\/\/vavcase.com\/fr\/wp-json\/wp\/v2\/types\/product"}],"replies":[{"embeddable":true,"href":"https:\/\/vavcase.com\/fr\/wp-json\/wp\/v2\/comments?post=2270"}],"wp:featuredmedia":[{"embeddable":true,"href":"https:\/\/vavcase.com\/fr\/wp-json\/wp\/v2\/media\/2277"}],"wp:attachment":[{"href":"https:\/\/vavcase.com\/fr\/wp-json\/wp\/v2\/media?parent=2270"}],"wp:term":[{"taxonomy":"product_brand","embeddable":true,"href":"https:\/\/vavcase.com\/fr\/wp-json\/wp\/v2\/product_brand?post=2270"},{"taxonomy":"product_cat","embeddable":true,"href":"https:\/\/vavcase.com\/fr\/wp-json\/wp\/v2\/product_cat?post=2270"},{"taxonomy":"product_tag","embeddable":true,"href":"https:\/\/vavcase.com\/fr\/wp-json\/wp\/v2\/product_tag?post=2270"}],"curies":[{"name":"wp","href":"https:\/\/api.w.org\/{rel}","templated":true}]}}