{"id":2278,"date":"2025-02-17T04:53:55","date_gmt":"2025-02-17T04:53:55","guid":{"rendered":"https:\/\/vavcase.com\/?post_type=product&#038;p=2278"},"modified":"2026-02-21T02:23:19","modified_gmt":"2026-02-21T02:23:19","slug":"trunab-gaming-console-backpack-compatible-with-playstation-5-ps5-slim-ps4-xbox-one-travel-carrying-bag","status":"publish","type":"product","link":"https:\/\/vavcase.com\/fr\/produit\/trunab-sac-a-dos-pour-console-de-jeux-compatible-avec-playstation-5-ps5-slim-ps4-xbox-one-sac-de-transport-de-voyage\/","title":{"rendered":"Trunab Gaming Console Backpack Compatible avec Playstation 5 \/ PS5 Slim \/ PS4 \/ Xbox One, Travel Carrying Bag"},"content":{"rendered":"<h2>Informations sur le produit<\/h2>\n<div class=\"a-row a-spacing-top-base\">\n<div class=\"a-column a-span6\">\n<div class=\"a-row a-spacing-base\">\n<div class=\"a-section table-padding\">\n<table id=\"productDetails_detailBullets_sections1\" class=\"a-keyvalue prodDetTable\" role=\"presentation\">\n<tbody>\n<tr>\n<th class=\"a-color-secondary a-size-base prodDetSectionEntry\">Mod\u00e8le<\/th>\n<td class=\"a-size-base prodDetAttrValue\">Solide<\/td>\n<\/tr>\n<tr>\n<th class=\"a-color-secondary a-size-base prodDetSectionEntry\">Poids de l'article<\/th>\n<td class=\"a-size-base prodDetAttrValue\">0,83 kilogramme<\/td>\n<\/tr>\n<tr>\n<th class=\"a-color-secondary a-size-base prodDetSectionEntry\">Type d'enveloppe<\/th>\n<td class=\"a-size-base prodDetAttrValue\">Douceur<\/td>\n<\/tr>\n<tr>\n<th class=\"a-color-secondary a-size-base prodDetSectionEntry\">Type de fermeture<\/th>\n<td class=\"a-size-base prodDetAttrValue\">Fermeture \u00e0 glissi\u00e8re<\/td>\n<\/tr>\n<tr>\n<th class=\"a-color-secondary a-size-base prodDetSectionEntry\">Nombre de compartiments<\/th>\n<td class=\"a-size-base prodDetAttrValue\">6<\/td>\n<\/tr>\n<tr>\n<th class=\"a-color-secondary a-size-base prodDetSectionEntry\">Description de la poche<\/th>\n<td class=\"a-size-base prodDetAttrValue\">Poche zipp\u00e9e<\/td>\n<\/tr>\n<tr>\n<th class=\"a-color-secondary a-size-base prodDetSectionEntry\">Type de sangle<\/th>\n<td class=\"a-size-base prodDetAttrValue\">Bretelles r\u00e9glables et rembourr\u00e9es<\/td>\n<\/tr>\n<tr>\n<th class=\"a-color-secondary a-size-base prodDetSectionEntry\">Dimensions du produit<\/th>\n<td class=\"a-size-base prodDetAttrValue\">12,6 x 7,9 x 17,7 pouces<\/td>\n<\/tr>\n<tr>\n<th class=\"a-color-secondary a-size-base prodDetSectionEntry\">Poids de l'article<\/th>\n<td class=\"a-size-base prodDetAttrValue\">1.83 livres<\/td>\n<\/tr>\n<tr>\n<th class=\"a-color-secondary a-size-base prodDetSectionEntry\">ASIN<\/th>\n<td class=\"a-size-base prodDetAttrValue\">B0957962QX<\/td>\n<\/tr>\n<tr>\n<th class=\"a-color-secondary a-size-base prodDetSectionEntry\">Num\u00e9ro de mod\u00e8le de l'article<\/th>\n<td class=\"a-size-base prodDetAttrValue\">TN04401<\/td>\n<\/tr>\n<tr>\n<th class=\"a-color-secondary a-size-base prodDetSectionEntry\">Avis des clients<\/th>\n<td class=\"a-size-base\">\n<div id=\"averageCustomerReviews\" data-asin=\"B0957962QX\" data-ref=\"dpx_acr_pop_\"><span class=\"a-declarative\" data-action=\"acrStarsLink-click-metrics\" data-acrstarslink-click-metrics=\"{}\"><span id=\"acrPopover\" class=\"reviewCountTextLinkedHistogram noUnderline\" title=\"4,8 sur 5 \u00e9toiles\"><a class=\"a-popover-trigger a-declarative\" role=\"button\"><span class=\"a-size-base a-color-base\">4.8\u00a0<\/span><i class=\"a-icon a-icon-star a-star-5 cm-cr-review-stars-spacing-big\"><span class=\"a-icon-alt\">4,8 sur 5 \u00e9toiles<\/span><\/i>\u00a0<i class=\"a-icon a-icon-popover\"><\/i><\/a>\u00a0\u00a0<\/span><\/span>\u00a0<span class=\"a-declarative\" data-action=\"acrLink-click-metrics\" data-acrlink-click-metrics=\"{}\"><a id=\"acrCustomerReviewLink\" class=\"a-link-normal\" href=\"https:\/\/www.amazon.com\/Backpack-Compatible-Carrying-Accessories-playstation-5\/dp\/B0957962QX\/ref=sr_1_46?dib=eyJ2IjoiMSJ9.F_YP9AUcVNhAGzceV___KfdT22j2Tz3JviE5MUusF0AooNQYOGbh7pVsca8qs9vA2LzI2OqaYIMt7VhmwI0fzsYGopsvPrJX96UI62L2ab5hfcJwWTseOtVTUJ0B6HQfafx_IIPnUZnkQZNcx6SaJitpau0nbtQ2pm1hSjLGlZ6eZuZOwgg6jUa-Il253rCdWVVkCYJgTDfd5f9Jp1welbB67f6uaZ4PozR1Y42phxA.QG-Wno98l_4ot7mjLy7_B4mMo1oELJ4047Gql4vtKVA&amp;dib_tag=se&amp;keywords=gaming%2Bbackpack&amp;qid=1739767756&amp;sr=8-46&amp;xpid=3OdwwBbnjcIfI&amp;th=1#customerReviews\"><span id=\"acrCustomerReviewText\" class=\"a-size-base\">1 066 \u00e9valuations<\/span><\/a><\/span><\/div>\n<p>4,8 sur 5 \u00e9toiles<\/td>\n<\/tr>\n<tr>\n<th class=\"a-color-secondary a-size-base prodDetSectionEntry\">Classement des meilleures ventes<\/th>\n<td>#21 544 dans Jeux vid\u00e9o (<a href=\"https:\/\/www.amazon.com\/gp\/bestsellers\/videogames\/ref=pd_zg_ts_videogames\">Voir le Top 100 des jeux vid\u00e9o<\/a>)<br \/>\n#130 dans\u00a0<a href=\"https:\/\/www.amazon.com\/gp\/bestsellers\/videogames\/20972793011\/ref=pd_zg_hrsr_videogames\">\u00c9tuis pour PlayStation 5<\/a><br \/>\n#2,600 en\u00a0<a href=\"https:\/\/www.amazon.com\/gp\/bestsellers\/videogames\/6427814011\/ref=pd_zg_hrsr_videogames\">Jeux, consoles et accessoires PlayStation 4<\/a><\/td>\n<\/tr>\n<\/tbody>\n<\/table>\n<\/div>\n<\/div>\n<\/div>\n<\/div>","protected":false},"excerpt":{"rendered":"<p><strong>GRAND COMPARTIMENT :<\/strong> La pochette d'organisation pour votre console peut \u00eatre personnalis\u00e9e gr\u00e2ce \u00e0 des s\u00e9parateurs int\u00e9rieurs r\u00e9glables. En outre, une pochette rembourr\u00e9e est disponible pour un moniteur portable ou un ordinateur portable de 15,6 pouces.<br \/>\n<strong>PLUSIEURS POCHES :<\/strong> Une grande poche frontale avec deux petites poches int\u00e9rieures et une poche en filet pour les casques, les souris de jeu, les disques de jeu, les c\u00e2bles, les chargeurs et autres objets. Deux poches lat\u00e9rales offrent une capacit\u00e9 de rangement suppl\u00e9mentaire.<br \/>\n<strong>BON PRODUIT :<\/strong> Notre sac \u00e0 dos est fabriqu\u00e9 en nylon robuste et r\u00e9sistant aux d\u00e9chirures et comporte un int\u00e9rieur rembourr\u00e9 en mousse PE, qui prot\u00e8ge efficacement votre console et vos accessoires.<\/p>\n<p><strong>PRATIQUE \u00c0 TRANSPORTER :<\/strong> Les harnais ergonomiques et rembourr\u00e9s sont r\u00e9glables pour r\u00e9duire la fatigue pendant le transport. De plus, le rembourrage respirant de la partie centrale contribue \u00e0 une exp\u00e9rience de voyage plus tranquille.<br \/>\nDimensions : 12,6 pouces par 7,9 pouces par 17,7 pouces. Id\u00e9al pour ranger et pr\u00e9server votre appareil de jeu. Transportez simplement votre jeu pr\u00e9f\u00e9r\u00e9 avec notre sac \u00e0 dos et participez \u00e0 des jeux multijoueurs avec vos amis.<\/p>\n<p>&nbsp;<\/p>","protected":false},"featured_media":2285,"comment_status":"open","ping_status":"closed","template":"","meta":[],"product_brand":[],"product_cat":[69,57],"product_tag":[],"class_list":{"0":"post-2278","1":"product","2":"type-product","3":"status-publish","4":"has-post-thumbnail","6":"product_cat-gaming-backpacks","7":"product_cat-travel-gears","9":"first","10":"instock","11":"shipping-taxable","12":"purchasable","13":"product-type-simple"},"_links":{"self":[{"href":"https:\/\/vavcase.com\/fr\/wp-json\/wp\/v2\/product\/2278","targetHints":{"allow":["GET"]}}],"collection":[{"href":"https:\/\/vavcase.com\/fr\/wp-json\/wp\/v2\/product"}],"about":[{"href":"https:\/\/vavcase.com\/fr\/wp-json\/wp\/v2\/types\/product"}],"replies":[{"embeddable":true,"href":"https:\/\/vavcase.com\/fr\/wp-json\/wp\/v2\/comments?post=2278"}],"wp:featuredmedia":[{"embeddable":true,"href":"https:\/\/vavcase.com\/fr\/wp-json\/wp\/v2\/media\/2285"}],"wp:attachment":[{"href":"https:\/\/vavcase.com\/fr\/wp-json\/wp\/v2\/media?parent=2278"}],"wp:term":[{"taxonomy":"product_brand","embeddable":true,"href":"https:\/\/vavcase.com\/fr\/wp-json\/wp\/v2\/product_brand?post=2278"},{"taxonomy":"product_cat","embeddable":true,"href":"https:\/\/vavcase.com\/fr\/wp-json\/wp\/v2\/product_cat?post=2278"},{"taxonomy":"product_tag","embeddable":true,"href":"https:\/\/vavcase.com\/fr\/wp-json\/wp\/v2\/product_tag?post=2278"}],"curies":[{"name":"wp","href":"https:\/\/api.w.org\/{rel}","templated":true}]}}