{"id":2286,"date":"2025-02-17T05:22:37","date_gmt":"2025-02-17T05:22:37","guid":{"rendered":"https:\/\/vavcase.com\/?post_type=product&#038;p=2286"},"modified":"2025-02-17T05:22:37","modified_gmt":"2025-02-17T05:22:37","slug":"portable-monitor-case-15-6-inch-protective-carrying-sleeve","status":"publish","type":"product","link":"https:\/\/vavcase.com\/fr\/produit\/housse-de-transport-protectrice-pour-moniteur-portable-15-6-pouces\/","title":{"rendered":"\u00c9tui pour moniteur portable 15,6 pouces, housse de transport protectrice"},"content":{"rendered":"<h2>Informations sur le produit<\/h2>\n<div class=\"a-row a-spacing-top-base\">\n<div class=\"a-column a-span6\">\n<div class=\"a-row a-spacing-base\">\n<div class=\"a-section table-padding\">\n<table id=\"productDetails_detailBullets_sections1\" class=\"a-keyvalue prodDetTable\" role=\"presentation\">\n<tbody>\n<tr>\n<th class=\"a-color-secondary a-size-base prodDetSectionEntry\">Type de sangle<\/th>\n<td class=\"a-size-base prodDetAttrValue\">Amovible<\/td>\n<\/tr>\n<tr>\n<th class=\"a-color-secondary a-size-base prodDetSectionEntry\">Dimensions du produit<\/th>\n<td class=\"a-size-base prodDetAttrValue\">14,56 x 14,56 x 0,78 pouces<\/td>\n<\/tr>\n<tr>\n<th class=\"a-color-secondary a-size-base prodDetSectionEntry\">Poids de l'article<\/th>\n<td class=\"a-size-base prodDetAttrValue\">7,4 onces<\/td>\n<\/tr>\n<tr>\n<th class=\"a-color-secondary a-size-base prodDetSectionEntry\">ASIN<\/th>\n<td class=\"a-size-base prodDetAttrValue\">B0D2RJM4MX<\/td>\n<\/tr>\n<tr>\n<th class=\"a-color-secondary a-size-base prodDetSectionEntry\">Avis des clients<\/th>\n<td class=\"a-size-base\">\n<div id=\"averageCustomerReviews\" data-asin=\"B0D2RJM4MX\" data-ref=\"dpx_acr_pop_\"><span class=\"a-declarative\" data-action=\"acrStarsLink-click-metrics\" data-acrstarslink-click-metrics=\"{}\"><span id=\"acrPopover\" class=\"reviewCountTextLinkedHistogram noUnderline\" title=\"5.0 sur 5 \u00e9toiles\"><a class=\"a-popover-trigger a-declarative\" role=\"button\"><span class=\"a-size-base a-color-base\">5.0\u00a0<\/span><i class=\"a-icon a-icon-star a-star-5 cm-cr-review-stars-spacing-big\"><span class=\"a-icon-alt\">5.0 sur 5 \u00e9toiles<\/span><\/i>\u00a0<i class=\"a-icon a-icon-popover\"><\/i><\/a>\u00a0\u00a0<\/span><\/span>\u00a0<span class=\"a-declarative\" data-action=\"acrLink-click-metrics\" data-acrlink-click-metrics=\"{}\"><a id=\"acrCustomerReviewLink\" class=\"a-link-normal\" href=\"https:\/\/www.amazon.com\/Portable-Protective-Carrying-ViewSonic-Zenscreen\/dp\/B0D2RJM4MX\/ref=sr_1_8?crid=3KMYEBCYJYUP4&amp;dib=eyJ2IjoiMSJ9.IAwYEw1Asn9foZq95cSg95Fywhy9aUSmFtcnh1V8LJH1HdVPxxmAG6-acTtGwwnzdsFUq6MTenw60UZ4EjLTbTxVJZUgOnRgCVUJcqIVxfd0D8qwrCZ48tLAvclD9sb57JAi2Kt4sFdIamm7rAYFae3W9ovBLW0eFBn5ITqeUkY9Ew9fFHXG36HV9LdAAeigpV5XgILGAoixe2ecbxV01Gndc-IHJNVh1lAg7g2NMj0.5KFx8jc-pIKTGHQQDTDOK3EFGoOqE3_W-e1H2Z_EkdQ&amp;dib_tag=se&amp;keywords=%E2%80%A2%2BPortable%2BMonitor%2BCases&amp;qid=1739769273&amp;sprefix=portable%2Bmonitor%2Bcases%2B%2Caps%2C767&amp;sr=8-8&amp;th=1#customerReviews\"><span id=\"acrCustomerReviewText\" class=\"a-size-base\">9 notes<\/span><\/a><\/span><\/div>\n<p>5.0 sur 5 \u00e9toiles<\/td>\n<\/tr>\n<tr>\n<th class=\"a-color-secondary a-size-base prodDetSectionEntry\">Classement des meilleures ventes<\/th>\n<td>#60 dans\u00a0<a href=\"https:\/\/www.amazon.com\/gp\/bestsellers\/pc\/3012930011\/ref=pd_zg_hrsr_pc\">Pochettes pour tablettes<\/a><\/td>\n<\/tr>\n<tr>\n<th class=\"a-color-secondary a-size-base prodDetSectionEntry\">Caract\u00e9ristiques sp\u00e9ciales<\/th>\n<td class=\"a-size-base prodDetAttrValue\">Imperm\u00e9able, r\u00e9sistant aux chocs, poign\u00e9e ergonomique, multi-poches<\/td>\n<\/tr>\n<tr>\n<th class=\"a-color-secondary a-size-base prodDetSectionEntry\">Autres caract\u00e9ristiques de l'\u00e9cran<\/th>\n<td class=\"a-size-base prodDetAttrValue\">Am\u00e9lioration de l'habitat<\/td>\n<\/tr>\n<tr>\n<th class=\"a-color-secondary a-size-base prodDetSectionEntry\">Fabricant<\/th>\n<td class=\"a-size-base prodDetAttrValue\">imComor<\/td>\n<\/tr>\n<tr>\n<th class=\"a-color-secondary a-size-base prodDetSectionEntry\">Date de mise \u00e0 disposition<\/th>\n<td class=\"a-size-base prodDetAttrValue\">27 avril 2024<\/td>\n<\/tr>\n<\/tbody>\n<\/table>\n<\/div>\n<\/div>\n<\/div>\n<\/div>","protected":false},"excerpt":{"rendered":"<p><strong>UNE LARGE COMPATIBILIT\u00c9 : <\/strong>L'\u00e9tui \u00e9tanche pour moniteur portable de 15,6 pouces est compatible avec une large gamme de moniteurs portables de 15.6 pouces, y compris ceux fabriqu\u00e9s par MNN, ForHelp, KYY, InnoView, VILVA, COOLHOOD, ViewSonic, ReHisk, HotYeah, UPERFECT, KOORUI, ASUS ZenScreen, Acer, QQH, Newsoul, ZSCMALLS, Cocopar, Lepow, Hongo, Fangor, AOC, VisionOwl, WUAWE, EleDuino, GeoYEAO, Feiasia, Newsoul, et GKDY. 15.6\u2033-16.1\u2033 Portable Monitors Computer Bag Case.<br \/>\n<strong>MINCE ET L\u00c9GER :<\/strong> L'int\u00e9rieur mesure 14.56*10.23*0.78in, tandis que l'ext\u00e9rieur mesure 15*10.6*0.78in. La sacoche pour moniteur portable de 15,6 pouces est un choix id\u00e9al pour l'utilisation quotidienne des hommes et des femmes lors de voyages d'affaires, au bureau, \u00e0 l'\u00e9cole ou pour les loisirs. Elle est \u00e0 la fois fine et l\u00e9g\u00e8re. Un cadeau id\u00e9al pour vos proches.<br \/>\n<strong>MULTI-POCHES PRATIQUES :<\/strong> Cette housse pour \u00e9cran portable de 15,6 pouces est \u00e9quip\u00e9e d'un compartiment principal sp\u00e9cialement con\u00e7u pour accueillir votre \u00e9cran portable. En outre, elle comporte des poches de rangement ext\u00e9rieures qui sont parfaites pour ranger les objets indispensables au quotidien, notamment les chargeurs, les t\u00e9l\u00e9phones portables, les c\u00e2bles, les souris, les stylos, les adaptateurs d'alimentation, les cartes et les banques d'alimentation.<\/p>\n<p><strong>POIGN\u00c9E ERGONOMIQUE :<\/strong> La housse pour moniteur portable de 15,6 pouces est \u00e9quip\u00e9e d'une poign\u00e9e lat\u00e9rale. Elle est confortable \u00e0 transporter, mince et l\u00e9g\u00e8re. Elle est id\u00e9ale pour les voyages de longue dur\u00e9e, les affaires ou l'\u00e9ducation, car elle n'encombre pas votre appareil. Les accessoires de la housse pour \u00e9cran portable constituent un cadeau id\u00e9al pour les hommes, les femmes et les enfants \u00e0 l'occasion de leur anniversaire, de la Saint-Valentin, de la f\u00eate des m\u00e8res, de la f\u00eate des p\u00e8res, de No\u00ebl et du Nouvel An.<br \/>\n<strong>MAT\u00c9RIAU R\u00c9SISTANT AUX CHOCS ET \u00c0 L'EAU :<\/strong> Les accessoires de la sacoche de l'\u00e9cran portable 15,6 sont fabriqu\u00e9s \u00e0 partir d'une toile imperm\u00e9able de haute qualit\u00e9 \u00e0 l'ext\u00e9rieur et d'une doublure en peluche \u00e0 l'int\u00e9rieur, offrant une protection compl\u00e8te \u00e0 votre ordinateur portable contre la poussi\u00e8re, les chocs, les coups, les \u00e9raflures, les rayures et les \u00e9claboussures.<\/p>","protected":false},"featured_media":2293,"comment_status":"open","ping_status":"closed","template":"","meta":[],"product_brand":[],"product_cat":[70,57],"product_tag":[],"class_list":{"0":"post-2286","1":"product","2":"type-product","3":"status-publish","4":"has-post-thumbnail","6":"product_cat-portable-monitor-cases","7":"product_cat-travel-gears","9":"first","10":"instock","11":"shipping-taxable","12":"purchasable","13":"product-type-simple"},"_links":{"self":[{"href":"https:\/\/vavcase.com\/fr\/wp-json\/wp\/v2\/product\/2286","targetHints":{"allow":["GET"]}}],"collection":[{"href":"https:\/\/vavcase.com\/fr\/wp-json\/wp\/v2\/product"}],"about":[{"href":"https:\/\/vavcase.com\/fr\/wp-json\/wp\/v2\/types\/product"}],"replies":[{"embeddable":true,"href":"https:\/\/vavcase.com\/fr\/wp-json\/wp\/v2\/comments?post=2286"}],"wp:featuredmedia":[{"embeddable":true,"href":"https:\/\/vavcase.com\/fr\/wp-json\/wp\/v2\/media\/2293"}],"wp:attachment":[{"href":"https:\/\/vavcase.com\/fr\/wp-json\/wp\/v2\/media?parent=2286"}],"wp:term":[{"taxonomy":"product_brand","embeddable":true,"href":"https:\/\/vavcase.com\/fr\/wp-json\/wp\/v2\/product_brand?post=2286"},{"taxonomy":"product_cat","embeddable":true,"href":"https:\/\/vavcase.com\/fr\/wp-json\/wp\/v2\/product_cat?post=2286"},{"taxonomy":"product_tag","embeddable":true,"href":"https:\/\/vavcase.com\/fr\/wp-json\/wp\/v2\/product_tag?post=2286"}],"curies":[{"name":"wp","href":"https:\/\/api.w.org\/{rel}","templated":true}]}}