{"id":2294,"date":"2025-02-17T05:28:18","date_gmt":"2025-02-17T05:28:18","guid":{"rendered":"https:\/\/vavcase.com\/?post_type=product&#038;p=2294"},"modified":"2025-02-17T05:28:19","modified_gmt":"2025-02-17T05:28:19","slug":"lacdo-15-6-inch-portable-monitor-case-for-most-15-6-inch-portable-monitor","status":"publish","type":"product","link":"https:\/\/vavcase.com\/fr\/produit\/lacdo-15-6-inch-portable-monitor-case-for-most-15-6-inch-portable-monitor\/","title":{"rendered":"Lacdo 15.6 inch Portable Monitor Case for Most 15.6 inch Portable Monitor"},"content":{"rendered":"<h3 class=\"a-size-extra-large a-spacing-base a-text-center\">SUR LA TAILLE ET LA COMPATIBILIT\u00c9<\/h3>\n<div class=\"a-row\">\n<div class=\"a-column a-span12 aplus-tech-spec-hide-loading\">\n<table class=\"a-bordered a-horizontal-stripes aplus-tech-spec-table\">\n<tbody>\n<tr>\n<td class=\"a-text-bold\">Taille int\u00e9rieure :<\/td>\n<td>15.94\u2033 x 1.18\u2033 x 11.02\u2033 | 40.5cm x 3cm x 28cm. (L x L x H)<\/td>\n<\/tr>\n<tr>\n<td class=\"a-text-bold\"><\/td>\n<td>Cet \u00e9tui pour moniteur portable est compatible avec divers moniteurs portables de 15,6 pouces :<\/td>\n<\/tr>\n<tr>\n<td class=\"a-text-bold\"><\/td>\n<td>ARZOPA \/ KYY \/ ForHelp \/ MNN \/ InnoView \/ VILVA \/ ASUS ZenScreen \/ QQH \/ KOGODA \/ ViewSonic<\/td>\n<\/tr>\n<tr>\n<td class=\"a-text-bold\"><\/td>\n<td>et autres moniteurs portables de 15,6 pouces<\/td>\n<\/tr>\n<\/tbody>\n<\/table>\n<\/div>\n<\/div>","protected":false},"excerpt":{"rendered":"<p><strong>Compatibilit\u00e9 \u00e9tendue :<\/strong> Cet \u00e9tui pour moniteur portable est compatible avec une vari\u00e9t\u00e9 de moniteurs portables de 15,6 pouces, notamment ARZOPA, KYY, ForHelp, MNN, InnoView, VILVA, ASUS ZenScreen, QQH, KOGODA et ViewSonic. Un \u00e9tui pour moniteur de haute qualit\u00e9 garantit que vos moniteurs portables sont stock\u00e9s et prot\u00e9g\u00e9s en toute s\u00e9curit\u00e9.<br \/>\nCette housse de transport pour moniteur de 15,6 pouces est \u00e9quip\u00e9e d'un bord \u00e9pais et d'une doublure souple antichocs, qui offrent \u00e0 votre moniteur une protection \u00e0 360\u00b0 et fournissent un coussin ad\u00e9quat pour r\u00e9duire les impacts dus aux chocs quotidiens ou aux chutes accidentelles. Cette housse protectrice pour moniteur portable est fabriqu\u00e9e en toile de canevas antirayures et dot\u00e9e d'un rev\u00eatement imperm\u00e9able, qui bloque efficacement les \u00e9claboussures d'eau ou la pluie. Vous pouvez \u00eatre assur\u00e9 que votre moniteur externe ne sera pas mouill\u00e9.<br \/>\n<strong>Capacit\u00e9 de stockage :<\/strong> En plus du COMPARTIMENT PRINCIPAL pour votre \u00e9cran portable, cette mallette de pr\u00e9sentation d'\u00e9cran portable dispose de DEUX POCHES ZIP AVANT SUPPL\u00c9MENTAIRES et d'UN GRAND COMPARTIMENT \u00c0 L'ARRI\u00c8RE pour accueillir une vari\u00e9t\u00e9 d'articles, y compris un petit iPad, une souris, des appareils rechargeables, un cordon d'alimentation, des c\u00e2bles, des disques durs et une banque d'alimentation. De solides fermetures \u00e0 glissi\u00e8re en m\u00e9tal peuvent \u00eatre utilis\u00e9es pour glisser uniform\u00e9ment dans les deux sens : Afin de faciliter et d'acc\u00e9l\u00e9rer l'acc\u00e8s \u00e0 votre moniteur de 15,6 pouces et \u00e0 vos accessoires \u00e9lectroniques. La sacoche professionnelle pour moniteur Lacdo garantit la s\u00e9curit\u00e9 et l'organisation de vos articles.<\/p>\n<p><strong>Pratique \u00e0 transporter :<\/strong> La sacoche pour \u00e9cran de 15,6 pouces est tr\u00e8s portable pour l'utilisation et le transport quotidiens d'un \u00e9cran externe, gr\u00e2ce \u00e0 la poign\u00e9e extensible sur le dessus qui vous permet de passer d'une sacoche pour \u00e9cran \u00e0 une sacoche pour \u00e9cran. Cette housse pour \u00e9cran de 15,6 pouces avec poign\u00e9e est fine et l\u00e9g\u00e8re, ce qui permet de la glisser facilement dans un porte-documents ou un sac \u00e0 dos. Elle se glisse facilement dans un porte-documents ou un sac \u00e0 dos, ce qui permet une utilisation pratique et une portabilit\u00e9 ais\u00e9e. Id\u00e9ale pour vos d\u00e9placements professionnels ou vos r\u00e9unions. Faites en sorte que votre voyage soit \u00e0 la fois agr\u00e9able et simple.<br \/>\n<strong>Un excellent compagnon pour le moniteur :<\/strong> Notre housse pour \u00e9cran portable 15,6 pouces est un produit fiable et durable qui offre une protection exceptionnelle et une qualit\u00e9 durable. Elle est \u00e9l\u00e9gante, \u00e0 la mode et bien construite. C'est un \u00e9tui confortable et portable pour le transport de l'\u00e9cran, id\u00e9al pour le travail, la vie quotidienne, les voyages d'affaires, les d\u00e9placements ou le stockage \u00e0 la maison. Vous \u00eates toujours accompagn\u00e9 d'un compagnon digne de confiance.<\/p>","protected":false},"featured_media":2301,"comment_status":"open","ping_status":"closed","template":"","meta":[],"product_brand":[],"product_cat":[70,57],"product_tag":[],"class_list":{"0":"post-2294","1":"product","2":"type-product","3":"status-publish","4":"has-post-thumbnail","6":"product_cat-portable-monitor-cases","7":"product_cat-travel-gears","9":"first","10":"instock","11":"shipping-taxable","12":"purchasable","13":"product-type-simple"},"_links":{"self":[{"href":"https:\/\/vavcase.com\/fr\/wp-json\/wp\/v2\/product\/2294","targetHints":{"allow":["GET"]}}],"collection":[{"href":"https:\/\/vavcase.com\/fr\/wp-json\/wp\/v2\/product"}],"about":[{"href":"https:\/\/vavcase.com\/fr\/wp-json\/wp\/v2\/types\/product"}],"replies":[{"embeddable":true,"href":"https:\/\/vavcase.com\/fr\/wp-json\/wp\/v2\/comments?post=2294"}],"wp:featuredmedia":[{"embeddable":true,"href":"https:\/\/vavcase.com\/fr\/wp-json\/wp\/v2\/media\/2301"}],"wp:attachment":[{"href":"https:\/\/vavcase.com\/fr\/wp-json\/wp\/v2\/media?parent=2294"}],"wp:term":[{"taxonomy":"product_brand","embeddable":true,"href":"https:\/\/vavcase.com\/fr\/wp-json\/wp\/v2\/product_brand?post=2294"},{"taxonomy":"product_cat","embeddable":true,"href":"https:\/\/vavcase.com\/fr\/wp-json\/wp\/v2\/product_cat?post=2294"},{"taxonomy":"product_tag","embeddable":true,"href":"https:\/\/vavcase.com\/fr\/wp-json\/wp\/v2\/product_tag?post=2294"}],"curies":[{"name":"wp","href":"https:\/\/api.w.org\/{rel}","templated":true}]}}