{"id":2302,"date":"2025-02-17T05:33:02","date_gmt":"2025-02-17T05:33:02","guid":{"rendered":"https:\/\/vavcase.com\/?post_type=product&#038;p=2302"},"modified":"2025-02-17T05:36:40","modified_gmt":"2025-02-17T05:36:40","slug":"tomtoc-light-a18-slim-15-6-inch-portable-monitor-sleeve-case-with-acessories-storage-light-protective-carrying-sleeve-for-most-15-6-in-portable-monitors-with-eco-friendly-fabric","status":"publish","type":"product","link":"https:\/\/vavcase.com\/fr\/produit\/tomtoc-light-a18-slim-15-6-inch-portable-monitor-sleeve-case-with-acessories-storage-light-protective-carrying-sleeve-for-most-15-6-in-portable-monitors-with-eco-friendly-fabric\/","title":{"rendered":"Tomtoc Light-A18 Slim Portable Monitor Sleeve Case 15.6 Inch with Acessories Storage, Light Protective Carrying Sleeve for Most 15.6 in Portable Monitors with Eco-Friendly Fabric"},"content":{"rendered":"<h2>Informations sur le produit<\/h2>\n<div class=\"a-row a-spacing-top-base\">\n<div class=\"a-column a-span6\">\n<div class=\"a-row a-spacing-base\">\n<div class=\"a-section table-padding\">\n<table id=\"productDetails_detailBullets_sections1\" class=\"a-keyvalue prodDetTable\" role=\"presentation\">\n<tbody>\n<tr>\n<th class=\"a-color-secondary a-size-base prodDetSectionEntry\">Dimensions du produit<\/th>\n<td class=\"a-size-base prodDetAttrValue\">0.79 x 15.75 x 10.04 pouces<\/td>\n<\/tr>\n<tr>\n<th class=\"a-color-secondary a-size-base prodDetSectionEntry\">Poids de l'article<\/th>\n<td class=\"a-size-base prodDetAttrValue\">7,4 onces<\/td>\n<\/tr>\n<tr>\n<th class=\"a-color-secondary a-size-base prodDetSectionEntry\">ASIN<\/th>\n<td class=\"a-size-base prodDetAttrValue\">B0CY4RYV13<\/td>\n<\/tr>\n<tr>\n<th class=\"a-color-secondary a-size-base prodDetSectionEntry\">Num\u00e9ro de mod\u00e8le de l'article<\/th>\n<td class=\"a-size-base prodDetAttrValue\">A18E4D1<\/td>\n<\/tr>\n<tr>\n<th class=\"a-color-secondary a-size-base prodDetSectionEntry\">Avis des clients<\/th>\n<td class=\"a-size-base\">\n<div id=\"averageCustomerReviews\" data-asin=\"B0CY4RYV13\" data-ref=\"dpx_acr_pop_\"><span class=\"a-declarative\" data-action=\"acrStarsLink-click-metrics\" data-acrstarslink-click-metrics=\"{}\"><span id=\"acrPopover\" class=\"reviewCountTextLinkedHistogram noUnderline\" title=\"4,7 sur 5 \u00e9toiles\"><a class=\"a-popover-trigger a-declarative\" role=\"button\"><span class=\"a-size-base a-color-base\">4.7\u00a0<\/span><i class=\"a-icon a-icon-star a-star-4-5 cm-cr-review-stars-spacing-big\"><span class=\"a-icon-alt\">4,7 sur 5 \u00e9toiles<\/span><\/i>\u00a0<i class=\"a-icon a-icon-popover\"><\/i><\/a>\u00a0\u00a0<\/span><\/span>\u00a0<span class=\"a-declarative\" data-action=\"acrLink-click-metrics\" data-acrlink-click-metrics=\"{}\"><a id=\"acrCustomerReviewLink\" class=\"a-link-normal\" href=\"https:\/\/www.amazon.com\/tomtoc-Light-A18-Acessories-Protective-Eco-Friendly\/dp\/B0CY4RYV13\/ref=sr_1_15?crid=3KMYEBCYJYUP4&amp;dib=eyJ2IjoiMSJ9.IAwYEw1Asn9foZq95cSg95Fywhy9aUSmFtcnh1V8LJH1HdVPxxmAG6-acTtGwwnzdsFUq6MTenw60UZ4EjLTbTxVJZUgOnRgCVUJcqIVxfd0D8qwrCZ48tLAvclD9sb57JAi2Kt4sFdIamm7rAYFae3W9ovBLW0eFBn5ITqeUkY9Ew9fFHXG36HV9LdAAeigpV5XgILGAoixe2ecbxV01Gndc-IHJNVh1lAg7g2NMj0.5KFx8jc-pIKTGHQQDTDOK3EFGoOqE3_W-e1H2Z_EkdQ&amp;dib_tag=se&amp;keywords=%E2%80%A2+Portable+Monitor+Cases&amp;qid=1739769273&amp;sprefix=portable+monitor+cases+%2Caps%2C767&amp;sr=8-15#customerReviews\"><span id=\"acrCustomerReviewText\" class=\"a-size-base\">61 \u00e9valuations<\/span><\/a><\/span><\/div>\n<p>4,7 sur 5 \u00e9toiles<\/td>\n<\/tr>\n<tr>\n<th class=\"a-color-secondary a-size-base prodDetSectionEntry\">Classement des meilleures ventes<\/th>\n<td>#387 dans\u00a0<a href=\"https:\/\/www.amazon.com\/gp\/bestsellers\/pc\/335609011\/ref=pd_zg_hrsr_pc\">Housses pour ordinateurs portables<\/a><\/td>\n<\/tr>\n<tr>\n<th class=\"a-color-secondary a-size-base prodDetSectionEntry\">Caract\u00e9ristiques sp\u00e9ciales<\/th>\n<td class=\"a-size-base prodDetAttrValue\">Slim Fit, Innovative Recycled Fabrics, Light-weight, Screen Protector<\/td>\n<\/tr>\n<tr>\n<th class=\"a-color-secondary a-size-base prodDetSectionEntry\">Autres caract\u00e9ristiques de l'\u00e9cran<\/th>\n<td class=\"a-size-base prodDetAttrValue\">Ordinateur personnel<\/td>\n<\/tr>\n<tr>\n<th class=\"a-color-secondary a-size-base prodDetSectionEntry\">Facteur de forme<\/th>\n<td class=\"a-size-base prodDetAttrValue\">\u00c9tui, pochette, sac<\/td>\n<\/tr>\n<tr>\n<th class=\"a-color-secondary a-size-base prodDetSectionEntry\">Couleur<\/th>\n<td class=\"a-size-base prodDetAttrValue\">Noir<\/td>\n<\/tr>\n<tr>\n<th class=\"a-color-secondary a-size-base prodDetSectionEntry\">Contenu de la bo\u00eete<\/th>\n<td class=\"a-size-base prodDetAttrValue\">\u00c9tui pour \u00e9cran d'ordinateur portable<\/td>\n<\/tr>\n<tr>\n<th class=\"a-color-secondary a-size-base prodDetSectionEntry\">D\u00e9partement<\/th>\n<td class=\"a-size-base prodDetAttrValue\">Unisexe Adulte<\/td>\n<\/tr>\n<tr>\n<th class=\"a-color-secondary a-size-base prodDetSectionEntry\">Fabricant<\/th>\n<td class=\"a-size-base prodDetAttrValue\">tomtoc<\/td>\n<\/tr>\n<tr>\n<th class=\"a-color-secondary a-size-base prodDetSectionEntry\">Date de mise \u00e0 disposition<\/th>\n<td class=\"a-size-base prodDetAttrValue\">15 mars 2024<\/td>\n<\/tr>\n<\/tbody>\n<\/table>\n<\/div>\n<\/div>\n<\/div>\n<\/div>","protected":false},"excerpt":{"rendered":"<p><strong>Compatibilit\u00e9 :<\/strong> Dimensions internes de 14,57\u2033 x 9,06\u2033 x 0,47\u2033 (ne convient pas \u00e0 la majorit\u00e9 des ordinateurs portables de 15,6 pouces ; sp\u00e9cialement con\u00e7u pour les moniteurs d'affichage portables). Compatible avec la majorit\u00e9 des moniteurs portables de 15,6 pouces, y compris Lenovo, AOC, ASUS, ARZOPA, MNN, KYY, ForHelp, VILVA, InnoView, FANGOR, KOORUI, et ViewSonic Lepow.<br \/>\n<strong>Une protection de haute qualit\u00e9 et une organisation efficace :<\/strong> Offre la protection la plus efficace contre les rayures, la salet\u00e9 et la pluie gr\u00e2ce \u00e0 un rembourrage absorbant les chocs et \u00e0 un ext\u00e9rieur r\u00e9sistant \u00e0 l'eau. \u00c9quip\u00e9 d'un compartiment suppl\u00e9mentaire pour les effets personnels, les chargeurs, les c\u00e2bles, les stylos et les \u00e9couteurs.<br \/>\n<strong>Mince et compact :<\/strong> La housse de moniteur portable mince Light-A18 de tomtoc se caract\u00e9rise par un design minimaliste et concis, \u00e0 la fois l\u00e9ger et fin. Elle est capable de transporter votre appareil sans encombrement suppl\u00e9mentaire et peut \u00eatre facilement rang\u00e9e dans un autre sac, un sac \u00e0 dos ou une valise.<\/p>\n<p><strong>Soucieux de l'environnement :<\/strong> Cet \u00e9tui durable t\u00e9moigne de notre engagement envers la plan\u00e8te, puisqu'il est fabriqu\u00e9 \u00e0 partir de tissus durables et renouvelables. Elle int\u00e8gre de mani\u00e8re transparente des mat\u00e9riaux respectueux de l'environnement et une qualit\u00e9 durable.<br \/>\nCe que vous recevez : Un \u00e9tui mince pour moniteur portable de 15,6 pouces, notre garantie sans souci de 12 mois et un service client\u00e8le courtois sont inclus (les cartes, les adaptateurs, les c\u00e2bles, les stylos et le moniteur portable ne sont pas inclus).<\/p>","protected":false},"featured_media":2310,"comment_status":"open","ping_status":"closed","template":"","meta":[],"product_brand":[],"product_cat":[70,57],"product_tag":[],"class_list":{"0":"post-2302","1":"product","2":"type-product","3":"status-publish","4":"has-post-thumbnail","6":"product_cat-portable-monitor-cases","7":"product_cat-travel-gears","9":"first","10":"instock","11":"shipping-taxable","12":"purchasable","13":"product-type-simple"},"_links":{"self":[{"href":"https:\/\/vavcase.com\/fr\/wp-json\/wp\/v2\/product\/2302","targetHints":{"allow":["GET"]}}],"collection":[{"href":"https:\/\/vavcase.com\/fr\/wp-json\/wp\/v2\/product"}],"about":[{"href":"https:\/\/vavcase.com\/fr\/wp-json\/wp\/v2\/types\/product"}],"replies":[{"embeddable":true,"href":"https:\/\/vavcase.com\/fr\/wp-json\/wp\/v2\/comments?post=2302"}],"wp:featuredmedia":[{"embeddable":true,"href":"https:\/\/vavcase.com\/fr\/wp-json\/wp\/v2\/media\/2310"}],"wp:attachment":[{"href":"https:\/\/vavcase.com\/fr\/wp-json\/wp\/v2\/media?parent=2302"}],"wp:term":[{"taxonomy":"product_brand","embeddable":true,"href":"https:\/\/vavcase.com\/fr\/wp-json\/wp\/v2\/product_brand?post=2302"},{"taxonomy":"product_cat","embeddable":true,"href":"https:\/\/vavcase.com\/fr\/wp-json\/wp\/v2\/product_cat?post=2302"},{"taxonomy":"product_tag","embeddable":true,"href":"https:\/\/vavcase.com\/fr\/wp-json\/wp\/v2\/product_tag?post=2302"}],"curies":[{"name":"wp","href":"https:\/\/api.w.org\/{rel}","templated":true}]}}