{"id":2312,"date":"2025-02-17T05:41:22","date_gmt":"2025-02-17T05:41:22","guid":{"rendered":"https:\/\/vavcase.com\/?post_type=product&#038;p=2312"},"modified":"2025-02-17T05:41:23","modified_gmt":"2025-02-17T05:41:23","slug":"asus-zenscreen-acer-laptop-external-display-travel-carrying-bag","status":"publish","type":"product","link":"https:\/\/vavcase.com\/fr\/produit\/asus-zenscreen-acer-laptop-external-display-travel-carrying-bag\/","title":{"rendered":"ASUS ZenScreen ACER Laptop External Display Travel Carrying Bag"},"content":{"rendered":"<h2>Informations sur le produit<\/h2>\n<div class=\"a-row a-spacing-top-base\">\n<div class=\"a-column a-span6\">\n<div class=\"a-row a-spacing-base\">\n<div class=\"a-section table-padding\">\n<table id=\"productDetails_detailBullets_sections1\" class=\"a-keyvalue prodDetTable\" role=\"presentation\">\n<tbody>\n<tr>\n<th class=\"a-color-secondary a-size-base prodDetSectionEntry\">Dimensions de l'emballage<\/th>\n<td class=\"a-size-base prodDetAttrValue\">15.51 x 10.91 x 1.34 pouces<\/td>\n<\/tr>\n<tr>\n<th class=\"a-color-secondary a-size-base prodDetSectionEntry\">Poids de l'article<\/th>\n<td class=\"a-size-base prodDetAttrValue\">8,4 onces<\/td>\n<\/tr>\n<tr>\n<th class=\"a-color-secondary a-size-base prodDetSectionEntry\">ASIN<\/th>\n<td class=\"a-size-base prodDetAttrValue\">B0CQR6YZLG<\/td>\n<\/tr>\n<tr>\n<th class=\"a-color-secondary a-size-base prodDetSectionEntry\">Avis des clients<\/th>\n<td class=\"a-size-base\">\n<div id=\"averageCustomerReviews\" data-asin=\"B0CQR6YZLG\" data-ref=\"dpx_acr_pop_\"><span class=\"a-declarative\" data-action=\"acrStarsLink-click-metrics\" data-acrstarslink-click-metrics=\"{}\"><span id=\"acrPopover\" class=\"reviewCountTextLinkedHistogram noUnderline\" title=\"4,5 sur 5 \u00e9toiles\"><a class=\"a-popover-trigger a-declarative\" role=\"button\"><span class=\"a-size-base a-color-base\">4.5\u00a0<\/span><i class=\"a-icon a-icon-star a-star-4-5 cm-cr-review-stars-spacing-big\"><span class=\"a-icon-alt\">4,5 sur 5 \u00e9toiles<\/span><\/i>\u00a0<i class=\"a-icon a-icon-popover\"><\/i><\/a>\u00a0\u00a0<\/span><\/span>\u00a0<span class=\"a-declarative\" data-action=\"acrLink-click-metrics\" data-acrlink-click-metrics=\"{}\"><a id=\"acrCustomerReviewLink\" class=\"a-link-normal\" href=\"https:\/\/www.amazon.com\/15-6-16-1-Portable-CAPERAVE-ViewSonic-ZenScreen\/dp\/B0CQR6YZLG\/ref=sr_1_31?crid=3KMYEBCYJYUP4&amp;dib=eyJ2IjoiMSJ9.o2YPdwddOu6g1n1SnJ-U7c8goFwE6VYFSH_uS3jlrS6de8NtNBmDeWcbKlJeIhvP4Cu5uzO3_Y44oNk2WEBRFKf2zeYF90EtNaJhCzSuWG1DFHhdpLFJbDt4XGg3wKJqLo__djQxC9uGi3TE9EEqdn98hy0ZwJvmzJOnYlJqMlDUWd5ZhVxqfidoojrsvF8ANMJVAJW1_h0t2d3ZaCAz2dRwrfgeXwOHwdNkiiXKCIE.FpqWyfQS4ZBSqRvlgDpDkcSnGQsLLyKOXi8y016YwR0&amp;dib_tag=se&amp;keywords=%E2%80%A2%2BPortable%2BMonitor%2BCases&amp;qid=1739770626&amp;sprefix=portable%2Bmonitor%2Bcases%2B%2Caps%2C767&amp;sr=8-31&amp;xpid=fkTEufsvs_5Np&amp;th=1#customerReviews\"><span id=\"acrCustomerReviewText\" class=\"a-size-base\">43 classements<\/span><\/a><\/span><\/div>\n<p>4,5 sur 5 \u00e9toiles<\/td>\n<\/tr>\n<tr>\n<th class=\"a-color-secondary a-size-base prodDetSectionEntry\">Classement des meilleures ventes<\/th>\n<td>#1,445 en\u00a0<a href=\"https:\/\/www.amazon.com\/gp\/bestsellers\/pc\/335609011\/ref=pd_zg_hrsr_pc\">Housses pour ordinateurs portables<\/a><\/td>\n<\/tr>\n<tr>\n<th class=\"a-color-secondary a-size-base prodDetSectionEntry\">Technologies de communication sans fil<\/th>\n<td class=\"a-size-base prodDetAttrValue\">tissu en polyester<\/td>\n<\/tr>\n<tr>\n<th class=\"a-color-secondary a-size-base prodDetSectionEntry\">Technologies de connectivit\u00e9<\/th>\n<td class=\"a-size-base prodDetAttrValue\">tissu en polyester<\/td>\n<\/tr>\n<tr>\n<th class=\"a-color-secondary a-size-base prodDetSectionEntry\">Caract\u00e9ristiques sp\u00e9ciales<\/th>\n<td class=\"a-size-base prodDetAttrValue\">Slim Fit, Travel, Universal, Screen Protector<\/td>\n<\/tr>\n<tr>\n<th class=\"a-color-secondary a-size-base prodDetSectionEntry\">R\u00e9solution de l'\u00e9cran<\/th>\n<td class=\"a-size-base prodDetAttrValue\">tissu en polyester<\/td>\n<\/tr>\n<tr>\n<th class=\"a-color-secondary a-size-base prodDetSectionEntry\">Autres caract\u00e9ristiques de l'\u00e9cran<\/th>\n<td class=\"a-size-base prodDetAttrValue\">Ordinateur personnel<\/td>\n<\/tr>\n<tr>\n<th class=\"a-color-secondary a-size-base prodDetSectionEntry\">Facteur de forme<\/th>\n<td class=\"a-size-base prodDetAttrValue\">Cas<\/td>\n<\/tr>\n<tr>\n<th class=\"a-color-secondary a-size-base prodDetSectionEntry\">Couleur<\/th>\n<td class=\"a-size-base prodDetAttrValue\">Noir<\/td>\n<\/tr>\n<tr>\n<th class=\"a-color-secondary a-size-base prodDetSectionEntry\">Contenu de la bo\u00eete<\/th>\n<td class=\"a-size-base prodDetAttrValue\">tissu en polyester<\/td>\n<\/tr>\n<tr>\n<th class=\"a-color-secondary a-size-base prodDetSectionEntry\">Fabricant<\/th>\n<td class=\"a-size-base prodDetAttrValue\">NBOXUMG<\/td>\n<\/tr>\n<tr>\n<th class=\"a-color-secondary a-size-base prodDetSectionEntry\">Date de mise \u00e0 disposition<\/th>\n<td class=\"a-size-base prodDetAttrValue\">21 d\u00e9cembre 2023<\/td>\n<\/tr>\n<\/tbody>\n<\/table>\n<\/div>\n<\/div>\n<\/div>\n<\/div>","protected":false},"excerpt":{"rendered":"<p><strong>Compatibilit\u00e9 \u00e0 grande \u00e9chelle :<\/strong> L'\u00e9tui pour moniteur portable est compatible avec la majorit\u00e9 des moniteurs portables de 15,6 pouces, y compris ceux fabriqu\u00e9s par KYY, ZSCMALLS, ForHelp, Lepow, MNN, InnoView, HONGO, FANGOR, VisionOwl, WUAWE, Scnsuptp, VILVA, AOC, ASUS ZenScreen, QQH, KOGODA, ViewSonic, EleDuino, GeoYEAO, Feiasia, Newsoul, Cocopar, GKDY, et d'autres fabricants.<br \/>\n<strong>Protection compl\u00e8te :<\/strong>\u00a0 L'\u00e9tui portable pour moniteur est fabriqu\u00e9 \u00e0 partir d'un tissu polyester imperm\u00e9able de haute qualit\u00e9 et d'une doublure \u00e9paisse et moelleuse. Elle est r\u00e9sistante aux chocs, imperm\u00e9able et anti-rayures, ce qui garantit la protection de votre \u00e9cran sous tous les angles.<br \/>\nEspace de rangement important et organisation rationalis\u00e9e - Le compartiment principal \u00e0 fermeture \u00e9clair offre un espace de rangement important pour l'\u00e9cran de l'ordinateur portable, tandis que l'espace de rangement de la poche avant permet de bien organiser les petits objets, notamment la souris, les stylos, le support modulable, les chargeurs, les t\u00e9l\u00e9phones portables, les cartes et la banque d'alimentation. Cela permet de rechercher et d'acc\u00e9der rapidement aux accessoires de l'ordinateur portable.<\/p>\n<p><strong>Pratique pour une utilisation quotidienne :<\/strong> Cette housse pour moniteur portable est dot\u00e9e d'une poign\u00e9e confortable, ce qui facilite son transport.TAILLE : 14,56 x 10,23 x 0,78 pouces, cet article l\u00e9ger et mince est facilement transportable et pratique \u00e0 utiliser. Il peut \u00eatre facilement rang\u00e9 dans un coffre, un sac \u00e0 dos ou une mallette.<br \/>\n<strong>Garanties \u00e0 vie :<\/strong> Nous offrons des retours gratuits. Si vous n'\u00eates pas enti\u00e8rement satisfait des produits que vous avez re\u00e7us, n'h\u00e9sitez pas \u00e0 nous contacter. Note : Pour garantir une bonne adaptation, veuillez comparer les dimensions internes de l'\u00e9tui avec les dimensions de votre moniteur portable. Si vous ne savez pas quelle option choisir, n'h\u00e9sitez pas \u00e0 nous contacter.<\/p>","protected":false},"featured_media":2318,"comment_status":"open","ping_status":"closed","template":"","meta":[],"product_brand":[],"product_cat":[70,57],"product_tag":[],"class_list":{"0":"post-2312","1":"product","2":"type-product","3":"status-publish","4":"has-post-thumbnail","6":"product_cat-portable-monitor-cases","7":"product_cat-travel-gears","9":"first","10":"instock","11":"shipping-taxable","12":"purchasable","13":"product-type-simple"},"_links":{"self":[{"href":"https:\/\/vavcase.com\/fr\/wp-json\/wp\/v2\/product\/2312","targetHints":{"allow":["GET"]}}],"collection":[{"href":"https:\/\/vavcase.com\/fr\/wp-json\/wp\/v2\/product"}],"about":[{"href":"https:\/\/vavcase.com\/fr\/wp-json\/wp\/v2\/types\/product"}],"replies":[{"embeddable":true,"href":"https:\/\/vavcase.com\/fr\/wp-json\/wp\/v2\/comments?post=2312"}],"wp:featuredmedia":[{"embeddable":true,"href":"https:\/\/vavcase.com\/fr\/wp-json\/wp\/v2\/media\/2318"}],"wp:attachment":[{"href":"https:\/\/vavcase.com\/fr\/wp-json\/wp\/v2\/media?parent=2312"}],"wp:term":[{"taxonomy":"product_brand","embeddable":true,"href":"https:\/\/vavcase.com\/fr\/wp-json\/wp\/v2\/product_brand?post=2312"},{"taxonomy":"product_cat","embeddable":true,"href":"https:\/\/vavcase.com\/fr\/wp-json\/wp\/v2\/product_cat?post=2312"},{"taxonomy":"product_tag","embeddable":true,"href":"https:\/\/vavcase.com\/fr\/wp-json\/wp\/v2\/product_tag?post=2312"}],"curies":[{"name":"wp","href":"https:\/\/api.w.org\/{rel}","templated":true}]}}