{"id":2319,"date":"2025-02-17T05:46:22","date_gmt":"2025-02-17T05:46:22","guid":{"rendered":"https:\/\/vavcase.com\/?post_type=product&#038;p=2319"},"modified":"2025-02-17T05:46:22","modified_gmt":"2025-02-17T05:46:22","slug":"casematix-portable-monitor-case-for-15-6-to-24-gaming-monitors-or-laptop-portable-screens","status":"publish","type":"product","link":"https:\/\/vavcase.com\/fr\/produit\/casematix-portable-monitor-case-for-15-6-to-24-gaming-monitors-or-laptop-portable-screens\/","title":{"rendered":"CASEMATIX Mallette pour moniteurs portables de 15,6\u2033 \u00e0 24\u2033 (Gaming Monitors ou Laptop Portable Screens)"},"content":{"rendered":"<h2>Informations sur le produit<\/h2>\n<div class=\"a-row a-spacing-top-base\">\n<div class=\"a-column a-span6\">\n<div class=\"a-row a-spacing-base\">\n<div class=\"a-section table-padding\">\n<table id=\"productDetails_detailBullets_sections1\" class=\"a-keyvalue prodDetTable\" role=\"presentation\">\n<tbody>\n<tr>\n<th class=\"a-color-secondary a-size-base prodDetSectionEntry\">Dimensions du produit<\/th>\n<td class=\"a-size-base prodDetAttrValue\">24 x 15 x 3,5 pouces<\/td>\n<\/tr>\n<tr>\n<th class=\"a-color-secondary a-size-base prodDetSectionEntry\">Poids de l'article<\/th>\n<td class=\"a-size-base prodDetAttrValue\">3.8 livres<\/td>\n<\/tr>\n<tr>\n<th class=\"a-color-secondary a-size-base prodDetSectionEntry\">ASIN<\/th>\n<td class=\"a-size-base prodDetAttrValue\">B0DDRWWX91<\/td>\n<\/tr>\n<tr>\n<th class=\"a-color-secondary a-size-base prodDetSectionEntry\">Avis des clients<\/th>\n<td class=\"a-size-base\">\n<div id=\"averageCustomerReviews\" data-asin=\"B0DDRWWX91\" data-ref=\"dpx_acr_pop_\"><span class=\"a-declarative\" data-action=\"acrStarsLink-click-metrics\" data-acrstarslink-click-metrics=\"{}\"><span id=\"acrPopover\" class=\"reviewCountTextLinkedHistogram noUnderline\" title=\"5.0 sur 5 \u00e9toiles\"><a class=\"a-popover-trigger a-declarative\" role=\"button\"><span class=\"a-size-base a-color-base\">5.0\u00a0<\/span><i class=\"a-icon a-icon-star a-star-5 cm-cr-review-stars-spacing-big\"><span class=\"a-icon-alt\">5.0 sur 5 \u00e9toiles<\/span><\/i>\u00a0<i class=\"a-icon a-icon-popover\"><\/i><\/a>\u00a0\u00a0<\/span><\/span>\u00a0<span class=\"a-declarative\" data-action=\"acrLink-click-metrics\" data-acrlink-click-metrics=\"{}\"><a id=\"acrCustomerReviewLink\" class=\"a-link-normal\" href=\"https:\/\/www.amazon.com\/CASEMATIX-Portable-Monitor-Monitors-Accessories\/dp\/B0DDRWWX91\/ref=sr_1_21?crid=3KMYEBCYJYUP4&amp;dib=eyJ2IjoiMSJ9.IAwYEw1Asn9foZq95cSg95Fywhy9aUSmFtcnh1V8LJH1HdVPxxmAG6-acTtGwwnzdsFUq6MTenw60UZ4EjLTbTxVJZUgOnRgCVUJcqIVxfd0D8qwrCZ48tLAvclD9sb57JAi2Kt4sFdIamm7rAYFae3W9ovBLW0eFBn5ITqeUkY9Ew9fFHXG36HV9LdAAeigpV5XgILGAoixe2ecbxV01Gndc-IHJNVh1lAg7g2NMj0.5KFx8jc-pIKTGHQQDTDOK3EFGoOqE3_W-e1H2Z_EkdQ&amp;dib_tag=se&amp;keywords=%E2%80%A2%2BPortable%2BMonitor%2BCases&amp;qid=1739769273&amp;sprefix=portable%2Bmonitor%2Bcases%2B%2Caps%2C767&amp;sr=8-21&amp;th=1#customerReviews\"><span id=\"acrCustomerReviewText\" class=\"a-size-base\">11 \u00e9valuations<\/span><\/a><\/span><\/div>\n<p>5.0 sur 5 \u00e9toiles<\/td>\n<\/tr>\n<tr>\n<th class=\"a-color-secondary a-size-base prodDetSectionEntry\">Classement des meilleures ventes<\/th>\n<td>#638 dans\u00a0<a href=\"https:\/\/www.amazon.com\/gp\/bestsellers\/pc\/335609011\/ref=pd_zg_hrsr_pc\">Housses pour ordinateurs portables<\/a><\/td>\n<\/tr>\n<tr>\n<th class=\"a-color-secondary a-size-base prodDetSectionEntry\">Caract\u00e9ristiques sp\u00e9ciales<\/th>\n<td class=\"a-size-base prodDetAttrValue\">R\u00e9sistant \u00e0 la poussi\u00e8re, protection renforc\u00e9e, l\u00e9ger, protecteur d'\u00e9cran<\/td>\n<\/tr>\n<tr>\n<th class=\"a-color-secondary a-size-base prodDetSectionEntry\">Facteur de forme<\/th>\n<td class=\"a-size-base prodDetAttrValue\">Cas<\/td>\n<\/tr>\n<tr>\n<th class=\"a-color-secondary a-size-base prodDetSectionEntry\">Couleur<\/th>\n<td class=\"a-size-base prodDetAttrValue\">Noir<\/td>\n<\/tr>\n<tr>\n<th class=\"a-color-secondary a-size-base prodDetSectionEntry\">Contenu de la bo\u00eete<\/th>\n<td class=\"a-size-base prodDetAttrValue\">Ext\u00e9rieur en EVA, int\u00e9rieur rembourr\u00e9 avec mousse r\u00e9glable<\/td>\n<\/tr>\n<tr>\n<th class=\"a-color-secondary a-size-base prodDetSectionEntry\">Fabricant<\/th>\n<td class=\"a-size-base prodDetAttrValue\">CASEMATIX<\/td>\n<\/tr>\n<tr>\n<th class=\"a-color-secondary a-size-base prodDetSectionEntry\">Date de mise \u00e0 disposition<\/th>\n<td class=\"a-size-base prodDetAttrValue\">20 ao\u00fbt 2024<\/td>\n<\/tr>\n<\/tbody>\n<\/table>\n<\/div>\n<\/div>\n<\/div>\n<\/div>","protected":false},"excerpt":{"rendered":"<p><strong>PROTECTION PAR COQUE DURE :<\/strong> La mallette de transport pour \u00e9cran est con\u00e7ue pour accueillir une large gamme de tailles d'\u00e9cran et d'accessoires. Elle est dot\u00e9e d'une protection externe en EVA et d'un rembourrage en mousse pour prot\u00e9ger les \u00e9crans, les ordinateurs portables et les moniteurs d'une largeur maximale de 22 pouces. LE MAXIMUM<br \/>\n<strong>MOUSSE ABSORBANT LES CHOCS :<\/strong> La mallette pour \u00e9cran d'ordinateur CASEMATIX est \u00e9quip\u00e9e d'une mousse alv\u00e9ol\u00e9e en haut et en bas pour prot\u00e9ger votre pr\u00e9cieux \u00e9cran des chocs et des coups. L'inclusion de nombreuses sections de mousse offre une protection suppl\u00e9mentaire pour les accessoires.<br \/>\n<strong>CONCEPTION D'UNE HOUSSE D'\u00c9CRAN ADAPT\u00c9E AUX D\u00c9PLACEMENTS :<\/strong> La mallette mesure 24 x 15 x 3,5 pouces et pr\u00e9sente un ext\u00e9rieur \u00e9l\u00e9gant avec des fermetures robustes pour assurer sa s\u00e9curit\u00e9. Sa portabilit\u00e9 est facilit\u00e9e par une poign\u00e9e int\u00e9gr\u00e9e et une bandouli\u00e8re ajustable.<\/p>\n<p><strong>S'adapte \u00e0 une grande vari\u00e9t\u00e9 de pr\u00e9sentoirs :<\/strong> Les dimensions internes de l'appareil sont de 22,5 x 13,5 x 2,75 pouces, et il peut accueillir des \u00e9crans d'une taille maximale de 24 pouces. Utilisez les s\u00e9parateurs en mousse souple de 0,5\u2033 et le bloc de mousse pour s\u00e9curiser les \u00e9crans plus petits et les diff\u00e9rencier des accessoires.<br \/>\n<strong>V\u00c9RIFIER LA TAILLE DE L'\u00c9CRAN :<\/strong> Les accessoires peuvent \u00eatre install\u00e9s sur des \u00e9crans de taille r\u00e9duite. Il comprend un bloc de mousse et deux couches de mousse plate pour am\u00e9liorer la s\u00e9curit\u00e9 et la protection. Utilisez le bloc de mousse pour \u00e9tablir un ajustement s\u00fbr et les s\u00e9parateurs en mousse de 0,5\u2033 pour prot\u00e9ger les \u00e9crans.<\/p>\n<p>&nbsp;<\/p>","protected":false},"featured_media":2329,"comment_status":"open","ping_status":"closed","template":"","meta":[],"product_brand":[],"product_cat":[70,57],"product_tag":[],"class_list":{"0":"post-2319","1":"product","2":"type-product","3":"status-publish","4":"has-post-thumbnail","6":"product_cat-portable-monitor-cases","7":"product_cat-travel-gears","9":"first","10":"instock","11":"shipping-taxable","12":"purchasable","13":"product-type-simple"},"_links":{"self":[{"href":"https:\/\/vavcase.com\/fr\/wp-json\/wp\/v2\/product\/2319","targetHints":{"allow":["GET"]}}],"collection":[{"href":"https:\/\/vavcase.com\/fr\/wp-json\/wp\/v2\/product"}],"about":[{"href":"https:\/\/vavcase.com\/fr\/wp-json\/wp\/v2\/types\/product"}],"replies":[{"embeddable":true,"href":"https:\/\/vavcase.com\/fr\/wp-json\/wp\/v2\/comments?post=2319"}],"wp:featuredmedia":[{"embeddable":true,"href":"https:\/\/vavcase.com\/fr\/wp-json\/wp\/v2\/media\/2329"}],"wp:attachment":[{"href":"https:\/\/vavcase.com\/fr\/wp-json\/wp\/v2\/media?parent=2319"}],"wp:term":[{"taxonomy":"product_brand","embeddable":true,"href":"https:\/\/vavcase.com\/fr\/wp-json\/wp\/v2\/product_brand?post=2319"},{"taxonomy":"product_cat","embeddable":true,"href":"https:\/\/vavcase.com\/fr\/wp-json\/wp\/v2\/product_cat?post=2319"},{"taxonomy":"product_tag","embeddable":true,"href":"https:\/\/vavcase.com\/fr\/wp-json\/wp\/v2\/product_tag?post=2319"}],"curies":[{"name":"wp","href":"https:\/\/api.w.org\/{rel}","templated":true}]}}