{"id":2332,"date":"2025-02-17T06:05:09","date_gmt":"2025-02-17T06:05:09","guid":{"rendered":"https:\/\/vavcase.com\/?post_type=product&#038;p=2332"},"modified":"2025-02-17T06:05:22","modified_gmt":"2025-02-17T06:05:22","slug":"faceplate-with-rgb-light-strip-for-ps5-digital-edition","status":"publish","type":"product","link":"https:\/\/vavcase.com\/fr\/produit\/facade-avec-bande-lumineuse-rgb-pour-ps5-digital-edition\/","title":{"rendered":"Plaque frontale avec bande lumineuse RVB pour PS5 Digital Edition"},"content":{"rendered":"<h2>Informations sur le produit<\/h2>\n<div class=\"a-row a-spacing-top-base\">\n<div class=\"a-column a-span6\">\n<div class=\"a-row a-spacing-base\">\n<div class=\"a-section table-padding\">\n<table id=\"productDetails_detailBullets_sections1\" class=\"a-keyvalue prodDetTable\" role=\"presentation\">\n<tbody>\n<tr>\n<th class=\"a-color-secondary a-size-base prodDetSectionEntry\">Dimensions du produit<\/th>\n<td class=\"a-size-base prodDetAttrValue\">11\u2033L x 2.2\u2033H<\/td>\n<\/tr>\n<tr>\n<th class=\"a-color-secondary a-size-base prodDetSectionEntry\">Fabricant<\/th>\n<td class=\"a-size-base prodDetAttrValue\">DOBEWINGDELOU<\/td>\n<\/tr>\n<tr>\n<th class=\"a-color-secondary a-size-base prodDetSectionEntry\">Poids de l'article<\/th>\n<td class=\"a-size-base prodDetAttrValue\">2.2 livres<\/td>\n<\/tr>\n<tr>\n<th class=\"a-color-secondary a-size-base prodDetSectionEntry\">ASIN<\/th>\n<td class=\"a-size-base prodDetAttrValue\">B0BYTDSR9L<\/td>\n<\/tr>\n<tr>\n<th class=\"a-color-secondary a-size-base prodDetSectionEntry\">Avis des clients<\/th>\n<td class=\"a-size-base\">\n<div id=\"averageCustomerReviews\" data-asin=\"B0BYTDSR9L\" data-ref=\"dpx_acr_pop_\"><span class=\"a-declarative\" data-action=\"acrStarsLink-click-metrics\" data-acrstarslink-click-metrics=\"{}\"><span id=\"acrPopover\" class=\"reviewCountTextLinkedHistogram noUnderline\" title=\"4,4 sur 5 \u00e9toiles\"><a class=\"a-popover-trigger a-declarative\" role=\"button\"><span class=\"a-size-base a-color-base\">4.4\u00a0<\/span><i class=\"a-icon a-icon-star a-star-4-5 cm-cr-review-stars-spacing-big\"><span class=\"a-icon-alt\">4,4 sur 5 \u00e9toiles<\/span><\/i>\u00a0<i class=\"a-icon a-icon-popover\"><\/i><\/a>\u00a0\u00a0<\/span><\/span>\u00a0<span class=\"a-declarative\" data-action=\"acrLink-click-metrics\" data-acrlink-click-metrics=\"{}\"><a id=\"acrCustomerReviewLink\" class=\"a-link-normal\" href=\"https:\/\/www.amazon.com\/Faceplate-DOBEWINGDELOU-PlayStation-Decoration-Accessories-5\/dp\/B0BYTDSR9L\/ref=sr_1_10_sspa?crid=1198GW7TPR6CL&amp;dib=eyJ2IjoiMSJ9.oxn3i-7QADowtaFWAvJ5hXA4D24Pl4gEckdLsppjUlgq3QaH9KTwPTG1mL_fw-TgwwKLwGGGXL1Ugr5lcYGdIdku5UDKbJUTpZ1sZFsC3PE.4gHoHkfxWdDWYpDfrtlo116I0sPqub2tOu1zxn4GuTo&amp;dib_tag=se&amp;keywords=Swappable%2Bfaceplates%2Bfor%2BPS5&amp;qid=1739771541&amp;sprefix=swappable%2Bfaceplates%2Bfor%2Bps5%2C%2Bxbox%2Bseries%2Bx%2Fs%2Caps%2C377&amp;sr=8-10-spons&amp;sp_csd=d2lkZ2V0TmFtZT1zcF9tdGY&amp;th=1#customerReviews\"><span id=\"acrCustomerReviewText\" class=\"a-size-base\">54 notes<\/span><\/a><\/span><\/div>\n<p>4,4 sur 5 \u00e9toiles<\/td>\n<\/tr>\n<tr>\n<th class=\"a-color-secondary a-size-base prodDetSectionEntry\">Classement des meilleures ventes<\/th>\n<td>#14 375 dans Jeux vid\u00e9o (<a href=\"https:\/\/www.amazon.com\/gp\/bestsellers\/videogames\/ref=pd_zg_ts_videogames\">Voir le Top 100 des jeux vid\u00e9o<\/a>)<br \/>\n#194 dans\u00a0<a href=\"https:\/\/www.amazon.com\/gp\/bestsellers\/videogames\/23568181011\/ref=pd_zg_hrsr_videogames\">Kits d'accessoires pour Playstation 5<\/a><\/td>\n<\/tr>\n<tr>\n<th class=\"a-color-secondary a-size-base prodDetSectionEntry\">Date de mise \u00e0 disposition<\/th>\n<td class=\"a-size-base prodDetAttrValue\">18 mars 2023<\/td>\n<\/tr>\n<\/tbody>\n<\/table>\n<\/div>\n<\/div>\n<\/div>\n<\/div>","protected":false},"excerpt":{"rendered":"<p><strong>Conception des \u00e9vents de refroidissement et du filtre \u00e0 poussi\u00e8re :<\/strong> Les fa\u00e7ades sont \u00e9quip\u00e9es d'une ventilation qui peut aider \u00e0 refroidir votre console pendant son fonctionnement, favoriser la circulation de l'air et r\u00e9duire la surchauffe. Le filtre \u00e0 poussi\u00e8re de la ventilation peut aider \u00e0 maintenir la propret\u00e9 de la console et \u00e0 r\u00e9duire la quantit\u00e9 de poussi\u00e8re du ventilateur, prolongeant ainsi la dur\u00e9e de vie de la console et offrant une exp\u00e9rience de jeu plus confortable.<br \/>\n<strong>Sp\u00e9cialement con\u00e7u pour la version num\u00e9rique de la PS5 :<\/strong> les plaques frontales et l'\u00e9clairage LED RVB sont adapt\u00e9s avec pr\u00e9cision. Le design de l'anneau lumineux LED permet de coller le nouveau bo\u00eetier directement sur le cadre du ventilateur de refroidissement et de remplacer le couvercle d'origine. Dans l'intervalle, le design distinctif de la fen\u00eatre des plastrons peut am\u00e9liorer l'intuitivit\u00e9 de l'\u00e9clairage de la bande lumineuse, distinguant ainsi votre console de la concurrence.<br \/>\n<strong>Plus de 400 effets d'\u00e9clairage LED :<\/strong> En modifiant la couleur, la vitesse de la lumi\u00e8re et la luminosit\u00e9, vous pouvez s\u00e9lectionner le mode d'\u00e9clairage le plus appropri\u00e9 \u00e0 votre jeu. En outre, il est dot\u00e9 d'un mode audio intelligent. La couleur des lumi\u00e8res fluctue en fonction de la cadence de la musique et du son lorsque le mode musique est activ\u00e9. Vous pourrez ainsi mieux appr\u00e9cier l'environnement de jeu et vivre une exp\u00e9rience de jeu plus agr\u00e9able. Quel que soit le type de jeu, il y a toujours une configuration LED RVB qui vous convient.<\/p>\n<p><strong>LED 5050 RGB de haute qualit\u00e9 :<\/strong> Les diodes \u00e9lectroluminescentes (DEL) constituent le mat\u00e9riau de premi\u00e8re qualit\u00e9 de la lampe DEL. La coque ext\u00e9rieure est fabriqu\u00e9e \u00e0 partir d'un mat\u00e9riau ABS dur qui est \u00e0 la fois r\u00e9sistant aux rayures et durable. Elle rehaussera l'attrait esth\u00e9tique de votre console de jeu en combinant l'effet de la lumi\u00e8re LED RVB avec sa surface givr\u00e9e.<br \/>\n<strong>Installation facile :<\/strong> retirer la boucle circulaire en soulevant le coin post\u00e9rieur de la housse de protection, o\u00f9 se trouve le logo. Le couvercle se retire en le poussant vers le bas de la console. Appliquez l'autocollant configur\u00e9 \u00e0 l'arri\u00e8re de l'anneau lumineux LED et fixez-le ensuite \u00e0 l'\u00e9vent de la console P5. Alignez le nouveau couvercle avec le trou de l'unit\u00e9 principale, poussez-le vers le haut de la console, puis la boucle finalisera la fixation.<\/p>","protected":false},"featured_media":2340,"comment_status":"open","ping_status":"closed","template":"","meta":[],"product_brand":[],"product_cat":[71,56],"product_tag":[],"class_list":{"0":"post-2332","1":"product","2":"type-product","3":"status-publish","4":"has-post-thumbnail","6":"product_cat-custom-console-covers","7":"product_cat-custom-shells-skins","9":"first","10":"instock","11":"shipping-taxable","12":"purchasable","13":"product-type-simple"},"_links":{"self":[{"href":"https:\/\/vavcase.com\/fr\/wp-json\/wp\/v2\/product\/2332","targetHints":{"allow":["GET"]}}],"collection":[{"href":"https:\/\/vavcase.com\/fr\/wp-json\/wp\/v2\/product"}],"about":[{"href":"https:\/\/vavcase.com\/fr\/wp-json\/wp\/v2\/types\/product"}],"replies":[{"embeddable":true,"href":"https:\/\/vavcase.com\/fr\/wp-json\/wp\/v2\/comments?post=2332"}],"wp:featuredmedia":[{"embeddable":true,"href":"https:\/\/vavcase.com\/fr\/wp-json\/wp\/v2\/media\/2340"}],"wp:attachment":[{"href":"https:\/\/vavcase.com\/fr\/wp-json\/wp\/v2\/media?parent=2332"}],"wp:term":[{"taxonomy":"product_brand","embeddable":true,"href":"https:\/\/vavcase.com\/fr\/wp-json\/wp\/v2\/product_brand?post=2332"},{"taxonomy":"product_cat","embeddable":true,"href":"https:\/\/vavcase.com\/fr\/wp-json\/wp\/v2\/product_cat?post=2332"},{"taxonomy":"product_tag","embeddable":true,"href":"https:\/\/vavcase.com\/fr\/wp-json\/wp\/v2\/product_tag?post=2332"}],"curies":[{"name":"wp","href":"https:\/\/api.w.org\/{rel}","templated":true}]}}