{"id":2341,"date":"2025-02-17T06:09:10","date_gmt":"2025-02-17T06:09:10","guid":{"rendered":"https:\/\/vavcase.com\/?post_type=product&#038;p=2341"},"modified":"2026-03-18T13:24:34","modified_gmt":"2026-03-18T13:24:34","slug":"faceplate-for-ps5-slim-disc-edition-faceplate-for-ps5-slim-cd-version-4-piece-set-black","status":"publish","type":"product","link":"https:\/\/vavcase.com\/fr\/produit\/faceplate-for-ps5-slim-disc-edition-faceplate-for-ps5-slim-cd-version-4-piece-set-black\/","title":{"rendered":"Faceplate For Ps5 Slim Disc Edition, Faceplate For Ps5 Slim Cd Version 4 Piece Set Black"},"content":{"rendered":"<h2>sp\u00e9cifications<\/h2>\n<div class=\"details-card\">\n<div class=\"details-card-body\">\n<ul class=\"specification-list\">\n<li class=\"row\">\n<div class=\"col-12 col-sm-12 col-md-6 col-lg-5 col-xl-5 mb-3 mb-sm-3 mb-md-0 mb-lg-0 mb-xl-0\">\n<h3>Plate-forme mat\u00e9rielle :<\/h3>\n<\/div>\n<div class=\"col-12 col-sm-12 col-md-6 col-lg-7 col-xl-7\">\n<p>PlayStation 5 Slim<\/p>\n<\/div>\n<\/li>\n<li class=\"row\">\n<div class=\"col-12 col-sm-12 col-md-6 col-lg-5 col-xl-5 mb-3 mb-sm-3 mb-md-0 mb-lg-0 mb-xl-0\">\n<h3>Marque :<\/h3>\n<\/div>\n<div class=\"col-12 col-sm-12 col-md-6 col-lg-7 col-xl-7\">\n<p>IMPORTE<\/p>\n<\/div>\n<\/li>\n<li class=\"row\">\n<div class=\"col-12 col-sm-12 col-md-6 col-lg-5 col-xl-5 mb-3 mb-sm-3 mb-md-0 mb-lg-0 mb-xl-0\">\n<h3>Couleur :<\/h3>\n<\/div>\n<div class=\"col-12 col-sm-12 col-md-6 col-lg-7 col-xl-7\">\n<p>Noir<\/p>\n<\/div>\n<\/li>\n<li class=\"row\">\n<div class=\"col-12 col-sm-12 col-md-6 col-lg-5 col-xl-5 mb-3 mb-sm-3 mb-md-0 mb-lg-0 mb-xl-0\">\n<h3>Mat\u00e9riau :<\/h3>\n<\/div>\n<div class=\"col-12 col-sm-12 col-md-6 col-lg-7 col-xl-7\">\n<p>Acrylonitrile Butadi\u00e8ne Styr\u00e8ne (ABS)<\/p>\n<\/div>\n<\/li>\n<li class=\"row ng-star-inserted\">\n<div class=\"col-12 col-sm-12 col-md-6 col-lg-5 col-xl-5 mb-3 mb-sm-3 mb-md-0 mb-lg-0 mb-xl-0\">\n<h3>Type de finition :<\/h3>\n<\/div>\n<div class=\"col-12 col-sm-12 col-md-6 col-lg-7 col-xl-7\">\n<p>Mat<\/p>\n<\/div>\n<\/li>\n<\/ul>\n<\/div>\n<\/div>","protected":false},"excerpt":{"rendered":"<p>Mat\u00e9riau et qualit\u00e9 : Les plaques noires de la PS5 Slim sont fabriqu\u00e9es \u00e0 partir de mat\u00e9riaux ABS de haute qualit\u00e9, ce qui garantit leur durabilit\u00e9 et leur long\u00e9vit\u00e9. Le PS5 Slim Shell Cover est m\u00e9ticuleusement con\u00e7u pour s'adapter pr\u00e9cis\u00e9ment aux dimensions et \u00e0 la forme de la console PS5 Slim, ce qui garantit une installation s\u00fbre et sans effort.<br \/>\nAm\u00e9lioration du flux d'air : Le bo\u00eetier PS5 slim est \u00e9quip\u00e9 de conduits de refroidissement circulaires des deux c\u00f4t\u00e9s, qui facilitent la ventilation et la dissipation de la chaleur de la machine, ce qui se traduit par une am\u00e9lioration des performances. Une conception am\u00e9lior\u00e9e int\u00e9grant une ventilation suppl\u00e9mentaire att\u00e9nuera le probl\u00e8me de surchauffe de la console r\u00e9sultant d'une utilisation prolong\u00e9e et offrira une exp\u00e9rience de jeu plus fluide.<br \/>\nAdaptation garantie : La coque de protection PS5 Slim est sp\u00e9cialement con\u00e7ue pour s'adapter \u00e0 la machine PS5 Slim, garantissant ainsi un ajustement parfait. Elle pr\u00e9serve les performances et les fonctionnalit\u00e9s de votre console tout en conservant les dimensions et la forme du bo\u00eetier d'origine. Veuillez noter que les plaques frontales sont exclusivement compatibles avec l'\u00e9dition disque de la PS5 Slim.<\/p>\n<p>Style personnalis\u00e9 : La housse noire PS5 Slim Cover rehausse l'apparence et le design de votre console PS5 Slim. Le noir est une couleur intemporelle et \u00e0 la mode qui conf\u00e8re \u00e0 votre console un sentiment de modernit\u00e9 et de sophistication. Il refl\u00e8te votre personnalit\u00e9 et vos pr\u00e9f\u00e9rences, qu'il soit expos\u00e9 dans une salle de jeu ou dans un salon.<br \/>\nInstallation facile : La proc\u00e9dure de remplacement de la coque de la PS5 Slim est simple. Les instructions fournies avec la coque de la console PS5 Slim vous guideront \u00e0 travers les \u00e9tapes simples n\u00e9cessaires \u00e0 l'installation. La console PlayStation 5 Slim peut \u00eatre personnalis\u00e9e par n'importe qui, sans qu'il soit n\u00e9cessaire de disposer d'un \u00e9quipement ou de comp\u00e9tences sp\u00e9cialis\u00e9s.<br \/>\nFonction de protection : Les plaques noires PS5 Slim am\u00e9liorent non seulement l'apparence de votre console PS5 Slim, mais offrent \u00e9galement une protection fiable. Elles prot\u00e8gent votre console des rayures, de la salet\u00e9 et de l'usure normale li\u00e9e \u00e0 l'utilisation quotidienne, prolongeant ainsi sa dur\u00e9e de vie.<\/p>","protected":false},"featured_media":2349,"comment_status":"open","ping_status":"closed","template":"","meta":[],"product_brand":[],"product_cat":[71,56],"product_tag":[],"class_list":{"0":"post-2341","1":"product","2":"type-product","3":"status-publish","4":"has-post-thumbnail","6":"product_cat-custom-console-covers","7":"product_cat-custom-shells-skins","9":"first","10":"instock","11":"shipping-taxable","12":"purchasable","13":"product-type-simple"},"_links":{"self":[{"href":"https:\/\/vavcase.com\/fr\/wp-json\/wp\/v2\/product\/2341","targetHints":{"allow":["GET"]}}],"collection":[{"href":"https:\/\/vavcase.com\/fr\/wp-json\/wp\/v2\/product"}],"about":[{"href":"https:\/\/vavcase.com\/fr\/wp-json\/wp\/v2\/types\/product"}],"replies":[{"embeddable":true,"href":"https:\/\/vavcase.com\/fr\/wp-json\/wp\/v2\/comments?post=2341"}],"wp:featuredmedia":[{"embeddable":true,"href":"https:\/\/vavcase.com\/fr\/wp-json\/wp\/v2\/media\/2349"}],"wp:attachment":[{"href":"https:\/\/vavcase.com\/fr\/wp-json\/wp\/v2\/media?parent=2341"}],"wp:term":[{"taxonomy":"product_brand","embeddable":true,"href":"https:\/\/vavcase.com\/fr\/wp-json\/wp\/v2\/product_brand?post=2341"},{"taxonomy":"product_cat","embeddable":true,"href":"https:\/\/vavcase.com\/fr\/wp-json\/wp\/v2\/product_cat?post=2341"},{"taxonomy":"product_tag","embeddable":true,"href":"https:\/\/vavcase.com\/fr\/wp-json\/wp\/v2\/product_tag?post=2341"}],"curies":[{"name":"wp","href":"https:\/\/api.w.org\/{rel}","templated":true}]}}