{"id":2358,"date":"2025-02-17T06:20:16","date_gmt":"2025-02-17T06:20:16","guid":{"rendered":"https:\/\/vavcase.com\/?post_type=product&#038;p=2358"},"modified":"2025-12-15T08:52:43","modified_gmt":"2025-12-15T08:52:43","slug":"cool-x-box-series-x-skin-set%ef%bc%8cfashion-protector-wrap-cover-protective-faceplate-full-set-compatible-with-x-box-series-x-console","status":"publish","type":"product","link":"https:\/\/vavcase.com\/fr\/produit\/cool-x-box-series-x-skin-set\uff0cfashion-protector-wrap-cover-protective-faceplate-full-set-compatible-with-x-box-series-x-console\/","title":{"rendered":"Cool X-Box Series X Skin Set\uff0cFashion Protector Wrap Cover Protective Faceplate Full Set Compatible with X-Box Series X Console"},"content":{"rendered":"<h2>Informations sur le produit<\/h2>\n<div class=\"a-row a-spacing-top-base\">\n<div class=\"a-column a-span6\">\n<div class=\"a-row a-spacing-base\">\n<div class=\"a-row a-expander-container a-expander-extend-container\">\n<div class=\"a-row\">\n<div class=\"a-column a-span6\">\n<h3 class=\"a-size-medium a-spacing-small\">D\u00e9tails techniques<\/h3>\n<\/div>\n<\/div>\n<div class=\"a-expander-content a-expander-extend-content\" data-expanded=\"true\">\n<div class=\"a-row a-expander-container a-expander-inline-container\">\n<div class=\"a-expander-content a-expander-section-content a-section-expander-inner\" data-expanded=\"true\">\n<table id=\"productDetails_techSpec_section_1\" class=\"a-keyvalue prodDetTable\" role=\"presentation\">\n<tbody>\n<tr>\n<th class=\"a-color-secondary a-size-base prodDetSectionEntry\">Marque<\/th>\n<td class=\"a-size-base prodDetAttrValue\">BOZTYRI<\/td>\n<\/tr>\n<tr>\n<th class=\"a-color-secondary a-size-base prodDetSectionEntry\">Fabricant<\/th>\n<td class=\"a-size-base prodDetAttrValue\">xbox<\/td>\n<\/tr>\n<tr>\n<th class=\"a-color-secondary a-size-base prodDetSectionEntry\">Mod\u00e8le<\/th>\n<td class=\"a-size-base prodDetAttrValue\">Xbox S\u00e9rie X<\/td>\n<\/tr>\n<tr>\n<th class=\"a-color-secondary a-size-base prodDetSectionEntry\">Dimensions de l'emballage<\/th>\n<td class=\"a-size-base prodDetAttrValue\">31,5 x 17,81 x 0,79 cm ; 91 g<\/td>\n<\/tr>\n<tr>\n<th class=\"a-color-secondary a-size-base prodDetSectionEntry\">Num\u00e9ro de mod\u00e8le de l'article<\/th>\n<td class=\"a-size-base prodDetAttrValue\">Xbox S\u00e9rie X<\/td>\n<\/tr>\n<tr>\n<th class=\"a-color-secondary a-size-base prodDetSectionEntry\">Plate-forme mat\u00e9rielle<\/th>\n<td class=\"a-size-base prodDetAttrValue\">xbox<\/td>\n<\/tr>\n<tr>\n<th class=\"a-color-secondary a-size-base prodDetSectionEntry\">Appareils compatibles<\/th>\n<td class=\"a-size-base prodDetAttrValue\">Console de jeux<\/td>\n<\/tr>\n<tr>\n<th class=\"a-color-secondary a-size-base prodDetSectionEntry\">Caract\u00e9ristiques sp\u00e9ciales<\/th>\n<td class=\"a-size-base prodDetAttrValue\">r\u00e9sistant aux rayures<\/td>\n<\/tr>\n<tr>\n<th class=\"a-color-secondary a-size-base prodDetSectionEntry\">Technologie de stabilisation d'image<\/th>\n<td class=\"a-size-base prodDetAttrValue\">num\u00e9rique<\/td>\n<\/tr>\n<tr>\n<th class=\"a-color-secondary a-size-base prodDetSectionEntry\">Piles incluses<\/th>\n<td class=\"a-size-base prodDetAttrValue\">Non<\/td>\n<\/tr>\n<tr>\n<th class=\"a-color-secondary a-size-base prodDetSectionEntry\">Piles n\u00e9cessaires<\/th>\n<td class=\"a-size-base prodDetAttrValue\">Non<\/td>\n<\/tr>\n<tr>\n<th class=\"a-color-secondary a-size-base prodDetSectionEntry\">Mat\u00e9riau<\/th>\n<td class=\"a-size-base prodDetAttrValue\">Vinyle<\/td>\n<\/tr>\n<tr>\n<th class=\"a-color-secondary a-size-base prodDetSectionEntry\">Facteur de forme<\/th>\n<td class=\"a-size-base prodDetAttrValue\">couverture<\/td>\n<\/tr>\n<tr>\n<th class=\"a-color-secondary a-size-base prodDetSectionEntry\">Type d'objectif<\/th>\n<td class=\"a-size-base prodDetAttrValue\">standard<\/td>\n<\/tr>\n<tr>\n<th class=\"a-color-secondary a-size-base prodDetSectionEntry\">Fabricant<\/th>\n<td class=\"a-size-base prodDetAttrValue\">xbox<\/td>\n<\/tr>\n<tr>\n<th class=\"a-color-secondary a-size-base prodDetSectionEntry\">Pays d'origine<\/th>\n<td class=\"a-size-base prodDetAttrValue\">Chine<\/td>\n<\/tr>\n<tr>\n<th class=\"a-color-secondary a-size-base prodDetSectionEntry\">Poids de l'article<\/th>\n<td class=\"a-size-base prodDetAttrValue\">91 g<\/td>\n<\/tr>\n<\/tbody>\n<\/table>\n<\/div>\n<\/div>\n<\/div>\n<\/div>\n<\/div>\n<\/div>\n<\/div>","protected":false},"excerpt":{"rendered":"<p><strong>Contenu du paquet :<\/strong> Deux rev\u00eatements pour manettes Xbox Series X.1 rev\u00eatement pour console Xbox Series X. La compatibilit\u00e9 est limit\u00e9e \u00e0 la s\u00e9rie Xbox. <strong>X. Mat\u00e9riaux de qualit\u00e9 sup\u00e9rieure :<\/strong>Notre Skin Material est un mat\u00e9riau vinyle de premi\u00e8re qualit\u00e9, facile \u00e0 appliquer et \u00e0 retirer. Il r\u00e9siste aux rayures, ne laisse aucun r\u00e9sidu et s'adapte avec pr\u00e9cision sans interf\u00e9rer avec les boutons ou les capteurs.<\/p>\n<p><strong>Protection contre l'usure et la d\u00e9chirure :<\/strong> Pr\u00e9vient les rayures et la poussi\u00e8re dues \u00e0 l'utilisation courante. Offre la protection fondamentale la plus efficace tout en conservant un aspect tendance.<br \/>\n<strong>Am\u00e9liorez la visibilit\u00e9 de votre Xbox :<\/strong> Explorez notre vaste s\u00e9lection de mod\u00e8les pour trouver celui qui correspond le mieux \u00e0 vos pr\u00e9f\u00e9rences.<\/p>","protected":false},"featured_media":2366,"comment_status":"open","ping_status":"closed","template":"","meta":[],"product_brand":[],"product_cat":[71,56],"product_tag":[],"class_list":{"0":"post-2358","1":"product","2":"type-product","3":"status-publish","4":"has-post-thumbnail","6":"product_cat-custom-console-covers","7":"product_cat-custom-shells-skins","9":"first","10":"instock","11":"shipping-taxable","12":"purchasable","13":"product-type-simple"},"_links":{"self":[{"href":"https:\/\/vavcase.com\/fr\/wp-json\/wp\/v2\/product\/2358","targetHints":{"allow":["GET"]}}],"collection":[{"href":"https:\/\/vavcase.com\/fr\/wp-json\/wp\/v2\/product"}],"about":[{"href":"https:\/\/vavcase.com\/fr\/wp-json\/wp\/v2\/types\/product"}],"replies":[{"embeddable":true,"href":"https:\/\/vavcase.com\/fr\/wp-json\/wp\/v2\/comments?post=2358"}],"wp:featuredmedia":[{"embeddable":true,"href":"https:\/\/vavcase.com\/fr\/wp-json\/wp\/v2\/media\/2366"}],"wp:attachment":[{"href":"https:\/\/vavcase.com\/fr\/wp-json\/wp\/v2\/media?parent=2358"}],"wp:term":[{"taxonomy":"product_brand","embeddable":true,"href":"https:\/\/vavcase.com\/fr\/wp-json\/wp\/v2\/product_brand?post=2358"},{"taxonomy":"product_cat","embeddable":true,"href":"https:\/\/vavcase.com\/fr\/wp-json\/wp\/v2\/product_cat?post=2358"},{"taxonomy":"product_tag","embeddable":true,"href":"https:\/\/vavcase.com\/fr\/wp-json\/wp\/v2\/product_tag?post=2358"}],"curies":[{"name":"wp","href":"https:\/\/api.w.org\/{rel}","templated":true}]}}