{"id":2367,"date":"2025-02-17T06:24:16","date_gmt":"2025-02-17T06:24:16","guid":{"rendered":"https:\/\/vavcase.com\/?post_type=product&#038;p=2367"},"modified":"2025-12-15T05:42:35","modified_gmt":"2025-12-15T05:42:35","slug":"pss-faceplate-for-ps5-slim-disc-edition-ps5-slim-faceplate-replacement-hard-case-shell-cover-side-plates-for-ps5","status":"publish","type":"product","link":"https:\/\/vavcase.com\/fr\/produit\/pss-faceplate-for-ps5-slim-disc-edition-ps5-slim-faceplate-replacement-hard-case-shell-cover-side-plates-for-ps5\/","title":{"rendered":"PSS Faceplate for PS5 Slim Disc Edition, PS5 Slim Faceplate, Replacement Hard Case Shell Cover Side Plates for PS5"},"content":{"rendered":"<h2>Informations sur le produit<\/h2>\n<div class=\"a-row a-spacing-top-base\">\n<div class=\"a-column a-span6\">\n<div class=\"a-row a-spacing-base\">\n<div class=\"a-row a-expander-container a-expander-extend-container\">\n<div class=\"a-row\">\n<div class=\"a-column a-span6\">\n<h3 class=\"a-size-medium a-spacing-small\">D\u00e9tails techniques<\/h3>\n<\/div>\n<\/div>\n<div class=\"a-expander-content a-expander-extend-content\" data-expanded=\"true\">\n<div class=\"a-row a-expander-container a-expander-inline-container\">\n<div class=\"a-expander-content a-expander-section-content a-section-expander-inner\" data-expanded=\"true\">\n<table id=\"productDetails_techSpec_section_1\" class=\"a-keyvalue prodDetTable\" role=\"presentation\">\n<tbody>\n<tr>\n<th class=\"a-color-secondary a-size-base prodDetSectionEntry\">Marque<\/th>\n<td class=\"a-size-base prodDetAttrValue\">PSS<\/td>\n<\/tr>\n<tr>\n<th class=\"a-color-secondary a-size-base prodDetSectionEntry\">Fabricant<\/th>\n<td class=\"a-size-base prodDetAttrValue\">PSS, pssales1984@gmail.com, PSS<\/td>\n<\/tr>\n<tr>\n<th class=\"a-color-secondary a-size-base prodDetSectionEntry\">Nom du mod\u00e8le<\/th>\n<td class=\"a-size-base prodDetAttrValue\">Faceplate pour PS5 Slim Spidy Edition<\/td>\n<\/tr>\n<tr>\n<th class=\"a-color-secondary a-size-base prodDetSectionEntry\">Dimensions de l'emballage<\/th>\n<td class=\"a-size-base prodDetAttrValue\">28 x 25 x 9 cm ; 700 g<\/td>\n<\/tr>\n<tr>\n<th class=\"a-color-secondary a-size-base prodDetSectionEntry\">Plate-forme mat\u00e9rielle<\/th>\n<td class=\"a-size-base prodDetAttrValue\">PS5 Slim<\/td>\n<\/tr>\n<tr>\n<th class=\"a-color-secondary a-size-base prodDetSectionEntry\">Piles n\u00e9cessaires<\/th>\n<td class=\"a-size-base prodDetAttrValue\">Non<\/td>\n<\/tr>\n<tr>\n<th class=\"a-color-secondary a-size-base prodDetSectionEntry\">Mat\u00e9riau<\/th>\n<td class=\"a-size-base prodDetAttrValue\">Plastique<\/td>\n<\/tr>\n<tr>\n<th class=\"a-color-secondary a-size-base prodDetSectionEntry\">Fabricant<\/th>\n<td class=\"a-size-base prodDetAttrValue\">PSS, pssales1984@gmail.com<\/td>\n<\/tr>\n<tr>\n<th class=\"a-color-secondary a-size-base prodDetSectionEntry\">Poids de l'article<\/th>\n<td class=\"a-size-base prodDetAttrValue\">700 g<\/td>\n<\/tr>\n<\/tbody>\n<\/table>\n<\/div>\n<\/div>\n<\/div>\n<\/div>\n<\/div>\n<\/div>\n<\/div>","protected":false},"excerpt":{"rendered":"<p><strong>NOUVELLE ET \u00c9L\u00c9GANTE APPARENCE :<\/strong> Le plastron PStation 5 Slim pour Disc Edition est une am\u00e9lioration \u00e9l\u00e9gante et raffin\u00e9e qui rehaussera votre exp\u00e9rience de jeu. Ces plaques sont con\u00e7ues pour s'int\u00e9grer parfaitement \u00e0 votre console PS5 Slim, offrant un aspect haut de gamme qui rehaussera l'apparence de votre installation de jeu.<br \/>\n<strong>CONCEPTION AM\u00c9LIOR\u00c9E :<\/strong>\u00a0 Ces plaques fines pour PS5 sont dot\u00e9es d'une coque r\u00e9sistante qui prot\u00e8ge votre console des rayures et des \u00e9raflures, tout en apportant une touche de personnalisation \u00e0 votre appareil. Elles sont fabriqu\u00e9es \u00e0 partir de mat\u00e9riaux de haute qualit\u00e9. La fa\u00e7ade PSS ps5 slim est un excellent choix pour les joueurs qui souhaitent afficher leur style, car elle ajoute une touche de sophistication et de classe.<br \/>\n<strong>L'AM\u00c9LIORATION DE LA QUALIT\u00c9 :<\/strong> Am\u00e9liorez votre exp\u00e9rience de jeu avec le plastron PS 5 Slim, la meilleure option pour les joueurs qui souhaitent personnaliser leur console avec un ext\u00e9rieur de haute qualit\u00e9 qui offre \u00e0 la fois protection et style.<\/p>\n<p><strong>INSTALLATION ET D\u00c9MONTAGE FACILES :<\/strong> Les couvercles PS5 Slim pour Disc Edition sont incroyablement simples \u00e0 installer et \u00e0 retirer, ce qui vous permet de changer facilement d'apparence quand vous le souhaitez. Ces plaques sont la solution id\u00e9ale pour ceux qui souhaitent m\u00e9langer et assortir d'autres couleurs ou qui sont d'humeur \u00e0 changer de d\u00e9cor.<br \/>\nCette fa\u00e7ade est exclusivement compatible avec la variante PS5 Slim et n'est pas compatible avec le mod\u00e8le PS5 normal. Veuillez noter que la console PS5 n'est pas incluse.<\/p>","protected":false},"featured_media":2372,"comment_status":"open","ping_status":"closed","template":"","meta":[],"product_brand":[],"product_cat":[71,56],"product_tag":[],"class_list":{"0":"post-2367","1":"product","2":"type-product","3":"status-publish","4":"has-post-thumbnail","6":"product_cat-custom-console-covers","7":"product_cat-custom-shells-skins","9":"first","10":"instock","11":"featured","12":"shipping-taxable","13":"purchasable","14":"product-type-simple"},"_links":{"self":[{"href":"https:\/\/vavcase.com\/fr\/wp-json\/wp\/v2\/product\/2367","targetHints":{"allow":["GET"]}}],"collection":[{"href":"https:\/\/vavcase.com\/fr\/wp-json\/wp\/v2\/product"}],"about":[{"href":"https:\/\/vavcase.com\/fr\/wp-json\/wp\/v2\/types\/product"}],"replies":[{"embeddable":true,"href":"https:\/\/vavcase.com\/fr\/wp-json\/wp\/v2\/comments?post=2367"}],"wp:featuredmedia":[{"embeddable":true,"href":"https:\/\/vavcase.com\/fr\/wp-json\/wp\/v2\/media\/2372"}],"wp:attachment":[{"href":"https:\/\/vavcase.com\/fr\/wp-json\/wp\/v2\/media?parent=2367"}],"wp:term":[{"taxonomy":"product_brand","embeddable":true,"href":"https:\/\/vavcase.com\/fr\/wp-json\/wp\/v2\/product_brand?post=2367"},{"taxonomy":"product_cat","embeddable":true,"href":"https:\/\/vavcase.com\/fr\/wp-json\/wp\/v2\/product_cat?post=2367"},{"taxonomy":"product_tag","embeddable":true,"href":"https:\/\/vavcase.com\/fr\/wp-json\/wp\/v2\/product_tag?post=2367"}],"curies":[{"name":"wp","href":"https:\/\/api.w.org\/{rel}","templated":true}]}}