{"id":2380,"date":"2025-02-17T06:36:37","date_gmt":"2025-02-17T06:36:37","guid":{"rendered":"https:\/\/vavcase.com\/?post_type=product&#038;p=2380"},"modified":"2025-02-17T06:36:37","modified_gmt":"2025-02-17T06:36:37","slug":"extremerate-full-set-shell-buttons-for-xbox-series-x-s-controller","status":"publish","type":"product","link":"https:\/\/vavcase.com\/fr\/produit\/jeu-complet-de-boutons-pour-manette-xbox-series-x-s\/","title":{"rendered":"eXtremeRate Full Set Shell Buttons for Xbox Series X &amp; S Controller"},"content":{"rendered":"<h2>Informations sur le produit<\/h2>\n<div class=\"a-row a-spacing-top-base\">\n<div class=\"a-column a-span6\">\n<div class=\"a-row a-spacing-base\">\n<div class=\"a-section table-padding\">\n<table id=\"productDetails_detailBullets_sections1\" class=\"a-keyvalue prodDetTable\" role=\"presentation\">\n<tbody>\n<tr>\n<th class=\"a-color-secondary a-size-base prodDetSectionEntry\">Dimensions du produit<\/th>\n<td class=\"a-size-base prodDetAttrValue\">2.76\u2033W x 0.59\u2033H<\/td>\n<\/tr>\n<tr>\n<th class=\"a-color-secondary a-size-base prodDetSectionEntry\">Fabricant<\/th>\n<td class=\"a-size-base prodDetAttrValue\">Extr\u00e9miser<\/td>\n<\/tr>\n<tr>\n<th class=\"a-color-secondary a-size-base prodDetSectionEntry\">ASIN<\/th>\n<td class=\"a-size-base prodDetAttrValue\">B08RYJL53F<\/td>\n<\/tr>\n<tr>\n<th class=\"a-color-secondary a-size-base prodDetSectionEntry\">Avis des clients<\/th>\n<td class=\"a-size-base\">\n<div id=\"averageCustomerReviews\" data-asin=\"B08RYJL53F\" data-ref=\"dpx_acr_pop_\"><span class=\"a-declarative\" data-action=\"acrStarsLink-click-metrics\" data-acrstarslink-click-metrics=\"{}\"><span id=\"acrPopover\" class=\"reviewCountTextLinkedHistogram noUnderline\" title=\"4,5 sur 5 \u00e9toiles\"><a class=\"a-popover-trigger a-declarative\" role=\"button\"><span class=\"a-size-base a-color-base\">4.5\u00a0<\/span><i class=\"a-icon a-icon-star a-star-4-5 cm-cr-review-stars-spacing-big\"><span class=\"a-icon-alt\">4,5 sur 5 \u00e9toiles<\/span><\/i>\u00a0<i class=\"a-icon a-icon-popover\"><\/i><\/a>\u00a0\u00a0<\/span><\/span>\u00a0<span class=\"a-declarative\" data-action=\"acrLink-click-metrics\" data-acrlink-click-metrics=\"{}\"><a id=\"acrCustomerReviewLink\" class=\"a-link-normal\" href=\"https:\/\/www.amazon.com\/eXtremeRate-Transparent-Controller-Housing-Replacement\/dp\/B08RYJL53F\/ref=sr_1_9?crid=EUP4YHA2D3KA&amp;dib=eyJ2IjoiMSJ9.jEXY5_0G06Nl6-QL1wVlh5I3v0AZh0oirXGzOZiX_nVnghQsTi9tXAUMEFRcxTP7BG9ZsqKfjXoZEEqNnzTSvzJfGJRkViFMDNTtNYZ-ByKp19Sz_6p96XcTlXSIxD7SL1KcrO8LS5PSr-QXAehMp4tcnYYifpfnb5HXclho_Dx-VVdGkbaXjlYYLkKXMRkrJO89p3FZOymB0RMGAh1ZW15arsmrQ9jo4OylX-NMMd8.7TaPg7fg50ejGNXgg8h5LcrgWpL4nmf-ITa3389G1ik&amp;dib_tag=se&amp;keywords=%E2%80%A2%2BController%2BShells&amp;qid=1739773506&amp;sprefix=controller%2Bshells%2B%2Caps%2C1031&amp;sr=8-9&amp;th=1#customerReviews\"><span id=\"acrCustomerReviewText\" class=\"a-size-base\">708 \u00e9valuations<\/span><\/a><\/span><\/div>\n<p>4,5 sur 5 \u00e9toiles<\/td>\n<\/tr>\n<tr>\n<th class=\"a-color-secondary a-size-base prodDetSectionEntry\">Classement des meilleures ventes<\/th>\n<td>#10.394 dans Jeux vid\u00e9o (<a href=\"https:\/\/www.amazon.com\/gp\/bestsellers\/videogames\/ref=pd_zg_ts_videogames\">Voir le Top 100 des jeux vid\u00e9o<\/a>)<br \/>\n#49 dans\u00a0<a href=\"https:\/\/www.amazon.com\/gp\/bestsellers\/videogames\/23568180011\/ref=pd_zg_hrsr_videogames\">Kits d'accessoires Xbox Series X &amp; S<\/a><\/td>\n<\/tr>\n<tr>\n<th class=\"a-color-secondary a-size-base prodDetSectionEntry\">Type d'article<\/th>\n<td class=\"a-size-base prodDetAttrValue\">\u00c9lectronique<\/td>\n<\/tr>\n<tr>\n<th class=\"a-color-secondary a-size-base prodDetSectionEntry\">Num\u00e9ro de mod\u00e8le de l'article<\/th>\n<td class=\"a-size-base prodDetAttrValue\">QX3M505<\/td>\n<\/tr>\n<tr>\n<th class=\"a-color-secondary a-size-base prodDetSectionEntry\">Poids de l'article<\/th>\n<td class=\"a-size-base prodDetAttrValue\">1,76 once<\/td>\n<\/tr>\n<\/tbody>\n<\/table>\n<\/div>\n<\/div>\n<\/div>\n<\/div>","protected":false},"excerpt":{"rendered":"<p><strong>Mod\u00e8le de compatibilit\u00e9 :<\/strong> L'Ultra est compatible avec les manettes Xbox Series X et Xbox Series S, mais pas avec les autres manettes Xbox One. Avant d'effectuer un achat, veuillez v\u00e9rifier la deuxi\u00e8me image de l'annonce.<br \/>\n<strong>Ajustement optimal :<\/strong> L'option la plus appropri\u00e9e de loin ; s'adapte \u00e0 tous les c\u00f4t\u00e9s ; s'assoit en toute s\u00e9curit\u00e9 sur toutes les fixations.<br \/>\nLes \u00e9l\u00e9ments suivants sont inclus dans le paquet : 1 plaque avant, 1 plaque arri\u00e8re, 1 rail lat\u00e9ral gauche, 1 rail lat\u00e9ral droit, 2 manettes, 1 jeu complet de boutons, 1 outil pour ouvrir la coque, 2 tournevis et 17 vis (Important : le contr\u00f4leur et les autres composants ne sont pas inclus).<\/p>\n<p><strong>Facile \u00e0 installer :<\/strong> D\u00e9montez la fa\u00e7ade d'origine de la manette et remplacez-la par la fa\u00e7ade eXtremeRate. Obtenez un guide vid\u00e9o d'installation en effectuant une recherche sur YouTube pour \"eXtremeRate Full Set Shell for Xbox Series X\/S\" ou \"_n2UYBeixl8\".<br \/>\n<strong>Personnalisation :<\/strong> Fabriqu\u00e9 en ABS de premi\u00e8re qualit\u00e9, cet article est \u00e0 la fois pratique et durable. La couleur violet atomique translucide est vraiment \u00e9tonnante.<\/p>","protected":false},"featured_media":2382,"comment_status":"open","ping_status":"closed","template":"","meta":[],"product_brand":[],"product_cat":[72,56],"product_tag":[],"class_list":{"0":"post-2380","1":"product","2":"type-product","3":"status-publish","4":"has-post-thumbnail","6":"product_cat-controller-shells","7":"product_cat-custom-shells-skins","9":"first","10":"instock","11":"shipping-taxable","12":"purchasable","13":"product-type-simple"},"_links":{"self":[{"href":"https:\/\/vavcase.com\/fr\/wp-json\/wp\/v2\/product\/2380","targetHints":{"allow":["GET"]}}],"collection":[{"href":"https:\/\/vavcase.com\/fr\/wp-json\/wp\/v2\/product"}],"about":[{"href":"https:\/\/vavcase.com\/fr\/wp-json\/wp\/v2\/types\/product"}],"replies":[{"embeddable":true,"href":"https:\/\/vavcase.com\/fr\/wp-json\/wp\/v2\/comments?post=2380"}],"wp:featuredmedia":[{"embeddable":true,"href":"https:\/\/vavcase.com\/fr\/wp-json\/wp\/v2\/media\/2382"}],"wp:attachment":[{"href":"https:\/\/vavcase.com\/fr\/wp-json\/wp\/v2\/media?parent=2380"}],"wp:term":[{"taxonomy":"product_brand","embeddable":true,"href":"https:\/\/vavcase.com\/fr\/wp-json\/wp\/v2\/product_brand?post=2380"},{"taxonomy":"product_cat","embeddable":true,"href":"https:\/\/vavcase.com\/fr\/wp-json\/wp\/v2\/product_cat?post=2380"},{"taxonomy":"product_tag","embeddable":true,"href":"https:\/\/vavcase.com\/fr\/wp-json\/wp\/v2\/product_tag?post=2380"}],"curies":[{"name":"wp","href":"https:\/\/api.w.org\/{rel}","templated":true}]}}