{"id":2389,"date":"2025-02-17T06:41:44","date_gmt":"2025-02-17T06:41:44","guid":{"rendered":"https:\/\/vavcase.com\/?post_type=product&#038;p=2389"},"modified":"2025-02-17T06:41:44","modified_gmt":"2025-02-17T06:41:44","slug":"touchpad-front-shell-compatible-with-ps5-controller","status":"publish","type":"product","link":"https:\/\/vavcase.com\/fr\/produit\/coque-frontale-pour-pave-tactile-compatible-avec-la-manette-ps5\/","title":{"rendered":"Coque avant du pav\u00e9 tactile compatible avec la manette PS5"},"content":{"rendered":"<h2>Informations sur le produit<\/h2>\n<div class=\"a-row a-spacing-top-base\">\n<div class=\"a-column a-span6\">\n<div class=\"a-row a-spacing-base\">\n<div class=\"a-section table-padding\">\n<table id=\"productDetails_detailBullets_sections1\" class=\"a-keyvalue prodDetTable\" role=\"presentation\">\n<tbody>\n<tr>\n<th class=\"a-color-secondary a-size-base prodDetSectionEntry\">Dimensions de l'emballage<\/th>\n<td class=\"a-size-base prodDetAttrValue\">6,6 x 4,5 x 0,9 pouces<\/td>\n<\/tr>\n<tr>\n<th class=\"a-color-secondary a-size-base prodDetSectionEntry\">Poids de l'article<\/th>\n<td class=\"a-size-base prodDetAttrValue\">4 onces<\/td>\n<\/tr>\n<tr>\n<th class=\"a-color-secondary a-size-base prodDetSectionEntry\">ASIN<\/th>\n<td class=\"a-size-base prodDetAttrValue\">B0DMW2SFHL<\/td>\n<\/tr>\n<tr>\n<th class=\"a-color-secondary a-size-base prodDetSectionEntry\">Num\u00e9ro de mod\u00e8le de l'article<\/th>\n<td class=\"a-size-base prodDetAttrValue\">CF-2189S<\/td>\n<\/tr>\n<tr>\n<th class=\"a-color-secondary a-size-base prodDetSectionEntry\">Classement des meilleures ventes<\/th>\n<td>#41.276 dans Jeux vid\u00e9o (<a href=\"https:\/\/www.amazon.com\/gp\/bestsellers\/videogames\/ref=pd_zg_ts_videogames\">Voir le Top 100 des jeux vid\u00e9o<\/a>)<br \/>\n#195 dans\u00a0<a href=\"https:\/\/www.amazon.com\/gp\/bestsellers\/videogames\/23577568011\/ref=pd_zg_hrsr_videogames\">Plaques frontales pour la PlayStation 5<\/a><\/td>\n<\/tr>\n<tr>\n<th class=\"a-color-secondary a-size-base prodDetSectionEntry\">Date de mise \u00e0 disposition<\/th>\n<td class=\"a-size-base prodDetAttrValue\">1er d\u00e9cembre 2024<\/td>\n<\/tr>\n<tr>\n<th class=\"a-color-secondary a-size-base prodDetSectionEntry\">Fabricant<\/th>\n<td class=\"a-size-base prodDetAttrValue\">Shen Zhen Shi Fei Hu Yu You Xian Gong Si<\/td>\n<\/tr>\n<tr>\n<th class=\"a-color-secondary a-size-base prodDetSectionEntry\">Langue<\/th>\n<td class=\"a-size-base prodDetAttrValue\">Anglais<\/td>\n<\/tr>\n<\/tbody>\n<\/table>\n<\/div>\n<\/div>\n<\/div>\n<\/div>","protected":false},"excerpt":{"rendered":"<p><strong>Compatibilit\u00e9 avec le bricolage :<\/strong> Ces coques de remplacement personnalis\u00e9es sont con\u00e7ues pour \u00eatre enti\u00e8rement compatibles avec tous les mod\u00e8les de contr\u00f4leurs PS5, y compris BDM-010, BDM-020, BDM-030, BDM-040 et BDM-050. Elles ne sont pas compatibles avec les contr\u00f4leurs d'autres marques.<br \/>\n<strong>Personnalisation pr\u00e9cise :<\/strong> La coque de remplacement de la manette PS5 est con\u00e7ue avec des bords d\u00e9coup\u00e9s avec pr\u00e9cision qui sont enti\u00e8rement align\u00e9s avec le bo\u00eetier d'origine et exempts de bavures. Cela garantit une installation et un ajustement parfaits, pour une apparence fra\u00eeche et moderne de votre manette PS5.<br \/>\n<strong>Bricolage personnalis\u00e9 :<\/strong> Notre panneau DIY custom vous permet de personnaliser votre manette PS5 selon vos pr\u00e9f\u00e9rences en choisissant parmi une s\u00e9lection vari\u00e9e de couleurs et de styles. En combinant nos ensembles de manettes, vous pouvez cr\u00e9er une exp\u00e9rience de jeu distinctive qui refl\u00e8te votre style personnel.<\/p>\n<p><strong>Installation simple :<\/strong> Le kit de remplacement de la plaque frontale et du pav\u00e9 tactile est \u00e9quip\u00e9 de tous les outils n\u00e9cessaires pour faciliter le retrait du couvercle de la manette d'origine et le remplacement de ces accessoires, afin d'offrir une exp\u00e9rience de jeu optimale.<br \/>\n<strong>Contenu du paquet :<\/strong>1* coque de faceplate, 1* coque et support de touch pad, 1* coque d\u00e9corative, 1* outil d'ouverture de coque, 1* tournevis, 3* attaches de rechange, et 1* kit de pouces sont inclus dans chaque paquet. Le contr\u00f4leur et les autres composants ne sont pas inclus.<\/p>","protected":false},"featured_media":2396,"comment_status":"open","ping_status":"closed","template":"","meta":[],"product_brand":[],"product_cat":[72,56],"product_tag":[],"class_list":{"0":"post-2389","1":"product","2":"type-product","3":"status-publish","4":"has-post-thumbnail","6":"product_cat-controller-shells","7":"product_cat-custom-shells-skins","9":"first","10":"instock","11":"shipping-taxable","12":"purchasable","13":"product-type-simple"},"_links":{"self":[{"href":"https:\/\/vavcase.com\/fr\/wp-json\/wp\/v2\/product\/2389","targetHints":{"allow":["GET"]}}],"collection":[{"href":"https:\/\/vavcase.com\/fr\/wp-json\/wp\/v2\/product"}],"about":[{"href":"https:\/\/vavcase.com\/fr\/wp-json\/wp\/v2\/types\/product"}],"replies":[{"embeddable":true,"href":"https:\/\/vavcase.com\/fr\/wp-json\/wp\/v2\/comments?post=2389"}],"wp:featuredmedia":[{"embeddable":true,"href":"https:\/\/vavcase.com\/fr\/wp-json\/wp\/v2\/media\/2396"}],"wp:attachment":[{"href":"https:\/\/vavcase.com\/fr\/wp-json\/wp\/v2\/media?parent=2389"}],"wp:term":[{"taxonomy":"product_brand","embeddable":true,"href":"https:\/\/vavcase.com\/fr\/wp-json\/wp\/v2\/product_brand?post=2389"},{"taxonomy":"product_cat","embeddable":true,"href":"https:\/\/vavcase.com\/fr\/wp-json\/wp\/v2\/product_cat?post=2389"},{"taxonomy":"product_tag","embeddable":true,"href":"https:\/\/vavcase.com\/fr\/wp-json\/wp\/v2\/product_tag?post=2389"}],"curies":[{"name":"wp","href":"https:\/\/api.w.org\/{rel}","templated":true}]}}