{"id":2397,"date":"2025-02-17T06:48:10","date_gmt":"2025-02-17T06:48:10","guid":{"rendered":"https:\/\/vavcase.com\/?post_type=product&#038;p=2397"},"modified":"2025-02-17T06:48:10","modified_gmt":"2025-02-17T06:48:10","slug":"extremerate-nine-tailed-fox-touchpad-front-top-shell-compatible-with-ps5-controller","status":"publish","type":"product","link":"https:\/\/vavcase.com\/fr\/produit\/extremerate-nine-tailed-fox-touchpad-front-top-shell-compatible-with-ps5-controller\/","title":{"rendered":"eXtremeRate Renard \u00e0 neuf queues Touchpad Front Top Shell compatible avec la manette ps5"},"content":{"rendered":"<p><span class=\"a-text-bold\">Caract\u00e9ristiques du produit :<\/span><\/p>\n<ul class=\"a-unordered-list a-vertical\">\n<li><span class=\"a-list-item\"><span class=\"a-text-bold\">Fabriqu\u00e9 en plastique ABS durable et non toxique.<\/span>\u00a0Sans odeur.<\/span><\/li>\n<li><span class=\"a-list-item\">S'adapte parfaitement \u00e0 tous les c\u00f4t\u00e9s ; s'adapte correctement \u00e0 tous les clips.<\/span><\/li>\n<li><span class=\"a-list-item\">Personnalisez votre contr\u00f4leur.<\/span><\/li>\n<li><span class=\"a-list-item\">C'est un beau changement par rapport \u00e0 un blanc normal et ennuyeux, sans d\u00e9penser une tonne d'argent.<\/span><\/li>\n<\/ul>\n<h3 class=\"a-spacing-mini\">Le paquet comprend :<\/h3>\n<ul class=\"a-unordered-list a-vertical\">\n<li><span class=\"a-list-item\">1* Coquille de la plaque frontale<\/span><\/li>\n<li><span class=\"a-list-item\">1* Coquille de la tablette tactile<\/span><\/li>\n<li><span class=\"a-list-item\">1* Kit de support pour clavier \u00e0 effleurement<\/span><\/li>\n<li><span class=\"a-list-item\">1* Outil \u00e0 coquille ouverte<\/span><\/li>\n<li><span class=\"a-list-item\">1* Tournevis<\/span><\/li>\n<li><span class=\"a-list-item\">13* Vis<\/span><\/li>\n<li><span class=\"a-list-item\"><span class=\"a-text-bold\">Remarque : le contr\u00f4leur, le pav\u00e9 tactile et les autres pi\u00e8ces ne sont pas inclus !<\/span><\/span><\/li>\n<\/ul>\n<h2>Informations sur le produit<\/h2>\n<div class=\"a-row a-spacing-top-base\">\n<div class=\"a-column a-span6\">\n<div class=\"a-row a-spacing-base\">\n<div class=\"a-section table-padding\">\n<table id=\"productDetails_detailBullets_sections1\" class=\"a-keyvalue prodDetTable\" role=\"presentation\">\n<tbody>\n<tr>\n<th class=\"a-color-secondary a-size-base prodDetSectionEntry\">Dimensions du produit<\/th>\n<td class=\"a-size-base prodDetAttrValue\">3.54\u2033W x 0.59\u2033H<\/td>\n<\/tr>\n<tr>\n<th class=\"a-color-secondary a-size-base prodDetSectionEntry\">Fabricant<\/th>\n<td class=\"a-size-base prodDetAttrValue\">Extr\u00e9miser<\/td>\n<\/tr>\n<tr>\n<th class=\"a-color-secondary a-size-base prodDetSectionEntry\">Poids de l'article<\/th>\n<td class=\"a-size-base prodDetAttrValue\">1,06 once<\/td>\n<\/tr>\n<tr>\n<th class=\"a-color-secondary a-size-base prodDetSectionEntry\">ASIN<\/th>\n<td class=\"a-size-base prodDetAttrValue\">B0BXCJCPYJ<\/td>\n<\/tr>\n<tr>\n<th class=\"a-color-secondary a-size-base prodDetSectionEntry\">Num\u00e9ro de mod\u00e8le de l'article<\/th>\n<td class=\"a-size-base prodDetAttrValue\">ZPFT1082G3<\/td>\n<\/tr>\n<tr>\n<th class=\"a-color-secondary a-size-base prodDetSectionEntry\">Avis des clients<\/th>\n<td class=\"a-size-base\">\n<div id=\"averageCustomerReviews\" data-asin=\"B0BXCJCPYJ\" data-ref=\"dpx_acr_pop_\"><span class=\"a-declarative\" data-action=\"acrStarsLink-click-metrics\" data-acrstarslink-click-metrics=\"{}\"><span id=\"acrPopover\" class=\"reviewCountTextLinkedHistogram noUnderline\" title=\"4,4 sur 5 \u00e9toiles\"><a class=\"a-popover-trigger a-declarative\" role=\"button\"><span class=\"a-size-base a-color-base\">4.4\u00a0<\/span><i class=\"a-icon a-icon-star a-star-4-5 cm-cr-review-stars-spacing-big\"><span class=\"a-icon-alt\">4,4 sur 5 \u00e9toiles<\/span><\/i>\u00a0<i class=\"a-icon a-icon-popover\"><\/i><\/a>\u00a0\u00a0<\/span><\/span>\u00a0<span class=\"a-declarative\" data-action=\"acrLink-click-metrics\" data-acrlink-click-metrics=\"{}\"><a id=\"acrCustomerReviewLink\" class=\"a-link-normal\" href=\"https:\/\/www.amazon.com\/eXtremeRate-Nine-Tailed-Compatible-Controller-Replacement\/dp\/B0BXCJCPYJ\/ref=sr_1_22_sspa?crid=3EL5ZFAIBP1C4&amp;dib=eyJ2IjoiMSJ9.19A9ecijHQ4E6jOFcBukaEPkLxAXIG81zpJQFqeDTNn8P7g5VOMqckz5RuoM6MoK5fjg7Kr1CrTDyaw8tpUJhBSZmzXLPlq75Y61lPtdPhwje9a-chN8jHT9EETfbpJULJoRI6CBDfs0frsajEV0oX9Tysq6LFGeX0vULnM8BRE.d9hfBqeGHnkAV1U-vY5xxvXgoCmKpoAySsmMERNoKV8&amp;dib_tag=se&amp;keywords=xbox%2Bcontroller%2Bshells%2Bseries%2Bps5&amp;qid=1739774656&amp;sprefix=xbox%2Bcontroller%2Bshells%2Bseries%2Bps5%2Caps%2C355&amp;sr=8-22-spons&amp;xpid=HC_k6rY66ur16&amp;sp_csd=d2lkZ2V0TmFtZT1zcF9tdGY&amp;th=1#customerReviews\"><span id=\"acrCustomerReviewText\" class=\"a-size-base\">461 \u00e9valuations<\/span><\/a><\/span><\/div>\n<p>4,4 sur 5 \u00e9toiles<\/td>\n<\/tr>\n<tr>\n<th class=\"a-color-secondary a-size-base prodDetSectionEntry\">Classement des meilleures ventes<\/th>\n<td>#65,369 dans Jeux vid\u00e9o (<a href=\"https:\/\/www.amazon.com\/gp\/bestsellers\/videogames\/ref=pd_zg_ts_videogames\">Voir le Top 100 des jeux vid\u00e9o<\/a>)<br \/>\n#304 dans\u00a0<a href=\"https:\/\/www.amazon.com\/gp\/bestsellers\/videogames\/23577568011\/ref=pd_zg_hrsr_videogames\">Plaques frontales pour la PlayStation 5<\/a><br \/>\n#810 dans\u00a0<a href=\"https:\/\/www.amazon.com\/gp\/bestsellers\/videogames\/10111041011\/ref=pd_zg_hrsr_videogames\">Plaques frontales, protections et peaux pour PlayStation 4<\/a><\/td>\n<\/tr>\n<\/tbody>\n<\/table>\n<\/div>\n<\/div>\n<\/div>\n<\/div>","protected":false},"excerpt":{"rendered":"<p><strong>Compatibilit\u00e9 :<\/strong> La coque avant de remplacement et le couvercle du pav\u00e9 tactile sont compatibles avec les contr\u00f4leurs PS5 mod\u00e8les BDM-010, BDM-020, BDM-030, BDM-040, et BDM-050. Ils ne sont pas compatibles avec d'autres mod\u00e8les de contr\u00f4leurs. Veuillez vous r\u00e9f\u00e9rer \u00e0 la deuxi\u00e8me image de la liste avant d'effectuer un achat. D\u00e9coup\u00e9 avec pr\u00e9cision pour fonctionner \u00e0 l'identique de la coque d'origine<br \/>\n<strong>S'adapte parfaitement :<\/strong> C'est de loin le mieux adapt\u00e9 ; il s'ajuste correctement sur tous les clips ; il est compl\u00e8tement affleurant sur tous les c\u00f4t\u00e9s. La plaque frontale unique du pav\u00e9 tactile ext\u00e9rieur est con\u00e7ue pour rehausser la personnalit\u00e9 de votre manette, en veillant \u00e0 ce qu'elle se distingue des autres.<br \/>\n<strong>Caract\u00e9ristique individualis\u00e9e :<\/strong> Une s\u00e9lection vari\u00e9e de dessins et de motifs est disponible. Le motif du renard \u00e0 neuf queues est tr\u00e8s attrayant ; il serait particuli\u00e8rement impressionnant s'il \u00e9tait associ\u00e9 \u00e0 nos boutons de remplacement de manettes.<\/p>\n<p><strong>Installation simple :<\/strong> L'outil fourni peut aider \u00e0 retirer sans effort le couvercle d'origine de la manette et \u00e0 remplacer ces accessoires. Recherchez \"eXtremeRate front shell compatible with ps5 BDM 010 020 030\" ou \"GI9s7Ejhs44\" sur YouTube pour obtenir le guide vid\u00e9o d'installation.<br \/>\n<strong>Contenu du paquet :<\/strong> 1* coque du plastron ; 1* coque de la tablette tactile ; 1* jeu de supports de la tablette tactile ; 1* outil d'ouverture de la coque ; 1* tournevis et fixations de rechange. Note : En l'absence du contr\u00f4leur et de tout autre composant<\/p>","protected":false},"featured_media":2398,"comment_status":"open","ping_status":"closed","template":"","meta":[],"product_brand":[],"product_cat":[72,56],"product_tag":[],"class_list":{"0":"post-2397","1":"product","2":"type-product","3":"status-publish","4":"has-post-thumbnail","6":"product_cat-controller-shells","7":"product_cat-custom-shells-skins","9":"first","10":"instock","11":"shipping-taxable","12":"purchasable","13":"product-type-simple"},"_links":{"self":[{"href":"https:\/\/vavcase.com\/fr\/wp-json\/wp\/v2\/product\/2397","targetHints":{"allow":["GET"]}}],"collection":[{"href":"https:\/\/vavcase.com\/fr\/wp-json\/wp\/v2\/product"}],"about":[{"href":"https:\/\/vavcase.com\/fr\/wp-json\/wp\/v2\/types\/product"}],"replies":[{"embeddable":true,"href":"https:\/\/vavcase.com\/fr\/wp-json\/wp\/v2\/comments?post=2397"}],"wp:featuredmedia":[{"embeddable":true,"href":"https:\/\/vavcase.com\/fr\/wp-json\/wp\/v2\/media\/2398"}],"wp:attachment":[{"href":"https:\/\/vavcase.com\/fr\/wp-json\/wp\/v2\/media?parent=2397"}],"wp:term":[{"taxonomy":"product_brand","embeddable":true,"href":"https:\/\/vavcase.com\/fr\/wp-json\/wp\/v2\/product_brand?post=2397"},{"taxonomy":"product_cat","embeddable":true,"href":"https:\/\/vavcase.com\/fr\/wp-json\/wp\/v2\/product_cat?post=2397"},{"taxonomy":"product_tag","embeddable":true,"href":"https:\/\/vavcase.com\/fr\/wp-json\/wp\/v2\/product_tag?post=2397"}],"curies":[{"name":"wp","href":"https:\/\/api.w.org\/{rel}","templated":true}]}}