{"id":2402,"date":"2025-02-17T06:51:52","date_gmt":"2025-02-17T06:51:52","guid":{"rendered":"https:\/\/vavcase.com\/?post_type=product&#038;p=2402"},"modified":"2025-02-17T06:51:52","modified_gmt":"2025-02-17T06:51:52","slug":"extremerate-custom-shell-for-xbox-series-x-s-controller","status":"publish","type":"product","link":"https:\/\/vavcase.com\/fr\/produit\/coque-personnalisee-extremerate-pour-manette-xbox-series-x-s\/","title":{"rendered":"Coque personnalis\u00e9e eXtremeRate pour manette Xbox Series X &amp; S"},"content":{"rendered":"<h2>Informations sur le produit<\/h2>\n<div class=\"a-row a-spacing-top-base\">\n<div class=\"a-column a-span6\">\n<div class=\"a-row a-spacing-base\">\n<div class=\"a-section table-padding\">\n<table id=\"productDetails_detailBullets_sections1\" class=\"a-keyvalue prodDetTable\" role=\"presentation\">\n<tbody>\n<tr>\n<th class=\"a-color-secondary a-size-base prodDetSectionEntry\">Dimensions du produit<\/th>\n<td class=\"a-size-base prodDetAttrValue\">0.75\u2033W x 0.4\u2033H<\/td>\n<\/tr>\n<tr>\n<th class=\"a-color-secondary a-size-base prodDetSectionEntry\">Fabricant<\/th>\n<td class=\"a-size-base prodDetAttrValue\">Extr\u00e9miser<\/td>\n<\/tr>\n<tr>\n<th class=\"a-color-secondary a-size-base prodDetSectionEntry\">ASIN<\/th>\n<td class=\"a-size-base prodDetAttrValue\">B0CD24JMRV<\/td>\n<\/tr>\n<tr>\n<th class=\"a-color-secondary a-size-base prodDetSectionEntry\">Avis des clients<\/th>\n<td class=\"a-size-base\">\n<div id=\"averageCustomerReviews\" data-asin=\"B0CD24JMRV\" data-ref=\"dpx_acr_pop_\"><span class=\"a-declarative\" data-action=\"acrStarsLink-click-metrics\" data-acrstarslink-click-metrics=\"{}\"><span id=\"acrPopover\" class=\"reviewCountTextLinkedHistogram noUnderline\" title=\"4,4 sur 5 \u00e9toiles\"><a class=\"a-popover-trigger a-declarative\" role=\"button\"><span class=\"a-size-base a-color-base\">4.4\u00a0<\/span><i class=\"a-icon a-icon-star a-star-4-5 cm-cr-review-stars-spacing-big\"><span class=\"a-icon-alt\">4,4 sur 5 \u00e9toiles<\/span><\/i>\u00a0<i class=\"a-icon a-icon-popover\"><\/i><\/a>\u00a0\u00a0<\/span><\/span>\u00a0<span class=\"a-declarative\" data-action=\"acrLink-click-metrics\" data-acrlink-click-metrics=\"{}\"><a id=\"acrCustomerReviewLink\" class=\"a-link-normal\" href=\"https:\/\/www.amazon.com\/eXtremeRate-Custom-Shell-Xbox-Controller\/dp\/B0CD24JMRV\/ref=sr_1_11?crid=2L0HYUVKP2NFJ&amp;dib=eyJ2IjoiMSJ9.CBw3KiPKcLm1QHDkVHyV5MVnxO8Ky-4Uqo2qygjQE-UKo8afXWFg3GrM5j8A2aGSmfD4Cx_Y4gM4zgF7Fz0aeYBghsPUrPrrBc32-1C5AHD91iJ_OZ0cwMO8Jb1SdeODK96cFU3gYCSv4viGCadftNo9ohu5rrSWaI8bo6vKSyRupSXu6zxuKHsp76vzpEYmpGyeqNmhYn6RFhEHToA9QibBFMasu7Re2p9JPTuJkus._CdQBPcmejTDJhv_wI9rXrilLRScAgZMu_okdjC3SnI&amp;dib_tag=se&amp;keywords=xbox+controller+shells+series+x%2Fs&amp;qid=1739774923&amp;sprefix=xbox+controller+shells+xbox%2Caps%2C391&amp;sr=8-11#customerReviews\"><span id=\"acrCustomerReviewText\" class=\"a-size-base\">43 classements<\/span><\/a><\/span><\/div>\n<p>4,4 sur 5 \u00e9toiles<\/td>\n<\/tr>\n<tr>\n<th class=\"a-color-secondary a-size-base prodDetSectionEntry\">Classement des meilleures ventes<\/th>\n<td>#37.606 dans Jeux vid\u00e9o (<a href=\"https:\/\/www.amazon.com\/gp\/bestsellers\/videogames\/ref=pd_zg_ts_videogames\">Voir le Top 100 des jeux vid\u00e9o<\/a>)<br \/>\n#43 dans\u00a0<a href=\"https:\/\/www.amazon.com\/gp\/bestsellers\/videogames\/23577562011\/ref=pd_zg_hrsr_videogames\">Protecteurs Xbox Series X &amp; S<\/a><\/td>\n<\/tr>\n<tr>\n<th class=\"a-color-secondary a-size-base prodDetSectionEntry\">Type d'article<\/th>\n<td class=\"a-size-base prodDetAttrValue\">\u00c9lectronique<\/td>\n<\/tr>\n<tr>\n<th class=\"a-color-secondary a-size-base prodDetSectionEntry\">Num\u00e9ro de mod\u00e8le de l'article<\/th>\n<td class=\"a-size-base prodDetAttrValue\">FX3T188<\/td>\n<\/tr>\n<tr>\n<th class=\"a-color-secondary a-size-base prodDetSectionEntry\">Poids de l'article<\/th>\n<td class=\"a-size-base prodDetAttrValue\">0,353 once<\/td>\n<\/tr>\n<\/tbody>\n<\/table>\n<\/div>\n<\/div>\n<\/div>\n<\/div>","protected":false},"excerpt":{"rendered":"<p><strong>Mod\u00e8le de compatibilit\u00e9 :<\/strong> L'Ultra est compatible avec les Xbox Series X et S, ainsi qu'avec la manette Xbox Core (mod\u00e8le 1914). Elle n'est pas compatible avec les manettes Xbox One. Avant d'effectuer un achat, veuillez v\u00e9rifier la deuxi\u00e8me image de l'annonce.<br \/>\n<strong>Ajustement optimal :<\/strong> L'option la plus appropri\u00e9e de loin ; s'adapte \u00e0 tous les c\u00f4t\u00e9s ; s'assoit en toute s\u00e9curit\u00e9 sur toutes les fixations.<br \/>\nL'emballage comprend une coque de fa\u00e7ade, un tournevis T8H et cinq fixations. (Important : le contr\u00f4leur et les autres composants ne sont pas inclus).<\/p>\n<p><strong>Facile \u00e0 installer :<\/strong> D\u00e9montez la fa\u00e7ade d'origine de la manette et remplacez-la par l'ext\u00e9rieur eXtremeRate. Le guide vid\u00e9o d'installation peut \u00eatre obtenu en effectuant une recherche sur YouTube pour \"eXtremeRate Shell for Xbox Series X\/S\" ou \"46g8h8toba4\".<br \/>\n<strong>Option personnalis\u00e9e :<\/strong> Un large \u00e9ventail de dessins et de motifs est accessible. La magnifique vague GOLDEN au large de Kanagawa se caract\u00e9rise par son motif noir saisissant. Nous vous serions reconnaissants de bien vouloir l'int\u00e9grer \u00e0 nos commandes de remplacement des contr\u00f4leurs.<\/p>","protected":false},"featured_media":2408,"comment_status":"open","ping_status":"closed","template":"","meta":[],"product_brand":[],"product_cat":[72,56],"product_tag":[],"class_list":{"0":"post-2402","1":"product","2":"type-product","3":"status-publish","4":"has-post-thumbnail","6":"product_cat-controller-shells","7":"product_cat-custom-shells-skins","9":"first","10":"instock","11":"shipping-taxable","12":"purchasable","13":"product-type-simple"},"_links":{"self":[{"href":"https:\/\/vavcase.com\/fr\/wp-json\/wp\/v2\/product\/2402","targetHints":{"allow":["GET"]}}],"collection":[{"href":"https:\/\/vavcase.com\/fr\/wp-json\/wp\/v2\/product"}],"about":[{"href":"https:\/\/vavcase.com\/fr\/wp-json\/wp\/v2\/types\/product"}],"replies":[{"embeddable":true,"href":"https:\/\/vavcase.com\/fr\/wp-json\/wp\/v2\/comments?post=2402"}],"wp:featuredmedia":[{"embeddable":true,"href":"https:\/\/vavcase.com\/fr\/wp-json\/wp\/v2\/media\/2408"}],"wp:attachment":[{"href":"https:\/\/vavcase.com\/fr\/wp-json\/wp\/v2\/media?parent=2402"}],"wp:term":[{"taxonomy":"product_brand","embeddable":true,"href":"https:\/\/vavcase.com\/fr\/wp-json\/wp\/v2\/product_brand?post=2402"},{"taxonomy":"product_cat","embeddable":true,"href":"https:\/\/vavcase.com\/fr\/wp-json\/wp\/v2\/product_cat?post=2402"},{"taxonomy":"product_tag","embeddable":true,"href":"https:\/\/vavcase.com\/fr\/wp-json\/wp\/v2\/product_tag?post=2402"}],"curies":[{"name":"wp","href":"https:\/\/api.w.org\/{rel}","templated":true}]}}