{"id":2409,"date":"2025-02-17T07:01:10","date_gmt":"2025-02-17T07:01:10","guid":{"rendered":"https:\/\/vavcase.com\/?post_type=product&#038;p=2409"},"modified":"2025-02-17T07:01:11","modified_gmt":"2025-02-17T07:01:11","slug":"cyberpunk-red-keycap-set-backlit-side-pinted-130-keys-cherry-profile-pbt-5-sided-dye-sublimation","status":"publish","type":"product","link":"https:\/\/vavcase.com\/fr\/produit\/cyberpunk-red-keycap-set-backlit-side-pinted-130-keys-cherry-profile-pbt-5-sided-dye-sublimation\/","title":{"rendered":"Cyberpunk Red Keycap Set Backlit Side Pinted 130 Keys Cherry Profile PBT 5 Sided Dye Sublimation"},"content":{"rendered":"<h2>Informations sur le produit<\/h2>\n<div class=\"a-row a-spacing-top-base\">\n<div class=\"a-column a-span6\">\n<div class=\"a-row a-spacing-base\">\n<div class=\"a-row a-expander-container a-expander-extend-container\">\n<div class=\"a-row\"><\/div>\n<div class=\"a-expander-content a-expander-extend-content\" data-expanded=\"true\">\n<div class=\"a-row a-expander-container a-expander-inline-container\">\n<div class=\"a-expander-content a-expander-section-content a-section-expander-inner\" data-expanded=\"true\">\n<table id=\"productDetails_techSpec_section_1\" class=\"a-keyvalue prodDetTable\" role=\"presentation\">\n<tbody>\n<tr>\n<th class=\"a-color-secondary a-size-base prodDetSectionEntry\">Marque<\/th>\n<td class=\"a-size-base prodDetAttrValue\">REDQIN<\/td>\n<\/tr>\n<tr>\n<th class=\"a-color-secondary a-size-base prodDetSectionEntry\">Poids de l'article<\/th>\n<td class=\"a-size-base prodDetAttrValue\">13,7 onces<\/td>\n<\/tr>\n<tr>\n<th class=\"a-color-secondary a-size-base prodDetSectionEntry\">Dimensions du produit<\/th>\n<td class=\"a-size-base prodDetAttrValue\">8.26 x 5.51 x 1.96 pouces<\/td>\n<\/tr>\n<tr>\n<th class=\"a-color-secondary a-size-base prodDetSectionEntry\">Dimensions de l'article LxLxH<\/th>\n<td class=\"a-size-base prodDetAttrValue\">8.26 x 5.51 x 1.96 pouces<\/td>\n<\/tr>\n<tr>\n<th class=\"a-color-secondary a-size-base prodDetSectionEntry\">Couleur<\/th>\n<td class=\"a-size-base prodDetAttrValue\">CyberPink 130 Cl\u00e9s<\/td>\n<\/tr>\n<tr>\n<th class=\"a-color-secondary a-size-base prodDetSectionEntry\">Source d'\u00e9nergie<\/th>\n<td class=\"a-size-base prodDetAttrValue\">C\u00e2bl\u00e9s<\/td>\n<\/tr>\n<tr>\n<th class=\"a-color-secondary a-size-base prodDetSectionEntry\">Fabricant<\/th>\n<td class=\"a-size-base prodDetAttrValue\">REDQIN<\/td>\n<\/tr>\n<tr>\n<th class=\"a-color-secondary a-size-base prodDetSectionEntry\">ASIN<\/th>\n<td class=\"a-size-base prodDetAttrValue\">B0CQTM84PJ<\/td>\n<\/tr>\n<tr>\n<th class=\"a-color-secondary a-size-base prodDetSectionEntry\">Date de mise \u00e0 disposition<\/th>\n<td class=\"a-size-base prodDetAttrValue\">22 d\u00e9cembre 2023<\/td>\n<\/tr>\n<\/tbody>\n<\/table>\n<\/div>\n<\/div>\n<\/div>\n<\/div>\n<\/div>\n<\/div>\n<\/div>","protected":false},"excerpt":{"rendered":"<p><strong>Th\u00e8me Cyberpunk :<\/strong> Les capuchons de touches sont con\u00e7us sur le th\u00e8me du cyberpunk, qui int\u00e8gre un m\u00e9lange d'\u00e9l\u00e9ments futuristes et dystopiques, tels que des n\u00e9ons, des circuits et des t\u00eates de mort. Ils conf\u00e8rent \u00e0 votre clavier de jeu m\u00e9canique un aspect distinctif et tendance.<br \/>\n<strong>Profil de la cerise :<\/strong> Les claviers sont construits avec un profil Cherry, r\u00e9put\u00e9 pour sa r\u00e9activit\u00e9 et sa facilit\u00e9 de frappe.<br \/>\nSublimation thermique PBT 5 faces : Les keycaps sont fabriqu\u00e9es \u00e0 partir d'un mat\u00e9riau PBT durable, qui offre une plus grande long\u00e9vit\u00e9 que les keycaps en ABS. Elles pr\u00e9sentent une surface impeccable, offrent un retour tactile exceptionnel et r\u00e9sistent facilement \u00e0 l'usure.<\/p>\n<p><strong>Conception r\u00e9tro\u00e9clair\u00e9e :<\/strong> Les keycaps sont translucides, ce qui permet \u00e0 la lumi\u00e8re du r\u00e9tro\u00e9clairage de votre clavier de transpara\u00eetre. Cela produit un effet visuel attrayant et cool sur votre clavier.<br \/>\n<strong>La l\u00e9gende du cyberpunk :<\/strong> L'ensemble comprend 130 touches, ce qui est suffisant pour s'adapter \u00e0 la majorit\u00e9 des claviers m\u00e9caniques conventionnels. Il est facile \u00e0 utiliser et compatible avec une vari\u00e9t\u00e9 de configurations de clavier gr\u00e2ce \u00e0 la disposition standard des touches.<br \/>\nUne m\u00e9thode d'impression peu commune sur le march\u00e9, l'impression top+side, rend votre clavier unique et esth\u00e9tiquement plaisant de n'importe quel point de vue.<br \/>\n<strong>Extracteur de capuchon de cl\u00e9 :<\/strong> Le kit de capuchons de touches comprend un extracteur de capuchons de touches, qui simplifie le processus de retrait et de remplacement des capuchons de touches. Il s'agit d'un outil pratique pour les joueurs qui modifient fr\u00e9quemment leurs capuchons ou qui souhaitent personnaliser leur clavier.<\/p>","protected":false},"featured_media":2417,"comment_status":"open","ping_status":"closed","template":"","meta":[],"product_brand":[],"product_cat":[56,73],"product_tag":[],"class_list":{"0":"post-2409","1":"product","2":"type-product","3":"status-publish","4":"has-post-thumbnail","6":"product_cat-custom-shells-skins","7":"product_cat-keyboard-keycaps","9":"first","10":"instock","11":"shipping-taxable","12":"purchasable","13":"product-type-simple"},"_links":{"self":[{"href":"https:\/\/vavcase.com\/fr\/wp-json\/wp\/v2\/product\/2409","targetHints":{"allow":["GET"]}}],"collection":[{"href":"https:\/\/vavcase.com\/fr\/wp-json\/wp\/v2\/product"}],"about":[{"href":"https:\/\/vavcase.com\/fr\/wp-json\/wp\/v2\/types\/product"}],"replies":[{"embeddable":true,"href":"https:\/\/vavcase.com\/fr\/wp-json\/wp\/v2\/comments?post=2409"}],"wp:featuredmedia":[{"embeddable":true,"href":"https:\/\/vavcase.com\/fr\/wp-json\/wp\/v2\/media\/2417"}],"wp:attachment":[{"href":"https:\/\/vavcase.com\/fr\/wp-json\/wp\/v2\/media?parent=2409"}],"wp:term":[{"taxonomy":"product_brand","embeddable":true,"href":"https:\/\/vavcase.com\/fr\/wp-json\/wp\/v2\/product_brand?post=2409"},{"taxonomy":"product_cat","embeddable":true,"href":"https:\/\/vavcase.com\/fr\/wp-json\/wp\/v2\/product_cat?post=2409"},{"taxonomy":"product_tag","embeddable":true,"href":"https:\/\/vavcase.com\/fr\/wp-json\/wp\/v2\/product_tag?post=2409"}],"curies":[{"name":"wp","href":"https:\/\/api.w.org\/{rel}","templated":true}]}}