{"id":2418,"date":"2025-02-17T07:05:50","date_gmt":"2025-02-17T07:05:50","guid":{"rendered":"https:\/\/vavcase.com\/?post_type=product&#038;p=2418"},"modified":"2025-02-17T07:05:50","modified_gmt":"2025-02-17T07:05:50","slug":"xvx-pbt-keycaps-132-keys-great-wave-off-kanagawa-japanese-keyboard-keycaps","status":"publish","type":"product","link":"https:\/\/vavcase.com\/fr\/produit\/xvx-pbt-keycaps-132-keys-great-wave-off-kanagawa-japanese-keyboard-keycaps\/","title":{"rendered":"XVX PBT Keycaps 132 touches, Great Wave Off Kanagawa Japanese Keyboard Keycaps"},"content":{"rendered":"<h2>Informations sur le produit<\/h2>\n<div class=\"a-row a-spacing-top-base\">\n<div class=\"a-column a-span6\">\n<div class=\"a-row a-spacing-base\">\n<div class=\"a-section table-padding\">\n<table id=\"productDetails_detailBullets_sections1\" class=\"a-keyvalue prodDetTable\" role=\"presentation\">\n<tbody>\n<tr>\n<th class=\"a-color-secondary a-size-base prodDetSectionEntry\">Dimensions de l'emballage<\/th>\n<td class=\"a-size-base prodDetAttrValue\">13.54 x 5.35 x 1.89 pouces<\/td>\n<\/tr>\n<tr>\n<th class=\"a-color-secondary a-size-base prodDetSectionEntry\">Poids de l'article<\/th>\n<td class=\"a-size-base prodDetAttrValue\">1.01 livres<\/td>\n<\/tr>\n<tr>\n<th class=\"a-color-secondary a-size-base prodDetSectionEntry\">Fabricant<\/th>\n<td class=\"a-size-base prodDetAttrValue\">SDYZ<\/td>\n<\/tr>\n<tr>\n<th class=\"a-color-secondary a-size-base prodDetSectionEntry\">ASIN<\/th>\n<td class=\"a-size-base prodDetAttrValue\">B0BJ1H33DM<\/td>\n<\/tr>\n<tr>\n<th class=\"a-color-secondary a-size-base prodDetSectionEntry\">Avis des clients<\/th>\n<td class=\"a-size-base\">\n<div id=\"averageCustomerReviews\" data-asin=\"B0BJ1H33DM\" data-ref=\"dpx_acr_pop_\"><span class=\"a-declarative\" data-action=\"acrStarsLink-click-metrics\" data-acrstarslink-click-metrics=\"{}\"><span id=\"acrPopover\" class=\"reviewCountTextLinkedHistogram noUnderline\" title=\"4,5 sur 5 \u00e9toiles\"><a class=\"a-popover-trigger a-declarative\" role=\"button\"><span class=\"a-size-base a-color-base\">4.5\u00a0<\/span><i class=\"a-icon a-icon-star a-star-4-5 cm-cr-review-stars-spacing-big\"><span class=\"a-icon-alt\">4,5 sur 5 \u00e9toiles<\/span><\/i>\u00a0<i class=\"a-icon a-icon-popover\"><\/i><\/a>\u00a0\u00a0<\/span><\/span>\u00a0<span class=\"a-declarative\" data-action=\"acrLink-click-metrics\" data-acrlink-click-metrics=\"{}\"><a id=\"acrCustomerReviewLink\" class=\"a-link-normal\" href=\"https:\/\/www.amazon.com\/Kanagawa-Japanese-Keyboard-Switches-Mechanical\/dp\/B0BJ1H33DM\/ref=sr_1_10?crid=1MXURFH0JMT6N&amp;dib=eyJ2IjoiMSJ9.bk_LRRkkgoeKRqxB4hALWI4llGS3niUWJ1wzrGcDu7SRCsOoilxTc-ubSQ0cYGXYHlGhnc5Ab1kYAp7-EFwRdBCL0IeuWz5jjJGzu6MSDcP1bHrqK1mdbiyKZoJX8DS9Fbbh-xENG5Hhv0ECYBd9x5r6FGzILK57Og2t0KouIcvRH-vVB4F36qXK-DzuL_DFqWZyQ0RJbVPpDnb-xgl4anKLBw7TUnOszKaremjiKXo.aP8qAnJX6wN62Wn6KjL8X2AOoygl5_2qG3uW8MhgwJM&amp;dib_tag=se&amp;keywords=Keyboard%2BKeycaps%2B%E2%80%93%2BGaming-themed%2BRGB%2Bkeycaps%2Bwith%2Bunique%2Bdesigns&amp;qid=1739775146&amp;sprefix=keyboard%2Bkeycaps%2Bgaming-themed%2Brgb%2Bkeycaps%2Bwith%2Bunique%2Bdesigns%2Caps%2C529&amp;sr=8-10&amp;th=1#customerReviews\"><span id=\"acrCustomerReviewText\" class=\"a-size-base\">413 \u00e9valuations<\/span><\/a><\/span><\/div>\n<p>4,5 sur 5 \u00e9toiles<\/td>\n<\/tr>\n<tr>\n<th class=\"a-color-secondary a-size-base prodDetSectionEntry\">Classement des meilleures ventes<\/th>\n<td>#49 dans\u00a0<a href=\"https:\/\/www.amazon.com\/gp\/bestsellers\/pc\/36818458011\/ref=pd_zg_hrsr_pc\">Capsules-cl\u00e9<\/a><\/td>\n<\/tr>\n<tr>\n<th class=\"a-color-secondary a-size-base prodDetSectionEntry\">Date de mise \u00e0 disposition<\/th>\n<td class=\"a-size-base prodDetAttrValue\">13 octobre 2022<\/td>\n<\/tr>\n<\/tbody>\n<\/table>\n<\/div>\n<\/div>\n<\/div>\n<\/div>","protected":false},"excerpt":{"rendered":"<p><strong>\u0152uvre d'art :<\/strong> Les keycaps japonaises utilisent le processus sophistiqu\u00e9 de teinture sur cinq faces, ce qui permet d'obtenir un motif de couleur plus vif qui n'est jamais huileux. Le motif complexe rappelle les \u0153uvres d'art du clavier. Le meilleur est d\u00fb \u00e0 vous et \u00e0 votre bien-aim\u00e9.<br \/>\n<strong>Compatibilit\u00e9 :<\/strong> Ce jeu de capuchons de touches personnalis\u00e9s est compatible avec la majorit\u00e9 des claviers m\u00e9caniques ASIN US et UK 61\/68\/84\/87\/96\/98\/100\/104\/108. Il comprend 132 capuchons de touches, dont 104 touches standard et 28 touches de modification.<br \/>\n<strong>Mat\u00e9riau PBT durable :<\/strong> Ces keycaps en PBT sont fabriqu\u00e9s en PBT textur\u00e9 de haute qualit\u00e9, r\u00e9sistant aux solvants, \u00e0 l'abrasion et au frottement. Elles garantissent une meilleure exp\u00e9rience utilisateur.<\/p>\n<p>\"Le capuchon de touche est con\u00e7u pour offrir une exp\u00e9rience de frappe exceptionnelle, avec le profil embl\u00e9matique Cherry. M\u00eame si vous l'utilisez pendant une p\u00e9riode prolong\u00e9e dans un environnement de travail ou de jeu, vous ne ressentirez aucune fatigue.<br \/>\n<strong>Ce que vous obtenez :<\/strong> 1\u00d7132 Keycap set (key puller included), notre garantie de 18 mois sans souci et un service client\u00e8le courtois. Il n'y a pas de clavier inclus ; seuls les capuchons de touches sont inclus.<\/p>","protected":false},"featured_media":2425,"comment_status":"open","ping_status":"closed","template":"","meta":[],"product_brand":[],"product_cat":[56,73],"product_tag":[],"class_list":{"0":"post-2418","1":"product","2":"type-product","3":"status-publish","4":"has-post-thumbnail","6":"product_cat-custom-shells-skins","7":"product_cat-keyboard-keycaps","9":"first","10":"instock","11":"shipping-taxable","12":"purchasable","13":"product-type-simple"},"_links":{"self":[{"href":"https:\/\/vavcase.com\/fr\/wp-json\/wp\/v2\/product\/2418","targetHints":{"allow":["GET"]}}],"collection":[{"href":"https:\/\/vavcase.com\/fr\/wp-json\/wp\/v2\/product"}],"about":[{"href":"https:\/\/vavcase.com\/fr\/wp-json\/wp\/v2\/types\/product"}],"replies":[{"embeddable":true,"href":"https:\/\/vavcase.com\/fr\/wp-json\/wp\/v2\/comments?post=2418"}],"wp:featuredmedia":[{"embeddable":true,"href":"https:\/\/vavcase.com\/fr\/wp-json\/wp\/v2\/media\/2425"}],"wp:attachment":[{"href":"https:\/\/vavcase.com\/fr\/wp-json\/wp\/v2\/media?parent=2418"}],"wp:term":[{"taxonomy":"product_brand","embeddable":true,"href":"https:\/\/vavcase.com\/fr\/wp-json\/wp\/v2\/product_brand?post=2418"},{"taxonomy":"product_cat","embeddable":true,"href":"https:\/\/vavcase.com\/fr\/wp-json\/wp\/v2\/product_cat?post=2418"},{"taxonomy":"product_tag","embeddable":true,"href":"https:\/\/vavcase.com\/fr\/wp-json\/wp\/v2\/product_tag?post=2418"}],"curies":[{"name":"wp","href":"https:\/\/api.w.org\/{rel}","templated":true}]}}