{"id":2426,"date":"2025-02-17T07:11:02","date_gmt":"2025-02-17T07:11:02","guid":{"rendered":"https:\/\/vavcase.com\/?post_type=product&#038;p=2426"},"modified":"2025-02-17T07:11:02","modified_gmt":"2025-02-17T07:11:02","slug":"womier-pbt-keycaps-60-65-75-100-percent-moa-keycaps-dye-sublimation","status":"publish","type":"product","link":"https:\/\/vavcase.com\/fr\/produit\/womier-pbt-keycaps-60-65-75-100-percent-moa-keycaps-dye-sublimation\/","title":{"rendered":"Womier PBT Keycaps 60 65 75 100 pour cent, MOA Keycaps Dye-Sublimation"},"content":{"rendered":"<h2>Informations sur le produit<\/h2>\n<div class=\"a-row a-spacing-top-base\">\n<div class=\"a-column a-span6\">\n<div class=\"a-row a-spacing-base\">\n<div class=\"a-row a-expander-container a-expander-extend-container\">\n<div class=\"a-row\">\n<div class=\"a-column a-span6\">\n<h1 class=\"a-size-medium a-spacing-small\">D\u00e9tails techniques<\/h1>\n<\/div>\n<p><i class=\"a-icon a-icon-extender-collapse\"><\/i><\/div>\n<div class=\"a-expander-content a-expander-extend-content\" data-expanded=\"true\">\n<div class=\"a-row a-expander-container a-expander-inline-container\">\n<div class=\"a-expander-content a-expander-section-content a-section-expander-inner\" data-expanded=\"true\">\n<table id=\"productDetails_techSpec_section_1\" class=\"a-keyvalue prodDetTable\" role=\"presentation\">\n<tbody>\n<tr>\n<th class=\"a-color-secondary a-size-base prodDetSectionEntry\">Marque<\/th>\n<td class=\"a-size-base prodDetAttrValue\">Womier<\/td>\n<\/tr>\n<tr>\n<th class=\"a-color-secondary a-size-base prodDetSectionEntry\">Poids de l'article<\/th>\n<td class=\"a-size-base prodDetAttrValue\">15,2 onces<\/td>\n<\/tr>\n<tr>\n<th class=\"a-color-secondary a-size-base prodDetSectionEntry\">Dimensions de l'emballage<\/th>\n<td class=\"a-size-base prodDetAttrValue\">10.04 x 5.94 x 1.65 pouces<\/td>\n<\/tr>\n<tr>\n<th class=\"a-color-secondary a-size-base prodDetSectionEntry\">Couleur<\/th>\n<td class=\"a-size-base prodDetAttrValue\">Noir1<\/td>\n<\/tr>\n<tr>\n<th class=\"a-color-secondary a-size-base prodDetSectionEntry\">Source d'\u00e9nergie<\/th>\n<td class=\"a-size-base prodDetAttrValue\">C\u00e2bl\u00e9s<\/td>\n<\/tr>\n<tr>\n<th class=\"a-color-secondary a-size-base prodDetSectionEntry\">Fabricant<\/th>\n<td class=\"a-size-base prodDetAttrValue\">Womier<\/td>\n<\/tr>\n<tr>\n<th class=\"a-color-secondary a-size-base prodDetSectionEntry\">ASIN<\/th>\n<td class=\"a-size-base prodDetAttrValue\">B0D598CMF3<\/td>\n<\/tr>\n<\/tbody>\n<\/table>\n<\/div>\n<\/div>\n<\/div>\n<\/div>\n<\/div>\n<\/div>\n<\/div>","protected":false},"excerpt":{"rendered":"<p><strong>Kanagawa PBT Japanese Keycaps :<\/strong> Les capuchons de touches MOA sont compl\u00e9t\u00e9s par le motif classique kanagawa, qui offre une esth\u00e9tique rafra\u00eechissante. Le rev\u00eatement des keycaps a une longue dur\u00e9e de vie, r\u00e9siste aux taches d'huile et s'adapte mieux aux caract\u00e8res des keycaps japonais gr\u00e2ce au processus avanc\u00e9 de teinture sur cinq faces.<br \/>\nLes capuchons de touches MOA sont inclus. Le capuchon MOA qui a \u00e9t\u00e9 am\u00e9lior\u00e9 est plus esth\u00e9tique que le capuchon XDA. Une exp\u00e9rience sans stress est facilit\u00e9e par le confort ergonomique de la disposition Arc, qui se caract\u00e9rise par un arc concave, une plus grande zone de contact entre le bout des doigts et le clavier, et un toucher plus soyeux. Il vous offre le plus grand confort d'utilisation.<br \/>\n<strong>Capuchons de clavier avec technologie de sublimation :\u00a0<\/strong> La texture mate et la r\u00e9sistance \u00e0 l'usure de ce keycap sont le r\u00e9sultat de sa fabrication \u00e0 partir d'un mat\u00e9riau de haute qualit\u00e9, le PBT. Les capuchons de touches plus \u00e9pais offrent aux utilisateurs une exp\u00e9rience tactile plus agr\u00e9able. La technologie de sublimation utilis\u00e9e pour cr\u00e9er le motif du capuchon de touche garantit qu'il ne s'estompera jamais.<\/p>\n<p><strong>Compatibilit\u00e9 avec les ensembles Keycaps :<\/strong> Ce clavier m\u00e9canique est compatible avec les dispositions ASIN US et UK. En outre, il est compatible avec les claviers 60%, 65%, 75%, 80% ou 100%. Les capuchons de touches sont compatibles avec tous les commutateurs de touches en forme de croix. Il est judicieux de construire votre clavier m\u00e9canique de mani\u00e8re ind\u00e9pendante.<br \/>\n<strong>Embouts de touches personnalis\u00e9s :<\/strong> Cet article comprend un extracteur de capuchons de clavier et des capuchons de taille normale, mais il ne comprend pas de clavier. Le clavier figurant sur les images d'accompagnement a pour but d'illustrer le produit. N'h\u00e9sitez pas \u00e0 nous contacter si vous rencontrez des probl\u00e8mes avec le produit que vous avez re\u00e7u. Nous resterons pr\u00e9sents jusqu'\u00e0 ce que votre probl\u00e8me soit r\u00e9solu.<\/p>","protected":false},"featured_media":2432,"comment_status":"open","ping_status":"closed","template":"","meta":[],"product_brand":[],"product_cat":[56,73],"product_tag":[],"class_list":{"0":"post-2426","1":"product","2":"type-product","3":"status-publish","4":"has-post-thumbnail","6":"product_cat-custom-shells-skins","7":"product_cat-keyboard-keycaps","9":"first","10":"instock","11":"shipping-taxable","12":"purchasable","13":"product-type-simple"},"_links":{"self":[{"href":"https:\/\/vavcase.com\/fr\/wp-json\/wp\/v2\/product\/2426","targetHints":{"allow":["GET"]}}],"collection":[{"href":"https:\/\/vavcase.com\/fr\/wp-json\/wp\/v2\/product"}],"about":[{"href":"https:\/\/vavcase.com\/fr\/wp-json\/wp\/v2\/types\/product"}],"replies":[{"embeddable":true,"href":"https:\/\/vavcase.com\/fr\/wp-json\/wp\/v2\/comments?post=2426"}],"wp:featuredmedia":[{"embeddable":true,"href":"https:\/\/vavcase.com\/fr\/wp-json\/wp\/v2\/media\/2432"}],"wp:attachment":[{"href":"https:\/\/vavcase.com\/fr\/wp-json\/wp\/v2\/media?parent=2426"}],"wp:term":[{"taxonomy":"product_brand","embeddable":true,"href":"https:\/\/vavcase.com\/fr\/wp-json\/wp\/v2\/product_brand?post=2426"},{"taxonomy":"product_cat","embeddable":true,"href":"https:\/\/vavcase.com\/fr\/wp-json\/wp\/v2\/product_cat?post=2426"},{"taxonomy":"product_tag","embeddable":true,"href":"https:\/\/vavcase.com\/fr\/wp-json\/wp\/v2\/product_tag?post=2426"}],"curies":[{"name":"wp","href":"https:\/\/api.w.org\/{rel}","templated":true}]}}