{"id":2433,"date":"2025-02-17T07:16:06","date_gmt":"2025-02-17T07:16:06","guid":{"rendered":"https:\/\/vavcase.com\/?post_type=product&#038;p=2433"},"modified":"2025-02-17T07:16:27","modified_gmt":"2025-02-17T07:16:27","slug":"dagaladoo-pbt-keycaps-60-75-percentshine-through-custom-key-capdouble-shot-keyboard-caps","status":"publish","type":"product","link":"https:\/\/vavcase.com\/fr\/produit\/dagaladoo-pbt-keycaps-60-75-percentshine-through-custom-key-capdouble-shot-keyboard-caps\/","title":{"rendered":"Dagaladoo PBT keycaps 60 75 Percent,Shine Through Custom Key Cap,Double Shot Keyboard caps"},"content":{"rendered":"<h2>Informations sur le produit<\/h2>\n<div class=\"a-row a-spacing-top-base\">\n<div class=\"a-column a-span6\">\n<div class=\"a-row a-spacing-base\">\n<div class=\"a-section table-padding\">\n<table id=\"productDetails_detailBullets_sections1\" class=\"a-keyvalue prodDetTable\" role=\"presentation\">\n<tbody>\n<tr>\n<th class=\"a-color-secondary a-size-base prodDetSectionEntry\">Dimensions du produit<\/th>\n<td class=\"a-size-base prodDetAttrValue\">10 x 6 x 1 pouces<\/td>\n<\/tr>\n<tr>\n<th class=\"a-color-secondary a-size-base prodDetSectionEntry\">Poids de l'article<\/th>\n<td class=\"a-size-base prodDetAttrValue\">13,4 onces<\/td>\n<\/tr>\n<tr>\n<th class=\"a-color-secondary a-size-base prodDetSectionEntry\">Fabricant<\/th>\n<td class=\"a-size-base prodDetAttrValue\">dagaladoo<\/td>\n<\/tr>\n<tr>\n<th class=\"a-color-secondary a-size-base prodDetSectionEntry\">ASIN<\/th>\n<td class=\"a-size-base prodDetAttrValue\">B0CP7NZCQY<\/td>\n<\/tr>\n<tr>\n<th class=\"a-color-secondary a-size-base prodDetSectionEntry\">Num\u00e9ro de mod\u00e8le de l'article<\/th>\n<td class=\"a-size-base prodDetAttrValue\">luoriyuhui<\/td>\n<\/tr>\n<tr>\n<th class=\"a-color-secondary a-size-base prodDetSectionEntry\">Avis des clients<\/th>\n<td class=\"a-size-base\">\n<div id=\"averageCustomerReviews\" data-asin=\"B0CP7NZCQY\" data-ref=\"dpx_acr_pop_\"><span class=\"a-declarative\" data-action=\"acrStarsLink-click-metrics\" data-acrstarslink-click-metrics=\"{}\"><span id=\"acrPopover\" class=\"reviewCountTextLinkedHistogram noUnderline\" title=\"4,3 sur 5 \u00e9toiles\"><a class=\"a-popover-trigger a-declarative\" role=\"button\"><span class=\"a-size-base a-color-base\">4.3\u00a0<\/span><i class=\"a-icon a-icon-star a-star-4-5 cm-cr-review-stars-spacing-big\"><span class=\"a-icon-alt\">4,3 sur 5 \u00e9toiles<\/span><\/i>\u00a0<i class=\"a-icon a-icon-popover\"><\/i><\/a>\u00a0\u00a0<\/span><\/span>\u00a0<span class=\"a-declarative\" data-action=\"acrLink-click-metrics\" data-acrlink-click-metrics=\"{}\"><a id=\"acrCustomerReviewLink\" class=\"a-link-normal\" href=\"https:\/\/www.amazon.com\/Printed-Keyboard-Kanagawa-Switches-Mechanical\/dp\/B0CP7NZCQY\/ref=sr_1_18?crid=1MXURFH0JMT6N&amp;dib=eyJ2IjoiMSJ9.bk_LRRkkgoeKRqxB4hALWI4llGS3niUWJ1wzrGcDu7SRCsOoilxTc-ubSQ0cYGXYHlGhnc5Ab1kYAp7-EFwRdBCL0IeuWz5jjJGzu6MSDcP1bHrqK1mdbiyKZoJX8DS9Fbbh-xENG5Hhv0ECYBd9x5r6FGzILK57Og2t0KouIcvRH-vVB4F36qXK-DzuL_DFqWZyQ0RJbVPpDnb-xgl4anKLBw7TUnOszKaremjiKXo.aP8qAnJX6wN62Wn6KjL8X2AOoygl5_2qG3uW8MhgwJM&amp;dib_tag=se&amp;keywords=Keyboard%2BKeycaps%2B%E2%80%93%2BGaming-themed%2BRGB%2Bkeycaps%2Bwith%2Bunique%2Bdesigns&amp;qid=1739775146&amp;sprefix=keyboard%2Bkeycaps%2Bgaming-themed%2Brgb%2Bkeycaps%2Bwith%2Bunique%2Bdesigns%2Caps%2C529&amp;sr=8-18&amp;th=1#customerReviews\"><span id=\"acrCustomerReviewText\" class=\"a-size-base\">124 \u00e9valuations<\/span><\/a><\/span><\/div>\n<p>4,3 sur 5 \u00e9toiles<\/td>\n<\/tr>\n<tr>\n<th class=\"a-color-secondary a-size-base prodDetSectionEntry\">Classement des meilleures ventes<\/th>\n<td>#53 dans\u00a0<a href=\"https:\/\/www.amazon.com\/gp\/bestsellers\/pc\/36818458011\/ref=pd_zg_hrsr_pc\">Capsules-cl\u00e9<\/a><\/td>\n<\/tr>\n<\/tbody>\n<\/table>\n<\/div>\n<\/div>\n<\/div>\n<\/div>","protected":false},"excerpt":{"rendered":"<p><strong>Conception innovante 3 en 1 :<\/strong> Ce capuchon de clavier est le premier \u00e0 int\u00e9grer le Double Shot Craft et la sublimation thermique, ce qui permet d'obtenir un design unique qui non seulement conserve le motif exquis, mais transmet \u00e9galement la lumi\u00e8re.Pour emp\u00eacher la lumi\u00e8re directe du soleil de briller vers le haut, le lettrage lat\u00e9ral est utilis\u00e9.C'est une solution id\u00e9ale qui offre de nombreux avantages.Refl\u00e9tez l'\u00e9l\u00e9gance du clavier, mais n'obstruez pas votre vision.<br \/>\n<strong>Double Shot PBT Keycaps :<\/strong> Le jeu de keycaps dagaladoo t\u00e9moigne de la qualit\u00e9 des keycaps en PBT, dont la l\u00e9gende ne s'effacera jamais. Par rapport \u00e0 l'ABS, les touches en PBT sont plus tactiles et peuvent \u00eatre utilis\u00e9es pendant une p\u00e9riode prolong\u00e9e. Il est difficile de les graisser en raison de leur s\u00e9cheresse.<br \/>\n<strong>Largement compatible :<\/strong> Ce jeu de capuchons de touches personnalis\u00e9s comprend 130 touches. Il est compatible avec la majorit\u00e9 des claviers, y compris les claviers 60%, 65%, 75%, 80%, 96% et 100% (61\/64, 68, 84, 75, 87, 96, 98, 104 et 108).Veuillez consulter le marchand avant d'acheter certaines touches d'espacement du clavier, car elles sont uniques. Veuillez v\u00e9rifier l'ad\u00e9quation de notre barre d'espacement 6.25U avant d'effectuer un achat.<\/p>\n<p><strong>Porte-cl\u00e9s avec profil en cerisier :<\/strong> Le design est classique. Il ne souffrira pas de fatigue suite \u00e0 une utilisation prolong\u00e9e, d'un point de vue ergonomique. Conception ergonomique \u00e0 hauteur de cerise, adapt\u00e9e aux claviers m\u00e9caniques r\u00e9tro\u00e9clair\u00e9s ou non r\u00e9tro\u00e9clair\u00e9s.<br \/>\n<strong>Assurance qualit\u00e9 :<\/strong> Veuillez nous contacter par e-mail si le produit que vous avez re\u00e7u est absent ou endommag\u00e9. (Les capuchons de touches sont le seul article ; le clavier n'est utilis\u00e9 qu'\u00e0 des fins visuelles).<\/p>","protected":false},"featured_media":2434,"comment_status":"open","ping_status":"closed","template":"","meta":[],"product_brand":[],"product_cat":[56,73],"product_tag":[],"class_list":{"0":"post-2433","1":"product","2":"type-product","3":"status-publish","4":"has-post-thumbnail","6":"product_cat-custom-shells-skins","7":"product_cat-keyboard-keycaps","9":"first","10":"instock","11":"shipping-taxable","12":"purchasable","13":"product-type-simple"},"_links":{"self":[{"href":"https:\/\/vavcase.com\/fr\/wp-json\/wp\/v2\/product\/2433","targetHints":{"allow":["GET"]}}],"collection":[{"href":"https:\/\/vavcase.com\/fr\/wp-json\/wp\/v2\/product"}],"about":[{"href":"https:\/\/vavcase.com\/fr\/wp-json\/wp\/v2\/types\/product"}],"replies":[{"embeddable":true,"href":"https:\/\/vavcase.com\/fr\/wp-json\/wp\/v2\/comments?post=2433"}],"wp:featuredmedia":[{"embeddable":true,"href":"https:\/\/vavcase.com\/fr\/wp-json\/wp\/v2\/media\/2434"}],"wp:attachment":[{"href":"https:\/\/vavcase.com\/fr\/wp-json\/wp\/v2\/media?parent=2433"}],"wp:term":[{"taxonomy":"product_brand","embeddable":true,"href":"https:\/\/vavcase.com\/fr\/wp-json\/wp\/v2\/product_brand?post=2433"},{"taxonomy":"product_cat","embeddable":true,"href":"https:\/\/vavcase.com\/fr\/wp-json\/wp\/v2\/product_cat?post=2433"},{"taxonomy":"product_tag","embeddable":true,"href":"https:\/\/vavcase.com\/fr\/wp-json\/wp\/v2\/product_tag?post=2433"}],"curies":[{"name":"wp","href":"https:\/\/api.w.org\/{rel}","templated":true}]}}