{"id":2440,"date":"2025-02-17T07:20:46","date_gmt":"2025-02-17T07:20:46","guid":{"rendered":"https:\/\/vavcase.com\/?post_type=product&#038;p=2440"},"modified":"2026-04-08T14:18:36","modified_gmt":"2026-04-08T14:18:36","slug":"dagaladoo-shine-through-keycapsdouble-shot-pbt-keycaps","status":"publish","type":"product","link":"https:\/\/vavcase.com\/fr\/produit\/dagaladoo-shine-through-keycapsdouble-shot-pbt-keycaps\/","title":{"rendered":"Dagaladoo Shine Through keycaps,Double Shot PBT keycaps"},"content":{"rendered":"<h2>Informations sur le produit<\/h2>\n<div class=\"a-row a-spacing-top-base\">\n<div class=\"a-column a-span6\">\n<div class=\"a-row a-spacing-base\">\n<div class=\"a-section table-padding\">\n<table id=\"productDetails_detailBullets_sections1\" class=\"a-keyvalue prodDetTable\" role=\"presentation\">\n<tbody>\n<tr>\n<th class=\"a-color-secondary a-size-base prodDetSectionEntry\">Dimensions de l'emballage<\/th>\n<td class=\"a-size-base prodDetAttrValue\">10.24 x 5.91 x 1.38 pouces<\/td>\n<\/tr>\n<tr>\n<th class=\"a-color-secondary a-size-base prodDetSectionEntry\">Poids de l'article<\/th>\n<td class=\"a-size-base prodDetAttrValue\">12 onces<\/td>\n<\/tr>\n<tr>\n<th class=\"a-color-secondary a-size-base prodDetSectionEntry\">Fabricant<\/th>\n<td class=\"a-size-base prodDetAttrValue\">dagaladoo<\/td>\n<\/tr>\n<tr>\n<th class=\"a-color-secondary a-size-base prodDetSectionEntry\">ASIN<\/th>\n<td class=\"a-size-base prodDetAttrValue\">B0DDT3GR6Y<\/td>\n<\/tr>\n<tr>\n<th class=\"a-color-secondary a-size-base prodDetSectionEntry\">Avis des clients<\/th>\n<td class=\"a-size-base\">\n<div id=\"averageCustomerReviews\" data-asin=\"B0DDT3GR6Y\" data-ref=\"dpx_acr_pop_\"><span class=\"a-declarative\" data-action=\"acrStarsLink-click-metrics\" data-acrstarslink-click-metrics=\"{}\"><span id=\"acrPopover\" class=\"reviewCountTextLinkedHistogram noUnderline\" title=\"4,0 sur 5 \u00e9toiles\"><a class=\"a-popover-trigger a-declarative\" role=\"button\"><span class=\"a-size-base a-color-base\">4.0\u00a0<\/span><i class=\"a-icon a-icon-star a-star-4 cm-cr-review-stars-spacing-big\"><span class=\"a-icon-alt\">4,0 sur 5 \u00e9toiles<\/span><\/i>\u00a0<i class=\"a-icon a-icon-popover\"><\/i><\/a>\u00a0\u00a0<\/span><\/span>\u00a0<span class=\"a-declarative\" data-action=\"acrLink-click-metrics\" data-acrlink-click-metrics=\"{}\"><a id=\"acrCustomerReviewLink\" class=\"a-link-normal\" href=\"https:\/\/www.amazon.com\/dagaladoo-Through-Keyboard-Mechanical-Keyboards%EF%BC%88131\/dp\/B0DDT3GR6Y\/ref=sr_1_16?crid=1MXURFH0JMT6N&amp;dib=eyJ2IjoiMSJ9.bk_LRRkkgoeKRqxB4hALWI4llGS3niUWJ1wzrGcDu7SRCsOoilxTc-ubSQ0cYGXYHlGhnc5Ab1kYAp7-EFwRdBCL0IeuWz5jjJGzu6MSDcP1bHrqK1mdbiyKZoJX8DS9Fbbh-xENG5Hhv0ECYBd9x5r6FGzILK57Og2t0KouIcvRH-vVB4F36qXK-DzuL_DFqWZyQ0RJbVPpDnb-xgl4anKLBw7TUnOszKaremjiKXo.aP8qAnJX6wN62Wn6KjL8X2AOoygl5_2qG3uW8MhgwJM&amp;dib_tag=se&amp;keywords=Keyboard%2BKeycaps%2B%E2%80%93%2BGaming-themed%2BRGB%2Bkeycaps%2Bwith%2Bunique%2Bdesigns&amp;qid=1739775146&amp;sprefix=keyboard%2Bkeycaps%2Bgaming-themed%2Brgb%2Bkeycaps%2Bwith%2Bunique%2Bdesigns%2Caps%2C529&amp;sr=8-16&amp;th=1#customerReviews\"><span id=\"acrCustomerReviewText\" class=\"a-size-base\">13 notes<\/span><\/a><\/span><\/div>\n<p>4,0 sur 5 \u00e9toiles<\/td>\n<\/tr>\n<tr>\n<th class=\"a-color-secondary a-size-base prodDetSectionEntry\">Classement des meilleures ventes<\/th>\n<td>#404 dans\u00a0<a href=\"https:\/\/www.amazon.com\/gp\/bestsellers\/pc\/36818458011\/ref=pd_zg_hrsr_pc\">Capsules-cl\u00e9<\/a><\/td>\n<\/tr>\n<\/tbody>\n<\/table>\n<\/div>\n<\/div>\n<\/div>\n<\/div>","protected":false},"excerpt":{"rendered":"<p>Le dragon est le totem de la Chine, une b\u00eate l\u00e9gendaire de bon augure qui h\u00e9rite de la culture ancienne, guide le cours du temps et fait preuve d'une majest\u00e9 et d'un honneur incomparables. C'est une source d'inspiration cr\u00e9ative.<br \/>\n<strong>Keycaps Double Shot PBT &amp; Shine Through Keycaps :<\/strong> Ce capuchon de touche r\u00e9tro\u00e9clair\u00e9 est fabriqu\u00e9 \u00e0 l'aide d'un processus de moulage par injection \u00e0 double couche afin de fournir l'\u00e9clairage RVB avec une transmission sup\u00e9rieure de la lumi\u00e8re. (Veuillez noter que le capuchon \u00e0 impression lat\u00e9rale convient mieux aux claviers dont les DEL sont orient\u00e9es vers le sud).<br \/>\n<strong>Porte-cl\u00e9s avec profil en cerisier :<\/strong> Le design est classique. Il ne souffrira pas de fatigue suite \u00e0 une utilisation prolong\u00e9e, d'un point de vue ergonomique. Conception ergonomique \u00e0 hauteur de cerise, adapt\u00e9e aux claviers m\u00e9caniques r\u00e9tro\u00e9clair\u00e9s ou non r\u00e9tro\u00e9clair\u00e9s.<\/p>\n<p><strong>Compatibilit\u00e9 universelle :<\/strong> Ce jeu de capuchons de touches brillantes comprend 129 touches. Il est compatible avec la majorit\u00e9 des claviers, y compris les claviers 60%, 65%, 75%, 80%, 96% et 100% (61\/64, 68, 75, 84, 87, 96, 98, 104 ou 108).<br \/>\n<strong>Conception unique 3-en-un :<\/strong> Le capuchon de touche est d'une conception unique qui combine la sublimation thermique et le Double Shot Craft. Il ne se contente pas de conserver le motif exquis, il transmet \u00e9galement la lumi\u00e8re. Pour \u00e9viter que la lumi\u00e8re directe du soleil n'\u00e9claire vers le haut, un lettrage lat\u00e9ral est utilis\u00e9. Il s'agit d'une solution id\u00e9ale qui offre de nombreux avantages. Ils refl\u00e8tent l'\u00e9l\u00e9gance du clavier, mais n'obstruent pas la vue.<br \/>\n<strong>Un service apr\u00e8s-vente exceptionnel :<\/strong> Nos produits offrent un service apr\u00e8s-vente convivial. Si vous recevez un produit manquant ou endommag\u00e9, veuillez nous contacter par courrier \u00e9lectronique. Nous r\u00e9pondrons \u00e0 vos questions dans les meilleurs d\u00e9lais et avec la plus grande attention. Le clavier pr\u00e9sent\u00e9 est absent ; seul le capuchon de clavier est inclus.<\/p>","protected":false},"featured_media":2446,"comment_status":"open","ping_status":"closed","template":"","meta":[],"product_brand":[],"product_cat":[56,73],"product_tag":[],"class_list":{"0":"post-2440","1":"product","2":"type-product","3":"status-publish","4":"has-post-thumbnail","6":"product_cat-custom-shells-skins","7":"product_cat-keyboard-keycaps","9":"first","10":"instock","11":"featured","12":"shipping-taxable","13":"purchasable","14":"product-type-simple"},"_links":{"self":[{"href":"https:\/\/vavcase.com\/fr\/wp-json\/wp\/v2\/product\/2440","targetHints":{"allow":["GET"]}}],"collection":[{"href":"https:\/\/vavcase.com\/fr\/wp-json\/wp\/v2\/product"}],"about":[{"href":"https:\/\/vavcase.com\/fr\/wp-json\/wp\/v2\/types\/product"}],"replies":[{"embeddable":true,"href":"https:\/\/vavcase.com\/fr\/wp-json\/wp\/v2\/comments?post=2440"}],"wp:featuredmedia":[{"embeddable":true,"href":"https:\/\/vavcase.com\/fr\/wp-json\/wp\/v2\/media\/2446"}],"wp:attachment":[{"href":"https:\/\/vavcase.com\/fr\/wp-json\/wp\/v2\/media?parent=2440"}],"wp:term":[{"taxonomy":"product_brand","embeddable":true,"href":"https:\/\/vavcase.com\/fr\/wp-json\/wp\/v2\/product_brand?post=2440"},{"taxonomy":"product_cat","embeddable":true,"href":"https:\/\/vavcase.com\/fr\/wp-json\/wp\/v2\/product_cat?post=2440"},{"taxonomy":"product_tag","embeddable":true,"href":"https:\/\/vavcase.com\/fr\/wp-json\/wp\/v2\/product_tag?post=2440"}],"curies":[{"name":"wp","href":"https:\/\/api.w.org\/{rel}","templated":true}]}}