{"id":2462,"date":"2025-02-17T08:52:49","date_gmt":"2025-02-17T08:52:49","guid":{"rendered":"https:\/\/vavcase.com\/?post_type=product&#038;p=2462"},"modified":"2025-02-17T08:52:49","modified_gmt":"2025-02-17T08:52:49","slug":"hystar-extended-gaming-mouse-pad-xxl-36-x-16-5mm-thick-waterproof-surface-natural-rubber-base-mythic-pegasus-with-case","status":"publish","type":"product","link":"https:\/\/vavcase.com\/fr\/produit\/tapis-de-souris-de-jeu-hystar-extended-xxl-36-x-16-5mm-depaisseur-surface-impermeable-base-en-caoutchouc-naturel-mythic-pegasus-avec-etui\/","title":{"rendered":"Tapis de souris Hystar Extended Gaming Mouse Pad XXL 36\u2033 x 16\u2033 5mm Thick Waterproof Surface Natural Rubber Base Mythic Pegasus with Case"},"content":{"rendered":"<h2>Informations sur le produit<\/h2>\n<div class=\"a-row a-spacing-top-base\">\n<div class=\"a-column a-span6\">\n<div class=\"a-row a-spacing-base\">\n<div class=\"a-row a-expander-container a-expander-extend-container\">\n<div class=\"a-row\">\n<div class=\"a-column a-span6\">\n<h1 class=\"a-size-medium a-spacing-small\">D\u00e9tails techniques<\/h1>\n<\/div>\n<p><i class=\"a-icon a-icon-extender-collapse\"><\/i><\/div>\n<div class=\"a-expander-content a-expander-extend-content\" data-expanded=\"true\">\n<div class=\"a-row a-expander-container a-expander-inline-container\">\n<div class=\"a-expander-content a-expander-section-content a-section-expander-inner\" data-expanded=\"true\">\n<table id=\"productDetails_techSpec_section_1\" class=\"a-keyvalue prodDetTable\" role=\"presentation\">\n<tbody>\n<tr>\n<th class=\"a-color-secondary a-size-base prodDetSectionEntry\">Marque<\/th>\n<td class=\"a-size-base prodDetAttrValue\">Hystar<\/td>\n<\/tr>\n<tr>\n<th class=\"a-color-secondary a-size-base prodDetSectionEntry\">Num\u00e9ro de mod\u00e8le de l'article<\/th>\n<td class=\"a-size-base prodDetAttrValue\">P\u00e9gase mythique<\/td>\n<\/tr>\n<tr>\n<th class=\"a-color-secondary a-size-base prodDetSectionEntry\">Poids de l'article<\/th>\n<td class=\"a-size-base prodDetAttrValue\">2.85 livres<\/td>\n<\/tr>\n<tr>\n<th class=\"a-color-secondary a-size-base prodDetSectionEntry\">Dimensions du produit<\/th>\n<td class=\"a-size-base prodDetAttrValue\">36 x 16 x 0.04 pouces<\/td>\n<\/tr>\n<tr>\n<th class=\"a-color-secondary a-size-base prodDetSectionEntry\">Dimensions de l'article LxLxH<\/th>\n<td class=\"a-size-base prodDetAttrValue\">36 x 16 x 0.04 pouces<\/td>\n<\/tr>\n<tr>\n<th class=\"a-color-secondary a-size-base prodDetSectionEntry\">Couleur<\/th>\n<td class=\"a-size-base prodDetAttrValue\">Blanc<\/td>\n<\/tr>\n<tr>\n<th class=\"a-color-secondary a-size-base prodDetSectionEntry\">Fabricant<\/th>\n<td class=\"a-size-base prodDetAttrValue\">Hystar<\/td>\n<\/tr>\n<tr>\n<th class=\"a-color-secondary a-size-base prodDetSectionEntry\">ASIN<\/th>\n<td class=\"a-size-base prodDetAttrValue\">B0CCXLYL4G<\/td>\n<\/tr>\n<\/tbody>\n<\/table>\n<\/div>\n<\/div>\n<\/div>\n<\/div>\n<\/div>\n<\/div>\n<\/div>","protected":false},"excerpt":{"rendered":"<p><strong>\u0152uvres d'art personnalis\u00e9es<\/strong> - Nos \u0153uvres d'art sont con\u00e7ues sp\u00e9cialement pour votre poste de travail. Cette pi\u00e8ce ma\u00eetresse est le moyen id\u00e9al de revitaliser votre installation, avec ses couleurs et ses motifs s\u00e9lectionn\u00e9s \u00e0 la main qui s'int\u00e8grent parfaitement \u00e0 votre installation existante.<br \/>\n<strong>Conception r\u00e9sistante \u00e0 l'eau<\/strong> - Dites adieu \u00e0 l'exp\u00e9rience d\u00e9sagr\u00e9able et lente qui est souvent associ\u00e9e \u00e0 d'autres tapis. La conception imperm\u00e9able de notre tapis \u00e9vite les accidents, r\u00e9siste \u00e0 l'humidit\u00e9 et garantit un nettoyage facile.<br \/>\n<strong>Mat\u00e9riaux de premi\u00e8re qualit\u00e9<\/strong> - Fabriqu\u00e9 \u00e0 la main \u00e0 partir de caoutchouc naturel et de tissu de la plus haute qualit\u00e9. Notre tissu polyester soyeux est con\u00e7u pour supporter des ann\u00e9es d'utilisation et de nettoyage sans jamais se d\u00e9colorer, gr\u00e2ce \u00e0 notre impression inalt\u00e9rable. Notre support en caoutchouc naturel respectueux de l'environnement est inoffensif et adh\u00e9rent, assurant le plus haut niveau de stabilit\u00e9.<\/p>\n<p><strong>Ultra-\u00e9pais<\/strong> - Une qualit\u00e9 palpable d\u00e8s l'ouverture. \u00c9paisseur sup\u00e9rieure \u00e0 5 mm ou 0,20\u2033. C'est 40% plus \u00e9pais que la majorit\u00e9 des autres marques. Notre conception substantielle offre un meilleur confort, une plus grande durabilit\u00e9 et une plus grande solidit\u00e9.<br \/>\nDimensions : 36 pouces par 16 pouces, soit environ 900 millim\u00e8tres par 400 millim\u00e8tres<\/p>\n<p>&nbsp;<\/p>","protected":false},"featured_media":2469,"comment_status":"open","ping_status":"closed","template":"","meta":[],"product_brand":[],"product_cat":[66,58],"product_tag":[],"class_list":{"0":"post-2462","1":"product","2":"type-product","3":"status-publish","4":"has-post-thumbnail","6":"product_cat-mousepad-cases","7":"product_cat-setup-accessories","9":"first","10":"instock","11":"shipping-taxable","12":"purchasable","13":"product-type-simple"},"_links":{"self":[{"href":"https:\/\/vavcase.com\/fr\/wp-json\/wp\/v2\/product\/2462","targetHints":{"allow":["GET"]}}],"collection":[{"href":"https:\/\/vavcase.com\/fr\/wp-json\/wp\/v2\/product"}],"about":[{"href":"https:\/\/vavcase.com\/fr\/wp-json\/wp\/v2\/types\/product"}],"replies":[{"embeddable":true,"href":"https:\/\/vavcase.com\/fr\/wp-json\/wp\/v2\/comments?post=2462"}],"wp:featuredmedia":[{"embeddable":true,"href":"https:\/\/vavcase.com\/fr\/wp-json\/wp\/v2\/media\/2469"}],"wp:attachment":[{"href":"https:\/\/vavcase.com\/fr\/wp-json\/wp\/v2\/media?parent=2462"}],"wp:term":[{"taxonomy":"product_brand","embeddable":true,"href":"https:\/\/vavcase.com\/fr\/wp-json\/wp\/v2\/product_brand?post=2462"},{"taxonomy":"product_cat","embeddable":true,"href":"https:\/\/vavcase.com\/fr\/wp-json\/wp\/v2\/product_cat?post=2462"},{"taxonomy":"product_tag","embeddable":true,"href":"https:\/\/vavcase.com\/fr\/wp-json\/wp\/v2\/product_tag?post=2462"}],"curies":[{"name":"wp","href":"https:\/\/api.w.org\/{rel}","templated":true}]}}