{"id":2470,"date":"2025-02-17T08:57:10","date_gmt":"2025-02-17T08:57:10","guid":{"rendered":"https:\/\/vavcase.com\/?post_type=product&#038;p=2470"},"modified":"2025-02-17T08:57:10","modified_gmt":"2025-02-17T08:57:10","slug":"stylish-travel-mouse-pouch-bundle-convertible-cushioned-zippered-electronics-storage-case","status":"publish","type":"product","link":"https:\/\/vavcase.com\/fr\/produit\/etui-de-souris-de-voyage-elegant-etui-de-rangement-electronique-zippe-convertible-et-rembourre\/","title":{"rendered":"\u00c9tui de souris de voyage \u00e9l\u00e9gant - \u00c9tui de rangement \u00e9lectronique convertible avec fermeture \u00e0 glissi\u00e8re"},"content":{"rendered":"<h2>Informations sur le produit<\/h2>\n<div class=\"a-row a-spacing-top-base\">\n<div class=\"a-column a-span6\">\n<div class=\"a-row a-spacing-base\">\n<div class=\"a-row a-expander-container a-expander-extend-container\">\n<div class=\"a-row\">\n<div class=\"a-column a-span6\">\n<h3 class=\"a-size-medium a-spacing-small\">D\u00e9tails techniques<\/h3>\n<\/div>\n<\/div>\n<div class=\"a-expander-content a-expander-extend-content\" data-expanded=\"true\">\n<div class=\"a-row a-expander-container a-expander-inline-container\">\n<div class=\"a-expander-content a-expander-section-content a-section-expander-inner\" data-expanded=\"true\">\n<table id=\"productDetails_techSpec_section_1\" class=\"a-keyvalue prodDetTable\" role=\"presentation\">\n<tbody>\n<tr>\n<th class=\"a-color-secondary a-size-base prodDetSectionEntry\">Marque<\/th>\n<td class=\"a-size-base prodDetAttrValue\">La soci\u00e9t\u00e9 Buti-Bag<\/td>\n<\/tr>\n<tr>\n<th class=\"a-color-secondary a-size-base prodDetSectionEntry\">Fabricant<\/th>\n<td class=\"a-size-base prodDetAttrValue\">La soci\u00e9t\u00e9 Buti-Bag<\/td>\n<\/tr>\n<tr>\n<th class=\"a-color-secondary a-size-base prodDetSectionEntry\">Couleur<\/th>\n<td class=\"a-size-base prodDetAttrValue\">Blanc, Gris, Argent<\/td>\n<\/tr>\n<tr>\n<th class=\"a-color-secondary a-size-base prodDetSectionEntry\">Hauteur de l'article<\/th>\n<td class=\"a-size-base prodDetAttrValue\">4,5 pouces<\/td>\n<\/tr>\n<tr>\n<th class=\"a-color-secondary a-size-base prodDetSectionEntry\">Largeur de l'article<\/th>\n<td class=\"a-size-base prodDetAttrValue\">0,5 pouce<\/td>\n<\/tr>\n<tr>\n<th class=\"a-color-secondary a-size-base prodDetSectionEntry\">Dimensions du produit<\/th>\n<td class=\"a-size-base prodDetAttrValue\">22,86 x 1,27 x 11,43 cm ; 68,03 g<\/td>\n<\/tr>\n<tr>\n<th class=\"a-color-secondary a-size-base prodDetSectionEntry\">Num\u00e9ro de mod\u00e8le de l'article<\/th>\n<td class=\"a-size-base prodDetAttrValue\">BMP<\/td>\n<\/tr>\n<tr>\n<th class=\"a-color-secondary a-size-base prodDetSectionEntry\">Les piles sont-elles incluses ?<\/th>\n<td class=\"a-size-base prodDetAttrValue\">Non<\/td>\n<\/tr>\n<tr>\n<th class=\"a-color-secondary a-size-base prodDetSectionEntry\">Fabricant<\/th>\n<td class=\"a-size-base prodDetAttrValue\">La soci\u00e9t\u00e9 Buti-Bag<\/td>\n<\/tr>\n<tr>\n<th class=\"a-color-secondary a-size-base prodDetSectionEntry\">Poids de l'article<\/th>\n<td class=\"a-size-base prodDetAttrValue\">68 g<\/td>\n<\/tr>\n<\/tbody>\n<\/table>\n<\/div>\n<\/div>\n<\/div>\n<\/div>\n<\/div>\n<\/div>\n<\/div>","protected":false},"excerpt":{"rendered":"<p>TR\u00c8S GRANDE POCHETTE EN N\u00c9OPR\u00c8NE POUR SOURIS ET APPAREILS \u00c9LECTRONIQUES QUI SE D\u00c9ZIPPE \u00c0 PLAT POUR DEVENIR UN TAPIS DE SOURIS DE VOYAGE ! Votre souris sera toujours prot\u00e9g\u00e9e par une surface de protection. (Veuillez noter que la souris n'est pas incluse).<br \/>\nINCLUT UN DEUXI\u00c8ME TAMPON DE COUVERTURE SUPER FIN ET NON ROLLANT, au cas o\u00f9 vous pr\u00e9f\u00e9reriez garder la pochette scell\u00e9e.<br \/>\nMAT\u00c9RIAUX DE HAUTE QUALIT\u00c9 ET FERMETURE \u00c0 GLISSI\u00c8RE POUR PROT\u00c9GER VOTRE SOURIS ET VOS CORDONS ! Magnifique mat\u00e9riau ext\u00e9rieur gris et blanc avec un clip en m\u00e9tal argent\u00e9 pour une fixation facile \u00e0 n'importe quel sac \u00e0 main.<\/p>\n<p>SAC DE RANGEMENT ID\u00c9AL ET MULTIFONCTIONNEL POUR TAPIS DE SOURIS ET POCHETTE POUR CHARGEUR D'ORDINATEUR PORTABLE ET DE TABLETTE ! En outre, il assure la s\u00e9curit\u00e9 des batteries suppl\u00e9mentaires.<br \/>\nExcellent cadeau pour un \u00e9tudiant ou un voyageur pour ranger et organiser en toute s\u00e9curit\u00e9 tous les c\u00e2bles, chargeurs, cl\u00e9s USB et batteries de secours en un seul endroit.<\/p>","protected":false},"featured_media":2477,"comment_status":"open","ping_status":"closed","template":"","meta":[],"product_brand":[],"product_cat":[66,58],"product_tag":[],"class_list":{"0":"post-2470","1":"product","2":"type-product","3":"status-publish","4":"has-post-thumbnail","6":"product_cat-mousepad-cases","7":"product_cat-setup-accessories","9":"first","10":"instock","11":"shipping-taxable","12":"purchasable","13":"product-type-simple"},"_links":{"self":[{"href":"https:\/\/vavcase.com\/fr\/wp-json\/wp\/v2\/product\/2470","targetHints":{"allow":["GET"]}}],"collection":[{"href":"https:\/\/vavcase.com\/fr\/wp-json\/wp\/v2\/product"}],"about":[{"href":"https:\/\/vavcase.com\/fr\/wp-json\/wp\/v2\/types\/product"}],"replies":[{"embeddable":true,"href":"https:\/\/vavcase.com\/fr\/wp-json\/wp\/v2\/comments?post=2470"}],"wp:featuredmedia":[{"embeddable":true,"href":"https:\/\/vavcase.com\/fr\/wp-json\/wp\/v2\/media\/2477"}],"wp:attachment":[{"href":"https:\/\/vavcase.com\/fr\/wp-json\/wp\/v2\/media?parent=2470"}],"wp:term":[{"taxonomy":"product_brand","embeddable":true,"href":"https:\/\/vavcase.com\/fr\/wp-json\/wp\/v2\/product_brand?post=2470"},{"taxonomy":"product_cat","embeddable":true,"href":"https:\/\/vavcase.com\/fr\/wp-json\/wp\/v2\/product_cat?post=2470"},{"taxonomy":"product_tag","embeddable":true,"href":"https:\/\/vavcase.com\/fr\/wp-json\/wp\/v2\/product_tag?post=2470"}],"curies":[{"name":"wp","href":"https:\/\/api.w.org\/{rel}","templated":true}]}}