{"id":2478,"date":"2025-02-17T08:59:15","date_gmt":"2025-02-17T08:59:15","guid":{"rendered":"https:\/\/vavcase.com\/?post_type=product&#038;p=2478"},"modified":"2025-02-17T09:03:38","modified_gmt":"2025-02-17T09:03:38","slug":"caturix-mouse-mat-case-protective-cover-for-xxl-gaming-mouse-pads-with-soft-inner-lining-protects-against-scratches","status":"publish","type":"product","link":"https:\/\/vavcase.com\/fr\/produit\/caturix-mouse-mat-case-protective-cover-for-xxl-gaming-mouse-pads-with-soft-inner-lining-protects-against-scratchs\/","title":{"rendered":"CATURIX Mouse Mat Case - Housse de protection pour tapis de souris de jeu XXL avec doublure int\u00e9rieure douce, prot\u00e8ge contre les rayures"},"content":{"rendered":"<div id=\"dp_productDescription_container_div\" class=\"celwidget pd_rd_w-ttTag pd_rd_r-NZ903FC3K87WZT45QJCH pd_rd_wg-R7ct8\" data-feature-name=\"productDescription\" data-csa-c-type=\"widget\" data-csa-c-content-id=\"productDescription\" data-csa-c-slot-id=\"dp_productDescription_container_div\" data-csa-c-asin=\"\" data-csa-c-is-in-initial-active-row=\"false\" data-csa-c-id=\"1lynjg-bkeg3y-pd88b7-35quby\" data-cel-widget=\"dp_productDescription_container_div\">\n<div>\n<div id=\"productDescription_feature_div\" class=\"a-row feature\" data-feature-name=\"productDescription\" data-template-name=\"productDescription\" data-cel-widget=\"productDescription_feature_div\">\n<h2 class=\"softlines\">Description du produit<\/h2>\n<div id=\"productDescription\" class=\"a-section a-spacing-small\">\n<p>CATURIX Mouse Mat Case - Housse de protection pour tapis de souris de jeu XXL avec doublure int\u00e9rieure douce prot\u00e9geant contre les rayures Noir<\/p>\n<\/div>\n<\/div>\n<\/div>\n<\/div>\n<div id=\"detailBulletsProductFactsDesktopT3\" class=\"celwidget pd_rd_w-PtL8d pd_rd_r-NZ903FC3K87WZT45QJCH pd_rd_wg-R7ct8\" data-feature-name=\"detailBulletsProductFactsDesktopT3\" data-csa-c-type=\"widget\" data-csa-c-content-id=\"detailBulletsProductFactsDesktopT3\" data-csa-c-slot-id=\"detailBulletsProductFactsDesktopT3\" data-csa-c-asin=\"\" data-csa-c-is-in-initial-active-row=\"false\" data-csa-c-id=\"65hrim-tn7d2o-g238ng-1zh9re\" data-cel-widget=\"detailBulletsProductFactsDesktopT3\">\n<div id=\"detailBulletsWrapper_feature_div\" class=\"a-section feature detail-bullets-wrapper bucket\" data-feature-name=\"detailBullets\" data-template-name=\"detailBullets\" data-cel-widget=\"detailBulletsWrapper_feature_div\">\n<h2>D\u00e9tails du produit<\/h2>\n<div id=\"detailBullets_feature_div\">\n<ul class=\"a-unordered-list a-nostyle a-vertical a-spacing-none detail-bullet-list\">\n<li><span class=\"a-list-item\"><span class=\"a-text-bold\">Dimensions de l'emballage .\u00a0<\/span>18,9 x 4,25 x 3,66 pouces ; 9,52 onces<\/span><\/li>\n<li><span class=\"a-list-item\"><span class=\"a-text-bold\">Num\u00e9ro de mod\u00e8le de l'article .\u00a0<\/span>CTRX-18<\/span><\/li>\n<li><span class=\"a-list-item\"><span class=\"a-text-bold\">Date de premi\u00e8re mise \u00e0 disposition .\u00a0<\/span>29 mai 2024<\/span><\/li>\n<li><span class=\"a-list-item\"><span class=\"a-text-bold\">Fabricant .\u00a0<\/span>Caturix<\/span><\/li>\n<\/ul>\n<\/div>\n<\/div>\n<\/div>","protected":false},"excerpt":{"rendered":"<p>Gr\u00e2ce \u00e0 l'insert en PE, l'\u00e9tui CATURIX offre \u00e0 votre tapis de souris de jeu XXL une couche de protection bien rembourr\u00e9e.<br \/>\nLe tapis de souris est prot\u00e9g\u00e9 de la salet\u00e9, des rayures et d'autres dommages qui nuisent \u00e0 son appr\u00e9ciation par le rembourrage int\u00e9rieur souple de l'\u00e9tui.<br \/>\nVous avez la possibilit\u00e9 de fixer l'\u00e9tui du tapis de souris \u00e0 votre sac \u00e0 dos ou d'utiliser le porte-cl\u00e9s pour y placer votre cl\u00e9.<\/p>\n<p>Sortez du lot et personnalisez votre tapis de souris gr\u00e2ce \u00e0 la fermeture velcro pour les patchs.<br \/>\nNous sommes tr\u00e8s attach\u00e9s au d\u00e9veloppement durable : La housse de protection est fabriqu\u00e9e \u00e0 partir de PET recycl\u00e9, qui est r\u00e9sistant \u00e0 l'eau, \u00e9lastique et de qualit\u00e9 sup\u00e9rieure.<\/p>","protected":false},"featured_media":2485,"comment_status":"open","ping_status":"closed","template":"","meta":[],"product_brand":[],"product_cat":[66,58],"product_tag":[],"class_list":{"0":"post-2478","1":"product","2":"type-product","3":"status-publish","4":"has-post-thumbnail","6":"product_cat-mousepad-cases","7":"product_cat-setup-accessories","9":"first","10":"instock","11":"shipping-taxable","12":"purchasable","13":"product-type-simple"},"_links":{"self":[{"href":"https:\/\/vavcase.com\/fr\/wp-json\/wp\/v2\/product\/2478","targetHints":{"allow":["GET"]}}],"collection":[{"href":"https:\/\/vavcase.com\/fr\/wp-json\/wp\/v2\/product"}],"about":[{"href":"https:\/\/vavcase.com\/fr\/wp-json\/wp\/v2\/types\/product"}],"replies":[{"embeddable":true,"href":"https:\/\/vavcase.com\/fr\/wp-json\/wp\/v2\/comments?post=2478"}],"wp:featuredmedia":[{"embeddable":true,"href":"https:\/\/vavcase.com\/fr\/wp-json\/wp\/v2\/media\/2485"}],"wp:attachment":[{"href":"https:\/\/vavcase.com\/fr\/wp-json\/wp\/v2\/media?parent=2478"}],"wp:term":[{"taxonomy":"product_brand","embeddable":true,"href":"https:\/\/vavcase.com\/fr\/wp-json\/wp\/v2\/product_brand?post=2478"},{"taxonomy":"product_cat","embeddable":true,"href":"https:\/\/vavcase.com\/fr\/wp-json\/wp\/v2\/product_cat?post=2478"},{"taxonomy":"product_tag","embeddable":true,"href":"https:\/\/vavcase.com\/fr\/wp-json\/wp\/v2\/product_tag?post=2478"}],"curies":[{"name":"wp","href":"https:\/\/api.w.org\/{rel}","templated":true}]}}