{"id":2486,"date":"2025-02-17T09:13:58","date_gmt":"2025-02-17T09:13:58","guid":{"rendered":"https:\/\/vavcase.com\/?post_type=product&#038;p=2486"},"modified":"2025-12-15T11:18:32","modified_gmt":"2025-12-15T11:18:32","slug":"bubm-electronic-organizer-double-layer-travel-accessories-storage-bag-for-cord-adapter","status":"publish","type":"product","link":"https:\/\/vavcase.com\/fr\/produit\/bubm-electronic-organizer-double-layer-travel-accessories-storage-bag-for-cord-adapter\/","title":{"rendered":"BUBM Electronic Organizer, Double Layer Travel Accessories Storage Bag for Cord, Adapter"},"content":{"rendered":"<h2>Informations sur le produit<\/h2>\n<div class=\"a-row a-spacing-top-base\">\n<div class=\"a-column a-span6\">\n<div class=\"a-row a-spacing-base\">\n<div class=\"a-section table-padding\">\n<table id=\"productDetails_detailBullets_sections1\" class=\"a-keyvalue prodDetTable\" role=\"presentation\">\n<tbody>\n<tr>\n<th class=\"a-color-secondary a-size-base prodDetSectionEntry\">Dimensions du produit<\/th>\n<td class=\"a-size-base prodDetAttrValue\">10,5 x 8 x 4 pouces<\/td>\n<\/tr>\n<tr>\n<th class=\"a-color-secondary a-size-base prodDetSectionEntry\">Poids de l'article<\/th>\n<td class=\"a-size-base prodDetAttrValue\">14,4 onces<\/td>\n<\/tr>\n<tr>\n<th class=\"a-color-secondary a-size-base prodDetSectionEntry\">ASIN<\/th>\n<td class=\"a-size-base prodDetAttrValue\">B01N441A06<\/td>\n<\/tr>\n<tr>\n<th class=\"a-color-secondary a-size-base prodDetSectionEntry\">Num\u00e9ro de mod\u00e8le de l'article<\/th>\n<td class=\"a-size-base prodDetAttrValue\">CAbubm10401<\/td>\n<\/tr>\n<tr>\n<th class=\"a-color-secondary a-size-base prodDetSectionEntry\">Avis des clients<\/th>\n<td class=\"a-size-base\">\n<div id=\"averageCustomerReviews\" data-asin=\"B01N441A06\" data-ref=\"dpx_acr_pop_\"><span class=\"a-declarative\" data-action=\"acrStarsLink-click-metrics\" data-acrstarslink-click-metrics=\"{}\"><span id=\"acrPopover\" class=\"reviewCountTextLinkedHistogram noUnderline\" title=\"4,7 sur 5 \u00e9toiles\"><a class=\"a-popover-trigger a-declarative\" role=\"button\"><span class=\"a-size-base a-color-base\">4.7\u00a0<\/span><i class=\"a-icon a-icon-star a-star-4-5 cm-cr-review-stars-spacing-big\"><span class=\"a-icon-alt\">4,7 sur 5 \u00e9toiles<\/span><\/i>\u00a0<i class=\"a-icon a-icon-popover\"><\/i><\/a>\u00a0\u00a0<\/span><\/span>\u00a0<span class=\"a-declarative\" data-action=\"acrLink-click-metrics\" data-acrlink-click-metrics=\"{}\"><a id=\"acrCustomerReviewLink\" class=\"a-link-normal\" href=\"https:\/\/www.amazon.com\/BUBM-Electronic-Organizer-Accessories-Storage\/dp\/B01N441A06\/ref=sr_1_27?crid=2OS6W1OVDEM6B&amp;dib=eyJ2IjoiMSJ9.BqriOz2lSUuLpO8zQBJtCaJpqLA3QOoyPafrNT4Jv9z0Fp0KAS9YQlVPXqnIpVEpzHI6H0Y9qMgQCyoKuoyF5nnFzF_ELmwKX84XKUJ-xQalqe3aQFciZNq49K4l9AI_qODSUNoYKDNxYhhgXF8MPuRcR_wvVEG7TwBEnpcdoIu992_iaFKGgVUu-ekiik13nZov2r15TnpRedk_5JIKzf0hRM5MEdbG6Ew6E7u33NU.8ozNtjnIt_jkreRtNX4OR013RC9iaajKG3kskdwtM1w&amp;dib_tag=se&amp;keywords=Organizers%2Bfor%2Bgaming%2Bcables%2Band%2Badapters&amp;qid=1739783223&amp;sprefix=organizers%2Bfor%2Bgaming%2Bcables%2Band%2Badapters%2Caps%2C490&amp;sr=8-27&amp;xpid=lTxz0-j6iR_8W&amp;th=1#customerReviews\"><span id=\"acrCustomerReviewText\" class=\"a-size-base\">1 204 \u00e9valuations<\/span><\/a><\/span><\/div>\n<p>4,7 sur 5 \u00e9toiles<\/td>\n<\/tr>\n<tr>\n<th class=\"a-color-secondary a-size-base prodDetSectionEntry\">Classement des meilleures ventes<\/th>\n<td>#337 dans\u00a0<a href=\"https:\/\/www.amazon.com\/gp\/bestsellers\/electronics\/290458\/ref=pd_zg_hrsr_electronics\">Sacs et \u00e9tuis pour l'organisation des c\u00e2bles<\/a><\/td>\n<\/tr>\n<\/tbody>\n<\/table>\n<\/div>\n<\/div>\n<\/div>\n<\/div>\n<div class=\"a-row a-spacing-top-base\">\n<div class=\"a-column a-span6\">\n<div class=\"a-row a-spacing-base\"><\/div>\n<\/div>\n<\/div>","protected":false},"excerpt":{"rendered":"<p><strong>HAUTE CAPACIT\u00c9 :<\/strong> Cet organiseur technologique comporte deux compartiments avec de nombreuses boucles \u00e9lastiques et des poches en filet pour accueillir une vari\u00e9t\u00e9 d'appareils \u00e9lectroniques, y compris des chargeurs, des c\u00e2bles, des \u00e9couteurs, des disques durs, des cartes m\u00e9moire et d'autres appareils.<br \/>\n<strong>LA CONCEPTION INTELLIGENTE :<\/strong> L'organiseur de voyage pour accessoires \u00e9lectroniques comporte un compartiment rembourr\u00e9 pouvant accueillir un iPad* ou une tablette d'une taille maximale de 9,7\u2033 sans housse. Trois s\u00e9parateurs rembourr\u00e9s r\u00e9glables sont disponibles pour r\u00e9pondre \u00e0 vos besoins divers. (*La marque r\u00e9f\u00e9renc\u00e9e n'est pas associ\u00e9e \u00e0 notre produit).<br \/>\nVeillez \u00e0 ce que tous les objets soient rang\u00e9s en un seul endroit : Ce sac de transport pour mat\u00e9riel de voyage permet de ranger soigneusement vos affaires dans un seul endroit et de les rendre facilement accessibles, afin d'\u00e9viter toute perte, tout dommage ou tout d\u00e9sordre.<\/p>\n<p><strong>QUALIT\u00c9 SUP\u00c9RIEURE :<\/strong> L'organisateur de c\u00e2bles de voyage est fabriqu\u00e9 \u00e0 partir d'un tissu imperm\u00e9able, r\u00e9sistant et robuste. Vos bagages b\u00e9n\u00e9ficient d'une protection exceptionnelle gr\u00e2ce \u00e0 l'int\u00e9rieur semi-flexible bien rembourr\u00e9.<br \/>\n<strong>SAUVEUR DE VIE :<\/strong> L'organiseur de voyage est une solution id\u00e9ale pour ranger tous vos objets essentiels, que vous soyez en voyage ou \u00e0 la maison. Poids : 0,41kg ; Dimensions : 10.5\u2033 x 8\u2033 x 4\u2033<\/p>","protected":false},"featured_media":2494,"comment_status":"open","ping_status":"closed","template":"","meta":[],"product_brand":[],"product_cat":[67,58],"product_tag":[],"class_list":{"0":"post-2486","1":"product","2":"type-product","3":"status-publish","4":"has-post-thumbnail","6":"product_cat-cable-management-cases","7":"product_cat-setup-accessories","9":"first","10":"instock","11":"shipping-taxable","12":"purchasable","13":"product-type-simple"},"_links":{"self":[{"href":"https:\/\/vavcase.com\/fr\/wp-json\/wp\/v2\/product\/2486","targetHints":{"allow":["GET"]}}],"collection":[{"href":"https:\/\/vavcase.com\/fr\/wp-json\/wp\/v2\/product"}],"about":[{"href":"https:\/\/vavcase.com\/fr\/wp-json\/wp\/v2\/types\/product"}],"replies":[{"embeddable":true,"href":"https:\/\/vavcase.com\/fr\/wp-json\/wp\/v2\/comments?post=2486"}],"wp:featuredmedia":[{"embeddable":true,"href":"https:\/\/vavcase.com\/fr\/wp-json\/wp\/v2\/media\/2494"}],"wp:attachment":[{"href":"https:\/\/vavcase.com\/fr\/wp-json\/wp\/v2\/media?parent=2486"}],"wp:term":[{"taxonomy":"product_brand","embeddable":true,"href":"https:\/\/vavcase.com\/fr\/wp-json\/wp\/v2\/product_brand?post=2486"},{"taxonomy":"product_cat","embeddable":true,"href":"https:\/\/vavcase.com\/fr\/wp-json\/wp\/v2\/product_cat?post=2486"},{"taxonomy":"product_tag","embeddable":true,"href":"https:\/\/vavcase.com\/fr\/wp-json\/wp\/v2\/product_tag?post=2486"}],"curies":[{"name":"wp","href":"https:\/\/api.w.org\/{rel}","templated":true}]}}