{"id":2495,"date":"2025-02-17T09:18:27","date_gmt":"2025-02-17T09:18:27","guid":{"rendered":"https:\/\/vavcase.com\/?post_type=product&#038;p=2495"},"modified":"2025-02-17T09:18:45","modified_gmt":"2025-02-17T09:18:45","slug":"under-desk-cable-management-tray-15-7-no-drill-steel-desk-cable-organizers-wire-management-tray-cable-management-rack","status":"publish","type":"product","link":"https:\/\/vavcase.com\/fr\/produit\/plateau-de-gestion-des-cables-sous-le-bureau-15-7-sans-percage-organisateur-de-cables-de-bureau-en-acier-plateau-de-gestion-des-cables-rack-de-gestion-des-cables\/","title":{"rendered":"Chemin de c\u00e2bles sous le bureau, 15.7\" No Drill Steel Cable Organizers, Wire Management Tray Cable Management Rack"},"content":{"rendered":"<h2>Informations sur le produit<\/h2>\n<div class=\"a-row a-spacing-top-base\">\n<div class=\"a-column a-span6\">\n<div class=\"a-row a-spacing-base\">\n<div class=\"a-section table-padding\">\n<table id=\"productDetails_detailBullets_sections1\" class=\"a-keyvalue prodDetTable\" role=\"presentation\">\n<tbody>\n<tr>\n<th class=\"a-color-secondary a-size-base prodDetSectionEntry\">Dimensions du produit<\/th>\n<td class=\"a-size-base prodDetAttrValue\">15,7 x 4,7 x 0,04 pouces<\/td>\n<\/tr>\n<tr>\n<th class=\"a-color-secondary a-size-base prodDetSectionEntry\">Poids de l'article<\/th>\n<td class=\"a-size-base prodDetAttrValue\">1.54 livres<\/td>\n<\/tr>\n<tr>\n<th class=\"a-color-secondary a-size-base prodDetSectionEntry\">ASIN<\/th>\n<td class=\"a-size-base prodDetAttrValue\">B09L62NFJ2<\/td>\n<\/tr>\n<tr>\n<th class=\"a-color-secondary a-size-base prodDetSectionEntry\">Avis des clients<\/th>\n<td class=\"a-size-base\">\n<div id=\"averageCustomerReviews\" data-asin=\"B09L62NFJ2\" data-ref=\"dpx_acr_pop_\"><span class=\"a-declarative\" data-action=\"acrStarsLink-click-metrics\" data-acrstarslink-click-metrics=\"{}\"><span id=\"acrPopover\" class=\"reviewCountTextLinkedHistogram noUnderline\" title=\"4,7 sur 5 \u00e9toiles\"><a class=\"a-popover-trigger a-declarative\" role=\"button\"><span class=\"a-size-base a-color-base\">4.7\u00a0<\/span><i class=\"a-icon a-icon-star a-star-4-5 cm-cr-review-stars-spacing-big\"><span class=\"a-icon-alt\">4,7 sur 5 \u00e9toiles<\/span><\/i>\u00a0<i class=\"a-icon a-icon-popover\"><\/i><\/a>\u00a0\u00a0<\/span><\/span>\u00a0<span class=\"a-declarative\" data-action=\"acrLink-click-metrics\" data-acrlink-click-metrics=\"{}\"><a id=\"acrCustomerReviewLink\" class=\"a-link-normal\" href=\"https:\/\/www.amazon.com\/Under-Cable-Management-Organizers-Organizer\/dp\/B09L62NFJ2\/ref=sr_1_4?crid=O7NJBDSK332Z&amp;dib=eyJ2IjoiMSJ9.LQCsa3NDOpKGJ-O1OuSYJ_IEz2CGVwWOSlQCEqU8aBzODSdsjHqym7Im5gFgkbYIHP-WifHfI14_BhPg0jXffgvOh2nFKQorNpwup4m5_jfbTHNyLZp2TYAUAwB1AtZ-VQOjssrAOGolk6b75o4zp0wFaDWIF1_EcmCSocySeHQKP71K4wRU4sYzWbvIDVNNLs47UMXSHy0ZHyk2Qy-Qa-PLpxeOII3iWu1W7hCj4TE.ZIUZOM-P77AjSCz5levdJyhvFwqhTpbB8PkxDS2RW-I&amp;dib_tag=se&amp;keywords=%E2%80%A2%2BCable%2BManagement%2BCases%2B%E2%80%93%2BOrganizers%2Bfor%2Bgaming%2Bcables%2Band%2Badapters.&amp;qid=1739783655&amp;sprefix=cable%2Bmanagement%2Bcases%2Borganizers%2Bfor%2Bgaming%2Bcables%2Band%2Badapters.%2Caps%2C1107&amp;sr=8-4&amp;th=1#customerReviews\"><span id=\"acrCustomerReviewText\" class=\"a-size-base\">3 417 \u00e9valuations<\/span><\/a><\/span><\/div>\n<p>4,7 sur 5 \u00e9toiles<\/td>\n<\/tr>\n<tr>\n<th class=\"a-color-secondary a-size-base prodDetSectionEntry\">Classement des meilleures ventes<\/th>\n<td>#1,425 en \u00e9lectronique (<a href=\"https:\/\/www.amazon.com\/gp\/bestsellers\/electronics\/ref=pd_zg_ts_electronics\">Voir le Top 100 de l'\u00e9lectronique<\/a>)<br \/>\n#20 dans\u00a0<a href=\"https:\/\/www.amazon.com\/gp\/bestsellers\/electronics\/6577543011\/ref=pd_zg_hrsr_electronics\">Chemins de c\u00e2bles<\/a><\/td>\n<\/tr>\n<tr>\n<th class=\"a-color-secondary a-size-base prodDetSectionEntry\">Date de mise \u00e0 disposition<\/th>\n<td class=\"a-size-base prodDetAttrValue\">8 novembre 2021<\/td>\n<\/tr>\n<tr>\n<th class=\"a-color-secondary a-size-base prodDetSectionEntry\">Fabricant<\/th>\n<td class=\"a-size-base prodDetAttrValue\">REFLYING<\/td>\n<\/tr>\n<\/tbody>\n<\/table>\n<\/div>\n<\/div>\n<\/div>\n<\/div>","protected":false},"excerpt":{"rendered":"<p>\"Installation sans per\u00e7age\" : Ce bac de gestion des c\u00e2bles est con\u00e7u pour votre poste de travail \u00e0 domicile et ne n\u00e9cessite pas de vis. Nous fournissons des instructions. Les tables en bois, en verre, en m\u00e9tal et en marbre conviennent toutes \u00e0 l'utilisation et se d\u00e9montent sans effort, sans dommage ni marque sur la table.<br \/>\nCONCEPTION ET AVANTAGES DU SILICONE : Le poste de travail ou la table est prot\u00e9g\u00e9 des rayures par des tampons en caoutchouc souple situ\u00e9s sur des pinces r\u00e9glables et amovibles. Anti-surchauffe, pas d'accumulation de poussi\u00e8re Capacit\u00e9 extra-large, c\u00e2ble r\u00e9glable.<br \/>\nROBUSTE ET SOLIDE : ce nouveau cache-fil est fabriqu\u00e9 en acier au carbone rev\u00eatu de poudre pour une durabilit\u00e9 \u00e0 long terme. Il est silencieux et stable. Le design creux et incurv\u00e9 du chemin de c\u00e2bles sous le bureau permet de ranger facilement une multiprise et facilite l'organisation des fils de c\u00e2bles.<\/p>\n<p>PAQUET INCLUS : Cet ensemble comprend cinq rangements pour c\u00e2bles sous le bureau et deux rangements pour c\u00e2bles d'ordinateur. Les dimensions du chemin de c\u00e2bles sous le bureau sont L15.7 x L4.7 x H6.3 pouces. Lorsqu'il y a de nombreux c\u00e2bles sous le chemin de c\u00e2bles du bureau, les organiseurs de c\u00e2bles peuvent \u00eatre particuli\u00e8rement utiles, en facilitant l'administration des c\u00e2bles du bureau.<br \/>\nUN ESPACE DE TRAVAIL ORDONN\u00c9 ET PROPRE : OUVERTURE Ce chemin de c\u00e2bles pour bureau se distingue du range-c\u00e2bles traditionnel sous le bureau par sa durabilit\u00e9, sa fonctionnalit\u00e9 et ses avantages. Il \u00e9limine le besoin d'une multiprise et d'un c\u00e2blage encombrants, ce qui permet de mieux organiser l'espace de travail.<\/p>","protected":false},"featured_media":2503,"comment_status":"open","ping_status":"closed","template":"","meta":[],"product_brand":[],"product_cat":[67,58],"product_tag":[],"class_list":{"0":"post-2495","1":"product","2":"type-product","3":"status-publish","4":"has-post-thumbnail","6":"product_cat-cable-management-cases","7":"product_cat-setup-accessories","9":"first","10":"instock","11":"shipping-taxable","12":"purchasable","13":"product-type-simple"},"_links":{"self":[{"href":"https:\/\/vavcase.com\/fr\/wp-json\/wp\/v2\/product\/2495","targetHints":{"allow":["GET"]}}],"collection":[{"href":"https:\/\/vavcase.com\/fr\/wp-json\/wp\/v2\/product"}],"about":[{"href":"https:\/\/vavcase.com\/fr\/wp-json\/wp\/v2\/types\/product"}],"replies":[{"embeddable":true,"href":"https:\/\/vavcase.com\/fr\/wp-json\/wp\/v2\/comments?post=2495"}],"wp:featuredmedia":[{"embeddable":true,"href":"https:\/\/vavcase.com\/fr\/wp-json\/wp\/v2\/media\/2503"}],"wp:attachment":[{"href":"https:\/\/vavcase.com\/fr\/wp-json\/wp\/v2\/media?parent=2495"}],"wp:term":[{"taxonomy":"product_brand","embeddable":true,"href":"https:\/\/vavcase.com\/fr\/wp-json\/wp\/v2\/product_brand?post=2495"},{"taxonomy":"product_cat","embeddable":true,"href":"https:\/\/vavcase.com\/fr\/wp-json\/wp\/v2\/product_cat?post=2495"},{"taxonomy":"product_tag","embeddable":true,"href":"https:\/\/vavcase.com\/fr\/wp-json\/wp\/v2\/product_tag?post=2495"}],"curies":[{"name":"wp","href":"https:\/\/api.w.org\/{rel}","templated":true}]}}