{"id":2504,"date":"2025-02-17T09:22:32","date_gmt":"2025-02-17T09:22:32","guid":{"rendered":"https:\/\/vavcase.com\/?post_type=product&#038;p=2504"},"modified":"2026-04-01T17:56:07","modified_gmt":"2026-04-01T17:56:07","slug":"yecaye-2-pack-cable-management-under-desk-31-5-in-under-desk-cable-management-tray","status":"publish","type":"product","link":"https:\/\/vavcase.com\/fr\/produit\/yecaye-2-pack-cable-management-under-desk-31-5-in-under-desk-cable-management-tray\/","title":{"rendered":"Yecaye 2 Pack Cable Management Under Desk, 31.5 in Under Desk Cable Management Tray"},"content":{"rendered":"<h2>Informations sur le produit<\/h2>\n<div class=\"a-row a-spacing-top-base\">\n<div class=\"a-column a-span6\">\n<div class=\"a-row a-spacing-base\">\n<div class=\"a-section table-padding\">\n<table id=\"productDetails_detailBullets_sections1\" class=\"a-keyvalue prodDetTable\" role=\"presentation\">\n<tbody>\n<tr>\n<th class=\"a-color-secondary a-size-base prodDetSectionEntry\">Dimensions du produit<\/th>\n<td class=\"a-size-base prodDetAttrValue\">31,4 x 3,9 x 3,5 pouces<\/td>\n<\/tr>\n<tr>\n<th class=\"a-color-secondary a-size-base prodDetSectionEntry\">Poids de l'article<\/th>\n<td class=\"a-size-base prodDetAttrValue\">1.92 livres<\/td>\n<\/tr>\n<tr>\n<th class=\"a-color-secondary a-size-base prodDetSectionEntry\">ASIN<\/th>\n<td class=\"a-size-base prodDetAttrValue\">B08J4173VD<\/td>\n<\/tr>\n<tr>\n<th class=\"a-color-secondary a-size-base prodDetSectionEntry\">Num\u00e9ro de mod\u00e8le de l'article<\/th>\n<td class=\"a-size-base prodDetAttrValue\">Gestion des c\u00e2bles sous le bureau Canal en U<\/td>\n<\/tr>\n<tr>\n<th class=\"a-color-secondary a-size-base prodDetSectionEntry\">Avis des clients<\/th>\n<td class=\"a-size-base\">\n<div id=\"averageCustomerReviews\" data-asin=\"B08J4173VD\" data-ref=\"dpx_acr_pop_\"><span class=\"a-declarative\" data-action=\"acrStarsLink-click-metrics\" data-acrstarslink-click-metrics=\"{}\"><span id=\"acrPopover\" class=\"reviewCountTextLinkedHistogram noUnderline\" title=\"4,3 sur 5 \u00e9toiles\"><a class=\"a-popover-trigger a-declarative\" role=\"button\"><span class=\"a-size-base a-color-base\">4.3\u00a0<\/span><i class=\"a-icon a-icon-star a-star-4-5 cm-cr-review-stars-spacing-big\"><span class=\"a-icon-alt\">4,3 sur 5 \u00e9toiles<\/span><\/i>\u00a0<i class=\"a-icon a-icon-popover\"><\/i><\/a>\u00a0\u00a0<\/span><\/span>\u00a0<span class=\"a-declarative\" data-action=\"acrLink-click-metrics\" data-acrlink-click-metrics=\"{}\"><a id=\"acrCustomerReviewLink\" class=\"a-link-normal\" href=\"https:\/\/www.amazon.com\/Yecaye-Cable-Management-Organizer-Office\/dp\/B08J4173VD\/ref=sr_1_18?crid=O7NJBDSK332Z&amp;dib=eyJ2IjoiMSJ9.JWbvtaFXB5ENBry_y8QN_cppk5vwDg27FLmB5z9A0Glgzmg0obxHvYyODl2c1op6dOqUMqQ2VxAZUVtjZn4AKnauO3-TuYzmMG1d_rae9KmHXAIEbeTEvCfO_0OpcmDb2pTgkNwmsmVSG6o5CAPPq1M71wmZlQWs5X2D6DRA1WYZh1EUVMY6A4mb-6a_rWeU3gzaQv6oPexHNq2Cn5DySwPlaMsadvfGsWvMN030VLc.d50GkUEU7METsYzHbCO_7ZbwMXUQLdDLieCJ4NIeoGg&amp;dib_tag=se&amp;keywords=%E2%80%A2%2BCable%2BManagement%2BCases%2B%E2%80%93%2BOrganizers%2Bfor%2Bgaming%2Bcables%2Band%2Badapters.&amp;qid=1739783950&amp;sprefix=cable%2Bmanagement%2Bcases%2Borganizers%2Bfor%2Bgaming%2Bcables%2Band%2Badapters.%2Caps%2C1107&amp;sr=8-18&amp;xpid=Budc5jspIi1w2&amp;th=1#customerReviews\"><span id=\"acrCustomerReviewText\" class=\"a-size-base\">1 759 \u00e9valuations<\/span><\/a><\/span><\/div>\n<p>4,3 sur 5 \u00e9toiles<\/td>\n<\/tr>\n<tr>\n<th class=\"a-color-secondary a-size-base prodDetSectionEntry\">Classement des meilleures ventes<\/th>\n<td>#2,785 en \u00e9lectronique (<a href=\"https:\/\/www.amazon.com\/gp\/bestsellers\/electronics\/ref=pd_zg_ts_electronics\">Voir le Top 100 de l'\u00e9lectronique<\/a>)<br \/>\n#43 dans\u00a0<a href=\"https:\/\/www.amazon.com\/gp\/bestsellers\/electronics\/6577543011\/ref=pd_zg_hrsr_electronics\">Chemins de c\u00e2bles<\/a><\/td>\n<\/tr>\n<\/tbody>\n<\/table>\n<\/div>\n<\/div>\n<\/div>\n<\/div>","protected":false},"excerpt":{"rendered":"<p>Gestion des c\u00e2bles de grande capacit\u00e9 : Le grand organisateur de c\u00e2bles Yecaye peut vous aider \u00e0 dissimuler de mani\u00e8re ordonn\u00e9e tous les objets et \u00e0 organiser votre espace de travail \u00e0 domicile ou votre bureau de jeu. C'est un choix exceptionnel pour les multiprises, les parasurtenseurs, les briques d'alimentation, les disques durs externes, les c\u00e2bles ou les connexions. D\u00e9posez les c\u00e2bles et les barrettes d'alimentation dans le syst\u00e8me de gestion des c\u00e2bles situ\u00e9 sous le bureau, sans avoir besoin d'un couvercle \u00e0 charni\u00e8re ou d'un couvercle mobile.<br \/>\nInstallation simple \u00e0 l'aide d'un ruban adh\u00e9sif durable : La gestion des c\u00e2bles sous le bureau est facile \u00e0 installer en appliquant du ruban adh\u00e9sif sur la surface.Vous devez attendre au moins 24 heures avant d'installer les c\u00e2bles ou les cordons d'alimentation.La capacit\u00e9 de charge peut atteindre 6 livres, et il sera solidement fix\u00e9 pour \u00e9viter qu'il ne tombe.Veuillez \u00e9viter d'utiliser l'organisateur de c\u00e2bles sur des surfaces textur\u00e9es pour garantir une exp\u00e9rience positive.<br \/>\nUne installation adaptable : Notre syst\u00e8me de gestion des c\u00e2bles sous le bureau est fabriqu\u00e9 en plastique PVC dur de 2 mm et peut \u00eatre utilis\u00e9 sur toute surface lisse, \u00e0 l'exception des murs textur\u00e9s. Il peut \u00eatre plac\u00e9 sous le bureau, vers l'int\u00e9rieur ou l'ext\u00e9rieur, derri\u00e8re le bureau ou contre le mur.<\/p>\n<p>Suffisamment d'espace pour l'utilisation : la longueur totale du c\u00e2ble est de 31,5 pouces, et l'ouverture sup\u00e9rieure ainsi que les d\u00e9coupes lat\u00e9rales sont con\u00e7ues pour permettre aux c\u00e2bles d'ordinateur de passer librement sur votre bureau, les emp\u00eachant de s'emm\u00ealer, en particulier lorsque vous d\u00e9placez le bureau vers le haut et vers le bas.Pour organiser tous vos d\u00e9bris de c\u00e2bles. En plus d'\u00e9viter les risques de tr\u00e9buchement, le fait de dissimuler les multiprises et les c\u00e2bles non s\u00e9curis\u00e9s permet de lib\u00e9rer de l'espace sur le bureau et au sol.<br \/>\nUne large gamme d'accessoires est incluse : L'ensemble comprend deux colliers de serrage durables (L15.7in W3.9in H3.5in), quatre r\u00e9ceptacles de c\u00e2bles et six colliers de serrage. La paroi lat\u00e9rale et le fond de chaque chemin de c\u00e2bles sont pr\u00e9-perc\u00e9s de cinq ouvertures, chacune mesurant 1,2 x 1,2 pouces. Cela simplifie l'acheminement des c\u00e2bles. Les c\u00e2bles individuels peuvent \u00eatre facilement s\u00e9par\u00e9s et enfil\u00e9s dans les ouvertures.<\/p>","protected":false},"featured_media":2511,"comment_status":"open","ping_status":"closed","template":"","meta":[],"product_brand":[],"product_cat":[67,58],"product_tag":[],"class_list":{"0":"post-2504","1":"product","2":"type-product","3":"status-publish","4":"has-post-thumbnail","6":"product_cat-cable-management-cases","7":"product_cat-setup-accessories","9":"first","10":"instock","11":"shipping-taxable","12":"purchasable","13":"product-type-simple"},"_links":{"self":[{"href":"https:\/\/vavcase.com\/fr\/wp-json\/wp\/v2\/product\/2504","targetHints":{"allow":["GET"]}}],"collection":[{"href":"https:\/\/vavcase.com\/fr\/wp-json\/wp\/v2\/product"}],"about":[{"href":"https:\/\/vavcase.com\/fr\/wp-json\/wp\/v2\/types\/product"}],"replies":[{"embeddable":true,"href":"https:\/\/vavcase.com\/fr\/wp-json\/wp\/v2\/comments?post=2504"}],"wp:featuredmedia":[{"embeddable":true,"href":"https:\/\/vavcase.com\/fr\/wp-json\/wp\/v2\/media\/2511"}],"wp:attachment":[{"href":"https:\/\/vavcase.com\/fr\/wp-json\/wp\/v2\/media?parent=2504"}],"wp:term":[{"taxonomy":"product_brand","embeddable":true,"href":"https:\/\/vavcase.com\/fr\/wp-json\/wp\/v2\/product_brand?post=2504"},{"taxonomy":"product_cat","embeddable":true,"href":"https:\/\/vavcase.com\/fr\/wp-json\/wp\/v2\/product_cat?post=2504"},{"taxonomy":"product_tag","embeddable":true,"href":"https:\/\/vavcase.com\/fr\/wp-json\/wp\/v2\/product_tag?post=2504"}],"curies":[{"name":"wp","href":"https:\/\/api.w.org\/{rel}","templated":true}]}}