{"id":2512,"date":"2025-02-17T09:27:21","date_gmt":"2025-02-17T09:27:21","guid":{"rendered":"https:\/\/vavcase.com\/?post_type=product&#038;p=2512"},"modified":"2025-11-10T10:26:54","modified_gmt":"2025-11-10T10:26:54","slug":"fyy-electronic-organizer-travel-cable-organizer-bag-pouch-electronic-accessories-carry-case-portable-waterproof-double-layers-storage-case","status":"publish","type":"product","link":"https:\/\/vavcase.com\/fr\/produit\/fyy-organisateur-electronique-sac-de-voyage-organisateur-de-cables-pochette-accessoires-electroniques-mallette-de-transport-portable-etanche-mallette-de-stockage-double-couche\/","title":{"rendered":"FYY Electronic Organizer, Travel Cable Organizer Bag Pouch Electronic Accessories Carry Case Portable Waterproof Double Layers Storage Case"},"content":{"rendered":"<h2>Informations sur le produit<\/h2>\n<div class=\"a-row a-spacing-top-base\">\n<div class=\"a-column a-span6\">\n<div class=\"a-row a-spacing-base\">\n<div class=\"a-section table-padding\">\n<table id=\"productDetails_detailBullets_sections1\" class=\"a-keyvalue prodDetTable\" role=\"presentation\">\n<tbody>\n<tr>\n<th class=\"a-color-secondary a-size-base prodDetSectionEntry\">Dimensions du produit<\/th>\n<td class=\"a-size-base prodDetAttrValue\">8,3 x 5 x 2,6 pouces<\/td>\n<\/tr>\n<tr>\n<th class=\"a-color-secondary a-size-base prodDetSectionEntry\">Poids de l'article<\/th>\n<td class=\"a-size-base prodDetAttrValue\">3,84 onces<\/td>\n<\/tr>\n<tr>\n<th class=\"a-color-secondary a-size-base prodDetSectionEntry\">ASIN<\/th>\n<td class=\"a-size-base prodDetAttrValue\">B09DGDDK1C<\/td>\n<\/tr>\n<tr>\n<th class=\"a-color-secondary a-size-base prodDetSectionEntry\">Num\u00e9ro de mod\u00e8le de l'article<\/th>\n<td class=\"a-size-base prodDetAttrValue\">FYY-BR-C-002-Cable-Organizer-DL-BK<\/td>\n<\/tr>\n<tr>\n<th class=\"a-color-secondary a-size-base prodDetSectionEntry\">Avis des clients<\/th>\n<td class=\"a-size-base\">\n<div id=\"averageCustomerReviews\" data-asin=\"B09DGDDK1C\" data-ref=\"dpx_acr_pop_\"><span class=\"a-declarative\" data-action=\"acrStarsLink-click-metrics\" data-acrstarslink-click-metrics=\"{}\"><span id=\"acrPopover\" class=\"reviewCountTextLinkedHistogram noUnderline\" title=\"4,5 sur 5 \u00e9toiles\"><a class=\"a-popover-trigger a-declarative\" role=\"button\"><span class=\"a-size-base a-color-base\">4.5\u00a0<\/span><i class=\"a-icon a-icon-star a-star-4-5 cm-cr-review-stars-spacing-big\"><span class=\"a-icon-alt\">4,5 sur 5 \u00e9toiles<\/span><\/i>\u00a0<i class=\"a-icon a-icon-popover\"><\/i><\/a>\u00a0\u00a0<\/span><\/span>\u00a0<span class=\"a-declarative\" data-action=\"acrLink-click-metrics\" data-acrlink-click-metrics=\"{}\"><a id=\"acrCustomerReviewLink\" class=\"a-link-normal\" href=\"https:\/\/www.amazon.com\/FYY-Electronic-Organizer-Accessories-Waterproof\/dp\/B09DGDDK1C\/ref=sr_1_12_sspa?crid=3HXWMF2A83JZZ&amp;dib=eyJ2IjoiMSJ9.wEk3Ax8K7Grzd_c2xXzNXdN2UM6xDZWFDxvtqKIpqEsEL62FwsNCDPuekS074scihVQ1YJI2WKouieU40PSM61BxIXy42HgkxqaMhc8UNtjCFskov22rxoNghphv35VM2dpYiT0bbLD3_u0plNogqvqKpxRro-J3BShX4DyWpT2OTF2MZskNbn7E9OGYWwttlXaOfpcQouC_XlbLf2VvumTRfSEXa2Osk0apLEj70yE.rZ-C8XBpZuZzK1eNCfD897WI1VhNBd-8kqx7-HETPj4&amp;dib_tag=se&amp;keywords=Cable%2BManagement%2BCases%2B%E2%80%93%2BOrganizers%2Bfor%2Bgaming%2Bcables%2Band%2Badapters&amp;qid=1739783057&amp;sprefix=cable%2Bmanagement%2Bcases%2Borganizers%2Bfor%2Bgaming%2Bcables%2Band%2Badapters%2Caps%2C730&amp;sr=8-12-spons&amp;sp_csd=d2lkZ2V0TmFtZT1zcF9tdGY&amp;th=1#customerReviews\"><span id=\"acrCustomerReviewText\" class=\"a-size-base\">28 719 \u00e9valuations<\/span><\/a><\/span><\/div>\n<p>4,5 sur 5 \u00e9toiles<\/td>\n<\/tr>\n<tr>\n<th class=\"a-color-secondary a-size-base prodDetSectionEntry\">Classement des meilleures ventes<\/th>\n<td>#2 dans\u00a0<a href=\"https:\/\/www.amazon.com\/gp\/bestsellers\/electronics\/290458\/ref=pd_zg_hrsr_electronics\">Sacs et \u00e9tuis pour l'organisation des c\u00e2bles<\/a><\/td>\n<\/tr>\n<\/tbody>\n<\/table>\n<\/div>\n<\/div>\n<\/div>\n<\/div>","protected":false},"excerpt":{"rendered":"<p>Dimensions : L'\u00e9tui de voyage pour le rangement des c\u00e2bles mesure 8,3\u2033 x 5\u2033 x 2,6\u2033. Il est facile \u00e0 transporter et \u00e0 ranger dans votre sac \u00e0 dos, votre sac \u00e0 main ou votre sacoche d'ordinateur portable gr\u00e2ce \u00e0 sa taille compacte et \u00e0 son design l\u00e9ger. Convient \u00e0 l'organisation quotidienne et \u00e0 l'utilisation familiale.<br \/>\nMat\u00e9riau de qualit\u00e9 : Cet organiseur \u00e9lectronique de voyage est fabriqu\u00e9 en oxford imperm\u00e9able de haute qualit\u00e9 et durable, avec un int\u00e9rieur en \u00e9ponge douce pour garantir que vos gadgets sont bien en place et que vous pouvez y acc\u00e9der rapidement \u00e0 tout moment. Il s'agit d'un \u00e9tui id\u00e9al pour prot\u00e9ger vos accessoires \u00e9lectroniques.<br \/>\nConception \u00e0 double couche : Le sac de rangement pour appareils \u00e9lectroniques est dot\u00e9 d'un compartiment int\u00e9rieur \u00e0 deux niveaux qui offre suffisamment d'espace pour vos cordons, c\u00e2bles, cl\u00e9s USB, t\u00e9l\u00e9phones portables, chargeurs, souris, cl\u00e9s USB et autres accessoires.<\/p>\n<p>Pratique et commode : \u00c9quip\u00e9 d'un harnais confortable pour un transport sans effort, il peut \u00eatre port\u00e9 \u00e0 la main lors d'un d\u00e9part. L'\u00e9tui est con\u00e7u pour vous permettre d'acc\u00e9der rapidement aux \u00e9l\u00e9ments qu'il contient, et la fermeture \u00e0 glissi\u00e8re durable et souple garantit que votre appareil bien-aim\u00e9 est conserv\u00e9 en toute s\u00e9curit\u00e9.<br \/>\nPortable et l\u00e9ger : Ce porte-c\u00e2bles durable est un choix id\u00e9al pour les voyages, les voyages d'affaires, les vacances ou le bureau gr\u00e2ce \u00e0 sa taille compacte et \u00e0 sa l\u00e9g\u00e8ret\u00e9. Cet article est un excellent cadeau pour soi-m\u00eame et constitue \u00e9galement un cadeau attentionn\u00e9 pour les amis et la famille. (Les accessoires \u00e9lectroniques et les c\u00e2bles ne sont pas inclus).<\/p>","protected":false},"featured_media":2519,"comment_status":"open","ping_status":"closed","template":"","meta":[],"product_brand":[],"product_cat":[67,58],"product_tag":[],"class_list":{"0":"post-2512","1":"product","2":"type-product","3":"status-publish","4":"has-post-thumbnail","6":"product_cat-cable-management-cases","7":"product_cat-setup-accessories","9":"first","10":"instock","11":"shipping-taxable","12":"purchasable","13":"product-type-simple"},"_links":{"self":[{"href":"https:\/\/vavcase.com\/fr\/wp-json\/wp\/v2\/product\/2512","targetHints":{"allow":["GET"]}}],"collection":[{"href":"https:\/\/vavcase.com\/fr\/wp-json\/wp\/v2\/product"}],"about":[{"href":"https:\/\/vavcase.com\/fr\/wp-json\/wp\/v2\/types\/product"}],"replies":[{"embeddable":true,"href":"https:\/\/vavcase.com\/fr\/wp-json\/wp\/v2\/comments?post=2512"}],"wp:featuredmedia":[{"embeddable":true,"href":"https:\/\/vavcase.com\/fr\/wp-json\/wp\/v2\/media\/2519"}],"wp:attachment":[{"href":"https:\/\/vavcase.com\/fr\/wp-json\/wp\/v2\/media?parent=2512"}],"wp:term":[{"taxonomy":"product_brand","embeddable":true,"href":"https:\/\/vavcase.com\/fr\/wp-json\/wp\/v2\/product_brand?post=2512"},{"taxonomy":"product_cat","embeddable":true,"href":"https:\/\/vavcase.com\/fr\/wp-json\/wp\/v2\/product_cat?post=2512"},{"taxonomy":"product_tag","embeddable":true,"href":"https:\/\/vavcase.com\/fr\/wp-json\/wp\/v2\/product_tag?post=2512"}],"curies":[{"name":"wp","href":"https:\/\/api.w.org\/{rel}","templated":true}]}}