{"id":2521,"date":"2025-02-17T09:32:50","date_gmt":"2025-02-17T09:32:50","guid":{"rendered":"https:\/\/vavcase.com\/?post_type=product&#038;p=2521"},"modified":"2026-04-08T14:19:14","modified_gmt":"2026-04-08T14:19:14","slug":"shikha-cable-management-under-desk-15-7-31-retractable-cable-management-tray","status":"publish","type":"product","link":"https:\/\/vavcase.com\/fr\/produit\/shikha-cable-management-under-desk-15-7-31-retractable-cable-management-tray\/","title":{"rendered":"Shikha Cable Management Under Desk, 15.7\u2033-31\u2033 Retractable Cable Management Tray"},"content":{"rendered":"<h2>Informations sur le produit<\/h2>\n<div class=\"a-row a-spacing-top-base\">\n<div class=\"a-column a-span6\">\n<div class=\"a-row a-spacing-base\">\n<div class=\"a-section table-padding\">\n<table id=\"productDetails_detailBullets_sections1\" class=\"a-keyvalue prodDetTable\" role=\"presentation\">\n<tbody>\n<tr>\n<th class=\"a-color-secondary a-size-base prodDetSectionEntry\">Dimensions du produit<\/th>\n<td class=\"a-size-base prodDetAttrValue\">29,5 x 4,7 x 0,1 pouces<\/td>\n<\/tr>\n<tr>\n<th class=\"a-color-secondary a-size-base prodDetSectionEntry\">Poids de l'article<\/th>\n<td class=\"a-size-base prodDetAttrValue\">3.69 livres<\/td>\n<\/tr>\n<tr>\n<th class=\"a-color-secondary a-size-base prodDetSectionEntry\">ASIN<\/th>\n<td class=\"a-size-base prodDetAttrValue\">B0C5QYSKNJ<\/td>\n<\/tr>\n<tr>\n<th class=\"a-color-secondary a-size-base prodDetSectionEntry\">Avis des clients<\/th>\n<td class=\"a-size-base\">\n<div id=\"averageCustomerReviews\" data-asin=\"B0C5QYSKNJ\" data-ref=\"dpx_acr_pop_\"><span class=\"a-declarative\" data-action=\"acrStarsLink-click-metrics\" data-acrstarslink-click-metrics=\"{}\"><span id=\"acrPopover\" class=\"reviewCountTextLinkedHistogram noUnderline\" title=\"4,5 sur 5 \u00e9toiles\"><a class=\"a-popover-trigger a-declarative\" role=\"button\"><span class=\"a-size-base a-color-base\">4.5\u00a0<\/span><i class=\"a-icon a-icon-star a-star-4-5 cm-cr-review-stars-spacing-big\"><span class=\"a-icon-alt\">4,5 sur 5 \u00e9toiles<\/span><\/i>\u00a0<i class=\"a-icon a-icon-popover\"><\/i><\/a>\u00a0\u00a0<\/span><\/span>\u00a0<span class=\"a-declarative\" data-action=\"acrLink-click-metrics\" data-acrlink-click-metrics=\"{}\"><a id=\"acrCustomerReviewLink\" class=\"a-link-normal\" href=\"https:\/\/www.amazon.com\/Shikha-Management-Retractable-Drilling-Organizer\/dp\/B0C5QYSKNJ\/ref=sr_1_34_sspa?crid=O7NJBDSK332Z&amp;dib=eyJ2IjoiMSJ9.Zy_NWatJHS3MY4dxWbKWAsCuGZaEd9uESOwohTsNJ3nGjHj071QN20LucGBJIEps.s2K4De6CpZXHf9RimD8QXFw4RBYeSi3-9LnfXndUjjk&amp;dib_tag=se&amp;keywords=%E2%80%A2%2BCable%2BManagement%2BCases%2B%E2%80%93%2BOrganizers%2Bfor%2Bgaming%2Bcables%2Band%2Badapters.&amp;qid=1739784488&amp;sprefix=cable%2Bmanagement%2Bcases%2Borganizers%2Bfor%2Bgaming%2Bcables%2Band%2Badapters.%2Caps%2C1107&amp;sr=8-34-spons&amp;xpid=Budc5jspIi1w2&amp;sp_csd=d2lkZ2V0TmFtZT1zcF9hdGZfbmV4dA&amp;th=1#customerReviews\"><span id=\"acrCustomerReviewText\" class=\"a-size-base\">272 \u00e9valuations<\/span><\/a><\/span><\/div>\n<p>4,5 sur 5 \u00e9toiles<\/td>\n<\/tr>\n<tr>\n<th class=\"a-color-secondary a-size-base prodDetSectionEntry\">Classement des meilleures ventes<\/th>\n<td>#74,167 dans \u00c9lectronique (<a href=\"https:\/\/www.amazon.com\/gp\/bestsellers\/electronics\/ref=pd_zg_ts_electronics\">Voir le Top 100 de l'\u00e9lectronique<\/a>)<br \/>\n#711 dans\u00a0<a href=\"https:\/\/www.amazon.com\/gp\/bestsellers\/electronics\/6577543011\/ref=pd_zg_hrsr_electronics\">Chemins de c\u00e2bles<\/a><\/td>\n<\/tr>\n<\/tbody>\n<\/table>\n<\/div>\n<\/div>\n<\/div>\n<\/div>","protected":false},"excerpt":{"rendered":"<p><strong>Peu encombrant :<\/strong> Vous avez toujours du mal \u00e0 maintenir un bureau bien rang\u00e9 et difficile \u00e0 nettoyer ? Ce syst\u00e8me de gestion des c\u00e2bles sous le bureau est r\u00e9glable, ne n\u00e9cessite aucun per\u00e7age et s'installe et s'enl\u00e8ve sans effort, am\u00e9liorant ainsi les circonstances ind\u00e9sirables actuelles. Des pinces en C munies de tampons adh\u00e9sifs anti-friction sont utilis\u00e9es pour le fixer, ce qui \u00e9vite d'endommager le bureau et \u00e9limine la n\u00e9cessit\u00e9 de percer.<br \/>\n<strong>La conception ne n\u00e9cessite aucun per\u00e7age :<\/strong> Le plateau d'organisation des c\u00e2bles mesure 4,7\u2033 de large et peut \u00eatre r\u00e9gl\u00e9 en longueur de 15,7\u2033 \u00e0 31\u2033. Il est capable d'accueillir plusieurs multiprises, des chargeurs d'iPhone\/PC, et peut \u00eatre arrang\u00e9 plus pr\u00e9cis\u00e9ment avec l'utilisation de serre-c\u00e2bles. L'installation ne n\u00e9cessite ni per\u00e7age ni adh\u00e9sif ; elle est extr\u00eamement simple \u00e0 installer et \u00e0 retirer.<br \/>\n<strong>Conception innovante :<\/strong> Fabriqu\u00e9e en m\u00e9tal tr\u00e8s r\u00e9sistant, la structure creuse est \u00e0 la fois durable et efficace pour dissiper la chaleur. Chaque ouverture a une fonction distincte. En l'installant sous la table, vous \u00e9viterez les dommages caus\u00e9s par les animaux domestiques et vous vous assurerez que le sol n'est pas touch\u00e9 pendant le nettoyage.<\/p>\n<p><strong>Organisateur de cordon polyvalent :<\/strong> Comprend des clips porte-c\u00e2bles pour faciliter l'organisation du chargeur. Les clips sont \u00e9quip\u00e9s d'un ruban adh\u00e9sif 3M au verso, ce qui \u00e9limine la n\u00e9cessit\u00e9 d'utiliser des adh\u00e9sifs suppl\u00e9mentaires pour l'installation. La surface de la table est prot\u00e9g\u00e9e des dommages par des patins anti-friction qui fonctionnent sur la position de contact du bureau et par des clips en forme de C. Toutes les vis et tous les \u00e9crous sont universels, de sorte qu'il n'est pas n\u00e9cessaire d'acheter plusieurs types de vis et d'\u00e9crous au cas o\u00f9 l'un d'entre eux serait absent ou endommag\u00e9.<br \/>\n<strong>Excellent service \u00e0 la client\u00e8le :<\/strong> N'h\u00e9sitez pas \u00e0 nous contacter si vous rencontrez des probl\u00e8mes lors de l'utilisation du produit ou si vous d\u00e9couvrez des pi\u00e8ces manquantes apr\u00e8s r\u00e9ception de l'envoi. Nous vous r\u00e9pondrons dans les meilleurs d\u00e9lais.<\/p>","protected":false},"featured_media":2529,"comment_status":"open","ping_status":"closed","template":"","meta":[],"product_brand":[],"product_cat":[67,58],"product_tag":[],"class_list":{"0":"post-2521","1":"product","2":"type-product","3":"status-publish","4":"has-post-thumbnail","6":"product_cat-cable-management-cases","7":"product_cat-setup-accessories","9":"first","10":"instock","11":"shipping-taxable","12":"purchasable","13":"product-type-simple"},"_links":{"self":[{"href":"https:\/\/vavcase.com\/fr\/wp-json\/wp\/v2\/product\/2521","targetHints":{"allow":["GET"]}}],"collection":[{"href":"https:\/\/vavcase.com\/fr\/wp-json\/wp\/v2\/product"}],"about":[{"href":"https:\/\/vavcase.com\/fr\/wp-json\/wp\/v2\/types\/product"}],"replies":[{"embeddable":true,"href":"https:\/\/vavcase.com\/fr\/wp-json\/wp\/v2\/comments?post=2521"}],"wp:featuredmedia":[{"embeddable":true,"href":"https:\/\/vavcase.com\/fr\/wp-json\/wp\/v2\/media\/2529"}],"wp:attachment":[{"href":"https:\/\/vavcase.com\/fr\/wp-json\/wp\/v2\/media?parent=2521"}],"wp:term":[{"taxonomy":"product_brand","embeddable":true,"href":"https:\/\/vavcase.com\/fr\/wp-json\/wp\/v2\/product_brand?post=2521"},{"taxonomy":"product_cat","embeddable":true,"href":"https:\/\/vavcase.com\/fr\/wp-json\/wp\/v2\/product_cat?post=2521"},{"taxonomy":"product_tag","embeddable":true,"href":"https:\/\/vavcase.com\/fr\/wp-json\/wp\/v2\/product_tag?post=2521"}],"curies":[{"name":"wp","href":"https:\/\/api.w.org\/{rel}","templated":true}]}}