{"id":2531,"date":"2025-02-17T09:44:08","date_gmt":"2025-02-17T09:44:08","guid":{"rendered":"https:\/\/vavcase.com\/?post_type=product&#038;p=2531"},"modified":"2026-04-06T01:56:02","modified_gmt":"2026-04-06T01:56:02","slug":"2-in-1-aluminum-headphone-stand-phone-holder-rack-sleek-sturdy-ergonomic-design-gaming-headset-stand-for-desk-organization","status":"publish","type":"product","link":"https:\/\/vavcase.com\/fr\/produit\/support-2-en-1-en-aluminium-pour-casque-decoute-support-de-telephone-support-pour-casque-decoute-de-jeu-design-et-ergonomique-pour-lorganisation-du-bureau\/","title":{"rendered":"Support 2-en-1 en aluminium pour casque d'\u00e9coute et t\u00e9l\u00e9phone - Support \u00e9l\u00e9gant, robuste et ergonomique pour casque d'\u00e9coute de jeu pour l'organisation du bureau"},"content":{"rendered":"<h2>Informations sur le produit<\/h2>\n<div class=\"a-row a-spacing-top-base\">\n<div class=\"a-column a-span6\">\n<div class=\"a-row a-spacing-base\">\n<div class=\"a-section table-padding\">\n<table id=\"productDetails_detailBullets_sections1\" class=\"a-keyvalue prodDetTable\" role=\"presentation\">\n<tbody>\n<tr>\n<th class=\"a-color-secondary a-size-base prodDetSectionEntry\">Dimensions du produit<\/th>\n<td class=\"a-size-base prodDetAttrValue\">4,1 x 4,09 x 9,25 pouces<\/td>\n<\/tr>\n<tr>\n<th class=\"a-color-secondary a-size-base prodDetSectionEntry\">Poids de l'article<\/th>\n<td class=\"a-size-base prodDetAttrValue\">3,2 onces<\/td>\n<\/tr>\n<tr>\n<th class=\"a-color-secondary a-size-base prodDetSectionEntry\">ASIN<\/th>\n<td class=\"a-size-base prodDetAttrValue\">B0CRTDMYHD<\/td>\n<\/tr>\n<tr>\n<th class=\"a-color-secondary a-size-base prodDetSectionEntry\">Num\u00e9ro de mod\u00e8le de l'article<\/th>\n<td class=\"a-size-base prodDetAttrValue\">support pour casque d'\u00e9coute<\/td>\n<\/tr>\n<tr>\n<th class=\"a-color-secondary a-size-base prodDetSectionEntry\">Avis des clients<\/th>\n<td class=\"a-size-base\">\n<div id=\"averageCustomerReviews\" data-asin=\"B0CRTDMYHD\" data-ref=\"dpx_acr_pop_\"><span class=\"a-declarative\" data-action=\"acrStarsLink-click-metrics\" data-acrstarslink-click-metrics=\"{}\"><span id=\"acrPopover\" class=\"reviewCountTextLinkedHistogram noUnderline\" title=\"4,4 sur 5 \u00e9toiles\"><a class=\"a-popover-trigger a-declarative\" role=\"button\"><span class=\"a-size-base a-color-base\">4.4\u00a0<\/span><i class=\"a-icon a-icon-star a-star-4-5 cm-cr-review-stars-spacing-big\"><span class=\"a-icon-alt\">4,4 sur 5 \u00e9toiles<\/span><\/i>\u00a0<i class=\"a-icon a-icon-popover\"><\/i><\/a>\u00a0\u00a0<\/span><\/span>\u00a0<span class=\"a-declarative\" data-action=\"acrLink-click-metrics\" data-acrlink-click-metrics=\"{}\"><a id=\"acrCustomerReviewLink\" class=\"a-link-normal\" href=\"https:\/\/www.amazon.com\/XMANA-Aluminum-Headphone-Stand-Holder\/dp\/B0CRTDMYHD\/ref=sr_1_15?crid=2E1D1X94YOD6J&amp;dib=eyJ2IjoiMSJ9.lfWIQ9Fyq1SLL2jZOkD6FldwIwyeeGhgak5fQgWZ90SEz5Qrts3gQ9_mdktZ5WHfvEdK2npZfgZR1Zxlsxa2BL5ZA1UyEwbkdGFdPbTz2AAJAhaZCqQi5vNFbOCYG0xGfwVTWHD_0fhQtUIN4OLmhMihhDBssCPHm0sXwUue8u70UILj1ziW-Iky3sdegtag9sRTzCOaoXJH0KQr7vHC56UxEET9LrJbojTJvyvR7-o.3DAqE5cPMmswDOzujncxLOE81PC5HE62SxrGEMkj-_M&amp;dib_tag=se&amp;keywords=Headset%2BStands&amp;qid=1739785103&amp;sprefix=headset%2Bstands%2B%2Caps%2C378&amp;sr=8-15&amp;th=1#customerReviews\"><span id=\"acrCustomerReviewText\" class=\"a-size-base\">135 notes<\/span><\/a><\/span><\/div>\n<p>4,4 sur 5 \u00e9toiles<\/td>\n<\/tr>\n<tr>\n<th class=\"a-color-secondary a-size-base prodDetSectionEntry\">Classement des meilleures ventes<\/th>\n<td>#3,428 dans \u00c9lectronique (<a href=\"https:\/\/www.amazon.com\/gp\/bestsellers\/electronics\/ref=pd_zg_ts_electronics\">Voir le Top 100 de l'\u00e9lectronique<\/a>)<br \/>\n#7,118 en\u00a0<a href=\"https:\/\/www.amazon.com\/gp\/bestsellers\/electronics\/281407\/ref=pd_zg_hrsr_electronics\">Accessoires et fournitures pour l'\u00e9lectronique<\/a><\/td>\n<\/tr>\n<tr>\n<th class=\"a-color-secondary a-size-base prodDetSectionEntry\">Caract\u00e9ristiques sp\u00e9ciales<\/th>\n<td class=\"a-size-base prodDetAttrValue\">Portable, ergonomique, profil mince, \u00e0 main lev\u00e9e, de poche<\/td>\n<\/tr>\n<tr>\n<th class=\"a-color-secondary a-size-base prodDetSectionEntry\">Autres caract\u00e9ristiques de l'\u00e9cran<\/th>\n<td class=\"a-size-base prodDetAttrValue\">CE<\/td>\n<\/tr>\n<tr>\n<th class=\"a-color-secondary a-size-base prodDetSectionEntry\">Facteur de forme<\/th>\n<td class=\"a-size-base prodDetAttrValue\">Tour<\/td>\n<\/tr>\n<tr>\n<th class=\"a-color-secondary a-size-base prodDetSectionEntry\">Couleur<\/th>\n<td class=\"a-size-base prodDetAttrValue\">Noir<\/td>\n<\/tr>\n<tr>\n<th class=\"a-color-secondary a-size-base prodDetSectionEntry\">Contenu de la bo\u00eete<\/th>\n<td class=\"a-size-base prodDetAttrValue\">Ruban adh\u00e9sif de 3 m, support pour casque d'\u00e9coute<\/td>\n<\/tr>\n<tr>\n<th class=\"a-color-secondary a-size-base prodDetSectionEntry\">Fabricant<\/th>\n<td class=\"a-size-base prodDetAttrValue\">XMANA<\/td>\n<\/tr>\n<\/tbody>\n<\/table>\n<\/div>\n<\/div>\n<\/div>\n<\/div>","protected":false},"excerpt":{"rendered":"<p><strong>Double fonction :<\/strong> Permet d'avoir toujours l'essentiel \u00e0 port\u00e9e de main en tenant sans effort les \u00e9couteurs ou les t\u00e9l\u00e9phones.<\/p>\n<p><strong> Construction durable :<\/strong> Construit \u00e0 partir de mat\u00e9riaux de premi\u00e8re qualit\u00e9 et \u00e9quip\u00e9 d'une prise casque en aluminium pour garantir la long\u00e9vit\u00e9 et la stabilit\u00e9.<\/p>\n<p><strong>Conception compacte :<\/strong> Le support pour casque est le choix id\u00e9al pour un poste de travail ou un espace de travail, mesurant 9,25\u2033 en hauteur et 4,1\u2033 en largeur.<\/p>\n<p><strong>Assemblage pratique :<\/strong> Votre porte-casque sera pr\u00eat en quelques secondes avec une installation sans probl\u00e8me.<\/p>\n<p><strong>Compatibilit\u00e9 universelle :<\/strong> Con\u00e7u pour s'adapter \u00e0 un large \u00e9ventail de tailles d'\u00e9couteurs et de t\u00e9l\u00e9phones, y compris les AirPods Max, XBox et PS5, ainsi que tous les \u00e9couteurs de jeu sans fil et connect\u00e9s.<br \/>\n<strong>Cadeaux id\u00e9aux pour les joueurs :<\/strong> Un accessoire de jeu essentiel pour tous les passionn\u00e9s de jeu, car il am\u00e9liore leur configuration et leur exp\u00e9rience de jeu. Apparence \u00e9l\u00e9gante : Un design moderne et minimaliste compatible avec le d\u00e9cor de n'importe quelle pi\u00e8ce.<\/p>","protected":false},"featured_media":2536,"comment_status":"open","ping_status":"closed","template":"","meta":[],"product_brand":[],"product_cat":[68,58],"product_tag":[],"class_list":{"0":"post-2531","1":"product","2":"type-product","3":"status-publish","4":"has-post-thumbnail","6":"product_cat-headset-stands","7":"product_cat-setup-accessories","9":"first","10":"instock","11":"shipping-taxable","12":"purchasable","13":"product-type-simple"},"_links":{"self":[{"href":"https:\/\/vavcase.com\/fr\/wp-json\/wp\/v2\/product\/2531","targetHints":{"allow":["GET"]}}],"collection":[{"href":"https:\/\/vavcase.com\/fr\/wp-json\/wp\/v2\/product"}],"about":[{"href":"https:\/\/vavcase.com\/fr\/wp-json\/wp\/v2\/types\/product"}],"replies":[{"embeddable":true,"href":"https:\/\/vavcase.com\/fr\/wp-json\/wp\/v2\/comments?post=2531"}],"wp:featuredmedia":[{"embeddable":true,"href":"https:\/\/vavcase.com\/fr\/wp-json\/wp\/v2\/media\/2536"}],"wp:attachment":[{"href":"https:\/\/vavcase.com\/fr\/wp-json\/wp\/v2\/media?parent=2531"}],"wp:term":[{"taxonomy":"product_brand","embeddable":true,"href":"https:\/\/vavcase.com\/fr\/wp-json\/wp\/v2\/product_brand?post=2531"},{"taxonomy":"product_cat","embeddable":true,"href":"https:\/\/vavcase.com\/fr\/wp-json\/wp\/v2\/product_cat?post=2531"},{"taxonomy":"product_tag","embeddable":true,"href":"https:\/\/vavcase.com\/fr\/wp-json\/wp\/v2\/product_tag?post=2531"}],"curies":[{"name":"wp","href":"https:\/\/api.w.org\/{rel}","templated":true}]}}